{"id":4082,"date":"2020-09-29T12:48:47","date_gmt":"2020-09-29T15:48:47","guid":{"rendered":"https:\/\/actbr.com.br\/produto\/cilindro-hidraulico-atos-tipo-ck-tirantado\/"},"modified":"2023-06-30T08:27:05","modified_gmt":"2023-06-30T11:27:05","slug":"cilindro-atos-tipo-ck-tirantado","status":"publish","type":"product","link":"https:\/\/actbr.com.br\/es\/producto\/cilindro-atos-tipo-ck-tirantado\/","title":{"rendered":"Cilindro ATOS Tipo CK (Tirantado)"},"content":{"rendered":"<p><strong>Cilindro Hidr\u00e1ulico ATOS Tipo CK (Tirantado)<\/strong><\/p>\n<p>O Cilindro ATOS Tipo CK (Tirantado) \u00e9 projetado para atender \u00e0s mais variadas necessidades e aplica\u00e7\u00f5es industriais com\u00a0 alto desempenho e longa vida \u00fatil. \u00c9 constru\u00eddo conforme norma ISO 6020-2-1991 e DIN 24554 e projetado para suportar press\u00f5es de trabalho de at\u00e9 250 bar.<\/p>\n<p><strong>Caracter\u00edsticas dos cilindros:<br \/>\n<\/strong>Di\u00e2metros de 25 a 200 mil\u00edmetros (embolo);<br \/>\nAt\u00e9 tr\u00eas di\u00e2metros da haste aplic\u00e1veis a cada categoria de embolo;<br \/>\nCurso de at\u00e9 5.000 mil\u00edmetros;<br \/>\nHaste simples ou dupla;<br \/>\nDezesseis configura\u00e7\u00f5es de montagem dispon\u00edveis;<br \/>\nSeis op\u00e7\u00f5es de veda\u00e7\u00f5es;<br \/>\nTransdutor de posi\u00e7\u00e3o (opcional).<\/p>\n<p>&nbsp;<\/p>\n<p><strong>Como solicitar:<\/strong><br \/>\n<img decoding=\"async\" src=\"https:\/\/actbr.com.br\/wp-content\/uploads\/2020\/09\/codigos-ck-atos-ch.jpg\" alt=\"\" \/><\/p>\n<p>Dimens\u00f5es:<br \/>\n<img decoding=\"async\" src=\"https:\/\/actbr.com.br\/wp-content\/uploads\/2020\/09\/dimensoes-ck-ch-atos.jpg\" alt=\"\" \/><\/p>\n<p>Exemplos de configura\u00e7\u00f5es:<\/p>\n<p>CH-20-125\/56*0320-G301;<br \/>\nCK\/10-50\/36*0125-L008-LXV=120;<br \/>\nCK-100\/45*0280-S302-ASW;<br \/>\nCK-100\/45*0350-C308;<br \/>\nCK-100\/45*2000-L348-XV=1868;<br \/>\nCK-100\/45*250-C302-LAW;<br \/>\nCK-100\/45*280-L302A;<br \/>\nCK-100\/45*280-S302-LAW;<br \/>\nCK-100\/45\/45*0275-E308;<br \/>\nCK-100\/70*0150-P308 ;<br \/>\nCK-100\/70*0150-P901 ;<br \/>\nCK-10-9-63\/28-208-SR001 ;<br \/>\nCK-125\/56*1220-L322A ;<br \/>\nCK-125\/90*1010-N628-HW ;<br \/>\nCK-160\/70\/70*0100-E308 ;<br \/>\nCK-160\/70\/70*0140-E901 ;<br \/>\nCK-160\/90*1500-L008-XV272 ;<br \/>\nCK-25\/12 0025-P308 ;<br \/>\nCK-25\/12 0030-P308 ;<br \/>\nCK-25\/12 0150-N308 ;<br \/>\nCK-25\/12*0040-S301-24 ;<br \/>\nCK-25\/12*0058-C001 ;<br \/>\nCK-25\/12*0400-S301-24 ;<br \/>\nCK-25\/12*0550-X608 ;<br \/>\nCK-25\/18*0040-S308 ;<br \/>\nCK-25\/18*0110-S308 24T-18\/C ;<br \/>\nCK-25\/18*0220-N001T ;<br \/>\nCK-32\/14*0050-X106AW ;<br \/>\nCK-32\/14*0100-N008-24 ;<br \/>\nCK-32\/14*0150-C308 ;<br \/>\nCK-32\/14X0070-Y001 ;<br \/>\nCK-32\/14X1040-X328 ;<br \/>\nCK-32\/22*0070-N308 ;<br \/>\nCK-32\/22*0200-L301-XV=120 ;<br \/>\nCK-32\/22*0350-Z001 ;<br \/>\nCK-40\/18*0020-S001 ;<br \/>\nCK-40\/18*0025-C001 ;<br \/>\nCK-40\/18*0050-C001 ;<br \/>\nCK-40\/18X50-D308-12 ;<br \/>\nCK-40\/28*0025-L001-XV=110 ;<br \/>\nCK-40\/28*0090-S101 ;<br \/>\nCK-40\/28*0100-Z108 ;<br \/>\nCK-40\/28*0300-Z308 ;<br \/>\nCK-40\/28*0600-E901-AGW ;<br \/>\nCK-40\/28*1200-P001-AW ;<br \/>\nCK-40\/28*1200-P008 ;<br \/>\nCK-40\/28*1850-L248-XV=1120 ;<br \/>\nCK-40\/28*200-S008 ;<br \/>\nCK-40\/28*210-S308 ;<br \/>\nCK-40\/28-0050-Y001 ;<br \/>\nCK-50\/22*0040-P002-AKW ;<br \/>\nCK-50\/22*0075-N008 ;<br \/>\nCK-50\/22*0400-P008 ;<br \/>\nCK-50\/22*0400-S308 ;<br \/>\nCK-50\/22*0400-S901-I 25 ;<br \/>\nCK-50\/22*1200-S023 ;<br \/>\nCK-50\/22*750-C901 ;<br \/>\nCK-50\/28*0050-C301 ;<br \/>\nCK-50\/28*0250-S301-RS ;<br \/>\nCK-50\/28*0400-C301 ;<br \/>\nCK-50\/28*0450-S301-RS ;<br \/>\nCK-50\/28X250-S002-22 ;<br \/>\nCK-50\/36*0150-E008 ;<br \/>\nCK-50\/36*0290-P308 ;<br \/>\nCK-50\/36*0650-L308-XV=229 ;<br \/>\nCK-63\/28*0150-S301 ;<br \/>\nCK-63\/28*0150-X308 ;<br \/>\nCK-63\/28*0200-N308 ;<br \/>\nCK-63\/28*0220-L308-XV103 ;<br \/>\nCK-63\/28*0850-C201 ;<br \/>\nCK-63\/28-0027-G3G8 ;<br \/>\nCK-63\/36*0075-Z902 ;<br \/>\nCK-63\/36*0200-S301-RS ;<br \/>\nCK-63\/36*0250-S308 ;<br \/>\nCK-63\/36*0700-S201 ;<br \/>\nCK-63\/36*1200-S321 ;<br \/>\nCK-63\/36*1500-G321 ;<br \/>\nCK-63\/45*0100-A008 ;<br \/>\nCK-63\/45*0200-S001 ;<br \/>\nCK-63\/45*0280-S308 ;<br \/>\nCK-63\/45*0400-S308 ;<br \/>\nCK-63\/45*0440-L308-XV=229 ;<br \/>\nCK-63\/45*0480-C901 ;<br \/>\nCK-80\/36*0100-G301-B1E3X1Z3I ;<br \/>\nCK-80\/36*0125-L101-XV129 ;<br \/>\nCK-80\/36*0250-L108XV-155 ;<br \/>\nCK-80\/36*0850-S008-B2X2 ;<br \/>\nCK-80\/36*1050-L328-25-XV=1150 ;<br \/>\nCK-80\/45*0560-S308 ;<br \/>\nCK-80\/56*0750-S901 ;<br \/>\nCK-80\/56*1795-L342A ;<br \/>\nCK-9-160\/90*1500-L028-25 ;<br \/>\nCK-9-63\/28*0500-S301-I 25 ;<br \/>\nCK-OO-63\/28\/28*1500-E008 ;<br \/>\nCKP\/10-40\/28*0100-S008 ;<br \/>\nCKP\/10-50\/36*0700-N008-22 ;<br \/>\nCKP-10-50\/36-0700-H008 ;<br \/>\nCKP-10-50\/36-X0700-N3008 ;<br \/>\nCN-63\/45*0400-S902<\/p>\n","protected":false},"excerpt":{"rendered":"<p>O Cilindro ATOS Tipo CK (Tirantado) \u00e9 projetado para atender \u00e0s mais variadas necessidades e aplica\u00e7\u00f5es industriais com\u00a0 alto desempenho e longa vida \u00fatil.<\/p>\n","protected":false},"featured_media":7449,"template":"","meta":[],"product_brand":[],"product_cat":[30,36],"product_tag":[],"class_list":{"0":"post-4082","1":"product","2":"type-product","3":"status-publish","4":"has-post-thumbnail","6":"product_cat-cilindros-hidraulicos","7":"product_cat-tirantados","9":"first","10":"instock","11":"virtual","12":"product-type-simple"},"yoast_head":"<!-- This site is optimized with the Yoast SEO plugin v27.2 - https:\/\/yoast.com\/product\/yoast-seo-wordpress\/ -->\n<title>Cilindro ATOS Tipo CK (Tirantado) - ACT Sistemas Hidr\u00e1ulicos<\/title>\n<meta name=\"description\" content=\"O Cilindro ATOS Tipo CK (Tirantado) \u00e9 projetado para atender \u00e0s mais variadas necessidades e aplica\u00e7\u00f5es industriais com\u00a0 alto desempenho e longa vida \u00fatil.\" \/>\n<meta name=\"robots\" content=\"index, follow, max-snippet:-1, max-image-preview:large, max-video-preview:-1\" \/>\n<link rel=\"canonical\" href=\"https:\/\/actbr.com.br\/es\/producto\/cilindro-atos-tipo-ck-tirantado\/\" \/>\n<meta property=\"og:locale\" content=\"es_ES\" \/>\n<meta property=\"og:type\" content=\"article\" \/>\n<meta property=\"og:title\" content=\"Cilindro ATOS Tipo CK (Tirantado) - ACT Sistemas Hidr\u00e1ulicos\" \/>\n<meta property=\"og:description\" content=\"O Cilindro ATOS Tipo CK (Tirantado) \u00e9 projetado para atender \u00e0s mais variadas necessidades e aplica\u00e7\u00f5es industriais com\u00a0 alto desempenho e longa vida \u00fatil.\" \/>\n<meta property=\"og:url\" content=\"https:\/\/actbr.com.br\/es\/producto\/cilindro-atos-tipo-ck-tirantado\/\" \/>\n<meta property=\"og:site_name\" content=\"ACT Sistemas Hidr\u00e1ulicos\" \/>\n<meta property=\"article:modified_time\" content=\"2023-06-30T11:27:05+00:00\" \/>\n<meta property=\"og:image\" content=\"https:\/\/actbr.com.br\/wp-content\/uploads\/2020\/09\/Cilindro-Hidraulico-ATOS-tipo-CK-Tirantado.jpg\" \/>\n\t<meta property=\"og:image:width\" content=\"500\" \/>\n\t<meta property=\"og:image:height\" content=\"297\" \/>\n\t<meta property=\"og:image:type\" content=\"image\/jpeg\" \/>\n<meta name=\"twitter:card\" content=\"summary_large_image\" \/>\n<meta name=\"twitter:label1\" content=\"Tiempo de lectura\" \/>\n\t<meta name=\"twitter:data1\" content=\"2 minutos\" \/>\n<script type=\"application\/ld+json\" class=\"yoast-schema-graph\">{\"@context\":\"https:\/\/schema.org\",\"@graph\":[{\"@type\":\"WebPage\",\"@id\":\"https:\/\/actbr.com.br\/es\/producto\/cilindro-atos-tipo-ck-tirantado\/\",\"url\":\"https:\/\/actbr.com.br\/es\/producto\/cilindro-atos-tipo-ck-tirantado\/\",\"name\":\"Cilindro ATOS Tipo CK (Tirantado) - ACT Sistemas Hidr\u00e1ulicos\",\"isPartOf\":{\"@id\":\"https:\/\/actbr.com.br\/es\/#website\"},\"primaryImageOfPage\":{\"@id\":\"https:\/\/actbr.com.br\/es\/producto\/cilindro-atos-tipo-ck-tirantado\/#primaryimage\"},\"image\":{\"@id\":\"https:\/\/actbr.com.br\/es\/producto\/cilindro-atos-tipo-ck-tirantado\/#primaryimage\"},\"thumbnailUrl\":\"https:\/\/actbr.com.br\/wp-content\/uploads\/2020\/09\/Cilindro-Hidraulico-ATOS-tipo-CK-Tirantado.jpg\",\"datePublished\":\"2020-09-29T15:48:47+00:00\",\"dateModified\":\"2023-06-30T11:27:05+00:00\",\"description\":\"O Cilindro ATOS Tipo CK (Tirantado) \u00e9 projetado para atender \u00e0s mais variadas necessidades e aplica\u00e7\u00f5es industriais com\u00a0 alto desempenho e longa vida \u00fatil.\",\"breadcrumb\":{\"@id\":\"https:\/\/actbr.com.br\/es\/producto\/cilindro-atos-tipo-ck-tirantado\/#breadcrumb\"},\"inLanguage\":\"es\",\"potentialAction\":[{\"@type\":\"ReadAction\",\"target\":[\"https:\/\/actbr.com.br\/es\/producto\/cilindro-atos-tipo-ck-tirantado\/\"]}]},{\"@type\":\"ImageObject\",\"inLanguage\":\"es\",\"@id\":\"https:\/\/actbr.com.br\/es\/producto\/cilindro-atos-tipo-ck-tirantado\/#primaryimage\",\"url\":\"https:\/\/actbr.com.br\/wp-content\/uploads\/2020\/09\/Cilindro-Hidraulico-ATOS-tipo-CK-Tirantado.jpg\",\"contentUrl\":\"https:\/\/actbr.com.br\/wp-content\/uploads\/2020\/09\/Cilindro-Hidraulico-ATOS-tipo-CK-Tirantado.jpg\",\"width\":500,\"height\":297,\"caption\":\"Cilindro Hidr\u00e1ulico ATOS Tipo CK (Tirantado)\"},{\"@type\":\"BreadcrumbList\",\"@id\":\"https:\/\/actbr.com.br\/es\/producto\/cilindro-atos-tipo-ck-tirantado\/#breadcrumb\",\"itemListElement\":[{\"@type\":\"ListItem\",\"position\":1,\"name\":\"Comenzar\",\"item\":\"https:\/\/actbr.com.br\/es\/\"},{\"@type\":\"ListItem\",\"position\":2,\"name\":\"Produtos\",\"item\":\"https:\/\/actbr.com.br\/produtos-act\/\"},{\"@type\":\"ListItem\",\"position\":3,\"name\":\"Cilindros Hidr\u00e1ulicos\",\"item\":\"https:\/\/actbr.com.br\/es\/categoria-produto\/cilindros-hidraulicos\/\"},{\"@type\":\"ListItem\",\"position\":4,\"name\":\"Tirantados\",\"item\":\"https:\/\/actbr.com.br\/es\/categoria-produto\/cilindros-hidraulicos\/tirantados\/\"},{\"@type\":\"ListItem\",\"position\":5,\"name\":\"Cilindro ATOS Tipo CK (Tirantado)\"}]},{\"@type\":\"WebSite\",\"@id\":\"https:\/\/actbr.com.br\/es\/#website\",\"url\":\"https:\/\/actbr.com.br\/es\/\",\"name\":\"ACT Sistemas Hidr\u00e1ulicos\",\"description\":\"Fabricaci\u00f3n y mantenimiento de componentes de aceite hidr\u00e1ulico\",\"publisher\":{\"@id\":\"https:\/\/actbr.com.br\/es\/#organization\"},\"potentialAction\":[{\"@type\":\"SearchAction\",\"target\":{\"@type\":\"EntryPoint\",\"urlTemplate\":\"https:\/\/actbr.com.br\/es\/?s={search_term_string}\"},\"query-input\":{\"@type\":\"PropertyValueSpecification\",\"valueRequired\":true,\"valueName\":\"search_term_string\"}}],\"inLanguage\":\"es\"},{\"@type\":\"Organization\",\"@id\":\"https:\/\/actbr.com.br\/es\/#organization\",\"name\":\"ACT Sistemas Hidr\u00e1ulicos\",\"url\":\"https:\/\/actbr.com.br\/es\/\",\"logo\":{\"@type\":\"ImageObject\",\"inLanguage\":\"es\",\"@id\":\"https:\/\/actbr.com.br\/es\/#\/schema\/logo\/image\/\",\"url\":\"https:\/\/actbr.com.br\/wp-content\/uploads\/2025\/02\/cropped-ACT_NEGATIVO-marca-dagua.png\",\"contentUrl\":\"https:\/\/actbr.com.br\/wp-content\/uploads\/2025\/02\/cropped-ACT_NEGATIVO-marca-dagua.png\",\"width\":240,\"height\":146,\"caption\":\"ACT Sistemas Hidr\u00e1ulicos\"},\"image\":{\"@id\":\"https:\/\/actbr.com.br\/es\/#\/schema\/logo\/image\/\"}}]}<\/script>\n<!-- \/ Yoast SEO plugin. -->","yoast_head_json":{"title":"Cilindro ATOS Tipo CK (Tirantado) - ACT Sistemas Hidr\u00e1ulicos","description":"O Cilindro ATOS Tipo CK (Tirantado) \u00e9 projetado para atender \u00e0s mais variadas necessidades e aplica\u00e7\u00f5es industriais com\u00a0 alto desempenho e longa vida \u00fatil.","robots":{"index":"index","follow":"follow","max-snippet":"max-snippet:-1","max-image-preview":"max-image-preview:large","max-video-preview":"max-video-preview:-1"},"canonical":"https:\/\/actbr.com.br\/es\/producto\/cilindro-atos-tipo-ck-tirantado\/","og_locale":"es_ES","og_type":"article","og_title":"Cilindro ATOS Tipo CK (Tirantado) - ACT Sistemas Hidr\u00e1ulicos","og_description":"O Cilindro ATOS Tipo CK (Tirantado) \u00e9 projetado para atender \u00e0s mais variadas necessidades e aplica\u00e7\u00f5es industriais com\u00a0 alto desempenho e longa vida \u00fatil.","og_url":"https:\/\/actbr.com.br\/es\/producto\/cilindro-atos-tipo-ck-tirantado\/","og_site_name":"ACT Sistemas Hidr\u00e1ulicos","article_modified_time":"2023-06-30T11:27:05+00:00","og_image":[{"width":500,"height":297,"url":"https:\/\/actbr.com.br\/wp-content\/uploads\/2020\/09\/Cilindro-Hidraulico-ATOS-tipo-CK-Tirantado.jpg","type":"image\/jpeg"}],"twitter_card":"summary_large_image","twitter_misc":{"Tiempo de lectura":"2 minutos"},"schema":{"@context":"https:\/\/schema.org","@graph":[{"@type":"WebPage","@id":"https:\/\/actbr.com.br\/es\/producto\/cilindro-atos-tipo-ck-tirantado\/","url":"https:\/\/actbr.com.br\/es\/producto\/cilindro-atos-tipo-ck-tirantado\/","name":"Cilindro ATOS Tipo CK (Tirantado) - ACT Sistemas Hidr\u00e1ulicos","isPartOf":{"@id":"https:\/\/actbr.com.br\/es\/#website"},"primaryImageOfPage":{"@id":"https:\/\/actbr.com.br\/es\/producto\/cilindro-atos-tipo-ck-tirantado\/#primaryimage"},"image":{"@id":"https:\/\/actbr.com.br\/es\/producto\/cilindro-atos-tipo-ck-tirantado\/#primaryimage"},"thumbnailUrl":"https:\/\/actbr.com.br\/wp-content\/uploads\/2020\/09\/Cilindro-Hidraulico-ATOS-tipo-CK-Tirantado.jpg","datePublished":"2020-09-29T15:48:47+00:00","dateModified":"2023-06-30T11:27:05+00:00","description":"O Cilindro ATOS Tipo CK (Tirantado) \u00e9 projetado para atender \u00e0s mais variadas necessidades e aplica\u00e7\u00f5es industriais com\u00a0 alto desempenho e longa vida \u00fatil.","breadcrumb":{"@id":"https:\/\/actbr.com.br\/es\/producto\/cilindro-atos-tipo-ck-tirantado\/#breadcrumb"},"inLanguage":"es","potentialAction":[{"@type":"ReadAction","target":["https:\/\/actbr.com.br\/es\/producto\/cilindro-atos-tipo-ck-tirantado\/"]}]},{"@type":"ImageObject","inLanguage":"es","@id":"https:\/\/actbr.com.br\/es\/producto\/cilindro-atos-tipo-ck-tirantado\/#primaryimage","url":"https:\/\/actbr.com.br\/wp-content\/uploads\/2020\/09\/Cilindro-Hidraulico-ATOS-tipo-CK-Tirantado.jpg","contentUrl":"https:\/\/actbr.com.br\/wp-content\/uploads\/2020\/09\/Cilindro-Hidraulico-ATOS-tipo-CK-Tirantado.jpg","width":500,"height":297,"caption":"Cilindro Hidr\u00e1ulico ATOS Tipo CK (Tirantado)"},{"@type":"BreadcrumbList","@id":"https:\/\/actbr.com.br\/es\/producto\/cilindro-atos-tipo-ck-tirantado\/#breadcrumb","itemListElement":[{"@type":"ListItem","position":1,"name":"Comenzar","item":"https:\/\/actbr.com.br\/es\/"},{"@type":"ListItem","position":2,"name":"Produtos","item":"https:\/\/actbr.com.br\/produtos-act\/"},{"@type":"ListItem","position":3,"name":"Cilindros Hidr\u00e1ulicos","item":"https:\/\/actbr.com.br\/es\/categoria-produto\/cilindros-hidraulicos\/"},{"@type":"ListItem","position":4,"name":"Tirantados","item":"https:\/\/actbr.com.br\/es\/categoria-produto\/cilindros-hidraulicos\/tirantados\/"},{"@type":"ListItem","position":5,"name":"Cilindro ATOS Tipo CK (Tirantado)"}]},{"@type":"WebSite","@id":"https:\/\/actbr.com.br\/es\/#website","url":"https:\/\/actbr.com.br\/es\/","name":"ACT Sistemas Hidr\u00e1ulicos","description":"Fabricaci\u00f3n y mantenimiento de componentes de aceite hidr\u00e1ulico","publisher":{"@id":"https:\/\/actbr.com.br\/es\/#organization"},"potentialAction":[{"@type":"SearchAction","target":{"@type":"EntryPoint","urlTemplate":"https:\/\/actbr.com.br\/es\/?s={search_term_string}"},"query-input":{"@type":"PropertyValueSpecification","valueRequired":true,"valueName":"search_term_string"}}],"inLanguage":"es"},{"@type":"Organization","@id":"https:\/\/actbr.com.br\/es\/#organization","name":"ACT Sistemas Hidr\u00e1ulicos","url":"https:\/\/actbr.com.br\/es\/","logo":{"@type":"ImageObject","inLanguage":"es","@id":"https:\/\/actbr.com.br\/es\/#\/schema\/logo\/image\/","url":"https:\/\/actbr.com.br\/wp-content\/uploads\/2025\/02\/cropped-ACT_NEGATIVO-marca-dagua.png","contentUrl":"https:\/\/actbr.com.br\/wp-content\/uploads\/2025\/02\/cropped-ACT_NEGATIVO-marca-dagua.png","width":240,"height":146,"caption":"ACT Sistemas Hidr\u00e1ulicos"},"image":{"@id":"https:\/\/actbr.com.br\/es\/#\/schema\/logo\/image\/"}}]}},"_links":{"self":[{"href":"https:\/\/actbr.com.br\/es\/wp-json\/wp\/v2\/product\/4082","targetHints":{"allow":["GET"]}}],"collection":[{"href":"https:\/\/actbr.com.br\/es\/wp-json\/wp\/v2\/product"}],"about":[{"href":"https:\/\/actbr.com.br\/es\/wp-json\/wp\/v2\/types\/product"}],"wp:featuredmedia":[{"embeddable":true,"href":"https:\/\/actbr.com.br\/es\/wp-json\/wp\/v2\/media\/7449"}],"wp:attachment":[{"href":"https:\/\/actbr.com.br\/es\/wp-json\/wp\/v2\/media?parent=4082"}],"wp:term":[{"taxonomy":"product_brand","embeddable":true,"href":"https:\/\/actbr.com.br\/es\/wp-json\/wp\/v2\/product_brand?post=4082"},{"taxonomy":"product_cat","embeddable":true,"href":"https:\/\/actbr.com.br\/es\/wp-json\/wp\/v2\/product_cat?post=4082"},{"taxonomy":"product_tag","embeddable":true,"href":"https:\/\/actbr.com.br\/es\/wp-json\/wp\/v2\/product_tag?post=4082"}],"curies":[{"name":"wp","href":"https:\/\/api.w.org\/{rel}","templated":true}]}}