{"id":4133,"date":"2020-09-29T12:49:40","date_gmt":"2020-09-29T15:49:40","guid":{"rendered":"https:\/\/actbr.com.br\/produto\/valvula-direcional-eletrica-cartucho-lsv-08-34-t\/"},"modified":"2023-06-28T18:00:44","modified_gmt":"2023-06-28T21:00:44","slug":"lsv-08-34-t","status":"publish","type":"product","link":"https:\/\/actbr.com.br\/es\/producto\/lsv-08-34-t\/","title":{"rendered":"LSV-08-34-T"},"content":{"rendered":"<p><strong>V\u00e1lvula Direcional El\u00e9trica Cartucho LSV-08-34-T<\/strong><\/p>\n<p>A V\u00e1lvula Direcional El\u00e9trica Cartucho LSV-08-34-T\u00a0 tem a finalidade de conduzir o flu\u00eddo conforme acionamento das solenoides. Possui 4 vias e 3 posi\u00e7\u00f5es (tipo carretel \/ poppet \u2013 08 Cavity).<\/p>\n<p>Em sua posi\u00e7\u00e3o de descanso (com as bobinas desenergizadas), 1 e 3 est\u00e3o ligados, 2 e 4 est\u00e3o fechados; Quando a bobina S1 \u00e9 energizada, 4 e 1 est\u00e3o conectados, 3 e 2 est\u00e3o conectados; Quando a bobina S2 \u00e9 energizada, 2 e 1 est\u00e3o conectados e 3 e 4 est\u00e3o conectados.<\/p>\n<p><strong>Especifica\u00e7\u00f5es t\u00e9cnicas:<\/strong><br \/>\nPress\u00e3o de opera\u00e7\u00e3o: 2 a 275 \/ 2 a 207 bar;<br \/>\nTemperatura: de \u2013 35\u00baC a + 120\u00baC;<br \/>\nConsumo da bobina: 85 a 100% da tens\u00e3o nominal;<br \/>\nFlu\u00eddos: Flu\u00eddos a base se \u00f3leo mineral (para outras aplica\u00e7\u00f5es, consultar nossa equipe t\u00e9cnica);<br \/>\nGrau de filtragem recomendada: ISO16\/12;<br \/>\nMaterial do corpo: A\u00e7o;<br \/>\nTratamento do corpo: Anodizado 6061T6;<br \/>\nCavidade: LB-08-4 (Cavidade 8);<br \/>\nVaz\u00e3o M\u00e1xima: 11,4 litros por minuto;<br \/>\nBobina: LC2-08-XX (Tens\u00e3o a ser selecionada pelo usu\u00e1rio);<br \/>\nCarretel tipo: \u00abG\u00bb.<\/p>\n<p><strong>Caracter\u00edsticas:<\/strong><br \/>\nSolenoide desenvolvida para servi\u00e7o cont\u00ednuo;<br \/>\nCorpo da v\u00e1lvula leve e resistente;<br \/>\nTens\u00f5es e conectores com configura\u00e7\u00f5es opcionais;<br \/>\nCavidade padr\u00e3o (intercambi\u00e1vel com diversos fabricantes);<br \/>\nTamanho reduzido.<\/p>\n","protected":false},"excerpt":{"rendered":"<p>A V\u00e1lvula Direcional El\u00e9trica Cartucho LSV-08-34-T\u00a0 tem a finalidade de conduzir o flu\u00eddo conforme acionamento das solenoides. Possui 4 vias e 3 posi\u00e7\u00f5es (tipo carretel \/ poppet \u2013 08 Cavity).<\/p>\n","protected":false},"featured_media":6803,"template":"","meta":[],"product_brand":[],"product_cat":[126,32],"product_tag":[],"class_list":{"0":"post-4133","1":"product","2":"type-product","3":"status-publish","4":"has-post-thumbnail","6":"product_cat-direcional-eletrica-4-3","7":"product_cat-valvulas-insertaveis","9":"first","10":"instock","11":"virtual","12":"product-type-simple"},"yoast_head":"<!-- This site is optimized with the Yoast SEO plugin v27.5 - https:\/\/yoast.com\/product\/yoast-seo-wordpress\/ -->\n<title>LSV-08-34-T - ACT Sistemas Hidr\u00e1ulicos<\/title>\n<meta name=\"description\" content=\"A V\u00e1lvula Direcional El\u00e9trica Cartucho LSV-08-34-T\u00a0 tem a finalidade de conduzir o flu\u00eddo conforme acionamento das solenoides. Possui 4 vias e 3 posi\u00e7\u00f5es.\" \/>\n<meta name=\"robots\" content=\"index, follow, max-snippet:-1, max-image-preview:large, max-video-preview:-1\" \/>\n<link rel=\"canonical\" href=\"https:\/\/actbr.com.br\/es\/producto\/lsv-08-34-t\/\" \/>\n<meta property=\"og:locale\" content=\"es_ES\" \/>\n<meta property=\"og:type\" content=\"article\" \/>\n<meta property=\"og:title\" content=\"LSV-08-34-T - ACT Sistemas Hidr\u00e1ulicos\" \/>\n<meta property=\"og:description\" content=\"A V\u00e1lvula Direcional El\u00e9trica Cartucho LSV-08-34-T\u00a0 tem a finalidade de conduzir o flu\u00eddo conforme acionamento das solenoides. Possui 4 vias e 3 posi\u00e7\u00f5es.\" \/>\n<meta property=\"og:url\" content=\"https:\/\/actbr.com.br\/es\/producto\/lsv-08-34-t\/\" \/>\n<meta property=\"og:site_name\" content=\"ACT Sistemas Hidr\u00e1ulicos\" \/>\n<meta property=\"article:modified_time\" content=\"2023-06-28T21:00:44+00:00\" \/>\n<meta property=\"og:image\" content=\"https:\/\/actbr.com.br\/wp-content\/uploads\/2023\/06\/Valvula-direcional-eletrica-cartucho-LSV-08-34-T.jpg\" \/>\n\t<meta property=\"og:image:width\" content=\"300\" \/>\n\t<meta property=\"og:image:height\" content=\"300\" \/>\n\t<meta property=\"og:image:type\" content=\"image\/jpeg\" \/>\n<meta name=\"twitter:card\" content=\"summary_large_image\" \/>\n<meta name=\"twitter:label1\" content=\"Tiempo de lectura\" \/>\n\t<meta name=\"twitter:data1\" content=\"2 minutos\" \/>\n<script type=\"application\/ld+json\" class=\"yoast-schema-graph\">{\"@context\":\"https:\\\/\\\/schema.org\",\"@graph\":[{\"@type\":\"WebPage\",\"@id\":\"https:\\\/\\\/actbr.com.br\\\/es\\\/producto\\\/lsv-08-34-t\\\/\",\"url\":\"https:\\\/\\\/actbr.com.br\\\/es\\\/producto\\\/lsv-08-34-t\\\/\",\"name\":\"LSV-08-34-T - ACT Sistemas Hidr\u00e1ulicos\",\"isPartOf\":{\"@id\":\"https:\\\/\\\/actbr.com.br\\\/es\\\/#website\"},\"primaryImageOfPage\":{\"@id\":\"https:\\\/\\\/actbr.com.br\\\/es\\\/producto\\\/lsv-08-34-t\\\/#primaryimage\"},\"image\":{\"@id\":\"https:\\\/\\\/actbr.com.br\\\/es\\\/producto\\\/lsv-08-34-t\\\/#primaryimage\"},\"thumbnailUrl\":\"https:\\\/\\\/actbr.com.br\\\/wp-content\\\/uploads\\\/2023\\\/06\\\/Valvula-direcional-eletrica-cartucho-LSV-08-34-T.jpg\",\"datePublished\":\"2020-09-29T15:49:40+00:00\",\"dateModified\":\"2023-06-28T21:00:44+00:00\",\"description\":\"A V\u00e1lvula Direcional El\u00e9trica Cartucho LSV-08-34-T\u00a0 tem a finalidade de conduzir o flu\u00eddo conforme acionamento das solenoides. Possui 4 vias e 3 posi\u00e7\u00f5es.\",\"breadcrumb\":{\"@id\":\"https:\\\/\\\/actbr.com.br\\\/es\\\/producto\\\/lsv-08-34-t\\\/#breadcrumb\"},\"inLanguage\":\"es\",\"potentialAction\":[{\"@type\":\"ReadAction\",\"target\":[\"https:\\\/\\\/actbr.com.br\\\/es\\\/producto\\\/lsv-08-34-t\\\/\"]}]},{\"@type\":\"ImageObject\",\"inLanguage\":\"es\",\"@id\":\"https:\\\/\\\/actbr.com.br\\\/es\\\/producto\\\/lsv-08-34-t\\\/#primaryimage\",\"url\":\"https:\\\/\\\/actbr.com.br\\\/wp-content\\\/uploads\\\/2023\\\/06\\\/Valvula-direcional-eletrica-cartucho-LSV-08-34-T.jpg\",\"contentUrl\":\"https:\\\/\\\/actbr.com.br\\\/wp-content\\\/uploads\\\/2023\\\/06\\\/Valvula-direcional-eletrica-cartucho-LSV-08-34-T.jpg\",\"width\":300,\"height\":300,\"caption\":\"V\u00e1lvula direcional eletrica cartucho - LSV-08-34-T\"},{\"@type\":\"BreadcrumbList\",\"@id\":\"https:\\\/\\\/actbr.com.br\\\/es\\\/producto\\\/lsv-08-34-t\\\/#breadcrumb\",\"itemListElement\":[{\"@type\":\"ListItem\",\"position\":1,\"name\":\"Comenzar\",\"item\":\"https:\\\/\\\/actbr.com.br\\\/es\\\/\"},{\"@type\":\"ListItem\",\"position\":2,\"name\":\"Produtos\",\"item\":\"https:\\\/\\\/actbr.com.br\\\/produtos-act\\\/\"},{\"@type\":\"ListItem\",\"position\":3,\"name\":\"V\u00e1lvulas Insert\u00e1veis\",\"item\":\"https:\\\/\\\/actbr.com.br\\\/es\\\/categoria-produto\\\/valvulas-insertaveis\\\/\"},{\"@type\":\"ListItem\",\"position\":4,\"name\":\"Direcional El\u00e9trica - 4\\\/3\",\"item\":\"https:\\\/\\\/actbr.com.br\\\/es\\\/categoria-produto\\\/valvulas-insertaveis\\\/direcional-eletrica-4-3\\\/\"},{\"@type\":\"ListItem\",\"position\":5,\"name\":\"LSV-08-34-T\"}]},{\"@type\":\"WebSite\",\"@id\":\"https:\\\/\\\/actbr.com.br\\\/es\\\/#website\",\"url\":\"https:\\\/\\\/actbr.com.br\\\/es\\\/\",\"name\":\"ACT Sistemas Hidr\u00e1ulicos\",\"description\":\"Fabricaci\u00f3n y mantenimiento de componentes de aceite hidr\u00e1ulico\",\"publisher\":{\"@id\":\"https:\\\/\\\/actbr.com.br\\\/es\\\/#organization\"},\"potentialAction\":[{\"@type\":\"SearchAction\",\"target\":{\"@type\":\"EntryPoint\",\"urlTemplate\":\"https:\\\/\\\/actbr.com.br\\\/es\\\/?s={search_term_string}\"},\"query-input\":{\"@type\":\"PropertyValueSpecification\",\"valueRequired\":true,\"valueName\":\"search_term_string\"}}],\"inLanguage\":\"es\"},{\"@type\":\"Organization\",\"@id\":\"https:\\\/\\\/actbr.com.br\\\/es\\\/#organization\",\"name\":\"ACT Sistemas Hidr\u00e1ulicos\",\"url\":\"https:\\\/\\\/actbr.com.br\\\/es\\\/\",\"logo\":{\"@type\":\"ImageObject\",\"inLanguage\":\"es\",\"@id\":\"https:\\\/\\\/actbr.com.br\\\/es\\\/#\\\/schema\\\/logo\\\/image\\\/\",\"url\":\"https:\\\/\\\/actbr.com.br\\\/wp-content\\\/uploads\\\/2025\\\/02\\\/cropped-ACT_NEGATIVO-marca-dagua.png\",\"contentUrl\":\"https:\\\/\\\/actbr.com.br\\\/wp-content\\\/uploads\\\/2025\\\/02\\\/cropped-ACT_NEGATIVO-marca-dagua.png\",\"width\":240,\"height\":146,\"caption\":\"ACT Sistemas Hidr\u00e1ulicos\"},\"image\":{\"@id\":\"https:\\\/\\\/actbr.com.br\\\/es\\\/#\\\/schema\\\/logo\\\/image\\\/\"}}]}<\/script>\n<!-- \/ Yoast SEO plugin. -->","yoast_head_json":{"title":"LSV-08-34-T - ACT Sistemas Hidr\u00e1ulicos","description":"A V\u00e1lvula Direcional El\u00e9trica Cartucho LSV-08-34-T\u00a0 tem a finalidade de conduzir o flu\u00eddo conforme acionamento das solenoides. Possui 4 vias e 3 posi\u00e7\u00f5es.","robots":{"index":"index","follow":"follow","max-snippet":"max-snippet:-1","max-image-preview":"max-image-preview:large","max-video-preview":"max-video-preview:-1"},"canonical":"https:\/\/actbr.com.br\/es\/producto\/lsv-08-34-t\/","og_locale":"es_ES","og_type":"article","og_title":"LSV-08-34-T - ACT Sistemas Hidr\u00e1ulicos","og_description":"A V\u00e1lvula Direcional El\u00e9trica Cartucho LSV-08-34-T\u00a0 tem a finalidade de conduzir o flu\u00eddo conforme acionamento das solenoides. Possui 4 vias e 3 posi\u00e7\u00f5es.","og_url":"https:\/\/actbr.com.br\/es\/producto\/lsv-08-34-t\/","og_site_name":"ACT Sistemas Hidr\u00e1ulicos","article_modified_time":"2023-06-28T21:00:44+00:00","og_image":[{"width":300,"height":300,"url":"https:\/\/actbr.com.br\/wp-content\/uploads\/2023\/06\/Valvula-direcional-eletrica-cartucho-LSV-08-34-T.jpg","type":"image\/jpeg"}],"twitter_card":"summary_large_image","twitter_misc":{"Tiempo de lectura":"2 minutos"},"schema":{"@context":"https:\/\/schema.org","@graph":[{"@type":"WebPage","@id":"https:\/\/actbr.com.br\/es\/producto\/lsv-08-34-t\/","url":"https:\/\/actbr.com.br\/es\/producto\/lsv-08-34-t\/","name":"LSV-08-34-T - ACT Sistemas Hidr\u00e1ulicos","isPartOf":{"@id":"https:\/\/actbr.com.br\/es\/#website"},"primaryImageOfPage":{"@id":"https:\/\/actbr.com.br\/es\/producto\/lsv-08-34-t\/#primaryimage"},"image":{"@id":"https:\/\/actbr.com.br\/es\/producto\/lsv-08-34-t\/#primaryimage"},"thumbnailUrl":"https:\/\/actbr.com.br\/wp-content\/uploads\/2023\/06\/Valvula-direcional-eletrica-cartucho-LSV-08-34-T.jpg","datePublished":"2020-09-29T15:49:40+00:00","dateModified":"2023-06-28T21:00:44+00:00","description":"A V\u00e1lvula Direcional El\u00e9trica Cartucho LSV-08-34-T\u00a0 tem a finalidade de conduzir o flu\u00eddo conforme acionamento das solenoides. Possui 4 vias e 3 posi\u00e7\u00f5es.","breadcrumb":{"@id":"https:\/\/actbr.com.br\/es\/producto\/lsv-08-34-t\/#breadcrumb"},"inLanguage":"es","potentialAction":[{"@type":"ReadAction","target":["https:\/\/actbr.com.br\/es\/producto\/lsv-08-34-t\/"]}]},{"@type":"ImageObject","inLanguage":"es","@id":"https:\/\/actbr.com.br\/es\/producto\/lsv-08-34-t\/#primaryimage","url":"https:\/\/actbr.com.br\/wp-content\/uploads\/2023\/06\/Valvula-direcional-eletrica-cartucho-LSV-08-34-T.jpg","contentUrl":"https:\/\/actbr.com.br\/wp-content\/uploads\/2023\/06\/Valvula-direcional-eletrica-cartucho-LSV-08-34-T.jpg","width":300,"height":300,"caption":"V\u00e1lvula direcional eletrica cartucho - LSV-08-34-T"},{"@type":"BreadcrumbList","@id":"https:\/\/actbr.com.br\/es\/producto\/lsv-08-34-t\/#breadcrumb","itemListElement":[{"@type":"ListItem","position":1,"name":"Comenzar","item":"https:\/\/actbr.com.br\/es\/"},{"@type":"ListItem","position":2,"name":"Produtos","item":"https:\/\/actbr.com.br\/produtos-act\/"},{"@type":"ListItem","position":3,"name":"V\u00e1lvulas Insert\u00e1veis","item":"https:\/\/actbr.com.br\/es\/categoria-produto\/valvulas-insertaveis\/"},{"@type":"ListItem","position":4,"name":"Direcional El\u00e9trica - 4\/3","item":"https:\/\/actbr.com.br\/es\/categoria-produto\/valvulas-insertaveis\/direcional-eletrica-4-3\/"},{"@type":"ListItem","position":5,"name":"LSV-08-34-T"}]},{"@type":"WebSite","@id":"https:\/\/actbr.com.br\/es\/#website","url":"https:\/\/actbr.com.br\/es\/","name":"ACT Sistemas Hidr\u00e1ulicos","description":"Fabricaci\u00f3n y mantenimiento de componentes de aceite hidr\u00e1ulico","publisher":{"@id":"https:\/\/actbr.com.br\/es\/#organization"},"potentialAction":[{"@type":"SearchAction","target":{"@type":"EntryPoint","urlTemplate":"https:\/\/actbr.com.br\/es\/?s={search_term_string}"},"query-input":{"@type":"PropertyValueSpecification","valueRequired":true,"valueName":"search_term_string"}}],"inLanguage":"es"},{"@type":"Organization","@id":"https:\/\/actbr.com.br\/es\/#organization","name":"ACT Sistemas Hidr\u00e1ulicos","url":"https:\/\/actbr.com.br\/es\/","logo":{"@type":"ImageObject","inLanguage":"es","@id":"https:\/\/actbr.com.br\/es\/#\/schema\/logo\/image\/","url":"https:\/\/actbr.com.br\/wp-content\/uploads\/2025\/02\/cropped-ACT_NEGATIVO-marca-dagua.png","contentUrl":"https:\/\/actbr.com.br\/wp-content\/uploads\/2025\/02\/cropped-ACT_NEGATIVO-marca-dagua.png","width":240,"height":146,"caption":"ACT Sistemas Hidr\u00e1ulicos"},"image":{"@id":"https:\/\/actbr.com.br\/es\/#\/schema\/logo\/image\/"}}]}},"_links":{"self":[{"href":"https:\/\/actbr.com.br\/es\/wp-json\/wp\/v2\/product\/4133","targetHints":{"allow":["GET"]}}],"collection":[{"href":"https:\/\/actbr.com.br\/es\/wp-json\/wp\/v2\/product"}],"about":[{"href":"https:\/\/actbr.com.br\/es\/wp-json\/wp\/v2\/types\/product"}],"wp:featuredmedia":[{"embeddable":true,"href":"https:\/\/actbr.com.br\/es\/wp-json\/wp\/v2\/media\/6803"}],"wp:attachment":[{"href":"https:\/\/actbr.com.br\/es\/wp-json\/wp\/v2\/media?parent=4133"}],"wp:term":[{"taxonomy":"product_brand","embeddable":true,"href":"https:\/\/actbr.com.br\/es\/wp-json\/wp\/v2\/product_brand?post=4133"},{"taxonomy":"product_cat","embeddable":true,"href":"https:\/\/actbr.com.br\/es\/wp-json\/wp\/v2\/product_cat?post=4133"},{"taxonomy":"product_tag","embeddable":true,"href":"https:\/\/actbr.com.br\/es\/wp-json\/wp\/v2\/product_tag?post=4133"}],"curies":[{"name":"wp","href":"https:\/\/api.w.org\/{rel}","templated":true}]}}