{"id":4141,"date":"2020-09-29T12:49:40","date_gmt":"2020-09-29T15:49:40","guid":{"rendered":"https:\/\/actbr.com.br\/produto\/valvula-direcional-eletrica-cartucho-lsv2-08-3\/"},"modified":"2023-06-28T17:59:19","modified_gmt":"2023-06-28T20:59:19","slug":"lsv2-08-3","status":"publish","type":"product","link":"https:\/\/actbr.com.br\/es\/producto\/lsv2-08-3\/","title":{"rendered":"LSV2-08-3"},"content":{"rendered":"<p><strong>V\u00e1lvula Direcional El\u00e9trica Cartucho LSV2-08-3<\/strong><\/p>\n<p>A V\u00e1lvula Direcional El\u00e9trica Cartucho LSV2-08-3 tem a finalidade de conduzir o fluido conforme acionamento das solenoides.<\/p>\n<p>Em sua posi\u00e7\u00e3o de descanso (com a bobina desenergizada), 2 e 1 est\u00e3o ligados, mas n\u00e3o est\u00e3o ligados a 3; quando a energia est\u00e1 ligada, 1 e 3 est\u00e3o ligados, mas n\u00e3o est\u00e3o ligados a 2.<\/p>\n<p><img decoding=\"async\" src=\"data:image\/png;base64,iVBORw0KGgoAAAANSUhEUgAAAIcAAAB4CAYAAADYI+HGAAAAAXNSR0IArs4c6QAAAARnQU1BAACxjwv8YQUAAAAJcEhZcwAADsMAAA7DAcdvqGQAAAfwSURBVHhe7ZyxjxVFHMf9T4SDOzmVYEwU0RBigbVaEAvssAA7TDBgjQn2SIIlVjTa01NRUEBDsKOFknb189gfNzfOb3d2d9692b3vJ5m8t7uz89vd+byZ2d25e6cRwkFyCBfJIVwkh3CRHMJFcggXySFcJIdwkRzCRXIIF8khXCSHcJEcwkVyCBfJIVwkh3CRHMJFcggXySFcJIdwkRzCRXIIF8khXCSHcJEcwkVyCJe1y3Hs3SPVpC5S+ePURSr\/JlJJDkSOg2YTMWtAcmSQE\/Ply5fNs2fPmr\/\/+mv1yfLckRwZdMV8\/Phxc+Xy5ebLc+eaX27caO78fmf1acuIMlckRwZeTERAgocPH7Zr9sN6tv957167Zl5IjgxSMRGDFuP169erZetSSKEsdC\/km6MgkiODOCYi0CKEYlgLgRzIQJdiIAjb59bFSI4M4pi\/3bq1r3WIl5EGGV68eNGuaVbS0NrMCcmRQRyTZWs1gEFpuAzfXbiwTw5rPeaE5MggjEnXQLfRBa1E2K0YsVS1IzkyiOVIVbxB90L+sNUw4takdiRHBmHMru7BxAjHHyGbOPYpSI4M4pjxYBP6xGBcQssxJyRHBnFM7jrCO48+MYCuiLHInJAcGcQx7VYVGehm2M4yAoTJZOGT7XMajILkyCAVk26C9VQ8g9RUQoYHDx4ku6E5IDky8GIiAOMIayVoRYBPlrnlndsdSojkyKArJq0DIiAI+Ui0FPFT0zkiOTLYRMwakBwZSI4ySI4FITkykBxlWKwcT58+bZfqh7slu3OawqGVg3IOSxrLlH1TzEqOXL6\/eHGVnwdaOQwpe+j59OXnsT631cbQ8kOm7JtikXL8ePnKKv\/u9k67ppshZQ89n678PLWNH9MPLT9kyr4pFi0H6fbt2+1anyFlDz0fLz9jDMRAkJCh5YdM2TfF4uU4cXy7XeszpOyh5+PlpytJzXAfWn7IlH1TLF6O7a2t5tebN9stafrKtrJSqY9UHpvxnnrrm1Omx5R9U1QhR3wbx0WLL9yQEw\/lIO3uvNduSTOk7KHEZfNSj3Xey70px1L6PKqQgzyhDPHkHBhy4j9dvbrqTj4+9VFz4\/r15p\/nz9staUpf1JCwbM6Rt75dd1FTjqX0eVQhRzjRBriA4RQ9m4sxlNy\/PSl9UUMoe2gay5R9U1QhR1iJNooPJ9wwcBtz4jZ\/o4\/SFzVknWXHLFIOJLBKpAVhbgWyWPPL4G3sibNf36PpdVbgOsuOKR2rCjmAloJKRAykMElYRxljTzzuslJ4ZVvc3JTCW78OSseqRg6TwroTk4KKtVlbY8gZd3hlD4lZooyplI5VjRxIEA9EbRlpxp54zrijRMWWKGMqpWNVI4e1FOGv3Aai9mxgLOzbNe7wyh4Ss0QZUykdqxo5gF94OD6wF1Mw9sQfPXrUfHX+fHPm9Onm+NGt1XJMWDbPRL448\/kqsZ7PJ0+etFv\/zw+XLu3L+\/O1a+2WN4w97jGUjlWVHKlft60bc+LWHVk6sb3z9g4oJCwbOcJ9SCmhjM8++XRfXmQJYd1BUTpWVXJ0EZbDdy\/FnDp58u22D3ff75UDeLpq+xw\/crRdm4ansZZ3Z+tYc\/\/+\/XbLG+Ky10npWLOUI6Sv\/LD1+ODEbpYc3379zdt9+N4F5SGF5X\/16lW75Q1x2eukdKzFywHW9DP5J0eOP+7eXa0j8b0Py0ucmLjsdVI61qGQw1qP7f8GpDlyMO6gOyH1vbQDk48uJibn+EpROtahkAPOnT27ypsjBzDuyJkoBDbuyC17XZSONSs55poOitKxZiOHx5Dyh+SlO8npUoyu292DQnJErEuOOSI5IiTHHpIjQnLsITkiJMcei5WDybc2wYeZX7xws7\/t8GZqQyk5eLXPG2GbO8IxcCx9E4VqYpFy2NtXm7VFRfHCjU\/kYBsVF\/+5AkyVgzjE5Y0wsYhJHD55bmFzSroErYXFyYEMVH78Z4EhVJa1KLEgU+SgwomNFCnxDCQhH8LUzKLk4GJz0e1XiSjkj5OBIKSQcHsfcV5kS\/0jWkSNRTCJuyTaNEOuRQ4blYPmPFU5QCXQnIePpFkX\/4LHykFlI0cM8ciXOi66tr75qJtkMXLQ13f9ElOtBNAFhBU0Vg7EQJAQG2MQNyWHHXOtLEYOmm5ajhTWvVBJNhPMoNUI9xsrB989MRHDa9FqHpwOuRY5bEyOrgqwOxW2x60L3+NKziV3v65jQ8x4PFILQ65FDhuVI6f\/jpt\/u8MwJMcei5GDC5waEMYwxggrKu6OxsqBYF730CUHZcRdXS0sRg6gguxCIwsihNCFxH0845DwDmasHLRangCeHN4dTi0sSg4qwFoBREAWe0ppFRF2PayPxyBj5bCyUq1ASg4TNb7DqYlFycEFDwWgopADYWghUmONuHLGygHEIn4oG9Ayha0TcIxhd1Yji5IDqHQqiAvv9eVUVEoMmCIHUOle2WBjo5REtbE4OYCLTjNOJVEJNgil9WAd4lBJKabKAQxy6TJINhbhk2Xix11MrSxSjhAkoDJI\/Jr77gxKyGHQitFKWXxPyFpZvBxDKSnH3JmlHDUlj1TeOHWRyr+JVJK1yyHmi+QQLpJDuEgO4SI5hIvkEC6SQ7hIDuEiOYSL5BAukkO4SA7hIjmEi+QQLpJDuEgO4SI5hIvkEC6SQ7hIDuEiOYSL5BAukkO4SA7hIjmEQ9P8C\/s+LGQG0m3KAAAAAElFTkSuQmCC\" data-filename=\"V\u00e1lvula-direcional-el\u00e9trica-cartucho - LSV2-08-3.png\" \/><\/p>\n<p><strong>Especifica\u00e7\u00f5es t\u00e9cnicas:<\/strong><br \/>\nPress\u00e3o de opera\u00e7\u00e3o: 2 a 275 \/ 2 a 207 bar;<br \/>\nTemperatura: de \u2013 35\u00baC a + 120\u00baC;<br \/>\nConsumo da bobina: 85 a 100% da tens\u00e3o nominal;<br \/>\nFlu\u00eddos: Flu\u00eddos a base se \u00f3leo mineral (para outras aplica\u00e7\u00f5es, consultar nossa equipe t\u00e9cnica);<br \/>\nGrau de filtragem recomendada: ISO16\/12;<br \/>\nMaterial do corpo: A\u00e7o;<br \/>\nTratamento do corpo: Anodizado 6061T6;<br \/>\nCavidade: LB-08-3 (Cavidade 8);<br \/>\nVaz\u00e3o M\u00e1xima: 11,4 litros por minuto;<br \/>\nBobina: LC2-08-XX (Tens\u00e3o a ser selecionada pelo usu\u00e1rio).<\/p>\n<p><strong>Caracter\u00edsticas:<\/strong><br \/>\nSolenoide desenvolvida para servi\u00e7o cont\u00ednuo;<br \/>\nCorpo da v\u00e1lvula leve e resistente;<br \/>\nTens\u00f5es e conectores com configura\u00e7\u00f5es opcionais;<br \/>\nCavidade padr\u00e3o (intercambi\u00e1vel com diversos fabricantes);<br \/>\nTamanho reduzido.<\/p>\n","protected":false},"excerpt":{"rendered":"<p>A V\u00e1lvula Direcional El\u00e9trica Cartucho LSV2-08-3 tem a finalidade de conduzir o fluido conforme acionamento das solenoides.<\/p>\n","protected":false},"featured_media":7693,"template":"","meta":[],"product_brand":[],"product_cat":[127,32],"product_tag":[],"class_list":{"0":"post-4141","1":"product","2":"type-product","3":"status-publish","4":"has-post-thumbnail","6":"product_cat-direcional-eletrica-3-2","7":"product_cat-valvulas-insertaveis","9":"first","10":"instock","11":"virtual","12":"product-type-simple"},"yoast_head":"<!-- This site is optimized with the Yoast SEO plugin v27.5 - https:\/\/yoast.com\/product\/yoast-seo-wordpress\/ -->\n<title>LSV2-08-3 - ACT Sistemas Hidr\u00e1ulicos<\/title>\n<meta name=\"description\" content=\"A V\u00e1lvula Direcional El\u00e9trica Cartucho LSV2-08-3 tem a finalidade de conduzir o fluido conforme acionamento das solenoides.\" \/>\n<meta name=\"robots\" content=\"index, follow, max-snippet:-1, max-image-preview:large, max-video-preview:-1\" \/>\n<link rel=\"canonical\" href=\"https:\/\/actbr.com.br\/es\/producto\/lsv2-08-3\/\" \/>\n<meta property=\"og:locale\" content=\"es_ES\" \/>\n<meta property=\"og:type\" content=\"article\" \/>\n<meta property=\"og:title\" content=\"LSV2-08-3 - ACT Sistemas Hidr\u00e1ulicos\" \/>\n<meta property=\"og:description\" content=\"A V\u00e1lvula Direcional El\u00e9trica Cartucho LSV2-08-3 tem a finalidade de conduzir o fluido conforme acionamento das solenoides.\" \/>\n<meta property=\"og:url\" content=\"https:\/\/actbr.com.br\/es\/producto\/lsv2-08-3\/\" \/>\n<meta property=\"og:site_name\" content=\"ACT Sistemas Hidr\u00e1ulicos\" \/>\n<meta property=\"article:modified_time\" content=\"2023-06-28T20:59:19+00:00\" \/>\n<meta property=\"og:image\" content=\"https:\/\/actbr.com.br\/wp-content\/uploads\/2020\/09\/LSV2-08-3.jpg\" \/>\n\t<meta property=\"og:image:width\" content=\"600\" \/>\n\t<meta property=\"og:image:height\" content=\"600\" \/>\n\t<meta property=\"og:image:type\" content=\"image\/jpeg\" \/>\n<meta name=\"twitter:card\" content=\"summary_large_image\" \/>\n<meta name=\"twitter:label1\" content=\"Tiempo de lectura\" \/>\n\t<meta name=\"twitter:data1\" content=\"2 minutos\" \/>\n<script type=\"application\/ld+json\" class=\"yoast-schema-graph\">{\"@context\":\"https:\\\/\\\/schema.org\",\"@graph\":[{\"@type\":\"WebPage\",\"@id\":\"https:\\\/\\\/actbr.com.br\\\/es\\\/producto\\\/lsv2-08-3\\\/\",\"url\":\"https:\\\/\\\/actbr.com.br\\\/es\\\/producto\\\/lsv2-08-3\\\/\",\"name\":\"LSV2-08-3 - ACT Sistemas Hidr\u00e1ulicos\",\"isPartOf\":{\"@id\":\"https:\\\/\\\/actbr.com.br\\\/es\\\/#website\"},\"primaryImageOfPage\":{\"@id\":\"https:\\\/\\\/actbr.com.br\\\/es\\\/producto\\\/lsv2-08-3\\\/#primaryimage\"},\"image\":{\"@id\":\"https:\\\/\\\/actbr.com.br\\\/es\\\/producto\\\/lsv2-08-3\\\/#primaryimage\"},\"thumbnailUrl\":\"https:\\\/\\\/actbr.com.br\\\/wp-content\\\/uploads\\\/2020\\\/09\\\/LSV2-08-3.jpg\",\"datePublished\":\"2020-09-29T15:49:40+00:00\",\"dateModified\":\"2023-06-28T20:59:19+00:00\",\"description\":\"A V\u00e1lvula Direcional El\u00e9trica Cartucho LSV2-08-3 tem a finalidade de conduzir o fluido conforme acionamento das solenoides.\",\"breadcrumb\":{\"@id\":\"https:\\\/\\\/actbr.com.br\\\/es\\\/producto\\\/lsv2-08-3\\\/#breadcrumb\"},\"inLanguage\":\"es\",\"potentialAction\":[{\"@type\":\"ReadAction\",\"target\":[\"https:\\\/\\\/actbr.com.br\\\/es\\\/producto\\\/lsv2-08-3\\\/\"]}]},{\"@type\":\"ImageObject\",\"inLanguage\":\"es\",\"@id\":\"https:\\\/\\\/actbr.com.br\\\/es\\\/producto\\\/lsv2-08-3\\\/#primaryimage\",\"url\":\"https:\\\/\\\/actbr.com.br\\\/wp-content\\\/uploads\\\/2020\\\/09\\\/LSV2-08-3.jpg\",\"contentUrl\":\"https:\\\/\\\/actbr.com.br\\\/wp-content\\\/uploads\\\/2020\\\/09\\\/LSV2-08-3.jpg\",\"width\":600,\"height\":600,\"caption\":\"V\u00e1lvula Direcional LSV2-08-3\"},{\"@type\":\"BreadcrumbList\",\"@id\":\"https:\\\/\\\/actbr.com.br\\\/es\\\/producto\\\/lsv2-08-3\\\/#breadcrumb\",\"itemListElement\":[{\"@type\":\"ListItem\",\"position\":1,\"name\":\"Comenzar\",\"item\":\"https:\\\/\\\/actbr.com.br\\\/es\\\/\"},{\"@type\":\"ListItem\",\"position\":2,\"name\":\"Produtos\",\"item\":\"https:\\\/\\\/actbr.com.br\\\/produtos-act\\\/\"},{\"@type\":\"ListItem\",\"position\":3,\"name\":\"V\u00e1lvulas Insert\u00e1veis\",\"item\":\"https:\\\/\\\/actbr.com.br\\\/es\\\/categoria-produto\\\/valvulas-insertaveis\\\/\"},{\"@type\":\"ListItem\",\"position\":4,\"name\":\"Direcional El\u00e9trica - 3\\\/2\",\"item\":\"https:\\\/\\\/actbr.com.br\\\/es\\\/categoria-produto\\\/valvulas-insertaveis\\\/direcional-eletrica-3-2\\\/\"},{\"@type\":\"ListItem\",\"position\":5,\"name\":\"LSV2-08-3\"}]},{\"@type\":\"WebSite\",\"@id\":\"https:\\\/\\\/actbr.com.br\\\/es\\\/#website\",\"url\":\"https:\\\/\\\/actbr.com.br\\\/es\\\/\",\"name\":\"ACT Sistemas Hidr\u00e1ulicos\",\"description\":\"Fabricaci\u00f3n y mantenimiento de componentes de aceite hidr\u00e1ulico\",\"publisher\":{\"@id\":\"https:\\\/\\\/actbr.com.br\\\/es\\\/#organization\"},\"potentialAction\":[{\"@type\":\"SearchAction\",\"target\":{\"@type\":\"EntryPoint\",\"urlTemplate\":\"https:\\\/\\\/actbr.com.br\\\/es\\\/?s={search_term_string}\"},\"query-input\":{\"@type\":\"PropertyValueSpecification\",\"valueRequired\":true,\"valueName\":\"search_term_string\"}}],\"inLanguage\":\"es\"},{\"@type\":\"Organization\",\"@id\":\"https:\\\/\\\/actbr.com.br\\\/es\\\/#organization\",\"name\":\"ACT Sistemas Hidr\u00e1ulicos\",\"url\":\"https:\\\/\\\/actbr.com.br\\\/es\\\/\",\"logo\":{\"@type\":\"ImageObject\",\"inLanguage\":\"es\",\"@id\":\"https:\\\/\\\/actbr.com.br\\\/es\\\/#\\\/schema\\\/logo\\\/image\\\/\",\"url\":\"https:\\\/\\\/actbr.com.br\\\/wp-content\\\/uploads\\\/2025\\\/02\\\/cropped-ACT_NEGATIVO-marca-dagua.png\",\"contentUrl\":\"https:\\\/\\\/actbr.com.br\\\/wp-content\\\/uploads\\\/2025\\\/02\\\/cropped-ACT_NEGATIVO-marca-dagua.png\",\"width\":240,\"height\":146,\"caption\":\"ACT Sistemas Hidr\u00e1ulicos\"},\"image\":{\"@id\":\"https:\\\/\\\/actbr.com.br\\\/es\\\/#\\\/schema\\\/logo\\\/image\\\/\"}}]}<\/script>\n<!-- \/ Yoast SEO plugin. -->","yoast_head_json":{"title":"LSV2-08-3 - ACT Sistemas Hidr\u00e1ulicos","description":"A V\u00e1lvula Direcional El\u00e9trica Cartucho LSV2-08-3 tem a finalidade de conduzir o fluido conforme acionamento das solenoides.","robots":{"index":"index","follow":"follow","max-snippet":"max-snippet:-1","max-image-preview":"max-image-preview:large","max-video-preview":"max-video-preview:-1"},"canonical":"https:\/\/actbr.com.br\/es\/producto\/lsv2-08-3\/","og_locale":"es_ES","og_type":"article","og_title":"LSV2-08-3 - ACT Sistemas Hidr\u00e1ulicos","og_description":"A V\u00e1lvula Direcional El\u00e9trica Cartucho LSV2-08-3 tem a finalidade de conduzir o fluido conforme acionamento das solenoides.","og_url":"https:\/\/actbr.com.br\/es\/producto\/lsv2-08-3\/","og_site_name":"ACT Sistemas Hidr\u00e1ulicos","article_modified_time":"2023-06-28T20:59:19+00:00","og_image":[{"width":600,"height":600,"url":"https:\/\/actbr.com.br\/wp-content\/uploads\/2020\/09\/LSV2-08-3.jpg","type":"image\/jpeg"}],"twitter_card":"summary_large_image","twitter_misc":{"Tiempo de lectura":"2 minutos"},"schema":{"@context":"https:\/\/schema.org","@graph":[{"@type":"WebPage","@id":"https:\/\/actbr.com.br\/es\/producto\/lsv2-08-3\/","url":"https:\/\/actbr.com.br\/es\/producto\/lsv2-08-3\/","name":"LSV2-08-3 - ACT Sistemas Hidr\u00e1ulicos","isPartOf":{"@id":"https:\/\/actbr.com.br\/es\/#website"},"primaryImageOfPage":{"@id":"https:\/\/actbr.com.br\/es\/producto\/lsv2-08-3\/#primaryimage"},"image":{"@id":"https:\/\/actbr.com.br\/es\/producto\/lsv2-08-3\/#primaryimage"},"thumbnailUrl":"https:\/\/actbr.com.br\/wp-content\/uploads\/2020\/09\/LSV2-08-3.jpg","datePublished":"2020-09-29T15:49:40+00:00","dateModified":"2023-06-28T20:59:19+00:00","description":"A V\u00e1lvula Direcional El\u00e9trica Cartucho LSV2-08-3 tem a finalidade de conduzir o fluido conforme acionamento das solenoides.","breadcrumb":{"@id":"https:\/\/actbr.com.br\/es\/producto\/lsv2-08-3\/#breadcrumb"},"inLanguage":"es","potentialAction":[{"@type":"ReadAction","target":["https:\/\/actbr.com.br\/es\/producto\/lsv2-08-3\/"]}]},{"@type":"ImageObject","inLanguage":"es","@id":"https:\/\/actbr.com.br\/es\/producto\/lsv2-08-3\/#primaryimage","url":"https:\/\/actbr.com.br\/wp-content\/uploads\/2020\/09\/LSV2-08-3.jpg","contentUrl":"https:\/\/actbr.com.br\/wp-content\/uploads\/2020\/09\/LSV2-08-3.jpg","width":600,"height":600,"caption":"V\u00e1lvula Direcional LSV2-08-3"},{"@type":"BreadcrumbList","@id":"https:\/\/actbr.com.br\/es\/producto\/lsv2-08-3\/#breadcrumb","itemListElement":[{"@type":"ListItem","position":1,"name":"Comenzar","item":"https:\/\/actbr.com.br\/es\/"},{"@type":"ListItem","position":2,"name":"Produtos","item":"https:\/\/actbr.com.br\/produtos-act\/"},{"@type":"ListItem","position":3,"name":"V\u00e1lvulas Insert\u00e1veis","item":"https:\/\/actbr.com.br\/es\/categoria-produto\/valvulas-insertaveis\/"},{"@type":"ListItem","position":4,"name":"Direcional El\u00e9trica - 3\/2","item":"https:\/\/actbr.com.br\/es\/categoria-produto\/valvulas-insertaveis\/direcional-eletrica-3-2\/"},{"@type":"ListItem","position":5,"name":"LSV2-08-3"}]},{"@type":"WebSite","@id":"https:\/\/actbr.com.br\/es\/#website","url":"https:\/\/actbr.com.br\/es\/","name":"ACT Sistemas Hidr\u00e1ulicos","description":"Fabricaci\u00f3n y mantenimiento de componentes de aceite hidr\u00e1ulico","publisher":{"@id":"https:\/\/actbr.com.br\/es\/#organization"},"potentialAction":[{"@type":"SearchAction","target":{"@type":"EntryPoint","urlTemplate":"https:\/\/actbr.com.br\/es\/?s={search_term_string}"},"query-input":{"@type":"PropertyValueSpecification","valueRequired":true,"valueName":"search_term_string"}}],"inLanguage":"es"},{"@type":"Organization","@id":"https:\/\/actbr.com.br\/es\/#organization","name":"ACT Sistemas Hidr\u00e1ulicos","url":"https:\/\/actbr.com.br\/es\/","logo":{"@type":"ImageObject","inLanguage":"es","@id":"https:\/\/actbr.com.br\/es\/#\/schema\/logo\/image\/","url":"https:\/\/actbr.com.br\/wp-content\/uploads\/2025\/02\/cropped-ACT_NEGATIVO-marca-dagua.png","contentUrl":"https:\/\/actbr.com.br\/wp-content\/uploads\/2025\/02\/cropped-ACT_NEGATIVO-marca-dagua.png","width":240,"height":146,"caption":"ACT Sistemas Hidr\u00e1ulicos"},"image":{"@id":"https:\/\/actbr.com.br\/es\/#\/schema\/logo\/image\/"}}]}},"_links":{"self":[{"href":"https:\/\/actbr.com.br\/es\/wp-json\/wp\/v2\/product\/4141","targetHints":{"allow":["GET"]}}],"collection":[{"href":"https:\/\/actbr.com.br\/es\/wp-json\/wp\/v2\/product"}],"about":[{"href":"https:\/\/actbr.com.br\/es\/wp-json\/wp\/v2\/types\/product"}],"wp:featuredmedia":[{"embeddable":true,"href":"https:\/\/actbr.com.br\/es\/wp-json\/wp\/v2\/media\/7693"}],"wp:attachment":[{"href":"https:\/\/actbr.com.br\/es\/wp-json\/wp\/v2\/media?parent=4141"}],"wp:term":[{"taxonomy":"product_brand","embeddable":true,"href":"https:\/\/actbr.com.br\/es\/wp-json\/wp\/v2\/product_brand?post=4141"},{"taxonomy":"product_cat","embeddable":true,"href":"https:\/\/actbr.com.br\/es\/wp-json\/wp\/v2\/product_cat?post=4141"},{"taxonomy":"product_tag","embeddable":true,"href":"https:\/\/actbr.com.br\/es\/wp-json\/wp\/v2\/product_tag?post=4141"}],"curies":[{"name":"wp","href":"https:\/\/api.w.org\/{rel}","templated":true}]}}