{"id":4151,"date":"2020-09-29T12:49:40","date_gmt":"2020-09-29T15:49:40","guid":{"rendered":"https:\/\/actbr.com.br\/produto\/valvula-reguladora-de-vazao-compensada-lfra-10\/"},"modified":"2023-06-28T14:46:59","modified_gmt":"2023-06-28T17:46:59","slug":"lfra-10","status":"publish","type":"product","link":"https:\/\/actbr.com.br\/es\/producto\/lfra-10\/","title":{"rendered":"LFRA-10"},"content":{"rendered":"<p><strong>V\u00e1lvula Reguladora de Vaz\u00e3o Compensada LFRA-10<\/strong><\/p>\n<p>A V\u00e1lvula Reguladora de Vaz\u00e3o Compensada LFRA-10 opera independentemente da mudan\u00e7a de press\u00e3o da carga ou da altera\u00e7\u00e3o da temperatura do fluido. O fluxo da porta 1 para a porta 2 \u00e9 mantido durante o funcionamento do sistema.<\/p>\n<p>Essa estabilidade \u00e9 causada atrav\u00e9s de uma pequena diferen\u00e7a de press\u00e3o no n\u00facleo da v\u00e1lvula, que com um dispositivo de compensa\u00e7\u00e3o, come\u00e7a a responder \u00e0 mudan\u00e7a de carga\/viscosidade, mantendo assim precis\u00e3o e uniformidade de acionamento.<\/p>\n<p>O \u00f3leo flui na dire\u00e7\u00e3o oposta de 2 a 1 sem compensa\u00e7\u00e3o de press\u00e3o.<\/p>\n<p><img decoding=\"async\" src=\"data:image\/png;base64,iVBORw0KGgoAAAANSUhEUgAAAIwAAABuCAYAAAD1TPu3AAAAAXNSR0IArs4c6QAAAARnQU1BAACxjwv8YQUAAAAJcEhZcwAADsMAAA7DAcdvqGQAAAYlSURBVHhe7ZvNb1ZFFIf9T0SBRBI\/kJiISqwaJcEVIin8A5jgjrrDlWyAihtMJN1hcIMbTIPSpGHbHabrJt013XXb7ZXn0lNnhrnv7Wjv3I\/5Pcmk9713KCf3fXLmzEdfqYRIQMKIJCSMSELCiCQkjEhCwogkJIxIQsKIJCSMSELCiCQkjEhCwogkJIxIQsKIJCSMSELCiCQkjEhCwogkJIxIIpswR189MsgWI9bPWoxYv75bV2QVZoyMMW4J0yMHiXt3d7daXV2tvr9+vbo8P199e\/Vqfc09nuVGwvRIW9xra2vVp3Nz1b1f7lXr6+vV1tZWtbGxUd9HGp5xPycSpkdmxf3Ho0e1EAgCJguNa0AW+iBQLiRMjzTFjRSIYGJYpiGrWGYxSejD79nZ2ak\/d42E6Qn7omNYjQLUKa48wLV7j2zEsJUDCdMTvz14EI0bQbjfVtBS\/NpwRXZBoBxImJ745sqVOm43cwASkGFC6Gc1DNkEYVypECbHsCRheuLUOyfruG3oMWLChDXM4u3bL2Ug7lvG6RIJ0wNkizdPnKjjvvHDjb27L+BLJ3sYYb3SBL+rbRg7DCRMD5AxiJn22dwne3f\/hfs2vMQyTgh9WNTLgYTpgZ\/u3NkXhhZmBmoUm\/UcRBieM1PKgYTpgQvnz+\/L8t67p16qPWzWQyZiKLK+YaMfNRDZJcdwBPy\/XSFhGnC\/dBpT7BCrXcgcMRm4x787SH1zmHT5riVMBLLJybfe9oRhih0DERhukIIhCnlskY57PMsxlXaRMJn5\/eFDTxYaU+xZIA5DjwnDdW5RjC7ftYSJsHDtmicLjSl2zmHl\/9Dlu5YwEZhGu7JYs83EoUOsXSFhAhhGbMEubEy1xwCxdoWECeD8SpMwTLXHALF2hYQJ+PPxY08St310+oO9XsOGWLtCwrQwxrglTI9IGB8J04KE8ZEwLUgYn2zCDBUW42atyM56+eGGZAkULwxL+EjBcn6MmDBIxgGqnDvQQ6F4YcAEsPMtLqEw9LUd6hIpRpjl5eVq\/uLF6vKlS9WPi4vVr\/fv121zc7N+TqZAmvAYgysMQxeyjGWLoAuKEebp06f1l2\/t2JHXquOvH93\/\/PVXF\/aFcGsTnhkcVYidiymJbMK4L74vtre3q4\/PnNmXxG23bt6q+9hZFoNnYEPRGGoWi7kLihLGWFpaqjMMzYSh8achKysrtRiGxR2KNGS6fNdFCgNkm7Off1HH9eH7p+vhiBkTdcwbx44\/zzg3641Ii5vhSMcbChbGePLXk+rvZ8\/2Pr3gu4WFuiBm2kzcZBaOaI5l3UXCZAZRTA7iptDlLwe+PHeuvqaeGTISJiMUtW6sdo0oP9+9W\/9EKBrXs1aJ+0LCZIQ6heLXsLipZ5DE4DNDFdIMjUkIMwbILkiBDIb78nlGYVwyEsaBjMFsyMUVhrqGKffQa5gukTDPIbMgC1PqcGEuTO8MWeFqcEkULwxfPEMNmSW2ihurB0yasSzkHSbFC0O9MitbNBWQttAXk2zKZBOm6cUPnTHG3WXMEqYFCeMjYVqQMD4SpgUJ4yNhWpAwPhKmBQnjI2FakDA+EqYFCeMjYVqQMD5FCsPqLmd0rfG5acVWwvgUJQxisG\/EJqMrDJ\/ZG+I6RML4FCMMG4XhLrN77oX7iBNuKEoYnyKEYZOQzOIOO4gRxsRzpHFP0UkYn8kLgwRhZuEAFMcwYzGxC819O6srYXwmLwxnV8JTdEZTTGQfq2ckjM\/khWF4iRWz0BQTtY1JJmF8Ji8MX3zTAammmOgvYeJMXhiGl6aT\/hImnckLgyzhVNloiolhzGZKEsZn8sLYrCe2khuLiX5MwW0YkzA+kxcGyDDuXzMC8Vhzoa87q+oz7v9KlzEXIYwtyCFDLNMYPGfNxu0jYXyKEAaQgCyDENQnDDkMV\/y0lWAyiy3YGRLGpxhhDASxYYeY+Mlnd1\/JRcL4FCdMKhLGJ6swQ2wxYv2sxYj167t1RTZhxDSQMCIJCSOSkDAiCQkjkpAwIgkJI5KQMCIJCSOSkDAiCQkjkpAwIgkJI5KQMCIJCSOSkDAiCQkjkpAwIgkJI5KQMCIJCSOSkDAigar6BzJ97aDHqXePAAAAAElFTkSuQmCC\" data-filename=\"lfra-08-reguladora-de-vazao-compensada.png\" \/><\/p>\n<p><strong>Especifica\u00e7\u00f5es t\u00e9cnicas:<\/strong><br \/>\nPress\u00e3o de opera\u00e7\u00e3o: 2 a 240;<br \/>\nTemperatura: de \u2013 35\u00baC a + 120\u00baC;<br \/>\nFlu\u00eddos: Flu\u00eddos a base se \u00f3leo mineral (para outras aplica\u00e7\u00f5es, consultar nossa equipe t\u00e9cnica);<br \/>\nGrau de filtragem recomendada: ISO16\/12;<br \/>\nMaterial do corpo: A\u00e7o;<br \/>\nTratamento do corpo: Anodizado 6061T6;<br \/>\nCavidade: LB-10-2 (Cavidade 10);<br \/>\nVaz\u00e3o: De 3 a 26 litros por minuto.<\/p>\n<p><strong>Caracter\u00edsticas:<\/strong><br \/>\nCorpo da v\u00e1lvula leve e resistente;<br \/>\nCavidade padr\u00e3o (intercambi\u00e1vel com diversos fabricantes);<br \/>\nTamanho reduzido;<br \/>\nEstabilidade funcional;<br \/>\nPrecis\u00e3o em sua regulagem.<\/p>\n","protected":false},"excerpt":{"rendered":"<p>A V\u00e1lvula Reguladora de Vaz\u00e3o Compensada LFRA-08 mant\u00e9m o fluxo independente da mudan\u00e7a de press\u00e3o da carga ou da altera\u00e7\u00e3o da temperatura do fluido.<\/p>\n","protected":false},"featured_media":6883,"template":"","meta":[],"product_brand":[],"product_cat":[128,32],"product_tag":[],"class_list":{"0":"post-4151","1":"product","2":"type-product","3":"status-publish","4":"has-post-thumbnail","6":"product_cat-insertaveis-reguladora-de-vazao-compensada","7":"product_cat-valvulas-insertaveis","9":"first","10":"instock","11":"virtual","12":"product-type-simple"},"yoast_head":"<!-- This site is optimized with the Yoast SEO plugin v27.2 - https:\/\/yoast.com\/product\/yoast-seo-wordpress\/ -->\n<title>LFRA-10 - ACT Sistemas Hidr\u00e1ulicos<\/title>\n<meta name=\"description\" content=\"A V\u00e1lvula Reguladora de Vaz\u00e3o Compensada LFRA-10 mant\u00e9m o fluxo independente da mudan\u00e7a de press\u00e3o da carga ou da altera\u00e7\u00e3o da temperatura do fluido.\" \/>\n<meta name=\"robots\" content=\"index, follow, max-snippet:-1, max-image-preview:large, max-video-preview:-1\" \/>\n<link rel=\"canonical\" href=\"https:\/\/actbr.com.br\/es\/producto\/lfra-10\/\" \/>\n<meta property=\"og:locale\" content=\"es_ES\" \/>\n<meta property=\"og:type\" content=\"article\" \/>\n<meta property=\"og:title\" content=\"LFRA-10 - ACT Sistemas Hidr\u00e1ulicos\" \/>\n<meta property=\"og:description\" content=\"A V\u00e1lvula Reguladora de Vaz\u00e3o Compensada LFRA-10 mant\u00e9m o fluxo independente da mudan\u00e7a de press\u00e3o da carga ou da altera\u00e7\u00e3o da temperatura do fluido.\" \/>\n<meta property=\"og:url\" content=\"https:\/\/actbr.com.br\/es\/producto\/lfra-10\/\" \/>\n<meta property=\"og:site_name\" content=\"ACT Sistemas Hidr\u00e1ulicos\" \/>\n<meta property=\"article:modified_time\" content=\"2023-06-28T17:46:59+00:00\" \/>\n<meta property=\"og:image\" content=\"https:\/\/actbr.com.br\/wp-content\/uploads\/2020\/09\/Valvula-reguladora-de-vazao-compensada-\u2013-LFRA-10.jpg\" \/>\n\t<meta property=\"og:image:width\" content=\"600\" \/>\n\t<meta property=\"og:image:height\" content=\"600\" \/>\n\t<meta property=\"og:image:type\" content=\"image\/jpeg\" \/>\n<meta name=\"twitter:card\" content=\"summary_large_image\" \/>\n<meta name=\"twitter:label1\" content=\"Tiempo de lectura\" \/>\n\t<meta name=\"twitter:data1\" content=\"2 minutos\" \/>\n<script type=\"application\/ld+json\" class=\"yoast-schema-graph\">{\"@context\":\"https:\/\/schema.org\",\"@graph\":[{\"@type\":\"WebPage\",\"@id\":\"https:\/\/actbr.com.br\/es\/producto\/lfra-10\/\",\"url\":\"https:\/\/actbr.com.br\/es\/producto\/lfra-10\/\",\"name\":\"LFRA-10 - ACT Sistemas Hidr\u00e1ulicos\",\"isPartOf\":{\"@id\":\"https:\/\/actbr.com.br\/es\/#website\"},\"primaryImageOfPage\":{\"@id\":\"https:\/\/actbr.com.br\/es\/producto\/lfra-10\/#primaryimage\"},\"image\":{\"@id\":\"https:\/\/actbr.com.br\/es\/producto\/lfra-10\/#primaryimage\"},\"thumbnailUrl\":\"https:\/\/actbr.com.br\/wp-content\/uploads\/2020\/09\/Valvula-reguladora-de-vazao-compensada-\u2013-LFRA-10.jpg\",\"datePublished\":\"2020-09-29T15:49:40+00:00\",\"dateModified\":\"2023-06-28T17:46:59+00:00\",\"description\":\"A V\u00e1lvula Reguladora de Vaz\u00e3o Compensada LFRA-10 mant\u00e9m o fluxo independente da mudan\u00e7a de press\u00e3o da carga ou da altera\u00e7\u00e3o da temperatura do fluido.\",\"breadcrumb\":{\"@id\":\"https:\/\/actbr.com.br\/es\/producto\/lfra-10\/#breadcrumb\"},\"inLanguage\":\"es\",\"potentialAction\":[{\"@type\":\"ReadAction\",\"target\":[\"https:\/\/actbr.com.br\/es\/producto\/lfra-10\/\"]}]},{\"@type\":\"ImageObject\",\"inLanguage\":\"es\",\"@id\":\"https:\/\/actbr.com.br\/es\/producto\/lfra-10\/#primaryimage\",\"url\":\"https:\/\/actbr.com.br\/wp-content\/uploads\/2020\/09\/Valvula-reguladora-de-vazao-compensada-\u2013-LFRA-10.jpg\",\"contentUrl\":\"https:\/\/actbr.com.br\/wp-content\/uploads\/2020\/09\/Valvula-reguladora-de-vazao-compensada-\u2013-LFRA-10.jpg\",\"width\":600,\"height\":600,\"caption\":\"V\u00e1lvula Reguladora de Vaz\u00e3o Compensada LFRA-10\"},{\"@type\":\"BreadcrumbList\",\"@id\":\"https:\/\/actbr.com.br\/es\/producto\/lfra-10\/#breadcrumb\",\"itemListElement\":[{\"@type\":\"ListItem\",\"position\":1,\"name\":\"Comenzar\",\"item\":\"https:\/\/actbr.com.br\/es\/\"},{\"@type\":\"ListItem\",\"position\":2,\"name\":\"Produtos\",\"item\":\"https:\/\/actbr.com.br\/produtos-act\/\"},{\"@type\":\"ListItem\",\"position\":3,\"name\":\"V\u00e1lvulas Insert\u00e1veis\",\"item\":\"https:\/\/actbr.com.br\/es\/categoria-produto\/valvulas-insertaveis\/\"},{\"@type\":\"ListItem\",\"position\":4,\"name\":\"Reguladora de Vaz\u00e3o - Compensada\",\"item\":\"https:\/\/actbr.com.br\/es\/categoria-produto\/valvulas-insertaveis\/insertaveis-reguladora-de-vazao-compensada\/\"},{\"@type\":\"ListItem\",\"position\":5,\"name\":\"LFRA-10\"}]},{\"@type\":\"WebSite\",\"@id\":\"https:\/\/actbr.com.br\/es\/#website\",\"url\":\"https:\/\/actbr.com.br\/es\/\",\"name\":\"ACT Sistemas Hidr\u00e1ulicos\",\"description\":\"Fabricaci\u00f3n y mantenimiento de componentes de aceite hidr\u00e1ulico\",\"publisher\":{\"@id\":\"https:\/\/actbr.com.br\/es\/#organization\"},\"potentialAction\":[{\"@type\":\"SearchAction\",\"target\":{\"@type\":\"EntryPoint\",\"urlTemplate\":\"https:\/\/actbr.com.br\/es\/?s={search_term_string}\"},\"query-input\":{\"@type\":\"PropertyValueSpecification\",\"valueRequired\":true,\"valueName\":\"search_term_string\"}}],\"inLanguage\":\"es\"},{\"@type\":\"Organization\",\"@id\":\"https:\/\/actbr.com.br\/es\/#organization\",\"name\":\"ACT Sistemas Hidr\u00e1ulicos\",\"url\":\"https:\/\/actbr.com.br\/es\/\",\"logo\":{\"@type\":\"ImageObject\",\"inLanguage\":\"es\",\"@id\":\"https:\/\/actbr.com.br\/es\/#\/schema\/logo\/image\/\",\"url\":\"https:\/\/actbr.com.br\/wp-content\/uploads\/2025\/02\/cropped-ACT_NEGATIVO-marca-dagua.png\",\"contentUrl\":\"https:\/\/actbr.com.br\/wp-content\/uploads\/2025\/02\/cropped-ACT_NEGATIVO-marca-dagua.png\",\"width\":240,\"height\":146,\"caption\":\"ACT Sistemas Hidr\u00e1ulicos\"},\"image\":{\"@id\":\"https:\/\/actbr.com.br\/es\/#\/schema\/logo\/image\/\"}}]}<\/script>\n<!-- \/ Yoast SEO plugin. -->","yoast_head_json":{"title":"LFRA-10 - ACT Sistemas Hidr\u00e1ulicos","description":"A V\u00e1lvula Reguladora de Vaz\u00e3o Compensada LFRA-10 mant\u00e9m o fluxo independente da mudan\u00e7a de press\u00e3o da carga ou da altera\u00e7\u00e3o da temperatura do fluido.","robots":{"index":"index","follow":"follow","max-snippet":"max-snippet:-1","max-image-preview":"max-image-preview:large","max-video-preview":"max-video-preview:-1"},"canonical":"https:\/\/actbr.com.br\/es\/producto\/lfra-10\/","og_locale":"es_ES","og_type":"article","og_title":"LFRA-10 - ACT Sistemas Hidr\u00e1ulicos","og_description":"A V\u00e1lvula Reguladora de Vaz\u00e3o Compensada LFRA-10 mant\u00e9m o fluxo independente da mudan\u00e7a de press\u00e3o da carga ou da altera\u00e7\u00e3o da temperatura do fluido.","og_url":"https:\/\/actbr.com.br\/es\/producto\/lfra-10\/","og_site_name":"ACT Sistemas Hidr\u00e1ulicos","article_modified_time":"2023-06-28T17:46:59+00:00","og_image":[{"width":600,"height":600,"url":"https:\/\/actbr.com.br\/wp-content\/uploads\/2020\/09\/Valvula-reguladora-de-vazao-compensada-\u2013-LFRA-10.jpg","type":"image\/jpeg"}],"twitter_card":"summary_large_image","twitter_misc":{"Tiempo de lectura":"2 minutos"},"schema":{"@context":"https:\/\/schema.org","@graph":[{"@type":"WebPage","@id":"https:\/\/actbr.com.br\/es\/producto\/lfra-10\/","url":"https:\/\/actbr.com.br\/es\/producto\/lfra-10\/","name":"LFRA-10 - ACT Sistemas Hidr\u00e1ulicos","isPartOf":{"@id":"https:\/\/actbr.com.br\/es\/#website"},"primaryImageOfPage":{"@id":"https:\/\/actbr.com.br\/es\/producto\/lfra-10\/#primaryimage"},"image":{"@id":"https:\/\/actbr.com.br\/es\/producto\/lfra-10\/#primaryimage"},"thumbnailUrl":"https:\/\/actbr.com.br\/wp-content\/uploads\/2020\/09\/Valvula-reguladora-de-vazao-compensada-\u2013-LFRA-10.jpg","datePublished":"2020-09-29T15:49:40+00:00","dateModified":"2023-06-28T17:46:59+00:00","description":"A V\u00e1lvula Reguladora de Vaz\u00e3o Compensada LFRA-10 mant\u00e9m o fluxo independente da mudan\u00e7a de press\u00e3o da carga ou da altera\u00e7\u00e3o da temperatura do fluido.","breadcrumb":{"@id":"https:\/\/actbr.com.br\/es\/producto\/lfra-10\/#breadcrumb"},"inLanguage":"es","potentialAction":[{"@type":"ReadAction","target":["https:\/\/actbr.com.br\/es\/producto\/lfra-10\/"]}]},{"@type":"ImageObject","inLanguage":"es","@id":"https:\/\/actbr.com.br\/es\/producto\/lfra-10\/#primaryimage","url":"https:\/\/actbr.com.br\/wp-content\/uploads\/2020\/09\/Valvula-reguladora-de-vazao-compensada-\u2013-LFRA-10.jpg","contentUrl":"https:\/\/actbr.com.br\/wp-content\/uploads\/2020\/09\/Valvula-reguladora-de-vazao-compensada-\u2013-LFRA-10.jpg","width":600,"height":600,"caption":"V\u00e1lvula Reguladora de Vaz\u00e3o Compensada LFRA-10"},{"@type":"BreadcrumbList","@id":"https:\/\/actbr.com.br\/es\/producto\/lfra-10\/#breadcrumb","itemListElement":[{"@type":"ListItem","position":1,"name":"Comenzar","item":"https:\/\/actbr.com.br\/es\/"},{"@type":"ListItem","position":2,"name":"Produtos","item":"https:\/\/actbr.com.br\/produtos-act\/"},{"@type":"ListItem","position":3,"name":"V\u00e1lvulas Insert\u00e1veis","item":"https:\/\/actbr.com.br\/es\/categoria-produto\/valvulas-insertaveis\/"},{"@type":"ListItem","position":4,"name":"Reguladora de Vaz\u00e3o - Compensada","item":"https:\/\/actbr.com.br\/es\/categoria-produto\/valvulas-insertaveis\/insertaveis-reguladora-de-vazao-compensada\/"},{"@type":"ListItem","position":5,"name":"LFRA-10"}]},{"@type":"WebSite","@id":"https:\/\/actbr.com.br\/es\/#website","url":"https:\/\/actbr.com.br\/es\/","name":"ACT Sistemas Hidr\u00e1ulicos","description":"Fabricaci\u00f3n y mantenimiento de componentes de aceite hidr\u00e1ulico","publisher":{"@id":"https:\/\/actbr.com.br\/es\/#organization"},"potentialAction":[{"@type":"SearchAction","target":{"@type":"EntryPoint","urlTemplate":"https:\/\/actbr.com.br\/es\/?s={search_term_string}"},"query-input":{"@type":"PropertyValueSpecification","valueRequired":true,"valueName":"search_term_string"}}],"inLanguage":"es"},{"@type":"Organization","@id":"https:\/\/actbr.com.br\/es\/#organization","name":"ACT Sistemas Hidr\u00e1ulicos","url":"https:\/\/actbr.com.br\/es\/","logo":{"@type":"ImageObject","inLanguage":"es","@id":"https:\/\/actbr.com.br\/es\/#\/schema\/logo\/image\/","url":"https:\/\/actbr.com.br\/wp-content\/uploads\/2025\/02\/cropped-ACT_NEGATIVO-marca-dagua.png","contentUrl":"https:\/\/actbr.com.br\/wp-content\/uploads\/2025\/02\/cropped-ACT_NEGATIVO-marca-dagua.png","width":240,"height":146,"caption":"ACT Sistemas Hidr\u00e1ulicos"},"image":{"@id":"https:\/\/actbr.com.br\/es\/#\/schema\/logo\/image\/"}}]}},"_links":{"self":[{"href":"https:\/\/actbr.com.br\/es\/wp-json\/wp\/v2\/product\/4151","targetHints":{"allow":["GET"]}}],"collection":[{"href":"https:\/\/actbr.com.br\/es\/wp-json\/wp\/v2\/product"}],"about":[{"href":"https:\/\/actbr.com.br\/es\/wp-json\/wp\/v2\/types\/product"}],"wp:featuredmedia":[{"embeddable":true,"href":"https:\/\/actbr.com.br\/es\/wp-json\/wp\/v2\/media\/6883"}],"wp:attachment":[{"href":"https:\/\/actbr.com.br\/es\/wp-json\/wp\/v2\/media?parent=4151"}],"wp:term":[{"taxonomy":"product_brand","embeddable":true,"href":"https:\/\/actbr.com.br\/es\/wp-json\/wp\/v2\/product_brand?post=4151"},{"taxonomy":"product_cat","embeddable":true,"href":"https:\/\/actbr.com.br\/es\/wp-json\/wp\/v2\/product_cat?post=4151"},{"taxonomy":"product_tag","embeddable":true,"href":"https:\/\/actbr.com.br\/es\/wp-json\/wp\/v2\/product_tag?post=4151"}],"curies":[{"name":"wp","href":"https:\/\/api.w.org\/{rel}","templated":true}]}}