{"id":4211,"date":"2020-09-29T12:51:04","date_gmt":"2020-09-29T15:51:04","guid":{"rendered":"https:\/\/actbr.com.br\/produto\/valvula-tipo-ou-lslv-10\/"},"modified":"2023-06-28T18:10:29","modified_gmt":"2023-06-28T21:10:29","slug":"lslv-10","status":"publish","type":"product","link":"https:\/\/actbr.com.br\/es\/producto\/lslv-10\/","title":{"rendered":"LSLV-10"},"content":{"rendered":"<p><strong>V\u00e1lvula Tipo \u00abOU\u00bb LSLV-10<\/strong><\/p>\n<p>A V\u00e1lvula Tipo \u00abOU\u00bb LSLV-10 foi projetada para suprir a necessidade de comandar um componente hidr\u00e1ulico de dois pontos diferentes.<\/p>\n<p>Dotada de tr\u00eas p\u00f3rticos, sendo duas entradas de press\u00e3o e um ponto de utiliza\u00e7\u00e3o, esta v\u00e1lvula quando recebe o flu\u00eddo pressurizado por uma das entradas, tem a entrada oposta (p\u00f3rtico) automaticamente fechada.<\/p>\n<p>Quando o flu\u00eddo acessa o p\u00f3rtico 1, ele boqueia o p\u00f3rtico 3, liberando assim a passagem de 1 para 2.<br \/>\nQuando o flu\u00eddo acessa o p\u00f3rtico 3, ele boqueia o p\u00f3rtico 1, liberando assim a passagem de 3 para 2.<\/p>\n<p><img decoding=\"async\" src=\"data:image\/png;base64,iVBORw0KGgoAAAANSUhEUgAAAIcAAAB4CAYAAADYI+HGAAAAAXNSR0IArs4c6QAAAARnQU1BAACxjwv8YQUAAAAJcEhZcwAADsMAAA7DAcdvqGQAAAYHSURBVHhe7Zo9bhw3GEBzkwTIOQwhd3CMFM4BnCM4J3AOEB\/A6Z1enQrVqlW7Vat2grejD2EYfqP94fzs4D2AkIbL3SE\/vvnIndnvBpEE5ZAU5ZAU5ZAU5ZAU5ZAU5ZAU5ZAU5ZAU5ZAU5ZAU5ZAU5ZAU5ZAU5ZAU5ZAU5ZAU5ZAU5ZAU5ZAU5ZAU5ZAU5ZAU5ZAU5ZCUWeX48fsfNllatNpFadFqt4XSk9nluEbs94hyNLDfI7uW4+npafj85+fhp5ubQ1+i\/PHp03B\/f\/\/S6v+s3e9z6d3v3crB5HN+5Pj27dtL7TA8Pz8fXvvl3bvh948fD8c1yjGySzmYfLIFUjD5v334cOhLFF6nHnF4rRZkrX5fSu9+704OlhLOG9mCyUeCgHrEeXh4OByTPf7++vXwf6AcI7uTAxH++vLl5WgYHh8fX\/77F2QIIZAJWcrsoRwju5MjlpOMOnMA2aU8Vo6R3clRn5OMwNJBfZRymQEyTbm0rNHvHvTu9+7lICu0Np0l5TIDyjGySzlO3T\/U9z2UY2R3crCEnDLRiMQehI1poBwju5MjbnAF9AFh6hIbUJYTjkuUY2R3cgCTHZtOvsq2ChmjvFlWohwju5SDiWcTiiTlchHwOhkDMcolKFCOkV3KAaUAiBLfSNh8Uoc42f0Q5RjZrRwBkrC\/CDnIFK1sUqIcI7uX4xzs94hyNLDfI8rRwH6PKEcD+z2iHA3s94hyNLDfI7PKca1cqxy9UY4GyjGyuhzl846tsAU5uHlXxobjpVlFDu5Q8mCMSYhnIPzlmPrX7mDOzZpycEufW\/z0gbhE4Zj6JWOzuBzxJJSf5tUD5Zj67IHYUqwlB2Pm3NzmrzNFPCvi9aViM6scdZB5xsHEl0sIV8rt7e3L0Qiv06780e+SrCFHXDTxMDBkiBIXEq9nsend78XkYLD1oBgwda1B0Y4f7ayx1i5NxCYuGo5ZZllGECOyaYgTsam5Wjm4Mlg7S5CDrJENivZrLi9LQQzK2CBE\/Qv5ug3y1LG5Wjm4CurlI8gGRXveNweRto+Fq3quZY4xvnYRcO5SDmJTC3S1cjCwcq9Rkg2K9mVAehFpuw7uFLHWz5HJpmLDee\/u7oabN2\/+c+5WbJTjQs4RI5hLkKnYkFV+ff9++Pnt20Pfg13JsYVlJROD+jgXAY\/CRrCetDkEOWZZoc9lLK5+WSlh8LXpQTYo2veahJYY1LHv4PwxQcgQBTn4VsD7Skl6C1LHhnNxjhLqyjb0qdf5MxaTg4kgoK1NXUsO2tGe911KJgZ1BLy+GVfDVVrL0FOQOjYxdv6GqPQVWYFztr7K9mYxOSAGXV4ViBEliMBHsC5hSow6LU\/RkqGnIHVs+EzEjRJiIArt+Ds3i8oBDBoRSOdMUgnHkeZ7BDyTgECXKfpYQoYy0\/QUpIxNnc04pt+9znUMi8sBBJQ1nkCUVwfH1MfVcwmZGASZ87y2lGTwefVn9hSEfvH59JH+Exf+ckz9uf0+h1nlYEBTMIGxplLqTHIumRhw6TcgJgcRanoKEpSxOYbX4n0qq8oxB1NiQHwruQQ2g60Jm0OQU1COCV4TA0jTx16JGVOfsaYgVyfHGmVqzzK3HBD7qTVKT3a3rJA1uHIzQeaWg\/OTvXrtn05BOY5gShC+DsY9g3Ng0hlXa\/LXFAOU40gyQbjZdMndRfYSCFCzthigHCeQCYIcfKU9FSae99abzS2IAcpxIi1B2C9M7Usy+Cz2GyVbEQOU4wxagnD1U3fM5pSJb0mwJTFAOc4knqy2BGGSW1mESacNSwkZY8tigHJcQMhQihDPMqgPCaLQfwTY6h6jRjkupCVIQB3LTJTW5G9VDFCODkwJMsWWxQDl6EQIcizsWbYsBiiHpCiHpCiHpCiHpCiHpCiHpCiHpCiHpCiHpCiHpCiHpCiHpCiHpFydHFssLVrtorRotdtC6cmscsh1oxySohySohySohySohySohySohySohySohySohySohySohySohySohySohySohySohySohySohySohySohySohySohySohySMAz\/AGJ9wCo78fF8AAAAAElFTkSuQmCC\" data-filename=\"valvula-ou.png\" \/><\/p>\n<p><strong>Especifica\u00e7\u00f5es t\u00e9cnicas:<\/strong><br \/>\nPress\u00e3o de opera\u00e7\u00e3o: At\u00e9 240 bar;<br \/>\nTemperatura: de \u2013 35\u00baC a + 120\u00baC;<br \/>\nFlu\u00eddos: Flu\u00eddos a base se \u00f3leo mineral (para outras aplica\u00e7\u00f5es, consultar nossa equipe t\u00e9cnica);<br \/>\nGrau de filtragem recomendada: ISO16\/12;<br \/>\nMaterial do corpo: A\u00e7o;<br \/>\nTratamento do corpo: Anodizado 6061T6;<br \/>\nCavidade: LB-10-3 (Cavidade 10);<br \/>\nVaz\u00e3o: 30,2 litros por minuto (Verificar as vers\u00f5es dispon\u00edveis).<\/p>\n<p><strong>Caracter\u00edsticas:<\/strong><br \/>\nCorpo da v\u00e1lvula leve e resistente;<br \/>\nCavidade padr\u00e3o (intercambi\u00e1vel com diversos fabricantes);<br \/>\nTamanho reduzido;<br \/>\nEstabilidade funcional;<br \/>\nPrecis\u00e3o em sua regulagem.<\/p>\n","protected":false},"excerpt":{"rendered":"<p>A V\u00e1lvula Tipo \u00abOU\u00bb LSLV-10 foi projetada para suprir a necessidade de comandar um componente hidr\u00e1ulico de dois pontos diferentes.<\/p>\n<p>&nbsp;<\/p>\n","protected":false},"featured_media":6865,"template":"","meta":[],"product_brand":[],"product_cat":[135,32],"product_tag":[],"class_list":{"0":"post-4211","1":"product","2":"type-product","3":"status-publish","4":"has-post-thumbnail","6":"product_cat-valvula-ou","7":"product_cat-valvulas-insertaveis","9":"first","10":"instock","11":"virtual","12":"product-type-simple"},"yoast_head":"<!-- This site is optimized with the Yoast SEO plugin v27.2 - https:\/\/yoast.com\/product\/yoast-seo-wordpress\/ -->\n<title>LSLV-10 - ACT Sistemas Hidr\u00e1ulicos<\/title>\n<meta name=\"description\" content=\"A V\u00e1lvula Tipo &quot;OU&quot; LSLV-10 foi projetada para suprir a necessidade de comandar um componente hidr\u00e1ulico de dois pontos diferentes.\" \/>\n<meta name=\"robots\" content=\"index, follow, max-snippet:-1, max-image-preview:large, max-video-preview:-1\" \/>\n<link rel=\"canonical\" href=\"https:\/\/actbr.com.br\/es\/producto\/lslv-10\/\" \/>\n<meta property=\"og:locale\" content=\"es_ES\" \/>\n<meta property=\"og:type\" content=\"article\" \/>\n<meta property=\"og:title\" content=\"LSLV-10 - ACT Sistemas Hidr\u00e1ulicos\" \/>\n<meta property=\"og:description\" content=\"A V\u00e1lvula Tipo &quot;OU&quot; LSLV-10 foi projetada para suprir a necessidade de comandar um componente hidr\u00e1ulico de dois pontos diferentes.\" \/>\n<meta property=\"og:url\" content=\"https:\/\/actbr.com.br\/es\/producto\/lslv-10\/\" \/>\n<meta property=\"og:site_name\" content=\"ACT Sistemas Hidr\u00e1ulicos\" \/>\n<meta property=\"article:modified_time\" content=\"2023-06-28T21:10:29+00:00\" \/>\n<meta property=\"og:image\" content=\"https:\/\/actbr.com.br\/wp-content\/uploads\/2020\/09\/Valvula-tipo-OU-\u2013-LSLV-10.jpg\" \/>\n\t<meta property=\"og:image:width\" content=\"600\" \/>\n\t<meta property=\"og:image:height\" content=\"600\" \/>\n\t<meta property=\"og:image:type\" content=\"image\/jpeg\" \/>\n<meta name=\"twitter:card\" content=\"summary_large_image\" \/>\n<meta name=\"twitter:label1\" content=\"Tiempo de lectura\" \/>\n\t<meta name=\"twitter:data1\" content=\"2 minutos\" \/>\n<script type=\"application\/ld+json\" class=\"yoast-schema-graph\">{\"@context\":\"https:\/\/schema.org\",\"@graph\":[{\"@type\":\"WebPage\",\"@id\":\"https:\/\/actbr.com.br\/es\/producto\/lslv-10\/\",\"url\":\"https:\/\/actbr.com.br\/es\/producto\/lslv-10\/\",\"name\":\"LSLV-10 - ACT Sistemas Hidr\u00e1ulicos\",\"isPartOf\":{\"@id\":\"https:\/\/actbr.com.br\/es\/#website\"},\"primaryImageOfPage\":{\"@id\":\"https:\/\/actbr.com.br\/es\/producto\/lslv-10\/#primaryimage\"},\"image\":{\"@id\":\"https:\/\/actbr.com.br\/es\/producto\/lslv-10\/#primaryimage\"},\"thumbnailUrl\":\"https:\/\/actbr.com.br\/wp-content\/uploads\/2020\/09\/Valvula-tipo-OU-\u2013-LSLV-10.jpg\",\"datePublished\":\"2020-09-29T15:51:04+00:00\",\"dateModified\":\"2023-06-28T21:10:29+00:00\",\"description\":\"A V\u00e1lvula Tipo \\\"OU\\\" LSLV-10 foi projetada para suprir a necessidade de comandar um componente hidr\u00e1ulico de dois pontos diferentes.\",\"breadcrumb\":{\"@id\":\"https:\/\/actbr.com.br\/es\/producto\/lslv-10\/#breadcrumb\"},\"inLanguage\":\"es\",\"potentialAction\":[{\"@type\":\"ReadAction\",\"target\":[\"https:\/\/actbr.com.br\/es\/producto\/lslv-10\/\"]}]},{\"@type\":\"ImageObject\",\"inLanguage\":\"es\",\"@id\":\"https:\/\/actbr.com.br\/es\/producto\/lslv-10\/#primaryimage\",\"url\":\"https:\/\/actbr.com.br\/wp-content\/uploads\/2020\/09\/Valvula-tipo-OU-\u2013-LSLV-10.jpg\",\"contentUrl\":\"https:\/\/actbr.com.br\/wp-content\/uploads\/2020\/09\/Valvula-tipo-OU-\u2013-LSLV-10.jpg\",\"width\":600,\"height\":600,\"caption\":\"V\u00e1lvula tipo \u201cOU\u201d \u2013 LSLV-10\"},{\"@type\":\"BreadcrumbList\",\"@id\":\"https:\/\/actbr.com.br\/es\/producto\/lslv-10\/#breadcrumb\",\"itemListElement\":[{\"@type\":\"ListItem\",\"position\":1,\"name\":\"Comenzar\",\"item\":\"https:\/\/actbr.com.br\/es\/\"},{\"@type\":\"ListItem\",\"position\":2,\"name\":\"Produtos\",\"item\":\"https:\/\/actbr.com.br\/produtos-act\/\"},{\"@type\":\"ListItem\",\"position\":3,\"name\":\"V\u00e1lvulas Insert\u00e1veis\",\"item\":\"https:\/\/actbr.com.br\/es\/categoria-produto\/valvulas-insertaveis\/\"},{\"@type\":\"ListItem\",\"position\":4,\"name\":\"V\u00e1lvula OU\",\"item\":\"https:\/\/actbr.com.br\/es\/categoria-produto\/valvulas-insertaveis\/valvula-ou\/\"},{\"@type\":\"ListItem\",\"position\":5,\"name\":\"LSLV-10\"}]},{\"@type\":\"WebSite\",\"@id\":\"https:\/\/actbr.com.br\/es\/#website\",\"url\":\"https:\/\/actbr.com.br\/es\/\",\"name\":\"ACT Sistemas Hidr\u00e1ulicos\",\"description\":\"Fabricaci\u00f3n y mantenimiento de componentes de aceite hidr\u00e1ulico\",\"publisher\":{\"@id\":\"https:\/\/actbr.com.br\/es\/#organization\"},\"potentialAction\":[{\"@type\":\"SearchAction\",\"target\":{\"@type\":\"EntryPoint\",\"urlTemplate\":\"https:\/\/actbr.com.br\/es\/?s={search_term_string}\"},\"query-input\":{\"@type\":\"PropertyValueSpecification\",\"valueRequired\":true,\"valueName\":\"search_term_string\"}}],\"inLanguage\":\"es\"},{\"@type\":\"Organization\",\"@id\":\"https:\/\/actbr.com.br\/es\/#organization\",\"name\":\"ACT Sistemas Hidr\u00e1ulicos\",\"url\":\"https:\/\/actbr.com.br\/es\/\",\"logo\":{\"@type\":\"ImageObject\",\"inLanguage\":\"es\",\"@id\":\"https:\/\/actbr.com.br\/es\/#\/schema\/logo\/image\/\",\"url\":\"https:\/\/actbr.com.br\/wp-content\/uploads\/2025\/02\/cropped-ACT_NEGATIVO-marca-dagua.png\",\"contentUrl\":\"https:\/\/actbr.com.br\/wp-content\/uploads\/2025\/02\/cropped-ACT_NEGATIVO-marca-dagua.png\",\"width\":240,\"height\":146,\"caption\":\"ACT Sistemas Hidr\u00e1ulicos\"},\"image\":{\"@id\":\"https:\/\/actbr.com.br\/es\/#\/schema\/logo\/image\/\"}}]}<\/script>\n<!-- \/ Yoast SEO plugin. -->","yoast_head_json":{"title":"LSLV-10 - ACT Sistemas Hidr\u00e1ulicos","description":"A V\u00e1lvula Tipo \"OU\" LSLV-10 foi projetada para suprir a necessidade de comandar um componente hidr\u00e1ulico de dois pontos diferentes.","robots":{"index":"index","follow":"follow","max-snippet":"max-snippet:-1","max-image-preview":"max-image-preview:large","max-video-preview":"max-video-preview:-1"},"canonical":"https:\/\/actbr.com.br\/es\/producto\/lslv-10\/","og_locale":"es_ES","og_type":"article","og_title":"LSLV-10 - ACT Sistemas Hidr\u00e1ulicos","og_description":"A V\u00e1lvula Tipo \"OU\" LSLV-10 foi projetada para suprir a necessidade de comandar um componente hidr\u00e1ulico de dois pontos diferentes.","og_url":"https:\/\/actbr.com.br\/es\/producto\/lslv-10\/","og_site_name":"ACT Sistemas Hidr\u00e1ulicos","article_modified_time":"2023-06-28T21:10:29+00:00","og_image":[{"width":600,"height":600,"url":"https:\/\/actbr.com.br\/wp-content\/uploads\/2020\/09\/Valvula-tipo-OU-\u2013-LSLV-10.jpg","type":"image\/jpeg"}],"twitter_card":"summary_large_image","twitter_misc":{"Tiempo de lectura":"2 minutos"},"schema":{"@context":"https:\/\/schema.org","@graph":[{"@type":"WebPage","@id":"https:\/\/actbr.com.br\/es\/producto\/lslv-10\/","url":"https:\/\/actbr.com.br\/es\/producto\/lslv-10\/","name":"LSLV-10 - ACT Sistemas Hidr\u00e1ulicos","isPartOf":{"@id":"https:\/\/actbr.com.br\/es\/#website"},"primaryImageOfPage":{"@id":"https:\/\/actbr.com.br\/es\/producto\/lslv-10\/#primaryimage"},"image":{"@id":"https:\/\/actbr.com.br\/es\/producto\/lslv-10\/#primaryimage"},"thumbnailUrl":"https:\/\/actbr.com.br\/wp-content\/uploads\/2020\/09\/Valvula-tipo-OU-\u2013-LSLV-10.jpg","datePublished":"2020-09-29T15:51:04+00:00","dateModified":"2023-06-28T21:10:29+00:00","description":"A V\u00e1lvula Tipo \"OU\" LSLV-10 foi projetada para suprir a necessidade de comandar um componente hidr\u00e1ulico de dois pontos diferentes.","breadcrumb":{"@id":"https:\/\/actbr.com.br\/es\/producto\/lslv-10\/#breadcrumb"},"inLanguage":"es","potentialAction":[{"@type":"ReadAction","target":["https:\/\/actbr.com.br\/es\/producto\/lslv-10\/"]}]},{"@type":"ImageObject","inLanguage":"es","@id":"https:\/\/actbr.com.br\/es\/producto\/lslv-10\/#primaryimage","url":"https:\/\/actbr.com.br\/wp-content\/uploads\/2020\/09\/Valvula-tipo-OU-\u2013-LSLV-10.jpg","contentUrl":"https:\/\/actbr.com.br\/wp-content\/uploads\/2020\/09\/Valvula-tipo-OU-\u2013-LSLV-10.jpg","width":600,"height":600,"caption":"V\u00e1lvula tipo \u201cOU\u201d \u2013 LSLV-10"},{"@type":"BreadcrumbList","@id":"https:\/\/actbr.com.br\/es\/producto\/lslv-10\/#breadcrumb","itemListElement":[{"@type":"ListItem","position":1,"name":"Comenzar","item":"https:\/\/actbr.com.br\/es\/"},{"@type":"ListItem","position":2,"name":"Produtos","item":"https:\/\/actbr.com.br\/produtos-act\/"},{"@type":"ListItem","position":3,"name":"V\u00e1lvulas Insert\u00e1veis","item":"https:\/\/actbr.com.br\/es\/categoria-produto\/valvulas-insertaveis\/"},{"@type":"ListItem","position":4,"name":"V\u00e1lvula OU","item":"https:\/\/actbr.com.br\/es\/categoria-produto\/valvulas-insertaveis\/valvula-ou\/"},{"@type":"ListItem","position":5,"name":"LSLV-10"}]},{"@type":"WebSite","@id":"https:\/\/actbr.com.br\/es\/#website","url":"https:\/\/actbr.com.br\/es\/","name":"ACT Sistemas Hidr\u00e1ulicos","description":"Fabricaci\u00f3n y mantenimiento de componentes de aceite hidr\u00e1ulico","publisher":{"@id":"https:\/\/actbr.com.br\/es\/#organization"},"potentialAction":[{"@type":"SearchAction","target":{"@type":"EntryPoint","urlTemplate":"https:\/\/actbr.com.br\/es\/?s={search_term_string}"},"query-input":{"@type":"PropertyValueSpecification","valueRequired":true,"valueName":"search_term_string"}}],"inLanguage":"es"},{"@type":"Organization","@id":"https:\/\/actbr.com.br\/es\/#organization","name":"ACT Sistemas Hidr\u00e1ulicos","url":"https:\/\/actbr.com.br\/es\/","logo":{"@type":"ImageObject","inLanguage":"es","@id":"https:\/\/actbr.com.br\/es\/#\/schema\/logo\/image\/","url":"https:\/\/actbr.com.br\/wp-content\/uploads\/2025\/02\/cropped-ACT_NEGATIVO-marca-dagua.png","contentUrl":"https:\/\/actbr.com.br\/wp-content\/uploads\/2025\/02\/cropped-ACT_NEGATIVO-marca-dagua.png","width":240,"height":146,"caption":"ACT Sistemas Hidr\u00e1ulicos"},"image":{"@id":"https:\/\/actbr.com.br\/es\/#\/schema\/logo\/image\/"}}]}},"_links":{"self":[{"href":"https:\/\/actbr.com.br\/es\/wp-json\/wp\/v2\/product\/4211","targetHints":{"allow":["GET"]}}],"collection":[{"href":"https:\/\/actbr.com.br\/es\/wp-json\/wp\/v2\/product"}],"about":[{"href":"https:\/\/actbr.com.br\/es\/wp-json\/wp\/v2\/types\/product"}],"wp:featuredmedia":[{"embeddable":true,"href":"https:\/\/actbr.com.br\/es\/wp-json\/wp\/v2\/media\/6865"}],"wp:attachment":[{"href":"https:\/\/actbr.com.br\/es\/wp-json\/wp\/v2\/media?parent=4211"}],"wp:term":[{"taxonomy":"product_brand","embeddable":true,"href":"https:\/\/actbr.com.br\/es\/wp-json\/wp\/v2\/product_brand?post=4211"},{"taxonomy":"product_cat","embeddable":true,"href":"https:\/\/actbr.com.br\/es\/wp-json\/wp\/v2\/product_cat?post=4211"},{"taxonomy":"product_tag","embeddable":true,"href":"https:\/\/actbr.com.br\/es\/wp-json\/wp\/v2\/product_tag?post=4211"}],"curies":[{"name":"wp","href":"https:\/\/api.w.org\/{rel}","templated":true}]}}