{"id":4279,"date":"2020-09-29T12:51:54","date_gmt":"2020-09-29T15:51:54","guid":{"rendered":"https:\/\/actbr.com.br\/produto\/transdutor-de-nivel-lg4\/"},"modified":"2023-06-29T11:16:23","modified_gmt":"2023-06-29T14:16:23","slug":"transdutor-de-nivel-lg4","status":"publish","type":"product","link":"https:\/\/actbr.com.br\/es\/producto\/transdutor-de-nivel-lg4\/","title":{"rendered":"Transdutor de N\u00edvel LG4"},"content":{"rendered":"<p><strong>Transdutor de N\u00edvel LG4<\/strong><\/p>\n<p><strong>Caracter\u00edsticas:<\/strong><br \/>\nTemperatura de opera\u00e7\u00e3o: -10\u00b0C a + 90\u00b0C;<br \/>\nInclina\u00e7\u00e3o m\u00e1xima: 15 \u00b0;<br \/>\nViscosidade m\u00e1xima do fluido: 150 cSt;<br \/>\nVida mec\u00e2nica: 106 ciclos a 20 \u00b0 C;<br \/>\nCorpo: em alum\u00ednio anodizado com pe\u00e7as de a\u00e7o inoxid\u00e1vel 316L em contato (haste ) e spancil pom (flutuante);<\/p>\n<p><strong>Instala\u00e7\u00e3o:<\/strong><br \/>\nA pelo menos 50 mm de paredes ferrosas e afastadas de campos magn\u00e9ticos e na posi\u00e7\u00e3o vertical por meio de tr\u00eas tipos diferentes de conex\u00e3o hidr\u00e1ulica em uma \u00fanica execu\u00e7\u00e3o;<br \/>\nFlange de dois orif\u00edcios (180 \u00b0);<br \/>\nFlange de tr\u00eas orif\u00edcios (120 \u00b0);<br \/>\nRosca 1 \u00abBSP-M.<\/p>\n<p><strong>Caracter\u00edsticas el\u00e9tricas:<\/strong><br \/>\nConex\u00e3o el\u00e9trica de acordo com as normas DIN43650, M3;<br \/>\nConex\u00e3o el\u00e9trica de acordo com as normas IEC60947-5-2, M12;<br \/>\nProte\u00e7\u00e3o el\u00e9trica de acordo com as normas DIN40050, IP65;<br \/>\nConsumo m\u00e9dio: &lt;50 mA;<br \/>\nTens\u00e3o de alimenta\u00e7\u00e3o: de 10 a 30 Volt;<br \/>\nEmiss\u00e3o e imunidade de interfer\u00eancia de acordo com a norma EN 61 326.<\/p>\n<p><strong>Dispon\u00edvel:<\/strong><br \/>\nConex\u00f5es el\u00e9tricas especiais;<br \/>\nFlutuar em a\u00e7o inoxid\u00e1vel 316L ou materiais adequados para altas viscosidades;<br \/>\nCU-TR para o mercado russo;<br \/>\nComprimentos especiais a pedido, com incrementos m\u00ednimos de 50 mm.<\/p>\n<p>&nbsp;<\/p>\n","protected":false},"excerpt":{"rendered":"<p>Transdutor de N\u00edvel LG4<\/p>\n","protected":false},"featured_media":7616,"template":"","meta":[],"product_brand":[],"product_cat":[143,63],"product_tag":[],"class_list":{"0":"post-4279","1":"product","2":"type-product","3":"status-publish","4":"has-post-thumbnail","6":"product_cat-nivel","7":"product_cat-instrumentacao","9":"first","10":"instock","11":"virtual","12":"product-type-simple"},"yoast_head":"<!-- This site is optimized with the Yoast SEO plugin v27.2 - https:\/\/yoast.com\/product\/yoast-seo-wordpress\/ -->\n<title>Transdutor de N\u00edvel LG4 - ACT Sistemas Hidr\u00e1ulicos<\/title>\n<meta name=\"description\" content=\"Encontre aqui as caracter\u00edsticas do Transdutor de N\u00edvel LG4.\" \/>\n<meta name=\"robots\" content=\"index, follow, max-snippet:-1, max-image-preview:large, max-video-preview:-1\" \/>\n<link rel=\"canonical\" href=\"https:\/\/actbr.com.br\/es\/producto\/transdutor-de-nivel-lg4\/\" \/>\n<meta property=\"og:locale\" content=\"es_ES\" \/>\n<meta property=\"og:type\" content=\"article\" \/>\n<meta property=\"og:title\" content=\"Transdutor de N\u00edvel LG4 - ACT Sistemas Hidr\u00e1ulicos\" \/>\n<meta property=\"og:description\" content=\"Encontre aqui as caracter\u00edsticas do Transdutor de N\u00edvel LG4.\" \/>\n<meta property=\"og:url\" content=\"https:\/\/actbr.com.br\/es\/producto\/transdutor-de-nivel-lg4\/\" \/>\n<meta property=\"og:site_name\" content=\"ACT Sistemas Hidr\u00e1ulicos\" \/>\n<meta property=\"article:modified_time\" content=\"2023-06-29T14:16:23+00:00\" \/>\n<meta property=\"og:image\" content=\"https:\/\/actbr.com.br\/wp-content\/uploads\/2020\/09\/Transdutor-de-nivel-\u2013-LG4.jpg\" \/>\n\t<meta property=\"og:image:width\" content=\"600\" \/>\n\t<meta property=\"og:image:height\" content=\"400\" \/>\n\t<meta property=\"og:image:type\" content=\"image\/jpeg\" \/>\n<meta name=\"twitter:card\" content=\"summary_large_image\" \/>\n<meta name=\"twitter:label1\" content=\"Tiempo de lectura\" \/>\n\t<meta name=\"twitter:data1\" content=\"1 minuto\" \/>\n<script type=\"application\/ld+json\" class=\"yoast-schema-graph\">{\"@context\":\"https:\/\/schema.org\",\"@graph\":[{\"@type\":\"WebPage\",\"@id\":\"https:\/\/actbr.com.br\/es\/producto\/transdutor-de-nivel-lg4\/\",\"url\":\"https:\/\/actbr.com.br\/es\/producto\/transdutor-de-nivel-lg4\/\",\"name\":\"Transdutor de N\u00edvel LG4 - ACT Sistemas Hidr\u00e1ulicos\",\"isPartOf\":{\"@id\":\"https:\/\/actbr.com.br\/es\/#website\"},\"primaryImageOfPage\":{\"@id\":\"https:\/\/actbr.com.br\/es\/producto\/transdutor-de-nivel-lg4\/#primaryimage\"},\"image\":{\"@id\":\"https:\/\/actbr.com.br\/es\/producto\/transdutor-de-nivel-lg4\/#primaryimage\"},\"thumbnailUrl\":\"https:\/\/actbr.com.br\/wp-content\/uploads\/2020\/09\/Transdutor-de-nivel-\u2013-LG4.jpg\",\"datePublished\":\"2020-09-29T15:51:54+00:00\",\"dateModified\":\"2023-06-29T14:16:23+00:00\",\"description\":\"Encontre aqui as caracter\u00edsticas do Transdutor de N\u00edvel LG4.\",\"breadcrumb\":{\"@id\":\"https:\/\/actbr.com.br\/es\/producto\/transdutor-de-nivel-lg4\/#breadcrumb\"},\"inLanguage\":\"es\",\"potentialAction\":[{\"@type\":\"ReadAction\",\"target\":[\"https:\/\/actbr.com.br\/es\/producto\/transdutor-de-nivel-lg4\/\"]}]},{\"@type\":\"ImageObject\",\"inLanguage\":\"es\",\"@id\":\"https:\/\/actbr.com.br\/es\/producto\/transdutor-de-nivel-lg4\/#primaryimage\",\"url\":\"https:\/\/actbr.com.br\/wp-content\/uploads\/2020\/09\/Transdutor-de-nivel-\u2013-LG4.jpg\",\"contentUrl\":\"https:\/\/actbr.com.br\/wp-content\/uploads\/2020\/09\/Transdutor-de-nivel-\u2013-LG4.jpg\",\"width\":600,\"height\":400,\"caption\":\"Transdutor de n\u00edvel \u2013 LG4\"},{\"@type\":\"BreadcrumbList\",\"@id\":\"https:\/\/actbr.com.br\/es\/producto\/transdutor-de-nivel-lg4\/#breadcrumb\",\"itemListElement\":[{\"@type\":\"ListItem\",\"position\":1,\"name\":\"Comenzar\",\"item\":\"https:\/\/actbr.com.br\/es\/\"},{\"@type\":\"ListItem\",\"position\":2,\"name\":\"Produtos\",\"item\":\"https:\/\/actbr.com.br\/produtos-act\/\"},{\"@type\":\"ListItem\",\"position\":3,\"name\":\"Instrumenta\u00e7\u00e3o\",\"item\":\"https:\/\/actbr.com.br\/es\/categoria-produto\/instrumentacao\/\"},{\"@type\":\"ListItem\",\"position\":4,\"name\":\"Indicador de N\u00edvel\",\"item\":\"https:\/\/actbr.com.br\/es\/categoria-produto\/instrumentacao\/nivel\/\"},{\"@type\":\"ListItem\",\"position\":5,\"name\":\"Transdutor de N\u00edvel LG4\"}]},{\"@type\":\"WebSite\",\"@id\":\"https:\/\/actbr.com.br\/es\/#website\",\"url\":\"https:\/\/actbr.com.br\/es\/\",\"name\":\"ACT Sistemas Hidr\u00e1ulicos\",\"description\":\"Fabricaci\u00f3n y mantenimiento de componentes de aceite hidr\u00e1ulico\",\"publisher\":{\"@id\":\"https:\/\/actbr.com.br\/es\/#organization\"},\"potentialAction\":[{\"@type\":\"SearchAction\",\"target\":{\"@type\":\"EntryPoint\",\"urlTemplate\":\"https:\/\/actbr.com.br\/es\/?s={search_term_string}\"},\"query-input\":{\"@type\":\"PropertyValueSpecification\",\"valueRequired\":true,\"valueName\":\"search_term_string\"}}],\"inLanguage\":\"es\"},{\"@type\":\"Organization\",\"@id\":\"https:\/\/actbr.com.br\/es\/#organization\",\"name\":\"ACT Sistemas Hidr\u00e1ulicos\",\"url\":\"https:\/\/actbr.com.br\/es\/\",\"logo\":{\"@type\":\"ImageObject\",\"inLanguage\":\"es\",\"@id\":\"https:\/\/actbr.com.br\/es\/#\/schema\/logo\/image\/\",\"url\":\"https:\/\/actbr.com.br\/wp-content\/uploads\/2025\/02\/cropped-ACT_NEGATIVO-marca-dagua.png\",\"contentUrl\":\"https:\/\/actbr.com.br\/wp-content\/uploads\/2025\/02\/cropped-ACT_NEGATIVO-marca-dagua.png\",\"width\":240,\"height\":146,\"caption\":\"ACT Sistemas Hidr\u00e1ulicos\"},\"image\":{\"@id\":\"https:\/\/actbr.com.br\/es\/#\/schema\/logo\/image\/\"}}]}<\/script>\n<!-- \/ Yoast SEO plugin. -->","yoast_head_json":{"title":"Transdutor de N\u00edvel LG4 - ACT Sistemas Hidr\u00e1ulicos","description":"Encontre aqui as caracter\u00edsticas do Transdutor de N\u00edvel LG4.","robots":{"index":"index","follow":"follow","max-snippet":"max-snippet:-1","max-image-preview":"max-image-preview:large","max-video-preview":"max-video-preview:-1"},"canonical":"https:\/\/actbr.com.br\/es\/producto\/transdutor-de-nivel-lg4\/","og_locale":"es_ES","og_type":"article","og_title":"Transdutor de N\u00edvel LG4 - ACT Sistemas Hidr\u00e1ulicos","og_description":"Encontre aqui as caracter\u00edsticas do Transdutor de N\u00edvel LG4.","og_url":"https:\/\/actbr.com.br\/es\/producto\/transdutor-de-nivel-lg4\/","og_site_name":"ACT Sistemas Hidr\u00e1ulicos","article_modified_time":"2023-06-29T14:16:23+00:00","og_image":[{"width":600,"height":400,"url":"https:\/\/actbr.com.br\/wp-content\/uploads\/2020\/09\/Transdutor-de-nivel-\u2013-LG4.jpg","type":"image\/jpeg"}],"twitter_card":"summary_large_image","twitter_misc":{"Tiempo de lectura":"1 minuto"},"schema":{"@context":"https:\/\/schema.org","@graph":[{"@type":"WebPage","@id":"https:\/\/actbr.com.br\/es\/producto\/transdutor-de-nivel-lg4\/","url":"https:\/\/actbr.com.br\/es\/producto\/transdutor-de-nivel-lg4\/","name":"Transdutor de N\u00edvel LG4 - ACT Sistemas Hidr\u00e1ulicos","isPartOf":{"@id":"https:\/\/actbr.com.br\/es\/#website"},"primaryImageOfPage":{"@id":"https:\/\/actbr.com.br\/es\/producto\/transdutor-de-nivel-lg4\/#primaryimage"},"image":{"@id":"https:\/\/actbr.com.br\/es\/producto\/transdutor-de-nivel-lg4\/#primaryimage"},"thumbnailUrl":"https:\/\/actbr.com.br\/wp-content\/uploads\/2020\/09\/Transdutor-de-nivel-\u2013-LG4.jpg","datePublished":"2020-09-29T15:51:54+00:00","dateModified":"2023-06-29T14:16:23+00:00","description":"Encontre aqui as caracter\u00edsticas do Transdutor de N\u00edvel LG4.","breadcrumb":{"@id":"https:\/\/actbr.com.br\/es\/producto\/transdutor-de-nivel-lg4\/#breadcrumb"},"inLanguage":"es","potentialAction":[{"@type":"ReadAction","target":["https:\/\/actbr.com.br\/es\/producto\/transdutor-de-nivel-lg4\/"]}]},{"@type":"ImageObject","inLanguage":"es","@id":"https:\/\/actbr.com.br\/es\/producto\/transdutor-de-nivel-lg4\/#primaryimage","url":"https:\/\/actbr.com.br\/wp-content\/uploads\/2020\/09\/Transdutor-de-nivel-\u2013-LG4.jpg","contentUrl":"https:\/\/actbr.com.br\/wp-content\/uploads\/2020\/09\/Transdutor-de-nivel-\u2013-LG4.jpg","width":600,"height":400,"caption":"Transdutor de n\u00edvel \u2013 LG4"},{"@type":"BreadcrumbList","@id":"https:\/\/actbr.com.br\/es\/producto\/transdutor-de-nivel-lg4\/#breadcrumb","itemListElement":[{"@type":"ListItem","position":1,"name":"Comenzar","item":"https:\/\/actbr.com.br\/es\/"},{"@type":"ListItem","position":2,"name":"Produtos","item":"https:\/\/actbr.com.br\/produtos-act\/"},{"@type":"ListItem","position":3,"name":"Instrumenta\u00e7\u00e3o","item":"https:\/\/actbr.com.br\/es\/categoria-produto\/instrumentacao\/"},{"@type":"ListItem","position":4,"name":"Indicador de N\u00edvel","item":"https:\/\/actbr.com.br\/es\/categoria-produto\/instrumentacao\/nivel\/"},{"@type":"ListItem","position":5,"name":"Transdutor de N\u00edvel LG4"}]},{"@type":"WebSite","@id":"https:\/\/actbr.com.br\/es\/#website","url":"https:\/\/actbr.com.br\/es\/","name":"ACT Sistemas Hidr\u00e1ulicos","description":"Fabricaci\u00f3n y mantenimiento de componentes de aceite hidr\u00e1ulico","publisher":{"@id":"https:\/\/actbr.com.br\/es\/#organization"},"potentialAction":[{"@type":"SearchAction","target":{"@type":"EntryPoint","urlTemplate":"https:\/\/actbr.com.br\/es\/?s={search_term_string}"},"query-input":{"@type":"PropertyValueSpecification","valueRequired":true,"valueName":"search_term_string"}}],"inLanguage":"es"},{"@type":"Organization","@id":"https:\/\/actbr.com.br\/es\/#organization","name":"ACT Sistemas Hidr\u00e1ulicos","url":"https:\/\/actbr.com.br\/es\/","logo":{"@type":"ImageObject","inLanguage":"es","@id":"https:\/\/actbr.com.br\/es\/#\/schema\/logo\/image\/","url":"https:\/\/actbr.com.br\/wp-content\/uploads\/2025\/02\/cropped-ACT_NEGATIVO-marca-dagua.png","contentUrl":"https:\/\/actbr.com.br\/wp-content\/uploads\/2025\/02\/cropped-ACT_NEGATIVO-marca-dagua.png","width":240,"height":146,"caption":"ACT Sistemas Hidr\u00e1ulicos"},"image":{"@id":"https:\/\/actbr.com.br\/es\/#\/schema\/logo\/image\/"}}]}},"_links":{"self":[{"href":"https:\/\/actbr.com.br\/es\/wp-json\/wp\/v2\/product\/4279","targetHints":{"allow":["GET"]}}],"collection":[{"href":"https:\/\/actbr.com.br\/es\/wp-json\/wp\/v2\/product"}],"about":[{"href":"https:\/\/actbr.com.br\/es\/wp-json\/wp\/v2\/types\/product"}],"wp:featuredmedia":[{"embeddable":true,"href":"https:\/\/actbr.com.br\/es\/wp-json\/wp\/v2\/media\/7616"}],"wp:attachment":[{"href":"https:\/\/actbr.com.br\/es\/wp-json\/wp\/v2\/media?parent=4279"}],"wp:term":[{"taxonomy":"product_brand","embeddable":true,"href":"https:\/\/actbr.com.br\/es\/wp-json\/wp\/v2\/product_brand?post=4279"},{"taxonomy":"product_cat","embeddable":true,"href":"https:\/\/actbr.com.br\/es\/wp-json\/wp\/v2\/product_cat?post=4279"},{"taxonomy":"product_tag","embeddable":true,"href":"https:\/\/actbr.com.br\/es\/wp-json\/wp\/v2\/product_tag?post=4279"}],"curies":[{"name":"wp","href":"https:\/\/api.w.org\/{rel}","templated":true}]}}