{"id":4295,"date":"2020-09-29T12:51:54","date_gmt":"2020-09-29T15:51:54","guid":{"rendered":"https:\/\/actbr.com.br\/produto\/valvula-de-retencao-pilotada-em-linha-adrl-32-8\/"},"modified":"2023-10-11T08:37:34","modified_gmt":"2023-10-11T11:37:34","slug":"valvula-de-retencao-pilotada-em-linha-adrl-32-8","status":"publish","type":"product","link":"https:\/\/actbr.com.br\/es\/producto\/valvula-de-retencao-pilotada-em-linha-adrl-32-8\/","title":{"rendered":"V\u00e1lvula de Reten\u00e7\u00e3o Pilotada em Linha ADRL-32\/8"},"content":{"rendered":"<p><strong>V\u00e1lvula de Reten\u00e7\u00e3o Pilotada em Linha ADRL-32\/8<\/strong><\/p>\n<p>A\u00a0V\u00e1lvula de Reten\u00e7\u00e3o Pilotada em Linha ADRL-32\/8 \u00e9 uma v\u00e1lvula de bloqueio e prote\u00e7\u00e3o, abertura operada por piloto hidr\u00e1ulico. Possui assento c\u00f4nico com carga de mola. Sua composi\u00e7\u00e3o \u00e9 basicamente carca\u00e7a com assento de v\u00e1lvula integrado, cone de fechamento temperado e retificado, p\u00f3rtico de abertura com rosca de 1\/4\u2033 BSP F\u00eamea e da mola de compress\u00e3o.<\/p>\n<p>O cone de fechamento \u00e9 pressionado sobre o assento da v\u00e1lvula atrav\u00e9s da mola de compress\u00e3o, e bloqueia desta forma a conex\u00e3o A da conex\u00e3o B, sua abertura \u00e9 feita quando acionado o piloto, que possuem rela\u00e7\u00e3o de \u00e1rea de 2,3 a 2,8. A v\u00e1lvula possui retorno livre quando a press\u00e3o na conex\u00e3o A for maior do que a press\u00e3o na conex\u00e3o B, inclusive a press\u00e3o de abertura produzida pela for\u00e7a da mola.<\/p>\n<p><strong>Caracter\u00edsticas t\u00e9cnicas:<\/strong><br \/>\nTamanho: 32;<br \/>\nPeso: 7kg;<br \/>\nRatio: 2,3;<br \/>\nCrack mola de press\u00e3o: 8 bar;<br \/>\nM\u00e1xima press\u00e3o: 350 Bar;<br \/>\nM\u00e1xima Vaz\u00e3o: 300 l\/pm;<br \/>\nP\u00f3rticos: Rosca G 1 \u00bc\u00bb F\u00eamea;<br \/>\nFluido compat\u00edvel: \u00d3leo mineral e \u00c9ster fosfato;<br \/>\nTemperatura de Trabalho: -30 at\u00e9 +80 \u00b0C;<br \/>\nRange de Viscosidade: 2.8 at\u00e9 500 mm2\/s;<br \/>\nPosi\u00e7\u00e3o de instala\u00e7\u00e3o: Opcional a aplica\u00e7\u00e3o do cliente;<br \/>\nGrau de Contamina\u00e7\u00e3o: Grau m\u00e1ximo permitido de contamina\u00e7\u00e3o de fluidos: Classe 9. NAS 1638 ou 20\/18\/15, ISO4406;<br \/>\nVeda\u00e7\u00f5es: NBR.<\/p>\n<p><strong>Aplica\u00e7\u00f5es:<\/strong><br \/>\nProteger queda de cilindro por rompimento de mangueiras;<br \/>\nProteger o equipamento contra danos no refluxo;<br \/>\nFornecer al\u00edvio de press\u00e3o para a seguran\u00e7a do sistema;<br \/>\nImpedir a contamina\u00e7\u00e3o por refluxo.<\/p>\n","protected":false},"excerpt":{"rendered":"<p>A\u00a0V\u00e1lvula de Reten\u00e7\u00e3o Pilotada em Linha ADRL-32\/8 \u00e9 uma v\u00e1lvula de bloqueio e prote\u00e7\u00e3o, abertura operada por piloto hidr\u00e1ulico.<\/p>\n","protected":false},"featured_media":8285,"template":"","meta":[],"product_brand":[],"product_cat":[57,50],"product_tag":[],"class_list":{"0":"post-4295","1":"product","2":"type-product","3":"status-publish","4":"has-post-thumbnail","6":"product_cat-retencao-pilotada-adrl","7":"product_cat-valvulas-em-linha","9":"first","10":"instock","11":"virtual","12":"product-type-simple"},"yoast_head":"<!-- This site is optimized with the Yoast SEO plugin v27.2 - https:\/\/yoast.com\/product\/yoast-seo-wordpress\/ -->\n<title>V\u00e1lvula de Reten\u00e7\u00e3o Pilotada em Linha ADRL-32\/8 - ACT Sistemas Hidr\u00e1ulicos<\/title>\n<meta name=\"description\" content=\"A\u00a0V\u00e1lvula de Reten\u00e7\u00e3o Pilotada em Linha ADRL-32\/8 \u00e9 uma v\u00e1lvula de bloqueio e prote\u00e7\u00e3o, abertura operada por piloto hidr\u00e1ulico.\" \/>\n<meta name=\"robots\" content=\"index, follow, max-snippet:-1, max-image-preview:large, max-video-preview:-1\" \/>\n<link rel=\"canonical\" href=\"https:\/\/actbr.com.br\/es\/producto\/valvula-de-retencao-pilotada-em-linha-adrl-32-8\/\" \/>\n<meta property=\"og:locale\" content=\"es_ES\" \/>\n<meta property=\"og:type\" content=\"article\" \/>\n<meta property=\"og:title\" content=\"V\u00e1lvula de Reten\u00e7\u00e3o Pilotada em Linha ADRL-32\/8 - ACT Sistemas Hidr\u00e1ulicos\" \/>\n<meta property=\"og:description\" content=\"A\u00a0V\u00e1lvula de Reten\u00e7\u00e3o Pilotada em Linha ADRL-32\/8 \u00e9 uma v\u00e1lvula de bloqueio e prote\u00e7\u00e3o, abertura operada por piloto hidr\u00e1ulico.\" \/>\n<meta property=\"og:url\" content=\"https:\/\/actbr.com.br\/es\/producto\/valvula-de-retencao-pilotada-em-linha-adrl-32-8\/\" \/>\n<meta property=\"og:site_name\" content=\"ACT Sistemas Hidr\u00e1ulicos\" \/>\n<meta property=\"article:modified_time\" content=\"2023-10-11T11:37:34+00:00\" \/>\n<meta property=\"og:image\" content=\"https:\/\/actbr.com.br\/wp-content\/uploads\/2020\/09\/ADRL-VALVE.jpg\" \/>\n\t<meta property=\"og:image:width\" content=\"200\" \/>\n\t<meta property=\"og:image:height\" content=\"200\" \/>\n\t<meta property=\"og:image:type\" content=\"image\/jpeg\" \/>\n<meta name=\"twitter:card\" content=\"summary_large_image\" \/>\n<meta name=\"twitter:label1\" content=\"Tiempo de lectura\" \/>\n\t<meta name=\"twitter:data1\" content=\"2 minutos\" \/>\n<script type=\"application\/ld+json\" class=\"yoast-schema-graph\">{\"@context\":\"https:\/\/schema.org\",\"@graph\":[{\"@type\":\"WebPage\",\"@id\":\"https:\/\/actbr.com.br\/es\/producto\/valvula-de-retencao-pilotada-em-linha-adrl-32-8\/\",\"url\":\"https:\/\/actbr.com.br\/es\/producto\/valvula-de-retencao-pilotada-em-linha-adrl-32-8\/\",\"name\":\"V\u00e1lvula de Reten\u00e7\u00e3o Pilotada em Linha ADRL-32\/8 - ACT Sistemas Hidr\u00e1ulicos\",\"isPartOf\":{\"@id\":\"https:\/\/actbr.com.br\/es\/#website\"},\"primaryImageOfPage\":{\"@id\":\"https:\/\/actbr.com.br\/es\/producto\/valvula-de-retencao-pilotada-em-linha-adrl-32-8\/#primaryimage\"},\"image\":{\"@id\":\"https:\/\/actbr.com.br\/es\/producto\/valvula-de-retencao-pilotada-em-linha-adrl-32-8\/#primaryimage\"},\"thumbnailUrl\":\"https:\/\/actbr.com.br\/wp-content\/uploads\/2020\/09\/ADRL-VALVE.jpg\",\"datePublished\":\"2020-09-29T15:51:54+00:00\",\"dateModified\":\"2023-10-11T11:37:34+00:00\",\"description\":\"A\u00a0V\u00e1lvula de Reten\u00e7\u00e3o Pilotada em Linha ADRL-32\/8 \u00e9 uma v\u00e1lvula de bloqueio e prote\u00e7\u00e3o, abertura operada por piloto hidr\u00e1ulico.\",\"breadcrumb\":{\"@id\":\"https:\/\/actbr.com.br\/es\/producto\/valvula-de-retencao-pilotada-em-linha-adrl-32-8\/#breadcrumb\"},\"inLanguage\":\"es\",\"potentialAction\":[{\"@type\":\"ReadAction\",\"target\":[\"https:\/\/actbr.com.br\/es\/producto\/valvula-de-retencao-pilotada-em-linha-adrl-32-8\/\"]}]},{\"@type\":\"ImageObject\",\"inLanguage\":\"es\",\"@id\":\"https:\/\/actbr.com.br\/es\/producto\/valvula-de-retencao-pilotada-em-linha-adrl-32-8\/#primaryimage\",\"url\":\"https:\/\/actbr.com.br\/wp-content\/uploads\/2020\/09\/ADRL-VALVE.jpg\",\"contentUrl\":\"https:\/\/actbr.com.br\/wp-content\/uploads\/2020\/09\/ADRL-VALVE.jpg\",\"width\":200,\"height\":200,\"caption\":\"V\u00e1lvula de Reten\u00e7\u00e3o Pilotada em Linha ADRL\"},{\"@type\":\"BreadcrumbList\",\"@id\":\"https:\/\/actbr.com.br\/es\/producto\/valvula-de-retencao-pilotada-em-linha-adrl-32-8\/#breadcrumb\",\"itemListElement\":[{\"@type\":\"ListItem\",\"position\":1,\"name\":\"Comenzar\",\"item\":\"https:\/\/actbr.com.br\/es\/\"},{\"@type\":\"ListItem\",\"position\":2,\"name\":\"Produtos\",\"item\":\"https:\/\/actbr.com.br\/produtos-act\/\"},{\"@type\":\"ListItem\",\"position\":3,\"name\":\"V\u00e1lvulas em Linha\",\"item\":\"https:\/\/actbr.com.br\/es\/categoria-produto\/valvulas-em-linha\/\"},{\"@type\":\"ListItem\",\"position\":4,\"name\":\"Reten\u00e7\u00e3o Pilotada - ADRL\",\"item\":\"https:\/\/actbr.com.br\/es\/categoria-produto\/valvulas-em-linha\/retencao-pilotada-adrl\/\"},{\"@type\":\"ListItem\",\"position\":5,\"name\":\"V\u00e1lvula de Reten\u00e7\u00e3o Pilotada em Linha ADRL-32\/8\"}]},{\"@type\":\"WebSite\",\"@id\":\"https:\/\/actbr.com.br\/es\/#website\",\"url\":\"https:\/\/actbr.com.br\/es\/\",\"name\":\"ACT Sistemas Hidr\u00e1ulicos\",\"description\":\"Fabricaci\u00f3n y mantenimiento de componentes de aceite hidr\u00e1ulico\",\"publisher\":{\"@id\":\"https:\/\/actbr.com.br\/es\/#organization\"},\"potentialAction\":[{\"@type\":\"SearchAction\",\"target\":{\"@type\":\"EntryPoint\",\"urlTemplate\":\"https:\/\/actbr.com.br\/es\/?s={search_term_string}\"},\"query-input\":{\"@type\":\"PropertyValueSpecification\",\"valueRequired\":true,\"valueName\":\"search_term_string\"}}],\"inLanguage\":\"es\"},{\"@type\":\"Organization\",\"@id\":\"https:\/\/actbr.com.br\/es\/#organization\",\"name\":\"ACT Sistemas Hidr\u00e1ulicos\",\"url\":\"https:\/\/actbr.com.br\/es\/\",\"logo\":{\"@type\":\"ImageObject\",\"inLanguage\":\"es\",\"@id\":\"https:\/\/actbr.com.br\/es\/#\/schema\/logo\/image\/\",\"url\":\"https:\/\/actbr.com.br\/wp-content\/uploads\/2025\/02\/cropped-ACT_NEGATIVO-marca-dagua.png\",\"contentUrl\":\"https:\/\/actbr.com.br\/wp-content\/uploads\/2025\/02\/cropped-ACT_NEGATIVO-marca-dagua.png\",\"width\":240,\"height\":146,\"caption\":\"ACT Sistemas Hidr\u00e1ulicos\"},\"image\":{\"@id\":\"https:\/\/actbr.com.br\/es\/#\/schema\/logo\/image\/\"}}]}<\/script>\n<!-- \/ Yoast SEO plugin. -->","yoast_head_json":{"title":"V\u00e1lvula de Reten\u00e7\u00e3o Pilotada em Linha ADRL-32\/8 - ACT Sistemas Hidr\u00e1ulicos","description":"A\u00a0V\u00e1lvula de Reten\u00e7\u00e3o Pilotada em Linha ADRL-32\/8 \u00e9 uma v\u00e1lvula de bloqueio e prote\u00e7\u00e3o, abertura operada por piloto hidr\u00e1ulico.","robots":{"index":"index","follow":"follow","max-snippet":"max-snippet:-1","max-image-preview":"max-image-preview:large","max-video-preview":"max-video-preview:-1"},"canonical":"https:\/\/actbr.com.br\/es\/producto\/valvula-de-retencao-pilotada-em-linha-adrl-32-8\/","og_locale":"es_ES","og_type":"article","og_title":"V\u00e1lvula de Reten\u00e7\u00e3o Pilotada em Linha ADRL-32\/8 - ACT Sistemas Hidr\u00e1ulicos","og_description":"A\u00a0V\u00e1lvula de Reten\u00e7\u00e3o Pilotada em Linha ADRL-32\/8 \u00e9 uma v\u00e1lvula de bloqueio e prote\u00e7\u00e3o, abertura operada por piloto hidr\u00e1ulico.","og_url":"https:\/\/actbr.com.br\/es\/producto\/valvula-de-retencao-pilotada-em-linha-adrl-32-8\/","og_site_name":"ACT Sistemas Hidr\u00e1ulicos","article_modified_time":"2023-10-11T11:37:34+00:00","og_image":[{"width":200,"height":200,"url":"https:\/\/actbr.com.br\/wp-content\/uploads\/2020\/09\/ADRL-VALVE.jpg","type":"image\/jpeg"}],"twitter_card":"summary_large_image","twitter_misc":{"Tiempo de lectura":"2 minutos"},"schema":{"@context":"https:\/\/schema.org","@graph":[{"@type":"WebPage","@id":"https:\/\/actbr.com.br\/es\/producto\/valvula-de-retencao-pilotada-em-linha-adrl-32-8\/","url":"https:\/\/actbr.com.br\/es\/producto\/valvula-de-retencao-pilotada-em-linha-adrl-32-8\/","name":"V\u00e1lvula de Reten\u00e7\u00e3o Pilotada em Linha ADRL-32\/8 - ACT Sistemas Hidr\u00e1ulicos","isPartOf":{"@id":"https:\/\/actbr.com.br\/es\/#website"},"primaryImageOfPage":{"@id":"https:\/\/actbr.com.br\/es\/producto\/valvula-de-retencao-pilotada-em-linha-adrl-32-8\/#primaryimage"},"image":{"@id":"https:\/\/actbr.com.br\/es\/producto\/valvula-de-retencao-pilotada-em-linha-adrl-32-8\/#primaryimage"},"thumbnailUrl":"https:\/\/actbr.com.br\/wp-content\/uploads\/2020\/09\/ADRL-VALVE.jpg","datePublished":"2020-09-29T15:51:54+00:00","dateModified":"2023-10-11T11:37:34+00:00","description":"A\u00a0V\u00e1lvula de Reten\u00e7\u00e3o Pilotada em Linha ADRL-32\/8 \u00e9 uma v\u00e1lvula de bloqueio e prote\u00e7\u00e3o, abertura operada por piloto hidr\u00e1ulico.","breadcrumb":{"@id":"https:\/\/actbr.com.br\/es\/producto\/valvula-de-retencao-pilotada-em-linha-adrl-32-8\/#breadcrumb"},"inLanguage":"es","potentialAction":[{"@type":"ReadAction","target":["https:\/\/actbr.com.br\/es\/producto\/valvula-de-retencao-pilotada-em-linha-adrl-32-8\/"]}]},{"@type":"ImageObject","inLanguage":"es","@id":"https:\/\/actbr.com.br\/es\/producto\/valvula-de-retencao-pilotada-em-linha-adrl-32-8\/#primaryimage","url":"https:\/\/actbr.com.br\/wp-content\/uploads\/2020\/09\/ADRL-VALVE.jpg","contentUrl":"https:\/\/actbr.com.br\/wp-content\/uploads\/2020\/09\/ADRL-VALVE.jpg","width":200,"height":200,"caption":"V\u00e1lvula de Reten\u00e7\u00e3o Pilotada em Linha ADRL"},{"@type":"BreadcrumbList","@id":"https:\/\/actbr.com.br\/es\/producto\/valvula-de-retencao-pilotada-em-linha-adrl-32-8\/#breadcrumb","itemListElement":[{"@type":"ListItem","position":1,"name":"Comenzar","item":"https:\/\/actbr.com.br\/es\/"},{"@type":"ListItem","position":2,"name":"Produtos","item":"https:\/\/actbr.com.br\/produtos-act\/"},{"@type":"ListItem","position":3,"name":"V\u00e1lvulas em Linha","item":"https:\/\/actbr.com.br\/es\/categoria-produto\/valvulas-em-linha\/"},{"@type":"ListItem","position":4,"name":"Reten\u00e7\u00e3o Pilotada - ADRL","item":"https:\/\/actbr.com.br\/es\/categoria-produto\/valvulas-em-linha\/retencao-pilotada-adrl\/"},{"@type":"ListItem","position":5,"name":"V\u00e1lvula de Reten\u00e7\u00e3o Pilotada em Linha ADRL-32\/8"}]},{"@type":"WebSite","@id":"https:\/\/actbr.com.br\/es\/#website","url":"https:\/\/actbr.com.br\/es\/","name":"ACT Sistemas Hidr\u00e1ulicos","description":"Fabricaci\u00f3n y mantenimiento de componentes de aceite hidr\u00e1ulico","publisher":{"@id":"https:\/\/actbr.com.br\/es\/#organization"},"potentialAction":[{"@type":"SearchAction","target":{"@type":"EntryPoint","urlTemplate":"https:\/\/actbr.com.br\/es\/?s={search_term_string}"},"query-input":{"@type":"PropertyValueSpecification","valueRequired":true,"valueName":"search_term_string"}}],"inLanguage":"es"},{"@type":"Organization","@id":"https:\/\/actbr.com.br\/es\/#organization","name":"ACT Sistemas Hidr\u00e1ulicos","url":"https:\/\/actbr.com.br\/es\/","logo":{"@type":"ImageObject","inLanguage":"es","@id":"https:\/\/actbr.com.br\/es\/#\/schema\/logo\/image\/","url":"https:\/\/actbr.com.br\/wp-content\/uploads\/2025\/02\/cropped-ACT_NEGATIVO-marca-dagua.png","contentUrl":"https:\/\/actbr.com.br\/wp-content\/uploads\/2025\/02\/cropped-ACT_NEGATIVO-marca-dagua.png","width":240,"height":146,"caption":"ACT Sistemas Hidr\u00e1ulicos"},"image":{"@id":"https:\/\/actbr.com.br\/es\/#\/schema\/logo\/image\/"}}]}},"_links":{"self":[{"href":"https:\/\/actbr.com.br\/es\/wp-json\/wp\/v2\/product\/4295","targetHints":{"allow":["GET"]}}],"collection":[{"href":"https:\/\/actbr.com.br\/es\/wp-json\/wp\/v2\/product"}],"about":[{"href":"https:\/\/actbr.com.br\/es\/wp-json\/wp\/v2\/types\/product"}],"wp:featuredmedia":[{"embeddable":true,"href":"https:\/\/actbr.com.br\/es\/wp-json\/wp\/v2\/media\/8285"}],"wp:attachment":[{"href":"https:\/\/actbr.com.br\/es\/wp-json\/wp\/v2\/media?parent=4295"}],"wp:term":[{"taxonomy":"product_brand","embeddable":true,"href":"https:\/\/actbr.com.br\/es\/wp-json\/wp\/v2\/product_brand?post=4295"},{"taxonomy":"product_cat","embeddable":true,"href":"https:\/\/actbr.com.br\/es\/wp-json\/wp\/v2\/product_cat?post=4295"},{"taxonomy":"product_tag","embeddable":true,"href":"https:\/\/actbr.com.br\/es\/wp-json\/wp\/v2\/product_tag?post=4295"}],"curies":[{"name":"wp","href":"https:\/\/api.w.org\/{rel}","templated":true}]}}