{"id":5168,"date":"2020-09-29T13:09:59","date_gmt":"2020-09-29T16:09:59","guid":{"rendered":"https:\/\/actbr.com.br\/produto\/valvula-direcional-3-2-de-assento-m-3sed-6-ck1x-350cg12n9z5l-v\/"},"modified":"2023-10-06T11:01:19","modified_gmt":"2023-10-06T14:01:19","slug":"valvula-direcional-tipo-vazamento-zero-m-3sed-6-ck1x-350cg12n9z5l-v","status":"publish","type":"product","link":"https:\/\/actbr.com.br\/es\/producto\/valvula-direcional-tipo-vazamento-zero-m-3sed-6-ck1x-350cg12n9z5l-v\/","title":{"rendered":"V\u00e1lvula Direcional tipo vazamento zero M-3SED 6 CK1X\/350CG12N9Z5L\/V"},"content":{"rendered":"<p><strong>V\u00e1lvula Direcional 3\/2 de Assento M-3SED 6 CK1X\/350CG12N9Z5L\/V<\/strong><\/p>\n<p>A V\u00e1lvula Direcional 3\/2 de Assento M-3SED 6 CK1X\/350CG12N9Z5L\/V \u00e9 uma v\u00e1lvula de assento diretamente operada com atua\u00e7\u00e3o por solenoide. Ela comanda a partida, parada e sentido da vaz\u00e3o e consiste basicamente da carca\u00e7a, solenoide, sedes e elemento de fechamento. O acionamento de emerg\u00eancia permite a comuta\u00e7\u00e3o da v\u00e1lvula sem energiza\u00e7\u00e3o do solenoides.<\/p>\n<p>Na posi\u00e7\u00e3o de descanso, os p\u00f3rticos A e A est\u00e3o ligados e P est\u00e1 bloqueado. Com o acionamento da solenoide, P se conecta com A e o p\u00f3rtico T \u00e9 fechado.<\/p>\n<p><strong>Caracter\u00edsticas:<\/strong><br \/>\nSuperf\u00edcie de montagem ISO 4401:205 \u2013 4401-03-02-0-05;<br \/>\nEletricamente acionada;<br \/>\nAtua com vaz\u00f5es de at\u00e9 25 litros por minuto;<br \/>\nTrabalha com press\u00f5es de at\u00e9 315 bar nas linhas \u00abA\u00bb, \u00abB\u00bb e \u00abP\u00bb e 120 bar na linha \u00abT\u00bb;<br \/>\nBobinas intercambi\u00e1veis para corrente cont\u00ednua ou alternada (DC ou AC);<br \/>\nRecomendado para a faixa de viscosidade: 10 mm\u00b2\/s at\u00e9 500 mm\u00b2\/s;<br \/>\nMax. frequ\u00eancia de comuta\u00e7\u00e3o: 15.000 \/ h;<br \/>\nMateriais de veda\u00e7\u00e3o: VITON;<br \/>\nToler\u00e2ncia de tens\u00e3o: \u00b1 10%;<br \/>\nPot\u00eancia nominal: 30W (12V \/ 2,5A) resp. 33W (24V \/ 1,33A);<br \/>\nTempo de comuta\u00e7\u00e3o: Tempo de liga\u00e7\u00e3o (bobina): 20 ms at\u00e9 70 ms;<br \/>\nTempo de desligamento (mola): 10 ms at\u00e9 60 ms;<br \/>\nLiga\u00e7\u00e3o el\u00e9trica: conforme a norma DIN 43650;<br \/>\nClassifica\u00e7\u00e3o IP: IP 65 a EN 60529; DIN 40050 (com o conector corretamente instalado);<br \/>\nCiclo de trabalho: 100%;<br \/>\n100% compat\u00edvel com os principais fabricantes;<br \/>\nPeso aproximado: 1,6kg.<\/p>\n<h6><\/h6>\n","protected":false},"excerpt":{"rendered":"<p>A V\u00e1lvula Direcional 3\/2 de Assento M-3SED 6 CK1X\/350CG12N9Z5L\/V \u00e9 uma v\u00e1lvula de assento diretamente operada com atua\u00e7\u00e3o por solenoide.<\/p>\n","protected":false},"featured_media":7763,"template":"","meta":[],"product_brand":[],"product_cat":[79,46],"product_tag":[],"class_list":{"0":"post-5168","1":"product","2":"type-product","3":"status-publish","4":"has-post-thumbnail","6":"product_cat-assento-ou-vazamento-zero","7":"product_cat-valvulas-direcionais","9":"first","10":"instock","11":"virtual","12":"product-type-simple"},"yoast_head":"<!-- This site is optimized with the Yoast SEO plugin v27.2 - https:\/\/yoast.com\/product\/yoast-seo-wordpress\/ -->\n<title>V\u00e1lvula Direcional tipo vazamento zero M-3SED 6 CK1X\/350CG12N9Z5L\/V - ACT Sistemas Hidr\u00e1ulicos<\/title>\n<meta name=\"description\" content=\"A V\u00e1lvula Direcional 3\/2 de Assento M-3SED 6 CK1X\/350CG12N9Z5L\/V \u00e9 uma v\u00e1lvula de assento diretamente operada com atua\u00e7\u00e3o por solenoide.\" \/>\n<meta name=\"robots\" content=\"index, follow, max-snippet:-1, max-image-preview:large, max-video-preview:-1\" \/>\n<link rel=\"canonical\" href=\"https:\/\/actbr.com.br\/es\/producto\/valvula-direcional-tipo-vazamento-zero-m-3sed-6-ck1x-350cg12n9z5l-v\/\" \/>\n<meta property=\"og:locale\" content=\"es_ES\" \/>\n<meta property=\"og:type\" content=\"article\" \/>\n<meta property=\"og:title\" content=\"V\u00e1lvula Direcional tipo vazamento zero M-3SED 6 CK1X\/350CG12N9Z5L\/V - ACT Sistemas Hidr\u00e1ulicos\" \/>\n<meta property=\"og:description\" content=\"A V\u00e1lvula Direcional 3\/2 de Assento M-3SED 6 CK1X\/350CG12N9Z5L\/V \u00e9 uma v\u00e1lvula de assento diretamente operada com atua\u00e7\u00e3o por solenoide.\" \/>\n<meta property=\"og:url\" content=\"https:\/\/actbr.com.br\/es\/producto\/valvula-direcional-tipo-vazamento-zero-m-3sed-6-ck1x-350cg12n9z5l-v\/\" \/>\n<meta property=\"og:site_name\" content=\"ACT Sistemas Hidr\u00e1ulicos\" \/>\n<meta property=\"article:modified_time\" content=\"2023-10-06T14:01:19+00:00\" \/>\n<meta property=\"og:image\" content=\"https:\/\/actbr.com.br\/wp-content\/uploads\/2020\/09\/Valvula-direcional-3-2-de-assento-M-3SED.jpg\" \/>\n\t<meta property=\"og:image:width\" content=\"600\" \/>\n\t<meta property=\"og:image:height\" content=\"485\" \/>\n\t<meta property=\"og:image:type\" content=\"image\/jpeg\" \/>\n<meta name=\"twitter:card\" content=\"summary_large_image\" \/>\n<meta name=\"twitter:label1\" content=\"Tiempo de lectura\" \/>\n\t<meta name=\"twitter:data1\" content=\"2 minutos\" \/>\n<script type=\"application\/ld+json\" class=\"yoast-schema-graph\">{\"@context\":\"https:\/\/schema.org\",\"@graph\":[{\"@type\":\"WebPage\",\"@id\":\"https:\/\/actbr.com.br\/es\/producto\/valvula-direcional-tipo-vazamento-zero-m-3sed-6-ck1x-350cg12n9z5l-v\/\",\"url\":\"https:\/\/actbr.com.br\/es\/producto\/valvula-direcional-tipo-vazamento-zero-m-3sed-6-ck1x-350cg12n9z5l-v\/\",\"name\":\"V\u00e1lvula Direcional tipo vazamento zero M-3SED 6 CK1X\/350CG12N9Z5L\/V - ACT Sistemas Hidr\u00e1ulicos\",\"isPartOf\":{\"@id\":\"https:\/\/actbr.com.br\/es\/#website\"},\"primaryImageOfPage\":{\"@id\":\"https:\/\/actbr.com.br\/es\/producto\/valvula-direcional-tipo-vazamento-zero-m-3sed-6-ck1x-350cg12n9z5l-v\/#primaryimage\"},\"image\":{\"@id\":\"https:\/\/actbr.com.br\/es\/producto\/valvula-direcional-tipo-vazamento-zero-m-3sed-6-ck1x-350cg12n9z5l-v\/#primaryimage\"},\"thumbnailUrl\":\"https:\/\/actbr.com.br\/wp-content\/uploads\/2020\/09\/Valvula-direcional-3-2-de-assento-M-3SED.jpg\",\"datePublished\":\"2020-09-29T16:09:59+00:00\",\"dateModified\":\"2023-10-06T14:01:19+00:00\",\"description\":\"A V\u00e1lvula Direcional 3\/2 de Assento M-3SED 6 CK1X\/350CG12N9Z5L\/V \u00e9 uma v\u00e1lvula de assento diretamente operada com atua\u00e7\u00e3o por solenoide.\",\"breadcrumb\":{\"@id\":\"https:\/\/actbr.com.br\/es\/producto\/valvula-direcional-tipo-vazamento-zero-m-3sed-6-ck1x-350cg12n9z5l-v\/#breadcrumb\"},\"inLanguage\":\"es\",\"potentialAction\":[{\"@type\":\"ReadAction\",\"target\":[\"https:\/\/actbr.com.br\/es\/producto\/valvula-direcional-tipo-vazamento-zero-m-3sed-6-ck1x-350cg12n9z5l-v\/\"]}]},{\"@type\":\"ImageObject\",\"inLanguage\":\"es\",\"@id\":\"https:\/\/actbr.com.br\/es\/producto\/valvula-direcional-tipo-vazamento-zero-m-3sed-6-ck1x-350cg12n9z5l-v\/#primaryimage\",\"url\":\"https:\/\/actbr.com.br\/wp-content\/uploads\/2020\/09\/Valvula-direcional-3-2-de-assento-M-3SED.jpg\",\"contentUrl\":\"https:\/\/actbr.com.br\/wp-content\/uploads\/2020\/09\/Valvula-direcional-3-2-de-assento-M-3SED.jpg\",\"width\":600,\"height\":485,\"caption\":\"V\u00e1lvula Direcional 3\/2 de Assento M-3SED\"},{\"@type\":\"BreadcrumbList\",\"@id\":\"https:\/\/actbr.com.br\/es\/producto\/valvula-direcional-tipo-vazamento-zero-m-3sed-6-ck1x-350cg12n9z5l-v\/#breadcrumb\",\"itemListElement\":[{\"@type\":\"ListItem\",\"position\":1,\"name\":\"Comenzar\",\"item\":\"https:\/\/actbr.com.br\/es\/\"},{\"@type\":\"ListItem\",\"position\":2,\"name\":\"Produtos\",\"item\":\"https:\/\/actbr.com.br\/produtos-act\/\"},{\"@type\":\"ListItem\",\"position\":3,\"name\":\"V\u00e1lvulas Direcionais\",\"item\":\"https:\/\/actbr.com.br\/es\/categoria-produto\/valvulas-direcionais\/\"},{\"@type\":\"ListItem\",\"position\":4,\"name\":\"Assento ou Vazamento Zero\",\"item\":\"https:\/\/actbr.com.br\/es\/categoria-produto\/valvulas-direcionais\/assento-ou-vazamento-zero\/\"},{\"@type\":\"ListItem\",\"position\":5,\"name\":\"V\u00e1lvula Direcional tipo vazamento zero M-3SED 6 CK1X\/350CG12N9Z5L\/V\"}]},{\"@type\":\"WebSite\",\"@id\":\"https:\/\/actbr.com.br\/es\/#website\",\"url\":\"https:\/\/actbr.com.br\/es\/\",\"name\":\"ACT Sistemas Hidr\u00e1ulicos\",\"description\":\"Fabricaci\u00f3n y mantenimiento de componentes de aceite hidr\u00e1ulico\",\"publisher\":{\"@id\":\"https:\/\/actbr.com.br\/es\/#organization\"},\"potentialAction\":[{\"@type\":\"SearchAction\",\"target\":{\"@type\":\"EntryPoint\",\"urlTemplate\":\"https:\/\/actbr.com.br\/es\/?s={search_term_string}\"},\"query-input\":{\"@type\":\"PropertyValueSpecification\",\"valueRequired\":true,\"valueName\":\"search_term_string\"}}],\"inLanguage\":\"es\"},{\"@type\":\"Organization\",\"@id\":\"https:\/\/actbr.com.br\/es\/#organization\",\"name\":\"ACT Sistemas Hidr\u00e1ulicos\",\"url\":\"https:\/\/actbr.com.br\/es\/\",\"logo\":{\"@type\":\"ImageObject\",\"inLanguage\":\"es\",\"@id\":\"https:\/\/actbr.com.br\/es\/#\/schema\/logo\/image\/\",\"url\":\"https:\/\/actbr.com.br\/wp-content\/uploads\/2025\/02\/cropped-ACT_NEGATIVO-marca-dagua.png\",\"contentUrl\":\"https:\/\/actbr.com.br\/wp-content\/uploads\/2025\/02\/cropped-ACT_NEGATIVO-marca-dagua.png\",\"width\":240,\"height\":146,\"caption\":\"ACT Sistemas Hidr\u00e1ulicos\"},\"image\":{\"@id\":\"https:\/\/actbr.com.br\/es\/#\/schema\/logo\/image\/\"}}]}<\/script>\n<!-- \/ Yoast SEO plugin. -->","yoast_head_json":{"title":"V\u00e1lvula Direcional tipo vazamento zero M-3SED 6 CK1X\/350CG12N9Z5L\/V - ACT Sistemas Hidr\u00e1ulicos","description":"A V\u00e1lvula Direcional 3\/2 de Assento M-3SED 6 CK1X\/350CG12N9Z5L\/V \u00e9 uma v\u00e1lvula de assento diretamente operada com atua\u00e7\u00e3o por solenoide.","robots":{"index":"index","follow":"follow","max-snippet":"max-snippet:-1","max-image-preview":"max-image-preview:large","max-video-preview":"max-video-preview:-1"},"canonical":"https:\/\/actbr.com.br\/es\/producto\/valvula-direcional-tipo-vazamento-zero-m-3sed-6-ck1x-350cg12n9z5l-v\/","og_locale":"es_ES","og_type":"article","og_title":"V\u00e1lvula Direcional tipo vazamento zero M-3SED 6 CK1X\/350CG12N9Z5L\/V - ACT Sistemas Hidr\u00e1ulicos","og_description":"A V\u00e1lvula Direcional 3\/2 de Assento M-3SED 6 CK1X\/350CG12N9Z5L\/V \u00e9 uma v\u00e1lvula de assento diretamente operada com atua\u00e7\u00e3o por solenoide.","og_url":"https:\/\/actbr.com.br\/es\/producto\/valvula-direcional-tipo-vazamento-zero-m-3sed-6-ck1x-350cg12n9z5l-v\/","og_site_name":"ACT Sistemas Hidr\u00e1ulicos","article_modified_time":"2023-10-06T14:01:19+00:00","og_image":[{"width":600,"height":485,"url":"https:\/\/actbr.com.br\/wp-content\/uploads\/2020\/09\/Valvula-direcional-3-2-de-assento-M-3SED.jpg","type":"image\/jpeg"}],"twitter_card":"summary_large_image","twitter_misc":{"Tiempo de lectura":"2 minutos"},"schema":{"@context":"https:\/\/schema.org","@graph":[{"@type":"WebPage","@id":"https:\/\/actbr.com.br\/es\/producto\/valvula-direcional-tipo-vazamento-zero-m-3sed-6-ck1x-350cg12n9z5l-v\/","url":"https:\/\/actbr.com.br\/es\/producto\/valvula-direcional-tipo-vazamento-zero-m-3sed-6-ck1x-350cg12n9z5l-v\/","name":"V\u00e1lvula Direcional tipo vazamento zero M-3SED 6 CK1X\/350CG12N9Z5L\/V - ACT Sistemas Hidr\u00e1ulicos","isPartOf":{"@id":"https:\/\/actbr.com.br\/es\/#website"},"primaryImageOfPage":{"@id":"https:\/\/actbr.com.br\/es\/producto\/valvula-direcional-tipo-vazamento-zero-m-3sed-6-ck1x-350cg12n9z5l-v\/#primaryimage"},"image":{"@id":"https:\/\/actbr.com.br\/es\/producto\/valvula-direcional-tipo-vazamento-zero-m-3sed-6-ck1x-350cg12n9z5l-v\/#primaryimage"},"thumbnailUrl":"https:\/\/actbr.com.br\/wp-content\/uploads\/2020\/09\/Valvula-direcional-3-2-de-assento-M-3SED.jpg","datePublished":"2020-09-29T16:09:59+00:00","dateModified":"2023-10-06T14:01:19+00:00","description":"A V\u00e1lvula Direcional 3\/2 de Assento M-3SED 6 CK1X\/350CG12N9Z5L\/V \u00e9 uma v\u00e1lvula de assento diretamente operada com atua\u00e7\u00e3o por solenoide.","breadcrumb":{"@id":"https:\/\/actbr.com.br\/es\/producto\/valvula-direcional-tipo-vazamento-zero-m-3sed-6-ck1x-350cg12n9z5l-v\/#breadcrumb"},"inLanguage":"es","potentialAction":[{"@type":"ReadAction","target":["https:\/\/actbr.com.br\/es\/producto\/valvula-direcional-tipo-vazamento-zero-m-3sed-6-ck1x-350cg12n9z5l-v\/"]}]},{"@type":"ImageObject","inLanguage":"es","@id":"https:\/\/actbr.com.br\/es\/producto\/valvula-direcional-tipo-vazamento-zero-m-3sed-6-ck1x-350cg12n9z5l-v\/#primaryimage","url":"https:\/\/actbr.com.br\/wp-content\/uploads\/2020\/09\/Valvula-direcional-3-2-de-assento-M-3SED.jpg","contentUrl":"https:\/\/actbr.com.br\/wp-content\/uploads\/2020\/09\/Valvula-direcional-3-2-de-assento-M-3SED.jpg","width":600,"height":485,"caption":"V\u00e1lvula Direcional 3\/2 de Assento M-3SED"},{"@type":"BreadcrumbList","@id":"https:\/\/actbr.com.br\/es\/producto\/valvula-direcional-tipo-vazamento-zero-m-3sed-6-ck1x-350cg12n9z5l-v\/#breadcrumb","itemListElement":[{"@type":"ListItem","position":1,"name":"Comenzar","item":"https:\/\/actbr.com.br\/es\/"},{"@type":"ListItem","position":2,"name":"Produtos","item":"https:\/\/actbr.com.br\/produtos-act\/"},{"@type":"ListItem","position":3,"name":"V\u00e1lvulas Direcionais","item":"https:\/\/actbr.com.br\/es\/categoria-produto\/valvulas-direcionais\/"},{"@type":"ListItem","position":4,"name":"Assento ou Vazamento Zero","item":"https:\/\/actbr.com.br\/es\/categoria-produto\/valvulas-direcionais\/assento-ou-vazamento-zero\/"},{"@type":"ListItem","position":5,"name":"V\u00e1lvula Direcional tipo vazamento zero M-3SED 6 CK1X\/350CG12N9Z5L\/V"}]},{"@type":"WebSite","@id":"https:\/\/actbr.com.br\/es\/#website","url":"https:\/\/actbr.com.br\/es\/","name":"ACT Sistemas Hidr\u00e1ulicos","description":"Fabricaci\u00f3n y mantenimiento de componentes de aceite hidr\u00e1ulico","publisher":{"@id":"https:\/\/actbr.com.br\/es\/#organization"},"potentialAction":[{"@type":"SearchAction","target":{"@type":"EntryPoint","urlTemplate":"https:\/\/actbr.com.br\/es\/?s={search_term_string}"},"query-input":{"@type":"PropertyValueSpecification","valueRequired":true,"valueName":"search_term_string"}}],"inLanguage":"es"},{"@type":"Organization","@id":"https:\/\/actbr.com.br\/es\/#organization","name":"ACT Sistemas Hidr\u00e1ulicos","url":"https:\/\/actbr.com.br\/es\/","logo":{"@type":"ImageObject","inLanguage":"es","@id":"https:\/\/actbr.com.br\/es\/#\/schema\/logo\/image\/","url":"https:\/\/actbr.com.br\/wp-content\/uploads\/2025\/02\/cropped-ACT_NEGATIVO-marca-dagua.png","contentUrl":"https:\/\/actbr.com.br\/wp-content\/uploads\/2025\/02\/cropped-ACT_NEGATIVO-marca-dagua.png","width":240,"height":146,"caption":"ACT Sistemas Hidr\u00e1ulicos"},"image":{"@id":"https:\/\/actbr.com.br\/es\/#\/schema\/logo\/image\/"}}]}},"_links":{"self":[{"href":"https:\/\/actbr.com.br\/es\/wp-json\/wp\/v2\/product\/5168","targetHints":{"allow":["GET"]}}],"collection":[{"href":"https:\/\/actbr.com.br\/es\/wp-json\/wp\/v2\/product"}],"about":[{"href":"https:\/\/actbr.com.br\/es\/wp-json\/wp\/v2\/types\/product"}],"wp:featuredmedia":[{"embeddable":true,"href":"https:\/\/actbr.com.br\/es\/wp-json\/wp\/v2\/media\/7763"}],"wp:attachment":[{"href":"https:\/\/actbr.com.br\/es\/wp-json\/wp\/v2\/media?parent=5168"}],"wp:term":[{"taxonomy":"product_brand","embeddable":true,"href":"https:\/\/actbr.com.br\/es\/wp-json\/wp\/v2\/product_brand?post=5168"},{"taxonomy":"product_cat","embeddable":true,"href":"https:\/\/actbr.com.br\/es\/wp-json\/wp\/v2\/product_cat?post=5168"},{"taxonomy":"product_tag","embeddable":true,"href":"https:\/\/actbr.com.br\/es\/wp-json\/wp\/v2\/product_tag?post=5168"}],"curies":[{"name":"wp","href":"https:\/\/api.w.org\/{rel}","templated":true}]}}