{"id":5291,"date":"2020-09-29T13:12:10","date_gmt":"2020-09-29T16:12:10","guid":{"rendered":"https:\/\/actbr.com.br\/produto\/indicador-de-nivel-digital-lgv-contato-spdt\/"},"modified":"2023-06-28T15:10:38","modified_gmt":"2023-06-28T18:10:38","slug":"indicador-de-nivel-lgv","status":"publish","type":"product","link":"https:\/\/actbr.com.br\/es\/producto\/indicador-de-nivel-lgv\/","title":{"rendered":"Indicador de N\u00edvel LGV"},"content":{"rendered":"<p><strong>Indicador de N\u00edvel Digital LGV (Contato SPDT)<\/strong><\/p>\n<p>Consulte as caracter\u00edsticas e op\u00e7\u00f5es de configura\u00e7\u00e3o do Indicador de N\u00edvel LGV (Contato SPDT), que \u00e9 um indicador de n\u00edvel digital.<\/p>\n<p><strong>Caracter\u00edsticas t\u00e9cnicas:<\/strong><br \/>\nTemperatura de trabalho: -10\u00b0C a + 90\u00b0C;<br \/>\nInclina\u00e7\u00e3o m\u00e1xima: 15\u00b0;<br \/>\nPrecis\u00e3o de comuta\u00e7\u00e3o: &lt;5% no final da escala 20\u00b0C;<br \/>\nValor da histerese: intervalo ajust\u00e1vel entre todas as escalas;<br \/>\nPonto de opera\u00e7\u00e3o: selecion\u00e1vel pressionando os bot\u00f5es P1 e P2;<br \/>\nViscosidade m\u00e1xima do fluido: 150 cSt.<\/p>\n<p><strong>Corpo<\/strong>: em alum\u00ednio anodizado com parte \u00famida em a\u00e7o inoxid\u00e1vel 316L (haste) e spancil pom (flutuador).<\/p>\n<p><strong>Instala\u00e7\u00e3o:<\/strong><br \/>\nDeve estar a pelo menos 50 mm de dist\u00e2ncia de paredes ferrosas e distante de campos magn\u00e9ticos e na posi\u00e7\u00e3o vertical por 3 tipos diferentes de conex\u00e3o hidr\u00e1ulica em apenas uma execu\u00e7\u00e3o:<br \/>\nFlange de dois orif\u00edcios (180\u00b0);<br \/>\nFlange de tr\u00eas furos (120\u00b0);<br \/>\nRosca 1\u2033BSP-M.<\/p>\n<p><strong>Recursos el\u00e9tricos:<\/strong><br \/>\nConex\u00e3o el\u00e9trica conforme DIN43650, M3;<br \/>\nConex\u00e3o el\u00e9trica conforme IEC60947-5-2, M12;<br \/>\nProte\u00e7\u00e3o el\u00e9trica conforme DIN40050, IP65;<br \/>\nConsumo m\u00e9dio: &lt;50 mA;<br \/>\nFonte de alimenta\u00e7\u00e3o: de 10 a 30 Volts;<br \/>\nEmiss\u00e3o de interfer\u00eancias e imunidade de acordo com a EN 61.326.<\/p>\n<p><strong>Tamb\u00e9m dispon\u00edvel:<\/strong><br \/>\nConex\u00e3o el\u00e9trica especial;<br \/>\nExecu\u00e7\u00f5es em a\u00e7o inoxid\u00e1vel 316L ou material adequado para alta viscosidade;<br \/>\nCU-TR para o mercado russo;<br \/>\nComprimentos especiais sob consulta, com incrementos m\u00ednimos de 50 mm.<\/p>\n","protected":false},"excerpt":{"rendered":"<p>Consulte as caracter\u00edsticas e op\u00e7\u00f5es de configura\u00e7\u00e3o do Indicador de N\u00edvel LGV (Contato SPDT), que \u00e9 um indicador de n\u00edvel digital.<\/p>\n","protected":false},"featured_media":7613,"template":"","meta":[],"product_brand":[],"product_cat":[143,63],"product_tag":[],"class_list":{"0":"post-5291","1":"product","2":"type-product","3":"status-publish","4":"has-post-thumbnail","6":"product_cat-nivel","7":"product_cat-instrumentacao","9":"first","10":"instock","11":"virtual","12":"product-type-simple"},"yoast_head":"<!-- This site is optimized with the Yoast SEO plugin v27.2 - https:\/\/yoast.com\/product\/yoast-seo-wordpress\/ -->\n<title>Indicador de N\u00edvel LGV - ACT Sistemas Hidr\u00e1ulicos<\/title>\n<meta name=\"description\" content=\"Consulte as caracter\u00edsticas e op\u00e7\u00f5es de configura\u00e7\u00e3o do Indicador de N\u00edvel LGV (Contato SPDT), que \u00e9 um indicador de n\u00edvel digital.\" \/>\n<meta name=\"robots\" content=\"index, follow, max-snippet:-1, max-image-preview:large, max-video-preview:-1\" \/>\n<link rel=\"canonical\" href=\"https:\/\/actbr.com.br\/es\/producto\/indicador-de-nivel-lgv\/\" \/>\n<meta property=\"og:locale\" content=\"es_ES\" \/>\n<meta property=\"og:type\" content=\"article\" \/>\n<meta property=\"og:title\" content=\"Indicador de N\u00edvel LGV - ACT Sistemas Hidr\u00e1ulicos\" \/>\n<meta property=\"og:description\" content=\"Consulte as caracter\u00edsticas e op\u00e7\u00f5es de configura\u00e7\u00e3o do Indicador de N\u00edvel LGV (Contato SPDT), que \u00e9 um indicador de n\u00edvel digital.\" \/>\n<meta property=\"og:url\" content=\"https:\/\/actbr.com.br\/es\/producto\/indicador-de-nivel-lgv\/\" \/>\n<meta property=\"og:site_name\" content=\"ACT Sistemas Hidr\u00e1ulicos\" \/>\n<meta property=\"article:modified_time\" content=\"2023-06-28T18:10:38+00:00\" \/>\n<meta property=\"og:image\" content=\"https:\/\/actbr.com.br\/wp-content\/uploads\/2020\/09\/Indicador-de-nivel-digital-LGV-Contato-SPDT.jpg\" \/>\n\t<meta property=\"og:image:width\" content=\"600\" \/>\n\t<meta property=\"og:image:height\" content=\"400\" \/>\n\t<meta property=\"og:image:type\" content=\"image\/jpeg\" \/>\n<meta name=\"twitter:card\" content=\"summary_large_image\" \/>\n<meta name=\"twitter:label1\" content=\"Tiempo de lectura\" \/>\n\t<meta name=\"twitter:data1\" content=\"2 minutos\" \/>\n<script type=\"application\/ld+json\" class=\"yoast-schema-graph\">{\"@context\":\"https:\/\/schema.org\",\"@graph\":[{\"@type\":\"WebPage\",\"@id\":\"https:\/\/actbr.com.br\/es\/producto\/indicador-de-nivel-lgv\/\",\"url\":\"https:\/\/actbr.com.br\/es\/producto\/indicador-de-nivel-lgv\/\",\"name\":\"Indicador de N\u00edvel LGV - ACT Sistemas Hidr\u00e1ulicos\",\"isPartOf\":{\"@id\":\"https:\/\/actbr.com.br\/es\/#website\"},\"primaryImageOfPage\":{\"@id\":\"https:\/\/actbr.com.br\/es\/producto\/indicador-de-nivel-lgv\/#primaryimage\"},\"image\":{\"@id\":\"https:\/\/actbr.com.br\/es\/producto\/indicador-de-nivel-lgv\/#primaryimage\"},\"thumbnailUrl\":\"https:\/\/actbr.com.br\/wp-content\/uploads\/2020\/09\/Indicador-de-nivel-digital-LGV-Contato-SPDT.jpg\",\"datePublished\":\"2020-09-29T16:12:10+00:00\",\"dateModified\":\"2023-06-28T18:10:38+00:00\",\"description\":\"Consulte as caracter\u00edsticas e op\u00e7\u00f5es de configura\u00e7\u00e3o do Indicador de N\u00edvel LGV (Contato SPDT), que \u00e9 um indicador de n\u00edvel digital.\",\"breadcrumb\":{\"@id\":\"https:\/\/actbr.com.br\/es\/producto\/indicador-de-nivel-lgv\/#breadcrumb\"},\"inLanguage\":\"es\",\"potentialAction\":[{\"@type\":\"ReadAction\",\"target\":[\"https:\/\/actbr.com.br\/es\/producto\/indicador-de-nivel-lgv\/\"]}]},{\"@type\":\"ImageObject\",\"inLanguage\":\"es\",\"@id\":\"https:\/\/actbr.com.br\/es\/producto\/indicador-de-nivel-lgv\/#primaryimage\",\"url\":\"https:\/\/actbr.com.br\/wp-content\/uploads\/2020\/09\/Indicador-de-nivel-digital-LGV-Contato-SPDT.jpg\",\"contentUrl\":\"https:\/\/actbr.com.br\/wp-content\/uploads\/2020\/09\/Indicador-de-nivel-digital-LGV-Contato-SPDT.jpg\",\"width\":600,\"height\":400,\"caption\":\"Indicador de n\u00edvel digital - LGV (Contato SPDT)\"},{\"@type\":\"BreadcrumbList\",\"@id\":\"https:\/\/actbr.com.br\/es\/producto\/indicador-de-nivel-lgv\/#breadcrumb\",\"itemListElement\":[{\"@type\":\"ListItem\",\"position\":1,\"name\":\"Comenzar\",\"item\":\"https:\/\/actbr.com.br\/es\/\"},{\"@type\":\"ListItem\",\"position\":2,\"name\":\"Produtos\",\"item\":\"https:\/\/actbr.com.br\/produtos-act\/\"},{\"@type\":\"ListItem\",\"position\":3,\"name\":\"Instrumenta\u00e7\u00e3o\",\"item\":\"https:\/\/actbr.com.br\/es\/categoria-produto\/instrumentacao\/\"},{\"@type\":\"ListItem\",\"position\":4,\"name\":\"Indicador de N\u00edvel\",\"item\":\"https:\/\/actbr.com.br\/es\/categoria-produto\/instrumentacao\/nivel\/\"},{\"@type\":\"ListItem\",\"position\":5,\"name\":\"Indicador de N\u00edvel LGV\"}]},{\"@type\":\"WebSite\",\"@id\":\"https:\/\/actbr.com.br\/es\/#website\",\"url\":\"https:\/\/actbr.com.br\/es\/\",\"name\":\"ACT Sistemas Hidr\u00e1ulicos\",\"description\":\"Fabricaci\u00f3n y mantenimiento de componentes de aceite hidr\u00e1ulico\",\"publisher\":{\"@id\":\"https:\/\/actbr.com.br\/es\/#organization\"},\"potentialAction\":[{\"@type\":\"SearchAction\",\"target\":{\"@type\":\"EntryPoint\",\"urlTemplate\":\"https:\/\/actbr.com.br\/es\/?s={search_term_string}\"},\"query-input\":{\"@type\":\"PropertyValueSpecification\",\"valueRequired\":true,\"valueName\":\"search_term_string\"}}],\"inLanguage\":\"es\"},{\"@type\":\"Organization\",\"@id\":\"https:\/\/actbr.com.br\/es\/#organization\",\"name\":\"ACT Sistemas Hidr\u00e1ulicos\",\"url\":\"https:\/\/actbr.com.br\/es\/\",\"logo\":{\"@type\":\"ImageObject\",\"inLanguage\":\"es\",\"@id\":\"https:\/\/actbr.com.br\/es\/#\/schema\/logo\/image\/\",\"url\":\"https:\/\/actbr.com.br\/wp-content\/uploads\/2025\/02\/cropped-ACT_NEGATIVO-marca-dagua.png\",\"contentUrl\":\"https:\/\/actbr.com.br\/wp-content\/uploads\/2025\/02\/cropped-ACT_NEGATIVO-marca-dagua.png\",\"width\":240,\"height\":146,\"caption\":\"ACT Sistemas Hidr\u00e1ulicos\"},\"image\":{\"@id\":\"https:\/\/actbr.com.br\/es\/#\/schema\/logo\/image\/\"}}]}<\/script>\n<!-- \/ Yoast SEO plugin. -->","yoast_head_json":{"title":"Indicador de N\u00edvel LGV - ACT Sistemas Hidr\u00e1ulicos","description":"Consulte as caracter\u00edsticas e op\u00e7\u00f5es de configura\u00e7\u00e3o do Indicador de N\u00edvel LGV (Contato SPDT), que \u00e9 um indicador de n\u00edvel digital.","robots":{"index":"index","follow":"follow","max-snippet":"max-snippet:-1","max-image-preview":"max-image-preview:large","max-video-preview":"max-video-preview:-1"},"canonical":"https:\/\/actbr.com.br\/es\/producto\/indicador-de-nivel-lgv\/","og_locale":"es_ES","og_type":"article","og_title":"Indicador de N\u00edvel LGV - ACT Sistemas Hidr\u00e1ulicos","og_description":"Consulte as caracter\u00edsticas e op\u00e7\u00f5es de configura\u00e7\u00e3o do Indicador de N\u00edvel LGV (Contato SPDT), que \u00e9 um indicador de n\u00edvel digital.","og_url":"https:\/\/actbr.com.br\/es\/producto\/indicador-de-nivel-lgv\/","og_site_name":"ACT Sistemas Hidr\u00e1ulicos","article_modified_time":"2023-06-28T18:10:38+00:00","og_image":[{"width":600,"height":400,"url":"https:\/\/actbr.com.br\/wp-content\/uploads\/2020\/09\/Indicador-de-nivel-digital-LGV-Contato-SPDT.jpg","type":"image\/jpeg"}],"twitter_card":"summary_large_image","twitter_misc":{"Tiempo de lectura":"2 minutos"},"schema":{"@context":"https:\/\/schema.org","@graph":[{"@type":"WebPage","@id":"https:\/\/actbr.com.br\/es\/producto\/indicador-de-nivel-lgv\/","url":"https:\/\/actbr.com.br\/es\/producto\/indicador-de-nivel-lgv\/","name":"Indicador de N\u00edvel LGV - ACT Sistemas Hidr\u00e1ulicos","isPartOf":{"@id":"https:\/\/actbr.com.br\/es\/#website"},"primaryImageOfPage":{"@id":"https:\/\/actbr.com.br\/es\/producto\/indicador-de-nivel-lgv\/#primaryimage"},"image":{"@id":"https:\/\/actbr.com.br\/es\/producto\/indicador-de-nivel-lgv\/#primaryimage"},"thumbnailUrl":"https:\/\/actbr.com.br\/wp-content\/uploads\/2020\/09\/Indicador-de-nivel-digital-LGV-Contato-SPDT.jpg","datePublished":"2020-09-29T16:12:10+00:00","dateModified":"2023-06-28T18:10:38+00:00","description":"Consulte as caracter\u00edsticas e op\u00e7\u00f5es de configura\u00e7\u00e3o do Indicador de N\u00edvel LGV (Contato SPDT), que \u00e9 um indicador de n\u00edvel digital.","breadcrumb":{"@id":"https:\/\/actbr.com.br\/es\/producto\/indicador-de-nivel-lgv\/#breadcrumb"},"inLanguage":"es","potentialAction":[{"@type":"ReadAction","target":["https:\/\/actbr.com.br\/es\/producto\/indicador-de-nivel-lgv\/"]}]},{"@type":"ImageObject","inLanguage":"es","@id":"https:\/\/actbr.com.br\/es\/producto\/indicador-de-nivel-lgv\/#primaryimage","url":"https:\/\/actbr.com.br\/wp-content\/uploads\/2020\/09\/Indicador-de-nivel-digital-LGV-Contato-SPDT.jpg","contentUrl":"https:\/\/actbr.com.br\/wp-content\/uploads\/2020\/09\/Indicador-de-nivel-digital-LGV-Contato-SPDT.jpg","width":600,"height":400,"caption":"Indicador de n\u00edvel digital - LGV (Contato SPDT)"},{"@type":"BreadcrumbList","@id":"https:\/\/actbr.com.br\/es\/producto\/indicador-de-nivel-lgv\/#breadcrumb","itemListElement":[{"@type":"ListItem","position":1,"name":"Comenzar","item":"https:\/\/actbr.com.br\/es\/"},{"@type":"ListItem","position":2,"name":"Produtos","item":"https:\/\/actbr.com.br\/produtos-act\/"},{"@type":"ListItem","position":3,"name":"Instrumenta\u00e7\u00e3o","item":"https:\/\/actbr.com.br\/es\/categoria-produto\/instrumentacao\/"},{"@type":"ListItem","position":4,"name":"Indicador de N\u00edvel","item":"https:\/\/actbr.com.br\/es\/categoria-produto\/instrumentacao\/nivel\/"},{"@type":"ListItem","position":5,"name":"Indicador de N\u00edvel LGV"}]},{"@type":"WebSite","@id":"https:\/\/actbr.com.br\/es\/#website","url":"https:\/\/actbr.com.br\/es\/","name":"ACT Sistemas Hidr\u00e1ulicos","description":"Fabricaci\u00f3n y mantenimiento de componentes de aceite hidr\u00e1ulico","publisher":{"@id":"https:\/\/actbr.com.br\/es\/#organization"},"potentialAction":[{"@type":"SearchAction","target":{"@type":"EntryPoint","urlTemplate":"https:\/\/actbr.com.br\/es\/?s={search_term_string}"},"query-input":{"@type":"PropertyValueSpecification","valueRequired":true,"valueName":"search_term_string"}}],"inLanguage":"es"},{"@type":"Organization","@id":"https:\/\/actbr.com.br\/es\/#organization","name":"ACT Sistemas Hidr\u00e1ulicos","url":"https:\/\/actbr.com.br\/es\/","logo":{"@type":"ImageObject","inLanguage":"es","@id":"https:\/\/actbr.com.br\/es\/#\/schema\/logo\/image\/","url":"https:\/\/actbr.com.br\/wp-content\/uploads\/2025\/02\/cropped-ACT_NEGATIVO-marca-dagua.png","contentUrl":"https:\/\/actbr.com.br\/wp-content\/uploads\/2025\/02\/cropped-ACT_NEGATIVO-marca-dagua.png","width":240,"height":146,"caption":"ACT Sistemas Hidr\u00e1ulicos"},"image":{"@id":"https:\/\/actbr.com.br\/es\/#\/schema\/logo\/image\/"}}]}},"_links":{"self":[{"href":"https:\/\/actbr.com.br\/es\/wp-json\/wp\/v2\/product\/5291","targetHints":{"allow":["GET"]}}],"collection":[{"href":"https:\/\/actbr.com.br\/es\/wp-json\/wp\/v2\/product"}],"about":[{"href":"https:\/\/actbr.com.br\/es\/wp-json\/wp\/v2\/types\/product"}],"wp:featuredmedia":[{"embeddable":true,"href":"https:\/\/actbr.com.br\/es\/wp-json\/wp\/v2\/media\/7613"}],"wp:attachment":[{"href":"https:\/\/actbr.com.br\/es\/wp-json\/wp\/v2\/media?parent=5291"}],"wp:term":[{"taxonomy":"product_brand","embeddable":true,"href":"https:\/\/actbr.com.br\/es\/wp-json\/wp\/v2\/product_brand?post=5291"},{"taxonomy":"product_cat","embeddable":true,"href":"https:\/\/actbr.com.br\/es\/wp-json\/wp\/v2\/product_cat?post=5291"},{"taxonomy":"product_tag","embeddable":true,"href":"https:\/\/actbr.com.br\/es\/wp-json\/wp\/v2\/product_tag?post=5291"}],"curies":[{"name":"wp","href":"https:\/\/api.w.org\/{rel}","templated":true}]}}