{"id":5301,"date":"2020-09-29T13:12:35","date_gmt":"2020-09-29T16:12:35","guid":{"rendered":"https:\/\/actbr.com.br\/produto\/tomador-de-pressao-tc-tct-m16x2-cs-mm-c-nbr-iso-228-g1-4\/"},"modified":"2023-10-24T15:57:00","modified_gmt":"2023-10-24T18:57:00","slug":"tomador-de-pressao-tc-tct","status":"publish","type":"product","link":"https:\/\/actbr.com.br\/es\/producto\/tomador-de-pressao-tc-tct\/","title":{"rendered":"Tomador de Press\u00e3o TC \u2013 TCT"},"content":{"rendered":"<p><strong>Tomador de Press\u00e3o TC\/TCT\/M16X2\/CS\/MM\/C\/NBR\/ISO\/228 G1\/4<\/strong><\/p>\n<p>O Tomador de Press\u00e3o TC \u2013 TCT (R + L HYDRAULICS) oferece uma op\u00e7\u00e3o simples e segura de monitorar a press\u00e3o do sistema, para todos os usu\u00e1rios.\u00a0Pode ser utilizado pelos usu\u00e1rios finais e pela equipe de presta\u00e7\u00e3o de servi\u00e7os, em pontos onde se torna necess\u00e1rio a medi\u00e7\u00e3o de press\u00f5es em sangria (em circuitos \u00f3leo hidr\u00e1ulicos).<\/p>\n<p>Totalmente isento de vazamento em monitoramentos de altas, m\u00e9dias e baixas press\u00f5es (100% estanque).<\/p>\n<p><strong>Caracter\u00edsticas:<\/strong><br \/>\nPress\u00e3o m\u00e1xima: 630 bar;<br \/>\nTemperatura indicada (NBR): \u2013 30\u00baC a + 125\u00baC;<br \/>\nTemperatura indicada (Viton): \u2013 25\u00baC a + 230\u00baC;<br \/>\nMaterial do Corpo: a\u00e7o carbono (Galvanizado);<br \/>\nOp\u00e7\u00f5es em: a\u00e7o inoxid\u00e1vel AISI 316;<br \/>\nFlu\u00eddos: \u00f3leos minerais e hidr\u00e1ulicos (para outros flu\u00eddos, consultar nossa equipe t\u00e9cnica);<br \/>\nRosca de fixa\u00e7\u00e3o: M16X2 (Rosca m\u00e9trica);<br \/>\nFixa\u00e7\u00e3o do instrumento: G 1\/4\u2033;<br \/>\nConstru\u00eddos conforme norma: ISO\/228.<\/p>\n<h6><\/h6>\n<h6><\/h6>\n<h6><\/h6>\n<h6><\/h6>\n<div><\/div>\n","protected":false},"excerpt":{"rendered":"<p>O Tomador de Press\u00e3o TC \u2013 TCT (R + L HYDRAULICS) oferece uma op\u00e7\u00e3o simples e segura de monitorar a press\u00e3o do sistema, para todos os usu\u00e1rios.<\/p>\n","protected":false},"featured_media":7296,"template":"","meta":[],"product_brand":[],"product_cat":[76,151],"product_tag":[],"class_list":{"0":"post-5301","1":"product","2":"type-product","3":"status-publish","4":"has-post-thumbnail","6":"product_cat-acessorios","7":"product_cat-tomador-de-pressao","9":"first","10":"instock","11":"virtual","12":"product-type-simple"},"yoast_head":"<!-- This site is optimized with the Yoast SEO plugin v27.2 - https:\/\/yoast.com\/product\/yoast-seo-wordpress\/ -->\n<title>Tomador de Press\u00e3o TC - TCT - ACT Sistemas Hidr\u00e1ulicos<\/title>\n<meta name=\"description\" content=\"O Tomador de Press\u00e3o TC - TCT (R + L HYDRAULICS) oferece uma op\u00e7\u00e3o simples e segura de monitorar a press\u00e3o do sistema, para todos os usu\u00e1rios.\" \/>\n<meta name=\"robots\" content=\"index, follow, max-snippet:-1, max-image-preview:large, max-video-preview:-1\" \/>\n<link rel=\"canonical\" href=\"https:\/\/actbr.com.br\/es\/producto\/tomador-de-pressao-tc-tct\/\" \/>\n<meta property=\"og:locale\" content=\"es_ES\" \/>\n<meta property=\"og:type\" content=\"article\" \/>\n<meta property=\"og:title\" content=\"Tomador de Press\u00e3o TC - TCT - ACT Sistemas Hidr\u00e1ulicos\" \/>\n<meta property=\"og:description\" content=\"O Tomador de Press\u00e3o TC - TCT (R + L HYDRAULICS) oferece uma op\u00e7\u00e3o simples e segura de monitorar a press\u00e3o do sistema, para todos os usu\u00e1rios.\" \/>\n<meta property=\"og:url\" content=\"https:\/\/actbr.com.br\/es\/producto\/tomador-de-pressao-tc-tct\/\" \/>\n<meta property=\"og:site_name\" content=\"ACT Sistemas Hidr\u00e1ulicos\" \/>\n<meta property=\"article:modified_time\" content=\"2023-10-24T18:57:00+00:00\" \/>\n<meta property=\"og:image\" content=\"https:\/\/actbr.com.br\/wp-content\/uploads\/2020\/09\/Tomador-de-Pressao.jpg\" \/>\n\t<meta property=\"og:image:width\" content=\"600\" \/>\n\t<meta property=\"og:image:height\" content=\"600\" \/>\n\t<meta property=\"og:image:type\" content=\"image\/jpeg\" \/>\n<meta name=\"twitter:card\" content=\"summary_large_image\" \/>\n<meta name=\"twitter:label1\" content=\"Tiempo de lectura\" \/>\n\t<meta name=\"twitter:data1\" content=\"1 minuto\" \/>\n<script type=\"application\/ld+json\" class=\"yoast-schema-graph\">{\"@context\":\"https:\/\/schema.org\",\"@graph\":[{\"@type\":\"WebPage\",\"@id\":\"https:\/\/actbr.com.br\/es\/producto\/tomador-de-pressao-tc-tct\/\",\"url\":\"https:\/\/actbr.com.br\/es\/producto\/tomador-de-pressao-tc-tct\/\",\"name\":\"Tomador de Press\u00e3o TC - TCT - ACT Sistemas Hidr\u00e1ulicos\",\"isPartOf\":{\"@id\":\"https:\/\/actbr.com.br\/es\/#website\"},\"primaryImageOfPage\":{\"@id\":\"https:\/\/actbr.com.br\/es\/producto\/tomador-de-pressao-tc-tct\/#primaryimage\"},\"image\":{\"@id\":\"https:\/\/actbr.com.br\/es\/producto\/tomador-de-pressao-tc-tct\/#primaryimage\"},\"thumbnailUrl\":\"https:\/\/actbr.com.br\/wp-content\/uploads\/2020\/09\/Tomador-de-Pressao.jpg\",\"datePublished\":\"2020-09-29T16:12:35+00:00\",\"dateModified\":\"2023-10-24T18:57:00+00:00\",\"description\":\"O Tomador de Press\u00e3o TC - TCT (R + L HYDRAULICS) oferece uma op\u00e7\u00e3o simples e segura de monitorar a press\u00e3o do sistema, para todos os usu\u00e1rios.\",\"breadcrumb\":{\"@id\":\"https:\/\/actbr.com.br\/es\/producto\/tomador-de-pressao-tc-tct\/#breadcrumb\"},\"inLanguage\":\"es\",\"potentialAction\":[{\"@type\":\"ReadAction\",\"target\":[\"https:\/\/actbr.com.br\/es\/producto\/tomador-de-pressao-tc-tct\/\"]}]},{\"@type\":\"ImageObject\",\"inLanguage\":\"es\",\"@id\":\"https:\/\/actbr.com.br\/es\/producto\/tomador-de-pressao-tc-tct\/#primaryimage\",\"url\":\"https:\/\/actbr.com.br\/wp-content\/uploads\/2020\/09\/Tomador-de-Pressao.jpg\",\"contentUrl\":\"https:\/\/actbr.com.br\/wp-content\/uploads\/2020\/09\/Tomador-de-Pressao.jpg\",\"width\":600,\"height\":600,\"caption\":\"Tomador de Press\u00e3o TC\/TCT\/M16X2\/CS\/MM\/C\/NBR\/ISO\/228 G1\/4\"},{\"@type\":\"BreadcrumbList\",\"@id\":\"https:\/\/actbr.com.br\/es\/producto\/tomador-de-pressao-tc-tct\/#breadcrumb\",\"itemListElement\":[{\"@type\":\"ListItem\",\"position\":1,\"name\":\"Comenzar\",\"item\":\"https:\/\/actbr.com.br\/es\/\"},{\"@type\":\"ListItem\",\"position\":2,\"name\":\"Produtos\",\"item\":\"https:\/\/actbr.com.br\/produtos-act\/\"},{\"@type\":\"ListItem\",\"position\":3,\"name\":\"Acess\u00f3rios\",\"item\":\"https:\/\/actbr.com.br\/es\/categoria-produto\/acessorios\/\"},{\"@type\":\"ListItem\",\"position\":4,\"name\":\"Tomador de Press\u00e3o\",\"item\":\"https:\/\/actbr.com.br\/es\/categoria-produto\/acessorios\/tomador-de-pressao\/\"},{\"@type\":\"ListItem\",\"position\":5,\"name\":\"Tomador de Press\u00e3o TC &#8211; TCT\"}]},{\"@type\":\"WebSite\",\"@id\":\"https:\/\/actbr.com.br\/es\/#website\",\"url\":\"https:\/\/actbr.com.br\/es\/\",\"name\":\"ACT Sistemas Hidr\u00e1ulicos\",\"description\":\"Fabricaci\u00f3n y mantenimiento de componentes de aceite hidr\u00e1ulico\",\"publisher\":{\"@id\":\"https:\/\/actbr.com.br\/es\/#organization\"},\"potentialAction\":[{\"@type\":\"SearchAction\",\"target\":{\"@type\":\"EntryPoint\",\"urlTemplate\":\"https:\/\/actbr.com.br\/es\/?s={search_term_string}\"},\"query-input\":{\"@type\":\"PropertyValueSpecification\",\"valueRequired\":true,\"valueName\":\"search_term_string\"}}],\"inLanguage\":\"es\"},{\"@type\":\"Organization\",\"@id\":\"https:\/\/actbr.com.br\/es\/#organization\",\"name\":\"ACT Sistemas Hidr\u00e1ulicos\",\"url\":\"https:\/\/actbr.com.br\/es\/\",\"logo\":{\"@type\":\"ImageObject\",\"inLanguage\":\"es\",\"@id\":\"https:\/\/actbr.com.br\/es\/#\/schema\/logo\/image\/\",\"url\":\"https:\/\/actbr.com.br\/wp-content\/uploads\/2025\/02\/cropped-ACT_NEGATIVO-marca-dagua.png\",\"contentUrl\":\"https:\/\/actbr.com.br\/wp-content\/uploads\/2025\/02\/cropped-ACT_NEGATIVO-marca-dagua.png\",\"width\":240,\"height\":146,\"caption\":\"ACT Sistemas Hidr\u00e1ulicos\"},\"image\":{\"@id\":\"https:\/\/actbr.com.br\/es\/#\/schema\/logo\/image\/\"}}]}<\/script>\n<!-- \/ Yoast SEO plugin. -->","yoast_head_json":{"title":"Tomador de Press\u00e3o TC - TCT - ACT Sistemas Hidr\u00e1ulicos","description":"O Tomador de Press\u00e3o TC - TCT (R + L HYDRAULICS) oferece uma op\u00e7\u00e3o simples e segura de monitorar a press\u00e3o do sistema, para todos os usu\u00e1rios.","robots":{"index":"index","follow":"follow","max-snippet":"max-snippet:-1","max-image-preview":"max-image-preview:large","max-video-preview":"max-video-preview:-1"},"canonical":"https:\/\/actbr.com.br\/es\/producto\/tomador-de-pressao-tc-tct\/","og_locale":"es_ES","og_type":"article","og_title":"Tomador de Press\u00e3o TC - TCT - ACT Sistemas Hidr\u00e1ulicos","og_description":"O Tomador de Press\u00e3o TC - TCT (R + L HYDRAULICS) oferece uma op\u00e7\u00e3o simples e segura de monitorar a press\u00e3o do sistema, para todos os usu\u00e1rios.","og_url":"https:\/\/actbr.com.br\/es\/producto\/tomador-de-pressao-tc-tct\/","og_site_name":"ACT Sistemas Hidr\u00e1ulicos","article_modified_time":"2023-10-24T18:57:00+00:00","og_image":[{"width":600,"height":600,"url":"https:\/\/actbr.com.br\/wp-content\/uploads\/2020\/09\/Tomador-de-Pressao.jpg","type":"image\/jpeg"}],"twitter_card":"summary_large_image","twitter_misc":{"Tiempo de lectura":"1 minuto"},"schema":{"@context":"https:\/\/schema.org","@graph":[{"@type":"WebPage","@id":"https:\/\/actbr.com.br\/es\/producto\/tomador-de-pressao-tc-tct\/","url":"https:\/\/actbr.com.br\/es\/producto\/tomador-de-pressao-tc-tct\/","name":"Tomador de Press\u00e3o TC - TCT - ACT Sistemas Hidr\u00e1ulicos","isPartOf":{"@id":"https:\/\/actbr.com.br\/es\/#website"},"primaryImageOfPage":{"@id":"https:\/\/actbr.com.br\/es\/producto\/tomador-de-pressao-tc-tct\/#primaryimage"},"image":{"@id":"https:\/\/actbr.com.br\/es\/producto\/tomador-de-pressao-tc-tct\/#primaryimage"},"thumbnailUrl":"https:\/\/actbr.com.br\/wp-content\/uploads\/2020\/09\/Tomador-de-Pressao.jpg","datePublished":"2020-09-29T16:12:35+00:00","dateModified":"2023-10-24T18:57:00+00:00","description":"O Tomador de Press\u00e3o TC - TCT (R + L HYDRAULICS) oferece uma op\u00e7\u00e3o simples e segura de monitorar a press\u00e3o do sistema, para todos os usu\u00e1rios.","breadcrumb":{"@id":"https:\/\/actbr.com.br\/es\/producto\/tomador-de-pressao-tc-tct\/#breadcrumb"},"inLanguage":"es","potentialAction":[{"@type":"ReadAction","target":["https:\/\/actbr.com.br\/es\/producto\/tomador-de-pressao-tc-tct\/"]}]},{"@type":"ImageObject","inLanguage":"es","@id":"https:\/\/actbr.com.br\/es\/producto\/tomador-de-pressao-tc-tct\/#primaryimage","url":"https:\/\/actbr.com.br\/wp-content\/uploads\/2020\/09\/Tomador-de-Pressao.jpg","contentUrl":"https:\/\/actbr.com.br\/wp-content\/uploads\/2020\/09\/Tomador-de-Pressao.jpg","width":600,"height":600,"caption":"Tomador de Press\u00e3o TC\/TCT\/M16X2\/CS\/MM\/C\/NBR\/ISO\/228 G1\/4"},{"@type":"BreadcrumbList","@id":"https:\/\/actbr.com.br\/es\/producto\/tomador-de-pressao-tc-tct\/#breadcrumb","itemListElement":[{"@type":"ListItem","position":1,"name":"Comenzar","item":"https:\/\/actbr.com.br\/es\/"},{"@type":"ListItem","position":2,"name":"Produtos","item":"https:\/\/actbr.com.br\/produtos-act\/"},{"@type":"ListItem","position":3,"name":"Acess\u00f3rios","item":"https:\/\/actbr.com.br\/es\/categoria-produto\/acessorios\/"},{"@type":"ListItem","position":4,"name":"Tomador de Press\u00e3o","item":"https:\/\/actbr.com.br\/es\/categoria-produto\/acessorios\/tomador-de-pressao\/"},{"@type":"ListItem","position":5,"name":"Tomador de Press\u00e3o TC &#8211; TCT"}]},{"@type":"WebSite","@id":"https:\/\/actbr.com.br\/es\/#website","url":"https:\/\/actbr.com.br\/es\/","name":"ACT Sistemas Hidr\u00e1ulicos","description":"Fabricaci\u00f3n y mantenimiento de componentes de aceite hidr\u00e1ulico","publisher":{"@id":"https:\/\/actbr.com.br\/es\/#organization"},"potentialAction":[{"@type":"SearchAction","target":{"@type":"EntryPoint","urlTemplate":"https:\/\/actbr.com.br\/es\/?s={search_term_string}"},"query-input":{"@type":"PropertyValueSpecification","valueRequired":true,"valueName":"search_term_string"}}],"inLanguage":"es"},{"@type":"Organization","@id":"https:\/\/actbr.com.br\/es\/#organization","name":"ACT Sistemas Hidr\u00e1ulicos","url":"https:\/\/actbr.com.br\/es\/","logo":{"@type":"ImageObject","inLanguage":"es","@id":"https:\/\/actbr.com.br\/es\/#\/schema\/logo\/image\/","url":"https:\/\/actbr.com.br\/wp-content\/uploads\/2025\/02\/cropped-ACT_NEGATIVO-marca-dagua.png","contentUrl":"https:\/\/actbr.com.br\/wp-content\/uploads\/2025\/02\/cropped-ACT_NEGATIVO-marca-dagua.png","width":240,"height":146,"caption":"ACT Sistemas Hidr\u00e1ulicos"},"image":{"@id":"https:\/\/actbr.com.br\/es\/#\/schema\/logo\/image\/"}}]}},"_links":{"self":[{"href":"https:\/\/actbr.com.br\/es\/wp-json\/wp\/v2\/product\/5301","targetHints":{"allow":["GET"]}}],"collection":[{"href":"https:\/\/actbr.com.br\/es\/wp-json\/wp\/v2\/product"}],"about":[{"href":"https:\/\/actbr.com.br\/es\/wp-json\/wp\/v2\/types\/product"}],"wp:featuredmedia":[{"embeddable":true,"href":"https:\/\/actbr.com.br\/es\/wp-json\/wp\/v2\/media\/7296"}],"wp:attachment":[{"href":"https:\/\/actbr.com.br\/es\/wp-json\/wp\/v2\/media?parent=5301"}],"wp:term":[{"taxonomy":"product_brand","embeddable":true,"href":"https:\/\/actbr.com.br\/es\/wp-json\/wp\/v2\/product_brand?post=5301"},{"taxonomy":"product_cat","embeddable":true,"href":"https:\/\/actbr.com.br\/es\/wp-json\/wp\/v2\/product_cat?post=5301"},{"taxonomy":"product_tag","embeddable":true,"href":"https:\/\/actbr.com.br\/es\/wp-json\/wp\/v2\/product_tag?post=5301"}],"curies":[{"name":"wp","href":"https:\/\/api.w.org\/{rel}","templated":true}]}}