{"id":5305,"date":"2020-09-29T13:12:35","date_gmt":"2020-09-29T16:12:35","guid":{"rendered":"https:\/\/actbr.com.br\/produto\/pressostato-hed8op1x-50k14kw-eletro-hidraulico\/"},"modified":"2023-10-06T14:10:58","modified_gmt":"2023-10-06T17:10:58","slug":"pressostato-eletro-hidraulico-hed8op1x-50k14kw","status":"publish","type":"product","link":"https:\/\/actbr.com.br\/es\/producto\/pressostato-eletro-hidraulico-hed8op1x-50k14kw\/","title":{"rendered":"Pressostato Eletro hidr\u00e1ulico HED8OP1X\/50K14KW"},"content":{"rendered":"<p><strong>Pressostato HED8OP1X\/50K14KW (Eletro hidr\u00e1ulico)<\/strong><\/p>\n<p>O Pressostato HED8OP1X\/50K14KW detecta mudan\u00e7as na press\u00e3o,\u00a0 acionando o microswitch quando a press\u00e3o fica abaixo do valor ajustado.<\/p>\n<p>Destina-se a aplica\u00e7\u00e3o montagem em placa. O HED8OP1X\/50K14KW \u00e9 um pressostato de \u00eambolo, composto por carca\u00e7a, cartucho com \u00eambolo, mola, elemento de ajuste e microswitch.<\/p>\n<p>A press\u00e3o a ser monitorada atua no \u00eambolo, atrav\u00e9s do gicl\u00ea, o \u00eambolo apoia-se no assento de mola e atua contra a for\u00e7a de compress\u00e3o da mola. O assento da mola transmite o movimento do \u00eambolo para o microswitch e o aciona ao atingir a press\u00e3o ajustada. Desta forma, o circuito el\u00e9trico \u00e9 ligado ou desligado de acordo com a situa\u00e7\u00e3o do circuito hidr\u00e1ulico. O encosto mec\u00e2nico do assento de mola protege o microswitch contra avaria mec\u00e2nica em caso de descompress\u00e3o e evita o bloqueio da mola no caso de sobrepress\u00e3o.<\/p>\n<p>A ACT disponibiliza em sua linha de pressostatos atua\u00e7\u00e3o numa janela entre 2 a 350 bar (ajuste).<\/p>\n<p><strong>Informa\u00e7\u00f5es t\u00e9cnicas:<\/strong><br \/>\nFlu\u00eddo hidr\u00e1ulico: \u00d3leo mineral (DIN 51524 ) e fosfato org\u00e2nico (DIN 51525);<br \/>\nRange de temperatura do \u00f3leo: \u2013 20 a + 50\u00baC;<br \/>\nViscosidade: 2.8 a 380 mm2 (cst);<br \/>\nPrecis\u00e3o de leitura: + ou \u2013 2%;<br \/>\nFrequ\u00eancia: 120 vezes\/minuto;<br \/>\nSec\u00e7\u00e3o de conex\u00e3o: 1,5mm2 (max);<br \/>\nGrau de prote\u00e7\u00e3o: IP 65;<br \/>\nTens\u00e3o x corrente: AC 250V : 5A \u2013 DC 50V : 1A ou 250V : 0,2A;<br \/>\nPeso: Aproximadamente 0,8 kg;<br \/>\nPress\u00e3o m\u00e1xima de opera\u00e7\u00e3o: 350 bar;<br \/>\nPress\u00e3o de ajuste vers\u00e3o \/50: 5 a 50 bar;<br \/>\nConex\u00e3o el\u00e9trica \/ conector: Conex\u00e3o de acordo com DIN EN 175301-803, 3 p\u00f3los + PE ou IEC 60047-5-2, M12 x 1;<br \/>\nFrequ\u00eancia m\u00e1xima de comuta\u00e7\u00e3o: 7200 (hora);<br \/>\nClasse de isolamento: Categoria de sobretens\u00e3o 3.<\/p>\n","protected":false},"excerpt":{"rendered":"<p>O Pressostato HED8OP1X\/50K14KW detecta mudan\u00e7as na press\u00e3o,\u00a0 acionando o microswitch quando a press\u00e3o fica abaixo do valor ajustado.<\/p>\n<p>&nbsp;<\/p>\n","protected":false},"featured_media":7637,"template":"","meta":[],"product_brand":[],"product_cat":[63,64],"product_tag":[],"class_list":{"0":"post-5305","1":"product","2":"type-product","3":"status-publish","4":"has-post-thumbnail","6":"product_cat-instrumentacao","7":"product_cat-pressao","9":"first","10":"instock","11":"virtual","12":"product-type-simple"},"yoast_head":"<!-- This site is optimized with the Yoast SEO plugin v27.2 - https:\/\/yoast.com\/product\/yoast-seo-wordpress\/ -->\n<title>Pressostato Eletro hidr\u00e1ulico HED8OP1X\/50K14KW - ACT Sistemas Hidr\u00e1ulicos<\/title>\n<meta name=\"description\" content=\"O Pressostato HED8OP1X\/50K14KW detecta mudan\u00e7as na press\u00e3o,\u00a0 acionando o microswitch quando a press\u00e3o fica abaixo do valor ajustado.\u00a0\u00a0\" \/>\n<meta name=\"robots\" content=\"index, follow, max-snippet:-1, max-image-preview:large, max-video-preview:-1\" \/>\n<link rel=\"canonical\" href=\"https:\/\/actbr.com.br\/es\/producto\/pressostato-eletro-hidraulico-hed8op1x-50k14kw\/\" \/>\n<meta property=\"og:locale\" content=\"es_ES\" \/>\n<meta property=\"og:type\" content=\"article\" \/>\n<meta property=\"og:title\" content=\"Pressostato Eletro hidr\u00e1ulico HED8OP1X\/50K14KW - ACT Sistemas Hidr\u00e1ulicos\" \/>\n<meta property=\"og:description\" content=\"O Pressostato HED8OP1X\/50K14KW detecta mudan\u00e7as na press\u00e3o,\u00a0 acionando o microswitch quando a press\u00e3o fica abaixo do valor ajustado.\u00a0\u00a0\" \/>\n<meta property=\"og:url\" content=\"https:\/\/actbr.com.br\/es\/producto\/pressostato-eletro-hidraulico-hed8op1x-50k14kw\/\" \/>\n<meta property=\"og:site_name\" content=\"ACT Sistemas Hidr\u00e1ulicos\" \/>\n<meta property=\"article:modified_time\" content=\"2023-10-06T17:10:58+00:00\" \/>\n<meta property=\"og:image\" content=\"https:\/\/actbr.com.br\/wp-content\/uploads\/2020\/09\/Pressostato-HED-80.jpg\" \/>\n\t<meta property=\"og:image:width\" content=\"300\" \/>\n\t<meta property=\"og:image:height\" content=\"300\" \/>\n\t<meta property=\"og:image:type\" content=\"image\/jpeg\" \/>\n<meta name=\"twitter:card\" content=\"summary_large_image\" \/>\n<meta name=\"twitter:label1\" content=\"Tiempo de lectura\" \/>\n\t<meta name=\"twitter:data1\" content=\"2 minutos\" \/>\n<script type=\"application\/ld+json\" class=\"yoast-schema-graph\">{\"@context\":\"https:\/\/schema.org\",\"@graph\":[{\"@type\":\"WebPage\",\"@id\":\"https:\/\/actbr.com.br\/es\/producto\/pressostato-eletro-hidraulico-hed8op1x-50k14kw\/\",\"url\":\"https:\/\/actbr.com.br\/es\/producto\/pressostato-eletro-hidraulico-hed8op1x-50k14kw\/\",\"name\":\"Pressostato Eletro hidr\u00e1ulico HED8OP1X\/50K14KW - ACT Sistemas Hidr\u00e1ulicos\",\"isPartOf\":{\"@id\":\"https:\/\/actbr.com.br\/es\/#website\"},\"primaryImageOfPage\":{\"@id\":\"https:\/\/actbr.com.br\/es\/producto\/pressostato-eletro-hidraulico-hed8op1x-50k14kw\/#primaryimage\"},\"image\":{\"@id\":\"https:\/\/actbr.com.br\/es\/producto\/pressostato-eletro-hidraulico-hed8op1x-50k14kw\/#primaryimage\"},\"thumbnailUrl\":\"https:\/\/actbr.com.br\/wp-content\/uploads\/2020\/09\/Pressostato-HED-80.jpg\",\"datePublished\":\"2020-09-29T16:12:35+00:00\",\"dateModified\":\"2023-10-06T17:10:58+00:00\",\"description\":\"O Pressostato HED8OP1X\/50K14KW detecta mudan\u00e7as na press\u00e3o,\u00a0 acionando o microswitch quando a press\u00e3o fica abaixo do valor ajustado.\u00a0\u00a0\",\"breadcrumb\":{\"@id\":\"https:\/\/actbr.com.br\/es\/producto\/pressostato-eletro-hidraulico-hed8op1x-50k14kw\/#breadcrumb\"},\"inLanguage\":\"es\",\"potentialAction\":[{\"@type\":\"ReadAction\",\"target\":[\"https:\/\/actbr.com.br\/es\/producto\/pressostato-eletro-hidraulico-hed8op1x-50k14kw\/\"]}]},{\"@type\":\"ImageObject\",\"inLanguage\":\"es\",\"@id\":\"https:\/\/actbr.com.br\/es\/producto\/pressostato-eletro-hidraulico-hed8op1x-50k14kw\/#primaryimage\",\"url\":\"https:\/\/actbr.com.br\/wp-content\/uploads\/2020\/09\/Pressostato-HED-80.jpg\",\"contentUrl\":\"https:\/\/actbr.com.br\/wp-content\/uploads\/2020\/09\/Pressostato-HED-80.jpg\",\"width\":300,\"height\":300,\"caption\":\"Pressostato HED 80\"},{\"@type\":\"BreadcrumbList\",\"@id\":\"https:\/\/actbr.com.br\/es\/producto\/pressostato-eletro-hidraulico-hed8op1x-50k14kw\/#breadcrumb\",\"itemListElement\":[{\"@type\":\"ListItem\",\"position\":1,\"name\":\"Comenzar\",\"item\":\"https:\/\/actbr.com.br\/es\/\"},{\"@type\":\"ListItem\",\"position\":2,\"name\":\"Produtos\",\"item\":\"https:\/\/actbr.com.br\/produtos-act\/\"},{\"@type\":\"ListItem\",\"position\":3,\"name\":\"Instrumenta\u00e7\u00e3o\",\"item\":\"https:\/\/actbr.com.br\/es\/categoria-produto\/instrumentacao\/\"},{\"@type\":\"ListItem\",\"position\":4,\"name\":\"Press\u00e3o\",\"item\":\"https:\/\/actbr.com.br\/es\/categoria-produto\/instrumentacao\/pressao\/\"},{\"@type\":\"ListItem\",\"position\":5,\"name\":\"Pressostato Eletro hidr\u00e1ulico HED8OP1X\/50K14KW\"}]},{\"@type\":\"WebSite\",\"@id\":\"https:\/\/actbr.com.br\/es\/#website\",\"url\":\"https:\/\/actbr.com.br\/es\/\",\"name\":\"ACT Sistemas Hidr\u00e1ulicos\",\"description\":\"Fabricaci\u00f3n y mantenimiento de componentes de aceite hidr\u00e1ulico\",\"publisher\":{\"@id\":\"https:\/\/actbr.com.br\/es\/#organization\"},\"potentialAction\":[{\"@type\":\"SearchAction\",\"target\":{\"@type\":\"EntryPoint\",\"urlTemplate\":\"https:\/\/actbr.com.br\/es\/?s={search_term_string}\"},\"query-input\":{\"@type\":\"PropertyValueSpecification\",\"valueRequired\":true,\"valueName\":\"search_term_string\"}}],\"inLanguage\":\"es\"},{\"@type\":\"Organization\",\"@id\":\"https:\/\/actbr.com.br\/es\/#organization\",\"name\":\"ACT Sistemas Hidr\u00e1ulicos\",\"url\":\"https:\/\/actbr.com.br\/es\/\",\"logo\":{\"@type\":\"ImageObject\",\"inLanguage\":\"es\",\"@id\":\"https:\/\/actbr.com.br\/es\/#\/schema\/logo\/image\/\",\"url\":\"https:\/\/actbr.com.br\/wp-content\/uploads\/2025\/02\/cropped-ACT_NEGATIVO-marca-dagua.png\",\"contentUrl\":\"https:\/\/actbr.com.br\/wp-content\/uploads\/2025\/02\/cropped-ACT_NEGATIVO-marca-dagua.png\",\"width\":240,\"height\":146,\"caption\":\"ACT Sistemas Hidr\u00e1ulicos\"},\"image\":{\"@id\":\"https:\/\/actbr.com.br\/es\/#\/schema\/logo\/image\/\"}}]}<\/script>\n<!-- \/ Yoast SEO plugin. -->","yoast_head_json":{"title":"Pressostato Eletro hidr\u00e1ulico HED8OP1X\/50K14KW - ACT Sistemas Hidr\u00e1ulicos","description":"O Pressostato HED8OP1X\/50K14KW detecta mudan\u00e7as na press\u00e3o,\u00a0 acionando o microswitch quando a press\u00e3o fica abaixo do valor ajustado.\u00a0\u00a0","robots":{"index":"index","follow":"follow","max-snippet":"max-snippet:-1","max-image-preview":"max-image-preview:large","max-video-preview":"max-video-preview:-1"},"canonical":"https:\/\/actbr.com.br\/es\/producto\/pressostato-eletro-hidraulico-hed8op1x-50k14kw\/","og_locale":"es_ES","og_type":"article","og_title":"Pressostato Eletro hidr\u00e1ulico HED8OP1X\/50K14KW - ACT Sistemas Hidr\u00e1ulicos","og_description":"O Pressostato HED8OP1X\/50K14KW detecta mudan\u00e7as na press\u00e3o,\u00a0 acionando o microswitch quando a press\u00e3o fica abaixo do valor ajustado.\u00a0\u00a0","og_url":"https:\/\/actbr.com.br\/es\/producto\/pressostato-eletro-hidraulico-hed8op1x-50k14kw\/","og_site_name":"ACT Sistemas Hidr\u00e1ulicos","article_modified_time":"2023-10-06T17:10:58+00:00","og_image":[{"width":300,"height":300,"url":"https:\/\/actbr.com.br\/wp-content\/uploads\/2020\/09\/Pressostato-HED-80.jpg","type":"image\/jpeg"}],"twitter_card":"summary_large_image","twitter_misc":{"Tiempo de lectura":"2 minutos"},"schema":{"@context":"https:\/\/schema.org","@graph":[{"@type":"WebPage","@id":"https:\/\/actbr.com.br\/es\/producto\/pressostato-eletro-hidraulico-hed8op1x-50k14kw\/","url":"https:\/\/actbr.com.br\/es\/producto\/pressostato-eletro-hidraulico-hed8op1x-50k14kw\/","name":"Pressostato Eletro hidr\u00e1ulico HED8OP1X\/50K14KW - ACT Sistemas Hidr\u00e1ulicos","isPartOf":{"@id":"https:\/\/actbr.com.br\/es\/#website"},"primaryImageOfPage":{"@id":"https:\/\/actbr.com.br\/es\/producto\/pressostato-eletro-hidraulico-hed8op1x-50k14kw\/#primaryimage"},"image":{"@id":"https:\/\/actbr.com.br\/es\/producto\/pressostato-eletro-hidraulico-hed8op1x-50k14kw\/#primaryimage"},"thumbnailUrl":"https:\/\/actbr.com.br\/wp-content\/uploads\/2020\/09\/Pressostato-HED-80.jpg","datePublished":"2020-09-29T16:12:35+00:00","dateModified":"2023-10-06T17:10:58+00:00","description":"O Pressostato HED8OP1X\/50K14KW detecta mudan\u00e7as na press\u00e3o,\u00a0 acionando o microswitch quando a press\u00e3o fica abaixo do valor ajustado.\u00a0\u00a0","breadcrumb":{"@id":"https:\/\/actbr.com.br\/es\/producto\/pressostato-eletro-hidraulico-hed8op1x-50k14kw\/#breadcrumb"},"inLanguage":"es","potentialAction":[{"@type":"ReadAction","target":["https:\/\/actbr.com.br\/es\/producto\/pressostato-eletro-hidraulico-hed8op1x-50k14kw\/"]}]},{"@type":"ImageObject","inLanguage":"es","@id":"https:\/\/actbr.com.br\/es\/producto\/pressostato-eletro-hidraulico-hed8op1x-50k14kw\/#primaryimage","url":"https:\/\/actbr.com.br\/wp-content\/uploads\/2020\/09\/Pressostato-HED-80.jpg","contentUrl":"https:\/\/actbr.com.br\/wp-content\/uploads\/2020\/09\/Pressostato-HED-80.jpg","width":300,"height":300,"caption":"Pressostato HED 80"},{"@type":"BreadcrumbList","@id":"https:\/\/actbr.com.br\/es\/producto\/pressostato-eletro-hidraulico-hed8op1x-50k14kw\/#breadcrumb","itemListElement":[{"@type":"ListItem","position":1,"name":"Comenzar","item":"https:\/\/actbr.com.br\/es\/"},{"@type":"ListItem","position":2,"name":"Produtos","item":"https:\/\/actbr.com.br\/produtos-act\/"},{"@type":"ListItem","position":3,"name":"Instrumenta\u00e7\u00e3o","item":"https:\/\/actbr.com.br\/es\/categoria-produto\/instrumentacao\/"},{"@type":"ListItem","position":4,"name":"Press\u00e3o","item":"https:\/\/actbr.com.br\/es\/categoria-produto\/instrumentacao\/pressao\/"},{"@type":"ListItem","position":5,"name":"Pressostato Eletro hidr\u00e1ulico HED8OP1X\/50K14KW"}]},{"@type":"WebSite","@id":"https:\/\/actbr.com.br\/es\/#website","url":"https:\/\/actbr.com.br\/es\/","name":"ACT Sistemas Hidr\u00e1ulicos","description":"Fabricaci\u00f3n y mantenimiento de componentes de aceite hidr\u00e1ulico","publisher":{"@id":"https:\/\/actbr.com.br\/es\/#organization"},"potentialAction":[{"@type":"SearchAction","target":{"@type":"EntryPoint","urlTemplate":"https:\/\/actbr.com.br\/es\/?s={search_term_string}"},"query-input":{"@type":"PropertyValueSpecification","valueRequired":true,"valueName":"search_term_string"}}],"inLanguage":"es"},{"@type":"Organization","@id":"https:\/\/actbr.com.br\/es\/#organization","name":"ACT Sistemas Hidr\u00e1ulicos","url":"https:\/\/actbr.com.br\/es\/","logo":{"@type":"ImageObject","inLanguage":"es","@id":"https:\/\/actbr.com.br\/es\/#\/schema\/logo\/image\/","url":"https:\/\/actbr.com.br\/wp-content\/uploads\/2025\/02\/cropped-ACT_NEGATIVO-marca-dagua.png","contentUrl":"https:\/\/actbr.com.br\/wp-content\/uploads\/2025\/02\/cropped-ACT_NEGATIVO-marca-dagua.png","width":240,"height":146,"caption":"ACT Sistemas Hidr\u00e1ulicos"},"image":{"@id":"https:\/\/actbr.com.br\/es\/#\/schema\/logo\/image\/"}}]}},"_links":{"self":[{"href":"https:\/\/actbr.com.br\/es\/wp-json\/wp\/v2\/product\/5305","targetHints":{"allow":["GET"]}}],"collection":[{"href":"https:\/\/actbr.com.br\/es\/wp-json\/wp\/v2\/product"}],"about":[{"href":"https:\/\/actbr.com.br\/es\/wp-json\/wp\/v2\/types\/product"}],"wp:featuredmedia":[{"embeddable":true,"href":"https:\/\/actbr.com.br\/es\/wp-json\/wp\/v2\/media\/7637"}],"wp:attachment":[{"href":"https:\/\/actbr.com.br\/es\/wp-json\/wp\/v2\/media?parent=5305"}],"wp:term":[{"taxonomy":"product_brand","embeddable":true,"href":"https:\/\/actbr.com.br\/es\/wp-json\/wp\/v2\/product_brand?post=5305"},{"taxonomy":"product_cat","embeddable":true,"href":"https:\/\/actbr.com.br\/es\/wp-json\/wp\/v2\/product_cat?post=5305"},{"taxonomy":"product_tag","embeddable":true,"href":"https:\/\/actbr.com.br\/es\/wp-json\/wp\/v2\/product_tag?post=5305"}],"curies":[{"name":"wp","href":"https:\/\/api.w.org\/{rel}","templated":true}]}}