{"id":5307,"date":"2020-09-29T13:12:35","date_gmt":"2020-09-29T16:12:35","guid":{"rendered":"https:\/\/actbr.com.br\/produto\/valvula-de-retencao-pilotada-mpcv-02-a-05-valvula-de-desbloqueio\/"},"modified":"2023-10-19T09:51:41","modified_gmt":"2023-10-19T12:51:41","slug":"mpcv-02-a-05","status":"publish","type":"product","link":"https:\/\/actbr.com.br\/es\/producto\/mpcv-02-a-05\/","title":{"rendered":"MPCV-02-A-05"},"content":{"rendered":"<p><strong>V\u00e1lvula de Reten\u00e7\u00e3o Pilotada MPCV-02-A-05 (V\u00e1lvula de Desbloqueio)<\/strong><\/p>\n<p>A V\u00e1lvula de Reten\u00e7\u00e3o Pilotada MPCV-02-A-05 (V\u00e1lvula de Desbloqueio) \u00e9 uma v\u00e1lvula de reten\u00e7\u00e3o com desbloqueio na forma de placa intermedi\u00e1ria (modular tipo \u00absanduiche\u00bb).<\/p>\n<p>Ela destina-se ao bloqueio sem vazamentos de uma ou duas conex\u00f5es hidr\u00e1ulicas no circuito, mesmo em caso de longas paradas. No sentido de A1 para A2 ou de B1 para B2 a vaz\u00e3o \u00e9 livre, no sentido inverso a vaz\u00e3o \u00e9 bloqueada.<\/p>\n<p>Se a vaz\u00e3o ocorre no sentido de A1 para A2 ou de B1 para B2, aciona-se o piloto, e, com isto, o piloto se desloca para a direita ou para a esquerda e abre o cone da sua estrutura, permitindo assim o fluido passar de B2 para B1 ou de A2 para A1.<\/p>\n<p><strong>Caracter\u00edsticas:<\/strong><br \/>\nTamanho: TN6;<br \/>\nSuperf\u00edcie de montagem: ISO 4401 e CETOP-RD 121 H;<br \/>\nAtua com vaz\u00f5es de at\u00e9 35 litros por minuto;<br \/>\nTrabalha com press\u00f5es de at\u00e9 250 bar;<br \/>\nRecomendada para a faixa de viscosidade: 10 mm\u00b2\/s at\u00e9 500 mm\u00b2\/s;<br \/>\nMateriais de veda\u00e7\u00e3o: NBR;<br \/>\n100% compat\u00edvel com os principais fabricantes;<br \/>\nPress\u00e3o m\u00ednima para abertura da mola: 0,5 bar;<br \/>\nPeso: 1,1 kg;<br \/>\nRela\u00e7\u00e3o de \u00e1rea: A1\/A2 = 1\/3;<br \/>\nClasse de pureza conforme c\u00f3digo ISO: Grau de contamina\u00e7\u00e3o m\u00e1ximo admiss\u00edvel do fluido hidr\u00e1ulico\u00a0conforme ISO 4406 (C) classe 20\/18\/153);<br \/>\nReten\u00e7\u00e3o pilotada em: A.<\/p>\n<div>\n<table id=\"tablepress-9\" class=\"tablepress tablepress-id-9 tbody-has-connected-cells\">\n<thead>\n<tr class=\"row-1\">\n\t<th colspan=\"5\" class=\"column-1\"><strong>V\u00e1lvulas Modulares<\/strong><\/th>\n<\/tr>\n<\/thead>\n<tbody class=\"row-striping row-hover\">\n<tr class=\"row-2\">\n\t<td colspan=\"2\" class=\"column-1\"><strong>ATOS<\/strong><\/td><td class=\"column-3\"><strong>BOSCH<\/strong><\/td><td class=\"column-4\"><strong>ACT<\/strong><\/td><td class=\"column-5\"><strong>VICKERS<\/strong><\/td>\n<\/tr>\n<tr class=\"row-3\">\n\t<td rowspan=\"7\" class=\"column-1\">HR<\/td><td class=\"column-2\">003<\/td><td class=\"column-3\">-<\/td><td class=\"column-4\">Z1S6C1-2X<\/td><td class=\"column-5\">DGMDC-3-Y-AK<\/td>\n<\/tr>\n<tr class=\"row-4\">\n\t<td class=\"column-2\">004<\/td><td class=\"column-3\">-<\/td><td class=\"column-4\">Z1S6D1-2X<\/td><td class=\"column-5\">DGMDC-3-Y-BK<\/td>\n<\/tr>\n<tr class=\"row-5\">\n\t<td class=\"column-2\">011<\/td><td class=\"column-3\">0 811 004 106<\/td><td class=\"column-4\">Z1S6P1-3X<\/td><td class=\"column-5\">DGMDC-3-Y-PK<\/td>\n<\/tr>\n<tr class=\"row-6\">\n\t<td class=\"column-2\">016<\/td><td class=\"column-3\">0 811 004 107<\/td><td class=\"column-4\">Z1S6T1-3X<\/td><td class=\"column-5\">DGMDC-3-Y-TK<\/td>\n<\/tr>\n<tr class=\"row-7\">\n\t<td class=\"column-2\">012<\/td><td class=\"column-3\">0 811 024 105<\/td><td class=\"column-4\">Z2S6-1-6X<\/td><td class=\"column-5\">DGMPC-3-ABK-BAK<\/td>\n<\/tr>\n<tr class=\"row-8\">\n\t<td class=\"column-2\">013<\/td><td class=\"column-3\">1 811 024 103<\/td><td class=\"column-4\">Z2S6A-1-6X<\/td><td class=\"column-5\">DGMPC-3-ABK<\/td>\n<\/tr>\n<tr class=\"row-9\">\n\t<td class=\"column-2\">014<\/td><td class=\"column-3\">2 811 024 104<\/td><td class=\"column-4\">Z2S6B-1-6X<\/td><td class=\"column-5\">DGMPC-3-BAK<\/td>\n<\/tr>\n<tr class=\"row-10\">\n\t<td rowspan=\"7\" class=\"column-1\">KR<\/td><td class=\"column-2\">003<\/td><td class=\"column-3\">-<\/td><td class=\"column-4\">Z1S10C1-3X<\/td><td class=\"column-5\">DGMDC-5-Y-AK<\/td>\n<\/tr>\n<tr class=\"row-11\">\n\t<td class=\"column-2\">004<\/td><td class=\"column-3\">-<\/td><td class=\"column-4\">Z1S10D1-3X<\/td><td class=\"column-5\">DGMDC-5-Y-BK<\/td>\n<\/tr>\n<tr class=\"row-12\">\n\t<td class=\"column-2\">011<\/td><td class=\"column-3\">0 811 000 025<\/td><td class=\"column-4\">Z1S10P1-3X<\/td><td class=\"column-5\">DGMDC-5-Y-PK<\/td>\n<\/tr>\n<tr class=\"row-13\">\n\t<td class=\"column-2\">016<\/td><td class=\"column-3\">0 811 000 026<\/td><td class=\"column-4\">Z1S10T1-3X<\/td><td class=\"column-5\">DGMDC-5-Y-TK<\/td>\n<\/tr>\n<tr class=\"row-14\">\n\t<td class=\"column-2\">012<\/td><td class=\"column-3\">0 811 020 027<\/td><td class=\"column-4\">Z2S10-1-3X<\/td><td class=\"column-5\">DGMPC-5-ABK-BAK<\/td>\n<\/tr>\n<tr class=\"row-15\">\n\t<td class=\"column-2\">013<\/td><td class=\"column-3\">0 811 020 025<\/td><td class=\"column-4\">Z2S10A-1-3X<\/td><td class=\"column-5\">DGMPC-5-ABK<\/td>\n<\/tr>\n<tr class=\"row-16\">\n\t<td class=\"column-2\">014<\/td><td class=\"column-3\">0 811 020 026<\/td><td class=\"column-4\">Z2S10B-1-3X<\/td><td class=\"column-5\">DGMPC-5-BAK<\/td>\n<\/tr>\n<tr class=\"row-17\">\n\t<td rowspan=\"3\" class=\"column-1\">JPR<\/td><td class=\"column-2\">212<\/td><td class=\"column-3\">0 811 021 051<\/td><td class=\"column-4\">Z2S161-5X<\/td><td class=\"column-5\">DGMPC-7-ABK-BAK<\/td>\n<\/tr>\n<tr class=\"row-18\">\n\t<td class=\"column-2\">213<\/td><td class=\"column-3\">-<\/td><td class=\"column-4\">Z2S16A1-5X<\/td><td class=\"column-5\">DGMPC-7-ABK<\/td>\n<\/tr>\n<tr class=\"row-19\">\n\t<td class=\"column-2\">214<\/td><td class=\"column-3\">-<\/td><td class=\"column-4\">Z2S16B1-5X<\/td><td class=\"column-5\">DGMPC-7-BAK<\/td>\n<\/tr>\n<tr class=\"row-20\">\n\t<td rowspan=\"3\" class=\"column-1\">JPR<\/td><td class=\"column-2\">312<\/td><td class=\"column-3\">0 811 021 055<\/td><td class=\"column-4\">Z2S22-1-5X<\/td><td class=\"column-5\">-<\/td>\n<\/tr>\n<tr class=\"row-21\">\n\t<td class=\"column-2\">313<\/td><td class=\"column-3\">-<\/td><td class=\"column-4\">Z2S22A1-5X<\/td><td class=\"column-5\">-<\/td>\n<\/tr>\n<tr class=\"row-22\">\n\t<td class=\"column-2\">314<\/td><td class=\"column-3\">-<\/td><td class=\"column-4\">Z2S22B1-5X<\/td><td class=\"column-5\">-<\/td>\n<\/tr>\n<\/tbody>\n<\/table>\n<\/div>\n","protected":false},"excerpt":{"rendered":"<p>A V\u00e1lvula de Reten\u00e7\u00e3o Pilotada MPCV-02-A-05 \u00e9 uma v\u00e1lvula de reten\u00e7\u00e3o com desbloqueio na forma de placa intermedi\u00e1ria (modular tipo \u00absanduiche\u00bb).<\/p>\n","protected":false},"featured_media":6946,"template":"","meta":[],"product_brand":[],"product_cat":[82,58],"product_tag":[],"class_list":{"0":"post-5307","1":"product","2":"type-product","3":"status-publish","4":"has-post-thumbnail","6":"product_cat-retencao-pilotada","7":"product_cat-valvulas-modulares","9":"first","10":"instock","11":"virtual","12":"product-type-simple"},"yoast_head":"<!-- This site is optimized with the Yoast SEO plugin v27.2 - https:\/\/yoast.com\/product\/yoast-seo-wordpress\/ -->\n<title>MPCV-02-A-05 - ACT Sistemas Hidr\u00e1ulicos<\/title>\n<meta name=\"description\" content=\"A V\u00e1lvula de Reten\u00e7\u00e3o Pilotada MPCV-02-A-05 \u00e9 uma v\u00e1lvula de reten\u00e7\u00e3o com desbloqueio na forma de placa intermedi\u00e1ria (modular tipo &quot;sanduiche&quot;).\" \/>\n<meta name=\"robots\" content=\"index, follow, max-snippet:-1, max-image-preview:large, max-video-preview:-1\" \/>\n<link rel=\"canonical\" href=\"https:\/\/actbr.com.br\/es\/producto\/mpcv-02-a-05\/\" \/>\n<meta property=\"og:locale\" content=\"es_ES\" \/>\n<meta property=\"og:type\" content=\"article\" \/>\n<meta property=\"og:title\" content=\"MPCV-02-A-05 - ACT Sistemas Hidr\u00e1ulicos\" \/>\n<meta property=\"og:description\" content=\"A V\u00e1lvula de Reten\u00e7\u00e3o Pilotada MPCV-02-A-05 \u00e9 uma v\u00e1lvula de reten\u00e7\u00e3o com desbloqueio na forma de placa intermedi\u00e1ria (modular tipo &quot;sanduiche&quot;).\" \/>\n<meta property=\"og:url\" content=\"https:\/\/actbr.com.br\/es\/producto\/mpcv-02-a-05\/\" \/>\n<meta property=\"og:site_name\" content=\"ACT Sistemas Hidr\u00e1ulicos\" \/>\n<meta property=\"article:modified_time\" content=\"2023-10-19T12:51:41+00:00\" \/>\n<meta property=\"og:image\" content=\"https:\/\/actbr.com.br\/wp-content\/uploads\/2020\/09\/Valvula-de-Retencao-Pilotada-\u2013-MPCV-02-A-05-Valvula-de-desbloqueio.png\" \/>\n\t<meta property=\"og:image:width\" content=\"774\" \/>\n\t<meta property=\"og:image:height\" content=\"430\" \/>\n\t<meta property=\"og:image:type\" content=\"image\/png\" \/>\n<meta name=\"twitter:card\" content=\"summary_large_image\" \/>\n<meta name=\"twitter:label1\" content=\"Tiempo de lectura\" \/>\n\t<meta name=\"twitter:data1\" content=\"2 minutos\" \/>\n<script type=\"application\/ld+json\" class=\"yoast-schema-graph\">{\"@context\":\"https:\/\/schema.org\",\"@graph\":[{\"@type\":\"WebPage\",\"@id\":\"https:\/\/actbr.com.br\/es\/producto\/mpcv-02-a-05\/\",\"url\":\"https:\/\/actbr.com.br\/es\/producto\/mpcv-02-a-05\/\",\"name\":\"MPCV-02-A-05 - ACT Sistemas Hidr\u00e1ulicos\",\"isPartOf\":{\"@id\":\"https:\/\/actbr.com.br\/es\/#website\"},\"primaryImageOfPage\":{\"@id\":\"https:\/\/actbr.com.br\/es\/producto\/mpcv-02-a-05\/#primaryimage\"},\"image\":{\"@id\":\"https:\/\/actbr.com.br\/es\/producto\/mpcv-02-a-05\/#primaryimage\"},\"thumbnailUrl\":\"https:\/\/actbr.com.br\/wp-content\/uploads\/2020\/09\/Valvula-de-Retencao-Pilotada-\u2013-MPCV-02-A-05-Valvula-de-desbloqueio.png\",\"datePublished\":\"2020-09-29T16:12:35+00:00\",\"dateModified\":\"2023-10-19T12:51:41+00:00\",\"description\":\"A V\u00e1lvula de Reten\u00e7\u00e3o Pilotada MPCV-02-A-05 \u00e9 uma v\u00e1lvula de reten\u00e7\u00e3o com desbloqueio na forma de placa intermedi\u00e1ria (modular tipo \\\"sanduiche\\\").\",\"breadcrumb\":{\"@id\":\"https:\/\/actbr.com.br\/es\/producto\/mpcv-02-a-05\/#breadcrumb\"},\"inLanguage\":\"es\",\"potentialAction\":[{\"@type\":\"ReadAction\",\"target\":[\"https:\/\/actbr.com.br\/es\/producto\/mpcv-02-a-05\/\"]}]},{\"@type\":\"ImageObject\",\"inLanguage\":\"es\",\"@id\":\"https:\/\/actbr.com.br\/es\/producto\/mpcv-02-a-05\/#primaryimage\",\"url\":\"https:\/\/actbr.com.br\/wp-content\/uploads\/2020\/09\/Valvula-de-Retencao-Pilotada-\u2013-MPCV-02-A-05-Valvula-de-desbloqueio.png\",\"contentUrl\":\"https:\/\/actbr.com.br\/wp-content\/uploads\/2020\/09\/Valvula-de-Retencao-Pilotada-\u2013-MPCV-02-A-05-Valvula-de-desbloqueio.png\",\"width\":774,\"height\":430,\"caption\":\"V\u00e1lvula de Reten\u00e7\u00e3o Pilotada MPCV-02-A-05 (V\u00e1lvula de Desbloqueio)\"},{\"@type\":\"BreadcrumbList\",\"@id\":\"https:\/\/actbr.com.br\/es\/producto\/mpcv-02-a-05\/#breadcrumb\",\"itemListElement\":[{\"@type\":\"ListItem\",\"position\":1,\"name\":\"Comenzar\",\"item\":\"https:\/\/actbr.com.br\/es\/\"},{\"@type\":\"ListItem\",\"position\":2,\"name\":\"Produtos\",\"item\":\"https:\/\/actbr.com.br\/produtos-act\/\"},{\"@type\":\"ListItem\",\"position\":3,\"name\":\"V\u00e1lvulas Modulares\",\"item\":\"https:\/\/actbr.com.br\/es\/categoria-produto\/valvulas-modulares\/\"},{\"@type\":\"ListItem\",\"position\":4,\"name\":\"Reten\u00e7\u00e3o Pilotada\",\"item\":\"https:\/\/actbr.com.br\/es\/categoria-produto\/valvulas-modulares\/retencao-pilotada\/\"},{\"@type\":\"ListItem\",\"position\":5,\"name\":\"MPCV-02-A-05\"}]},{\"@type\":\"WebSite\",\"@id\":\"https:\/\/actbr.com.br\/es\/#website\",\"url\":\"https:\/\/actbr.com.br\/es\/\",\"name\":\"ACT Sistemas Hidr\u00e1ulicos\",\"description\":\"Fabricaci\u00f3n y mantenimiento de componentes de aceite hidr\u00e1ulico\",\"publisher\":{\"@id\":\"https:\/\/actbr.com.br\/es\/#organization\"},\"potentialAction\":[{\"@type\":\"SearchAction\",\"target\":{\"@type\":\"EntryPoint\",\"urlTemplate\":\"https:\/\/actbr.com.br\/es\/?s={search_term_string}\"},\"query-input\":{\"@type\":\"PropertyValueSpecification\",\"valueRequired\":true,\"valueName\":\"search_term_string\"}}],\"inLanguage\":\"es\"},{\"@type\":\"Organization\",\"@id\":\"https:\/\/actbr.com.br\/es\/#organization\",\"name\":\"ACT Sistemas Hidr\u00e1ulicos\",\"url\":\"https:\/\/actbr.com.br\/es\/\",\"logo\":{\"@type\":\"ImageObject\",\"inLanguage\":\"es\",\"@id\":\"https:\/\/actbr.com.br\/es\/#\/schema\/logo\/image\/\",\"url\":\"https:\/\/actbr.com.br\/wp-content\/uploads\/2025\/02\/cropped-ACT_NEGATIVO-marca-dagua.png\",\"contentUrl\":\"https:\/\/actbr.com.br\/wp-content\/uploads\/2025\/02\/cropped-ACT_NEGATIVO-marca-dagua.png\",\"width\":240,\"height\":146,\"caption\":\"ACT Sistemas Hidr\u00e1ulicos\"},\"image\":{\"@id\":\"https:\/\/actbr.com.br\/es\/#\/schema\/logo\/image\/\"}}]}<\/script>\n<!-- \/ Yoast SEO plugin. -->","yoast_head_json":{"title":"MPCV-02-A-05 - ACT Sistemas Hidr\u00e1ulicos","description":"A V\u00e1lvula de Reten\u00e7\u00e3o Pilotada MPCV-02-A-05 \u00e9 uma v\u00e1lvula de reten\u00e7\u00e3o com desbloqueio na forma de placa intermedi\u00e1ria (modular tipo \"sanduiche\").","robots":{"index":"index","follow":"follow","max-snippet":"max-snippet:-1","max-image-preview":"max-image-preview:large","max-video-preview":"max-video-preview:-1"},"canonical":"https:\/\/actbr.com.br\/es\/producto\/mpcv-02-a-05\/","og_locale":"es_ES","og_type":"article","og_title":"MPCV-02-A-05 - ACT Sistemas Hidr\u00e1ulicos","og_description":"A V\u00e1lvula de Reten\u00e7\u00e3o Pilotada MPCV-02-A-05 \u00e9 uma v\u00e1lvula de reten\u00e7\u00e3o com desbloqueio na forma de placa intermedi\u00e1ria (modular tipo \"sanduiche\").","og_url":"https:\/\/actbr.com.br\/es\/producto\/mpcv-02-a-05\/","og_site_name":"ACT Sistemas Hidr\u00e1ulicos","article_modified_time":"2023-10-19T12:51:41+00:00","og_image":[{"width":774,"height":430,"url":"https:\/\/actbr.com.br\/wp-content\/uploads\/2020\/09\/Valvula-de-Retencao-Pilotada-\u2013-MPCV-02-A-05-Valvula-de-desbloqueio.png","type":"image\/png"}],"twitter_card":"summary_large_image","twitter_misc":{"Tiempo de lectura":"2 minutos"},"schema":{"@context":"https:\/\/schema.org","@graph":[{"@type":"WebPage","@id":"https:\/\/actbr.com.br\/es\/producto\/mpcv-02-a-05\/","url":"https:\/\/actbr.com.br\/es\/producto\/mpcv-02-a-05\/","name":"MPCV-02-A-05 - ACT Sistemas Hidr\u00e1ulicos","isPartOf":{"@id":"https:\/\/actbr.com.br\/es\/#website"},"primaryImageOfPage":{"@id":"https:\/\/actbr.com.br\/es\/producto\/mpcv-02-a-05\/#primaryimage"},"image":{"@id":"https:\/\/actbr.com.br\/es\/producto\/mpcv-02-a-05\/#primaryimage"},"thumbnailUrl":"https:\/\/actbr.com.br\/wp-content\/uploads\/2020\/09\/Valvula-de-Retencao-Pilotada-\u2013-MPCV-02-A-05-Valvula-de-desbloqueio.png","datePublished":"2020-09-29T16:12:35+00:00","dateModified":"2023-10-19T12:51:41+00:00","description":"A V\u00e1lvula de Reten\u00e7\u00e3o Pilotada MPCV-02-A-05 \u00e9 uma v\u00e1lvula de reten\u00e7\u00e3o com desbloqueio na forma de placa intermedi\u00e1ria (modular tipo \"sanduiche\").","breadcrumb":{"@id":"https:\/\/actbr.com.br\/es\/producto\/mpcv-02-a-05\/#breadcrumb"},"inLanguage":"es","potentialAction":[{"@type":"ReadAction","target":["https:\/\/actbr.com.br\/es\/producto\/mpcv-02-a-05\/"]}]},{"@type":"ImageObject","inLanguage":"es","@id":"https:\/\/actbr.com.br\/es\/producto\/mpcv-02-a-05\/#primaryimage","url":"https:\/\/actbr.com.br\/wp-content\/uploads\/2020\/09\/Valvula-de-Retencao-Pilotada-\u2013-MPCV-02-A-05-Valvula-de-desbloqueio.png","contentUrl":"https:\/\/actbr.com.br\/wp-content\/uploads\/2020\/09\/Valvula-de-Retencao-Pilotada-\u2013-MPCV-02-A-05-Valvula-de-desbloqueio.png","width":774,"height":430,"caption":"V\u00e1lvula de Reten\u00e7\u00e3o Pilotada MPCV-02-A-05 (V\u00e1lvula de Desbloqueio)"},{"@type":"BreadcrumbList","@id":"https:\/\/actbr.com.br\/es\/producto\/mpcv-02-a-05\/#breadcrumb","itemListElement":[{"@type":"ListItem","position":1,"name":"Comenzar","item":"https:\/\/actbr.com.br\/es\/"},{"@type":"ListItem","position":2,"name":"Produtos","item":"https:\/\/actbr.com.br\/produtos-act\/"},{"@type":"ListItem","position":3,"name":"V\u00e1lvulas Modulares","item":"https:\/\/actbr.com.br\/es\/categoria-produto\/valvulas-modulares\/"},{"@type":"ListItem","position":4,"name":"Reten\u00e7\u00e3o Pilotada","item":"https:\/\/actbr.com.br\/es\/categoria-produto\/valvulas-modulares\/retencao-pilotada\/"},{"@type":"ListItem","position":5,"name":"MPCV-02-A-05"}]},{"@type":"WebSite","@id":"https:\/\/actbr.com.br\/es\/#website","url":"https:\/\/actbr.com.br\/es\/","name":"ACT Sistemas Hidr\u00e1ulicos","description":"Fabricaci\u00f3n y mantenimiento de componentes de aceite hidr\u00e1ulico","publisher":{"@id":"https:\/\/actbr.com.br\/es\/#organization"},"potentialAction":[{"@type":"SearchAction","target":{"@type":"EntryPoint","urlTemplate":"https:\/\/actbr.com.br\/es\/?s={search_term_string}"},"query-input":{"@type":"PropertyValueSpecification","valueRequired":true,"valueName":"search_term_string"}}],"inLanguage":"es"},{"@type":"Organization","@id":"https:\/\/actbr.com.br\/es\/#organization","name":"ACT Sistemas Hidr\u00e1ulicos","url":"https:\/\/actbr.com.br\/es\/","logo":{"@type":"ImageObject","inLanguage":"es","@id":"https:\/\/actbr.com.br\/es\/#\/schema\/logo\/image\/","url":"https:\/\/actbr.com.br\/wp-content\/uploads\/2025\/02\/cropped-ACT_NEGATIVO-marca-dagua.png","contentUrl":"https:\/\/actbr.com.br\/wp-content\/uploads\/2025\/02\/cropped-ACT_NEGATIVO-marca-dagua.png","width":240,"height":146,"caption":"ACT Sistemas Hidr\u00e1ulicos"},"image":{"@id":"https:\/\/actbr.com.br\/es\/#\/schema\/logo\/image\/"}}]}},"_links":{"self":[{"href":"https:\/\/actbr.com.br\/es\/wp-json\/wp\/v2\/product\/5307","targetHints":{"allow":["GET"]}}],"collection":[{"href":"https:\/\/actbr.com.br\/es\/wp-json\/wp\/v2\/product"}],"about":[{"href":"https:\/\/actbr.com.br\/es\/wp-json\/wp\/v2\/types\/product"}],"wp:featuredmedia":[{"embeddable":true,"href":"https:\/\/actbr.com.br\/es\/wp-json\/wp\/v2\/media\/6946"}],"wp:attachment":[{"href":"https:\/\/actbr.com.br\/es\/wp-json\/wp\/v2\/media?parent=5307"}],"wp:term":[{"taxonomy":"product_brand","embeddable":true,"href":"https:\/\/actbr.com.br\/es\/wp-json\/wp\/v2\/product_brand?post=5307"},{"taxonomy":"product_cat","embeddable":true,"href":"https:\/\/actbr.com.br\/es\/wp-json\/wp\/v2\/product_cat?post=5307"},{"taxonomy":"product_tag","embeddable":true,"href":"https:\/\/actbr.com.br\/es\/wp-json\/wp\/v2\/product_tag?post=5307"}],"curies":[{"name":"wp","href":"https:\/\/api.w.org\/{rel}","templated":true}]}}