{"id":5381,"date":"2020-09-29T13:13:48","date_gmt":"2020-09-29T16:13:48","guid":{"rendered":"https:\/\/actbr.com.br\/produto\/pressostato-map-630-atos-eletrohidraulico\/"},"modified":"2023-10-06T14:12:52","modified_gmt":"2023-10-06T17:12:52","slug":"pressostato-eletro-hidraulico-map-630","status":"publish","type":"product","link":"https:\/\/actbr.com.br\/es\/producto\/pressostato-eletro-hidraulico-map-630\/","title":{"rendered":"Pressostato Eletro hidr\u00e1ulico MAP-630"},"content":{"rendered":"<p><strong>Pressostato MAP-630 ATOS (Eletro Hidr\u00e1ulico)<\/strong><\/p>\n<p>O Pressostato MAP-630 \u00e9 um pressostato de \u00eambolo, configurado para perceber uma mudan\u00e7a na press\u00e3o e responder por meio de uma liga\u00e7\u00e3o el\u00e9trica.<\/p>\n<p>Se a press\u00e3o a ser monitorada encontrar-se abaixo do valor ajustado, o microswitch \u00e9 acionado. A ATOS disponibiliza em sua linha de pressostatos atua\u00e7\u00e3o numa janela entre 5 a 630 bar (ajuste). O pressostato modelo MAP-630 destina-se a aplica\u00e7\u00e3o conex\u00e3o por flange (ISO 16873-1). O MAP-630 se comp\u00f5e de carca\u00e7a, cartucho com \u00eambolo, mola, elemento de ajuste e microswitch.<\/p>\n<p>A press\u00e3o a ser monitorada atua no \u00eambolo, atrav\u00e9s do gicl\u00ea, o \u00eambolo apoia-se no assento de mola e atua contra a for\u00e7a de compress\u00e3o da mola. O assento da mola transmite o movimento do \u00eambolo para o microswitch e o aciona ao atingir a press\u00e3o ajustada. Desta forma, o circuito el\u00e9trico \u00e9 ligado ou desligado de acordo com a situa\u00e7\u00e3o do circuito hidr\u00e1ulico. O encosto mec\u00e2nico do assento de mola, protege o microswitch contra avaria mec\u00e2nica em caso de descompress\u00e3o e evita, o bloqueio da mola no caso de sob press\u00e3o.<\/p>\n<h5><strong>Informa\u00e7\u00f5es t\u00e9cnicas:<\/strong><\/h5>\n<p>Corpo: Em alum\u00ednio anodizado;<br \/>\nFlu\u00eddo hidr\u00e1ulico: \u00d3leo mineral (DIN 51524 ) e fosfato org\u00e2nico (DIN 51525);<br \/>\nRange de temperatura do \u00f3leo: \u2013 30 a + 70\u00baC;<br \/>\nViscosidade: 2.8 a 500 mm2 (cst);<br \/>\nPrecis\u00e3o de leitura: Conforme gr\u00e1ficos;<br \/>\nFrequ\u00eancia: 120 vezes\/minuto;<br \/>\nSec\u00e7\u00e3o de conex\u00e3o: 1,5mm2 (m\u00e1x.);<br \/>\nGrau de prote\u00e7\u00e3o: IP 65;<br \/>\nPeso: Aproximadamente 0,5 kg;<br \/>\nPress\u00e3o m\u00e1xima de opera\u00e7\u00e3o: 630 bar;<br \/>\nPress\u00e3o de ajuste vers\u00e3o MAP-630: 5 a 630 bar;<br \/>\nConex\u00e3o el\u00e9trica \/ conector: Conex\u00e3o de acordo com DIN EN 175301-803, 3 polos + PE ou IEC 60047-5-2, M12 x 1;<br \/>\nFrequ\u00eancia m\u00e1xima de comuta\u00e7\u00e3o: 7200 (hora).<\/p>\n<p><strong>Caracter\u00edsticas el\u00e9tricas:<\/strong><br \/>\nCarga m\u00e1xima: 5 A a 250 VCA, 0,25 A a 125 VCC;<br \/>\nContatos de troca (comum, NA e NF);<br \/>\nConex\u00e3o el\u00e9trica de acordo com as normas DIN43650, M3 e M4;<br \/>\nConex\u00e3o el\u00e9trica de acordo com as normas IEC60947-5-2, M12;<br \/>\nProte\u00e7\u00e3o el\u00e9trica de acordo com as normas DIN40050, IP65.<\/p>\n","protected":false},"excerpt":{"rendered":"<p>O Pressostato MAP-630 \u00e9 um pressostato de \u00eambolo, configurado para perceber uma mudan\u00e7a na press\u00e3o e responder por meio de uma liga\u00e7\u00e3o el\u00e9trica.<\/p>\n<p style=\"text-align: center;\"><a class=\"fasc-button fasc-size-medium fasc-type-flat fasc-rounded-medium\" style=\"background-color: #003668; color: #ffffff;\" target=\"_blank\" rel=\"noopener\" href=\"https:\/\/actbr.com.br\/wp-content\/uploads\/2020\/09\/map-atos-pressostato-eletrohidraulico-ajustavel.pdf\">Cat\u00e1logo<\/a>&nbsp; &nbsp; &nbsp; &nbsp; &nbsp; &nbsp; &nbsp; &nbsp; <a class=\"fasc-button fasc-size-medium fasc-type-flat fasc-rounded-medium\" style=\"background-color: #003668; color: #ffffff;\" target=\"_blank\" rel=\"noopener\" href=\"https:\/\/actbr.com.br\/contato\/\">Solicitar Cota\u00e7\u00e3o<\/a>&nbsp; &nbsp; &nbsp; &nbsp; &nbsp; &nbsp; &nbsp; &nbsp; &nbsp;<\/p>\n<p style=\"text-align: center;\">&nbsp;<\/p>\n","protected":false},"featured_media":7622,"template":"","meta":[],"product_brand":[],"product_cat":[63,64],"product_tag":[],"class_list":{"0":"post-5381","1":"product","2":"type-product","3":"status-publish","4":"has-post-thumbnail","6":"product_cat-instrumentacao","7":"product_cat-pressao","9":"first","10":"instock","11":"virtual","12":"product-type-simple"},"yoast_head":"<!-- This site is optimized with the Yoast SEO plugin v27.2 - https:\/\/yoast.com\/product\/yoast-seo-wordpress\/ -->\n<title>Pressostato Eletro hidr\u00e1ulico MAP-630 - ACT Sistemas Hidr\u00e1ulicos<\/title>\n<meta name=\"description\" content=\"O Pressostato MAP-630 \u00e9 um pressostato de \u00eambolo, configurado para perceber uma mudan\u00e7a na press\u00e3o e responder por meio de uma liga\u00e7\u00e3o el\u00e9trica.\u00a0\" \/>\n<meta name=\"robots\" content=\"index, follow, max-snippet:-1, max-image-preview:large, max-video-preview:-1\" \/>\n<link rel=\"canonical\" href=\"https:\/\/actbr.com.br\/es\/producto\/pressostato-eletro-hidraulico-map-630\/\" \/>\n<meta property=\"og:locale\" content=\"es_ES\" \/>\n<meta property=\"og:type\" content=\"article\" \/>\n<meta property=\"og:title\" content=\"Pressostato Eletro hidr\u00e1ulico MAP-630 - ACT Sistemas Hidr\u00e1ulicos\" \/>\n<meta property=\"og:description\" content=\"O Pressostato MAP-630 \u00e9 um pressostato de \u00eambolo, configurado para perceber uma mudan\u00e7a na press\u00e3o e responder por meio de uma liga\u00e7\u00e3o el\u00e9trica.\u00a0\" \/>\n<meta property=\"og:url\" content=\"https:\/\/actbr.com.br\/es\/producto\/pressostato-eletro-hidraulico-map-630\/\" \/>\n<meta property=\"og:site_name\" content=\"ACT Sistemas Hidr\u00e1ulicos\" \/>\n<meta property=\"article:modified_time\" content=\"2023-10-06T17:12:52+00:00\" \/>\n<meta property=\"og:image\" content=\"https:\/\/actbr.com.br\/wp-content\/uploads\/2020\/09\/Pressostato-MAP-ATOS-1.jpg\" \/>\n\t<meta property=\"og:image:width\" content=\"600\" \/>\n\t<meta property=\"og:image:height\" content=\"419\" \/>\n\t<meta property=\"og:image:type\" content=\"image\/jpeg\" \/>\n<meta name=\"twitter:card\" content=\"summary_large_image\" \/>\n<meta name=\"twitter:label1\" content=\"Tiempo de lectura\" \/>\n\t<meta name=\"twitter:data1\" content=\"2 minutos\" \/>\n<script type=\"application\/ld+json\" class=\"yoast-schema-graph\">{\"@context\":\"https:\/\/schema.org\",\"@graph\":[{\"@type\":\"WebPage\",\"@id\":\"https:\/\/actbr.com.br\/es\/producto\/pressostato-eletro-hidraulico-map-630\/\",\"url\":\"https:\/\/actbr.com.br\/es\/producto\/pressostato-eletro-hidraulico-map-630\/\",\"name\":\"Pressostato Eletro hidr\u00e1ulico MAP-630 - ACT Sistemas Hidr\u00e1ulicos\",\"isPartOf\":{\"@id\":\"https:\/\/actbr.com.br\/es\/#website\"},\"primaryImageOfPage\":{\"@id\":\"https:\/\/actbr.com.br\/es\/producto\/pressostato-eletro-hidraulico-map-630\/#primaryimage\"},\"image\":{\"@id\":\"https:\/\/actbr.com.br\/es\/producto\/pressostato-eletro-hidraulico-map-630\/#primaryimage\"},\"thumbnailUrl\":\"https:\/\/actbr.com.br\/wp-content\/uploads\/2020\/09\/Pressostato-MAP-ATOS-1.jpg\",\"datePublished\":\"2020-09-29T16:13:48+00:00\",\"dateModified\":\"2023-10-06T17:12:52+00:00\",\"description\":\"O Pressostato MAP-630 \u00e9 um pressostato de \u00eambolo, configurado para perceber uma mudan\u00e7a na press\u00e3o e responder por meio de uma liga\u00e7\u00e3o el\u00e9trica.\u00a0\",\"breadcrumb\":{\"@id\":\"https:\/\/actbr.com.br\/es\/producto\/pressostato-eletro-hidraulico-map-630\/#breadcrumb\"},\"inLanguage\":\"es\",\"potentialAction\":[{\"@type\":\"ReadAction\",\"target\":[\"https:\/\/actbr.com.br\/es\/producto\/pressostato-eletro-hidraulico-map-630\/\"]}]},{\"@type\":\"ImageObject\",\"inLanguage\":\"es\",\"@id\":\"https:\/\/actbr.com.br\/es\/producto\/pressostato-eletro-hidraulico-map-630\/#primaryimage\",\"url\":\"https:\/\/actbr.com.br\/wp-content\/uploads\/2020\/09\/Pressostato-MAP-ATOS-1.jpg\",\"contentUrl\":\"https:\/\/actbr.com.br\/wp-content\/uploads\/2020\/09\/Pressostato-MAP-ATOS-1.jpg\",\"width\":600,\"height\":419,\"caption\":\"Pressostato MAP ATOS\"},{\"@type\":\"BreadcrumbList\",\"@id\":\"https:\/\/actbr.com.br\/es\/producto\/pressostato-eletro-hidraulico-map-630\/#breadcrumb\",\"itemListElement\":[{\"@type\":\"ListItem\",\"position\":1,\"name\":\"Comenzar\",\"item\":\"https:\/\/actbr.com.br\/es\/\"},{\"@type\":\"ListItem\",\"position\":2,\"name\":\"Produtos\",\"item\":\"https:\/\/actbr.com.br\/produtos-act\/\"},{\"@type\":\"ListItem\",\"position\":3,\"name\":\"Instrumenta\u00e7\u00e3o\",\"item\":\"https:\/\/actbr.com.br\/es\/categoria-produto\/instrumentacao\/\"},{\"@type\":\"ListItem\",\"position\":4,\"name\":\"Press\u00e3o\",\"item\":\"https:\/\/actbr.com.br\/es\/categoria-produto\/instrumentacao\/pressao\/\"},{\"@type\":\"ListItem\",\"position\":5,\"name\":\"Pressostato Eletro hidr\u00e1ulico MAP-630\"}]},{\"@type\":\"WebSite\",\"@id\":\"https:\/\/actbr.com.br\/es\/#website\",\"url\":\"https:\/\/actbr.com.br\/es\/\",\"name\":\"ACT Sistemas Hidr\u00e1ulicos\",\"description\":\"Fabricaci\u00f3n y mantenimiento de componentes de aceite hidr\u00e1ulico\",\"publisher\":{\"@id\":\"https:\/\/actbr.com.br\/es\/#organization\"},\"potentialAction\":[{\"@type\":\"SearchAction\",\"target\":{\"@type\":\"EntryPoint\",\"urlTemplate\":\"https:\/\/actbr.com.br\/es\/?s={search_term_string}\"},\"query-input\":{\"@type\":\"PropertyValueSpecification\",\"valueRequired\":true,\"valueName\":\"search_term_string\"}}],\"inLanguage\":\"es\"},{\"@type\":\"Organization\",\"@id\":\"https:\/\/actbr.com.br\/es\/#organization\",\"name\":\"ACT Sistemas Hidr\u00e1ulicos\",\"url\":\"https:\/\/actbr.com.br\/es\/\",\"logo\":{\"@type\":\"ImageObject\",\"inLanguage\":\"es\",\"@id\":\"https:\/\/actbr.com.br\/es\/#\/schema\/logo\/image\/\",\"url\":\"https:\/\/actbr.com.br\/wp-content\/uploads\/2025\/02\/cropped-ACT_NEGATIVO-marca-dagua.png\",\"contentUrl\":\"https:\/\/actbr.com.br\/wp-content\/uploads\/2025\/02\/cropped-ACT_NEGATIVO-marca-dagua.png\",\"width\":240,\"height\":146,\"caption\":\"ACT Sistemas Hidr\u00e1ulicos\"},\"image\":{\"@id\":\"https:\/\/actbr.com.br\/es\/#\/schema\/logo\/image\/\"}}]}<\/script>\n<!-- \/ Yoast SEO plugin. -->","yoast_head_json":{"title":"Pressostato Eletro hidr\u00e1ulico MAP-630 - ACT Sistemas Hidr\u00e1ulicos","description":"O Pressostato MAP-630 \u00e9 um pressostato de \u00eambolo, configurado para perceber uma mudan\u00e7a na press\u00e3o e responder por meio de uma liga\u00e7\u00e3o el\u00e9trica.\u00a0","robots":{"index":"index","follow":"follow","max-snippet":"max-snippet:-1","max-image-preview":"max-image-preview:large","max-video-preview":"max-video-preview:-1"},"canonical":"https:\/\/actbr.com.br\/es\/producto\/pressostato-eletro-hidraulico-map-630\/","og_locale":"es_ES","og_type":"article","og_title":"Pressostato Eletro hidr\u00e1ulico MAP-630 - ACT Sistemas Hidr\u00e1ulicos","og_description":"O Pressostato MAP-630 \u00e9 um pressostato de \u00eambolo, configurado para perceber uma mudan\u00e7a na press\u00e3o e responder por meio de uma liga\u00e7\u00e3o el\u00e9trica.\u00a0","og_url":"https:\/\/actbr.com.br\/es\/producto\/pressostato-eletro-hidraulico-map-630\/","og_site_name":"ACT Sistemas Hidr\u00e1ulicos","article_modified_time":"2023-10-06T17:12:52+00:00","og_image":[{"width":600,"height":419,"url":"https:\/\/actbr.com.br\/wp-content\/uploads\/2020\/09\/Pressostato-MAP-ATOS-1.jpg","type":"image\/jpeg"}],"twitter_card":"summary_large_image","twitter_misc":{"Tiempo de lectura":"2 minutos"},"schema":{"@context":"https:\/\/schema.org","@graph":[{"@type":"WebPage","@id":"https:\/\/actbr.com.br\/es\/producto\/pressostato-eletro-hidraulico-map-630\/","url":"https:\/\/actbr.com.br\/es\/producto\/pressostato-eletro-hidraulico-map-630\/","name":"Pressostato Eletro hidr\u00e1ulico MAP-630 - ACT Sistemas Hidr\u00e1ulicos","isPartOf":{"@id":"https:\/\/actbr.com.br\/es\/#website"},"primaryImageOfPage":{"@id":"https:\/\/actbr.com.br\/es\/producto\/pressostato-eletro-hidraulico-map-630\/#primaryimage"},"image":{"@id":"https:\/\/actbr.com.br\/es\/producto\/pressostato-eletro-hidraulico-map-630\/#primaryimage"},"thumbnailUrl":"https:\/\/actbr.com.br\/wp-content\/uploads\/2020\/09\/Pressostato-MAP-ATOS-1.jpg","datePublished":"2020-09-29T16:13:48+00:00","dateModified":"2023-10-06T17:12:52+00:00","description":"O Pressostato MAP-630 \u00e9 um pressostato de \u00eambolo, configurado para perceber uma mudan\u00e7a na press\u00e3o e responder por meio de uma liga\u00e7\u00e3o el\u00e9trica.\u00a0","breadcrumb":{"@id":"https:\/\/actbr.com.br\/es\/producto\/pressostato-eletro-hidraulico-map-630\/#breadcrumb"},"inLanguage":"es","potentialAction":[{"@type":"ReadAction","target":["https:\/\/actbr.com.br\/es\/producto\/pressostato-eletro-hidraulico-map-630\/"]}]},{"@type":"ImageObject","inLanguage":"es","@id":"https:\/\/actbr.com.br\/es\/producto\/pressostato-eletro-hidraulico-map-630\/#primaryimage","url":"https:\/\/actbr.com.br\/wp-content\/uploads\/2020\/09\/Pressostato-MAP-ATOS-1.jpg","contentUrl":"https:\/\/actbr.com.br\/wp-content\/uploads\/2020\/09\/Pressostato-MAP-ATOS-1.jpg","width":600,"height":419,"caption":"Pressostato MAP ATOS"},{"@type":"BreadcrumbList","@id":"https:\/\/actbr.com.br\/es\/producto\/pressostato-eletro-hidraulico-map-630\/#breadcrumb","itemListElement":[{"@type":"ListItem","position":1,"name":"Comenzar","item":"https:\/\/actbr.com.br\/es\/"},{"@type":"ListItem","position":2,"name":"Produtos","item":"https:\/\/actbr.com.br\/produtos-act\/"},{"@type":"ListItem","position":3,"name":"Instrumenta\u00e7\u00e3o","item":"https:\/\/actbr.com.br\/es\/categoria-produto\/instrumentacao\/"},{"@type":"ListItem","position":4,"name":"Press\u00e3o","item":"https:\/\/actbr.com.br\/es\/categoria-produto\/instrumentacao\/pressao\/"},{"@type":"ListItem","position":5,"name":"Pressostato Eletro hidr\u00e1ulico MAP-630"}]},{"@type":"WebSite","@id":"https:\/\/actbr.com.br\/es\/#website","url":"https:\/\/actbr.com.br\/es\/","name":"ACT Sistemas Hidr\u00e1ulicos","description":"Fabricaci\u00f3n y mantenimiento de componentes de aceite hidr\u00e1ulico","publisher":{"@id":"https:\/\/actbr.com.br\/es\/#organization"},"potentialAction":[{"@type":"SearchAction","target":{"@type":"EntryPoint","urlTemplate":"https:\/\/actbr.com.br\/es\/?s={search_term_string}"},"query-input":{"@type":"PropertyValueSpecification","valueRequired":true,"valueName":"search_term_string"}}],"inLanguage":"es"},{"@type":"Organization","@id":"https:\/\/actbr.com.br\/es\/#organization","name":"ACT Sistemas Hidr\u00e1ulicos","url":"https:\/\/actbr.com.br\/es\/","logo":{"@type":"ImageObject","inLanguage":"es","@id":"https:\/\/actbr.com.br\/es\/#\/schema\/logo\/image\/","url":"https:\/\/actbr.com.br\/wp-content\/uploads\/2025\/02\/cropped-ACT_NEGATIVO-marca-dagua.png","contentUrl":"https:\/\/actbr.com.br\/wp-content\/uploads\/2025\/02\/cropped-ACT_NEGATIVO-marca-dagua.png","width":240,"height":146,"caption":"ACT Sistemas Hidr\u00e1ulicos"},"image":{"@id":"https:\/\/actbr.com.br\/es\/#\/schema\/logo\/image\/"}}]}},"_links":{"self":[{"href":"https:\/\/actbr.com.br\/es\/wp-json\/wp\/v2\/product\/5381","targetHints":{"allow":["GET"]}}],"collection":[{"href":"https:\/\/actbr.com.br\/es\/wp-json\/wp\/v2\/product"}],"about":[{"href":"https:\/\/actbr.com.br\/es\/wp-json\/wp\/v2\/types\/product"}],"wp:featuredmedia":[{"embeddable":true,"href":"https:\/\/actbr.com.br\/es\/wp-json\/wp\/v2\/media\/7622"}],"wp:attachment":[{"href":"https:\/\/actbr.com.br\/es\/wp-json\/wp\/v2\/media?parent=5381"}],"wp:term":[{"taxonomy":"product_brand","embeddable":true,"href":"https:\/\/actbr.com.br\/es\/wp-json\/wp\/v2\/product_brand?post=5381"},{"taxonomy":"product_cat","embeddable":true,"href":"https:\/\/actbr.com.br\/es\/wp-json\/wp\/v2\/product_cat?post=5381"},{"taxonomy":"product_tag","embeddable":true,"href":"https:\/\/actbr.com.br\/es\/wp-json\/wp\/v2\/product_tag?post=5381"}],"curies":[{"name":"wp","href":"https:\/\/api.w.org\/{rel}","templated":true}]}}