{"id":5451,"date":"2020-09-29T13:15:07","date_gmt":"2020-09-29T16:15:07","guid":{"rendered":"https:\/\/actbr.com.br\/produto\/valvulas-limitadoras-de-pressao-em-linha-db-20-g1-5x-50\/"},"modified":"2023-10-06T16:23:57","modified_gmt":"2023-10-06T19:23:57","slug":"valvula-reguladora-de-pressao-tipo-alivio-em-linha-db-20-g1-5x-50","status":"publish","type":"product","link":"https:\/\/actbr.com.br\/es\/producto\/valvula-reguladora-de-pressao-tipo-alivio-em-linha-db-20-g1-5x-50\/","title":{"rendered":"V\u00e1lvula Reguladora de press\u00e3o tipo al\u00edvio em linha DB-20-G1-5X\/50"},"content":{"rendered":"<p><strong>V\u00e1lvula Limitadora de Press\u00e3o Em Linha DB-20-G1-5X\/50<\/strong><\/p>\n<p>A V\u00e1lvula Limitadora de Press\u00e3o Em Linha DB-20-G1-5X\/50 \u00e9 uma v\u00e1lvula limitadora de press\u00e3o pilotada. Sua fun\u00e7\u00e3o \u00e9 limitar a press\u00e3o de opera\u00e7\u00e3o.<\/p>\n<p>As v\u00e1lvulas limitadoras de press\u00e3o consistem basicamente de v\u00e1lvula principal, com cartucho de \u00eambolo principal e v\u00e1lvula piloto com elemento de ajuste de press\u00e3o.<\/p>\n<p><strong>Caracter\u00edsticas:<\/strong><br \/>\nFixa\u00e7\u00e3o: Em linha (conex\u00f5es roscadas);<br \/>\nRosca: G 1\u2033 (Tamanho nominal 20);<br \/>\nPeso: 5,1 kg;<br \/>\nFaixa de temperatura de trabalho: \u2013 20\u00ba at\u00e9 + 80\u00baC;<br \/>\nVaz\u00e3o m\u00e1xima: 500 litros por minuto;<br \/>\nVeda\u00e7\u00f5es: NBR;<br \/>\nPress\u00e3o m\u00e1xima (Conex\u00e3o P): 350 bar;<br \/>\nPress\u00e3o m\u00e1xima (Conex\u00e3o T): 315 bar;<br \/>\nFlu\u00eddo hidr\u00e1ulico recomendado: \u00d3leo mineral, conforme DIN 51 524;<br \/>\nFaixa de viscosidade: 10 at\u00e9 800 mm2\/s;<br \/>\nTempo de acionamento: 100%;<br \/>\nFaixa de regulagem de press\u00e3o: at\u00e9 50 bar.<\/p>\n","protected":false},"excerpt":{"rendered":"<p>A V\u00e1lvula Limitadora de Press\u00e3o Em Linha DB-20-G1-5X\/50 \u00e9 uma v\u00e1lvula limitadora de press\u00e3o pilotada. Sua fun\u00e7\u00e3o \u00e9 limitar a press\u00e3o de opera\u00e7\u00e3o.<\/p>\n","protected":false},"featured_media":8324,"template":"","meta":[],"product_brand":[],"product_cat":[51,50],"product_tag":[],"class_list":{"0":"post-5451","1":"product","2":"type-product","3":"status-publish","4":"has-post-thumbnail","6":"product_cat-linha-reguladora-de-pressao-alivio","7":"product_cat-valvulas-em-linha","9":"first","10":"instock","11":"virtual","12":"product-type-simple"},"yoast_head":"<!-- This site is optimized with the Yoast SEO plugin v27.2 - https:\/\/yoast.com\/product\/yoast-seo-wordpress\/ -->\n<title>V\u00e1lvula Reguladora de press\u00e3o tipo al\u00edvio em linha DB-20-G1-5X\/50 - ACT Sistemas Hidr\u00e1ulicos<\/title>\n<meta name=\"description\" content=\"A V\u00e1lvula Limitadora de Press\u00e3o Em Linha DB-20-G1-5X\/50 \u00e9 uma v\u00e1lvula limitadora de press\u00e3o pilotada. Sua fun\u00e7\u00e3o \u00e9 limitar a press\u00e3o de opera\u00e7\u00e3o.\" \/>\n<meta name=\"robots\" content=\"index, follow, max-snippet:-1, max-image-preview:large, max-video-preview:-1\" \/>\n<link rel=\"canonical\" href=\"https:\/\/actbr.com.br\/es\/producto\/valvula-reguladora-de-pressao-tipo-alivio-em-linha-db-20-g1-5x-50\/\" \/>\n<meta property=\"og:locale\" content=\"es_ES\" \/>\n<meta property=\"og:type\" content=\"article\" \/>\n<meta property=\"og:title\" content=\"V\u00e1lvula Reguladora de press\u00e3o tipo al\u00edvio em linha DB-20-G1-5X\/50 - ACT Sistemas Hidr\u00e1ulicos\" \/>\n<meta property=\"og:description\" content=\"A V\u00e1lvula Limitadora de Press\u00e3o Em Linha DB-20-G1-5X\/50 \u00e9 uma v\u00e1lvula limitadora de press\u00e3o pilotada. Sua fun\u00e7\u00e3o \u00e9 limitar a press\u00e3o de opera\u00e7\u00e3o.\" \/>\n<meta property=\"og:url\" content=\"https:\/\/actbr.com.br\/es\/producto\/valvula-reguladora-de-pressao-tipo-alivio-em-linha-db-20-g1-5x-50\/\" \/>\n<meta property=\"og:site_name\" content=\"ACT Sistemas Hidr\u00e1ulicos\" \/>\n<meta property=\"article:modified_time\" content=\"2023-10-06T19:23:57+00:00\" \/>\n<meta property=\"og:image\" content=\"https:\/\/actbr.com.br\/wp-content\/uploads\/2020\/09\/DB.jpg\" \/>\n\t<meta property=\"og:image:width\" content=\"630\" \/>\n\t<meta property=\"og:image:height\" content=\"690\" \/>\n\t<meta property=\"og:image:type\" content=\"image\/jpeg\" \/>\n<meta name=\"twitter:card\" content=\"summary_large_image\" \/>\n<meta name=\"twitter:label1\" content=\"Tiempo de lectura\" \/>\n\t<meta name=\"twitter:data1\" content=\"1 minuto\" \/>\n<script type=\"application\/ld+json\" class=\"yoast-schema-graph\">{\"@context\":\"https:\/\/schema.org\",\"@graph\":[{\"@type\":\"WebPage\",\"@id\":\"https:\/\/actbr.com.br\/es\/producto\/valvula-reguladora-de-pressao-tipo-alivio-em-linha-db-20-g1-5x-50\/\",\"url\":\"https:\/\/actbr.com.br\/es\/producto\/valvula-reguladora-de-pressao-tipo-alivio-em-linha-db-20-g1-5x-50\/\",\"name\":\"V\u00e1lvula Reguladora de press\u00e3o tipo al\u00edvio em linha DB-20-G1-5X\/50 - ACT Sistemas Hidr\u00e1ulicos\",\"isPartOf\":{\"@id\":\"https:\/\/actbr.com.br\/es\/#website\"},\"primaryImageOfPage\":{\"@id\":\"https:\/\/actbr.com.br\/es\/producto\/valvula-reguladora-de-pressao-tipo-alivio-em-linha-db-20-g1-5x-50\/#primaryimage\"},\"image\":{\"@id\":\"https:\/\/actbr.com.br\/es\/producto\/valvula-reguladora-de-pressao-tipo-alivio-em-linha-db-20-g1-5x-50\/#primaryimage\"},\"thumbnailUrl\":\"https:\/\/actbr.com.br\/wp-content\/uploads\/2020\/09\/DB.jpg\",\"datePublished\":\"2020-09-29T16:15:07+00:00\",\"dateModified\":\"2023-10-06T19:23:57+00:00\",\"description\":\"A V\u00e1lvula Limitadora de Press\u00e3o Em Linha DB-20-G1-5X\/50 \u00e9 uma v\u00e1lvula limitadora de press\u00e3o pilotada. Sua fun\u00e7\u00e3o \u00e9 limitar a press\u00e3o de opera\u00e7\u00e3o.\",\"breadcrumb\":{\"@id\":\"https:\/\/actbr.com.br\/es\/producto\/valvula-reguladora-de-pressao-tipo-alivio-em-linha-db-20-g1-5x-50\/#breadcrumb\"},\"inLanguage\":\"es\",\"potentialAction\":[{\"@type\":\"ReadAction\",\"target\":[\"https:\/\/actbr.com.br\/es\/producto\/valvula-reguladora-de-pressao-tipo-alivio-em-linha-db-20-g1-5x-50\/\"]}]},{\"@type\":\"ImageObject\",\"inLanguage\":\"es\",\"@id\":\"https:\/\/actbr.com.br\/es\/producto\/valvula-reguladora-de-pressao-tipo-alivio-em-linha-db-20-g1-5x-50\/#primaryimage\",\"url\":\"https:\/\/actbr.com.br\/wp-content\/uploads\/2020\/09\/DB.jpg\",\"contentUrl\":\"https:\/\/actbr.com.br\/wp-content\/uploads\/2020\/09\/DB.jpg\",\"width\":630,\"height\":690,\"caption\":\"V\u00e1lvula Limitadora de Press\u00e3o Em Linha DB\"},{\"@type\":\"BreadcrumbList\",\"@id\":\"https:\/\/actbr.com.br\/es\/producto\/valvula-reguladora-de-pressao-tipo-alivio-em-linha-db-20-g1-5x-50\/#breadcrumb\",\"itemListElement\":[{\"@type\":\"ListItem\",\"position\":1,\"name\":\"Comenzar\",\"item\":\"https:\/\/actbr.com.br\/es\/\"},{\"@type\":\"ListItem\",\"position\":2,\"name\":\"Produtos\",\"item\":\"https:\/\/actbr.com.br\/produtos-act\/\"},{\"@type\":\"ListItem\",\"position\":3,\"name\":\"V\u00e1lvulas em Linha\",\"item\":\"https:\/\/actbr.com.br\/es\/categoria-produto\/valvulas-em-linha\/\"},{\"@type\":\"ListItem\",\"position\":4,\"name\":\"Reguladora de Press\u00e3o - Al\u00edvio\",\"item\":\"https:\/\/actbr.com.br\/es\/categoria-produto\/valvulas-em-linha\/linha-reguladora-de-pressao-alivio\/\"},{\"@type\":\"ListItem\",\"position\":5,\"name\":\"V\u00e1lvula Reguladora de press\u00e3o tipo al\u00edvio em linha DB-20-G1-5X\/50\"}]},{\"@type\":\"WebSite\",\"@id\":\"https:\/\/actbr.com.br\/es\/#website\",\"url\":\"https:\/\/actbr.com.br\/es\/\",\"name\":\"ACT Sistemas Hidr\u00e1ulicos\",\"description\":\"Fabricaci\u00f3n y mantenimiento de componentes de aceite hidr\u00e1ulico\",\"publisher\":{\"@id\":\"https:\/\/actbr.com.br\/es\/#organization\"},\"potentialAction\":[{\"@type\":\"SearchAction\",\"target\":{\"@type\":\"EntryPoint\",\"urlTemplate\":\"https:\/\/actbr.com.br\/es\/?s={search_term_string}\"},\"query-input\":{\"@type\":\"PropertyValueSpecification\",\"valueRequired\":true,\"valueName\":\"search_term_string\"}}],\"inLanguage\":\"es\"},{\"@type\":\"Organization\",\"@id\":\"https:\/\/actbr.com.br\/es\/#organization\",\"name\":\"ACT Sistemas Hidr\u00e1ulicos\",\"url\":\"https:\/\/actbr.com.br\/es\/\",\"logo\":{\"@type\":\"ImageObject\",\"inLanguage\":\"es\",\"@id\":\"https:\/\/actbr.com.br\/es\/#\/schema\/logo\/image\/\",\"url\":\"https:\/\/actbr.com.br\/wp-content\/uploads\/2025\/02\/cropped-ACT_NEGATIVO-marca-dagua.png\",\"contentUrl\":\"https:\/\/actbr.com.br\/wp-content\/uploads\/2025\/02\/cropped-ACT_NEGATIVO-marca-dagua.png\",\"width\":240,\"height\":146,\"caption\":\"ACT Sistemas Hidr\u00e1ulicos\"},\"image\":{\"@id\":\"https:\/\/actbr.com.br\/es\/#\/schema\/logo\/image\/\"}}]}<\/script>\n<!-- \/ Yoast SEO plugin. -->","yoast_head_json":{"title":"V\u00e1lvula Reguladora de press\u00e3o tipo al\u00edvio em linha DB-20-G1-5X\/50 - ACT Sistemas Hidr\u00e1ulicos","description":"A V\u00e1lvula Limitadora de Press\u00e3o Em Linha DB-20-G1-5X\/50 \u00e9 uma v\u00e1lvula limitadora de press\u00e3o pilotada. Sua fun\u00e7\u00e3o \u00e9 limitar a press\u00e3o de opera\u00e7\u00e3o.","robots":{"index":"index","follow":"follow","max-snippet":"max-snippet:-1","max-image-preview":"max-image-preview:large","max-video-preview":"max-video-preview:-1"},"canonical":"https:\/\/actbr.com.br\/es\/producto\/valvula-reguladora-de-pressao-tipo-alivio-em-linha-db-20-g1-5x-50\/","og_locale":"es_ES","og_type":"article","og_title":"V\u00e1lvula Reguladora de press\u00e3o tipo al\u00edvio em linha DB-20-G1-5X\/50 - ACT Sistemas Hidr\u00e1ulicos","og_description":"A V\u00e1lvula Limitadora de Press\u00e3o Em Linha DB-20-G1-5X\/50 \u00e9 uma v\u00e1lvula limitadora de press\u00e3o pilotada. Sua fun\u00e7\u00e3o \u00e9 limitar a press\u00e3o de opera\u00e7\u00e3o.","og_url":"https:\/\/actbr.com.br\/es\/producto\/valvula-reguladora-de-pressao-tipo-alivio-em-linha-db-20-g1-5x-50\/","og_site_name":"ACT Sistemas Hidr\u00e1ulicos","article_modified_time":"2023-10-06T19:23:57+00:00","og_image":[{"width":630,"height":690,"url":"https:\/\/actbr.com.br\/wp-content\/uploads\/2020\/09\/DB.jpg","type":"image\/jpeg"}],"twitter_card":"summary_large_image","twitter_misc":{"Tiempo de lectura":"1 minuto"},"schema":{"@context":"https:\/\/schema.org","@graph":[{"@type":"WebPage","@id":"https:\/\/actbr.com.br\/es\/producto\/valvula-reguladora-de-pressao-tipo-alivio-em-linha-db-20-g1-5x-50\/","url":"https:\/\/actbr.com.br\/es\/producto\/valvula-reguladora-de-pressao-tipo-alivio-em-linha-db-20-g1-5x-50\/","name":"V\u00e1lvula Reguladora de press\u00e3o tipo al\u00edvio em linha DB-20-G1-5X\/50 - ACT Sistemas Hidr\u00e1ulicos","isPartOf":{"@id":"https:\/\/actbr.com.br\/es\/#website"},"primaryImageOfPage":{"@id":"https:\/\/actbr.com.br\/es\/producto\/valvula-reguladora-de-pressao-tipo-alivio-em-linha-db-20-g1-5x-50\/#primaryimage"},"image":{"@id":"https:\/\/actbr.com.br\/es\/producto\/valvula-reguladora-de-pressao-tipo-alivio-em-linha-db-20-g1-5x-50\/#primaryimage"},"thumbnailUrl":"https:\/\/actbr.com.br\/wp-content\/uploads\/2020\/09\/DB.jpg","datePublished":"2020-09-29T16:15:07+00:00","dateModified":"2023-10-06T19:23:57+00:00","description":"A V\u00e1lvula Limitadora de Press\u00e3o Em Linha DB-20-G1-5X\/50 \u00e9 uma v\u00e1lvula limitadora de press\u00e3o pilotada. Sua fun\u00e7\u00e3o \u00e9 limitar a press\u00e3o de opera\u00e7\u00e3o.","breadcrumb":{"@id":"https:\/\/actbr.com.br\/es\/producto\/valvula-reguladora-de-pressao-tipo-alivio-em-linha-db-20-g1-5x-50\/#breadcrumb"},"inLanguage":"es","potentialAction":[{"@type":"ReadAction","target":["https:\/\/actbr.com.br\/es\/producto\/valvula-reguladora-de-pressao-tipo-alivio-em-linha-db-20-g1-5x-50\/"]}]},{"@type":"ImageObject","inLanguage":"es","@id":"https:\/\/actbr.com.br\/es\/producto\/valvula-reguladora-de-pressao-tipo-alivio-em-linha-db-20-g1-5x-50\/#primaryimage","url":"https:\/\/actbr.com.br\/wp-content\/uploads\/2020\/09\/DB.jpg","contentUrl":"https:\/\/actbr.com.br\/wp-content\/uploads\/2020\/09\/DB.jpg","width":630,"height":690,"caption":"V\u00e1lvula Limitadora de Press\u00e3o Em Linha DB"},{"@type":"BreadcrumbList","@id":"https:\/\/actbr.com.br\/es\/producto\/valvula-reguladora-de-pressao-tipo-alivio-em-linha-db-20-g1-5x-50\/#breadcrumb","itemListElement":[{"@type":"ListItem","position":1,"name":"Comenzar","item":"https:\/\/actbr.com.br\/es\/"},{"@type":"ListItem","position":2,"name":"Produtos","item":"https:\/\/actbr.com.br\/produtos-act\/"},{"@type":"ListItem","position":3,"name":"V\u00e1lvulas em Linha","item":"https:\/\/actbr.com.br\/es\/categoria-produto\/valvulas-em-linha\/"},{"@type":"ListItem","position":4,"name":"Reguladora de Press\u00e3o - Al\u00edvio","item":"https:\/\/actbr.com.br\/es\/categoria-produto\/valvulas-em-linha\/linha-reguladora-de-pressao-alivio\/"},{"@type":"ListItem","position":5,"name":"V\u00e1lvula Reguladora de press\u00e3o tipo al\u00edvio em linha DB-20-G1-5X\/50"}]},{"@type":"WebSite","@id":"https:\/\/actbr.com.br\/es\/#website","url":"https:\/\/actbr.com.br\/es\/","name":"ACT Sistemas Hidr\u00e1ulicos","description":"Fabricaci\u00f3n y mantenimiento de componentes de aceite hidr\u00e1ulico","publisher":{"@id":"https:\/\/actbr.com.br\/es\/#organization"},"potentialAction":[{"@type":"SearchAction","target":{"@type":"EntryPoint","urlTemplate":"https:\/\/actbr.com.br\/es\/?s={search_term_string}"},"query-input":{"@type":"PropertyValueSpecification","valueRequired":true,"valueName":"search_term_string"}}],"inLanguage":"es"},{"@type":"Organization","@id":"https:\/\/actbr.com.br\/es\/#organization","name":"ACT Sistemas Hidr\u00e1ulicos","url":"https:\/\/actbr.com.br\/es\/","logo":{"@type":"ImageObject","inLanguage":"es","@id":"https:\/\/actbr.com.br\/es\/#\/schema\/logo\/image\/","url":"https:\/\/actbr.com.br\/wp-content\/uploads\/2025\/02\/cropped-ACT_NEGATIVO-marca-dagua.png","contentUrl":"https:\/\/actbr.com.br\/wp-content\/uploads\/2025\/02\/cropped-ACT_NEGATIVO-marca-dagua.png","width":240,"height":146,"caption":"ACT Sistemas Hidr\u00e1ulicos"},"image":{"@id":"https:\/\/actbr.com.br\/es\/#\/schema\/logo\/image\/"}}]}},"_links":{"self":[{"href":"https:\/\/actbr.com.br\/es\/wp-json\/wp\/v2\/product\/5451","targetHints":{"allow":["GET"]}}],"collection":[{"href":"https:\/\/actbr.com.br\/es\/wp-json\/wp\/v2\/product"}],"about":[{"href":"https:\/\/actbr.com.br\/es\/wp-json\/wp\/v2\/types\/product"}],"wp:featuredmedia":[{"embeddable":true,"href":"https:\/\/actbr.com.br\/es\/wp-json\/wp\/v2\/media\/8324"}],"wp:attachment":[{"href":"https:\/\/actbr.com.br\/es\/wp-json\/wp\/v2\/media?parent=5451"}],"wp:term":[{"taxonomy":"product_brand","embeddable":true,"href":"https:\/\/actbr.com.br\/es\/wp-json\/wp\/v2\/product_brand?post=5451"},{"taxonomy":"product_cat","embeddable":true,"href":"https:\/\/actbr.com.br\/es\/wp-json\/wp\/v2\/product_cat?post=5451"},{"taxonomy":"product_tag","embeddable":true,"href":"https:\/\/actbr.com.br\/es\/wp-json\/wp\/v2\/product_tag?post=5451"}],"curies":[{"name":"wp","href":"https:\/\/api.w.org\/{rel}","templated":true}]}}