{"id":5503,"date":"2020-09-29T13:15:44","date_gmt":"2020-09-29T16:15:44","guid":{"rendered":"https:\/\/actbr.com.br\/produto\/sp-cou-220dc-atos-spcou220dc-bobina-solenoide\/"},"modified":"2023-10-16T13:23:33","modified_gmt":"2023-10-16T16:23:33","slug":"bobina-solenoide-padrao-atos-sp-cou-220dc-atos","status":"publish","type":"product","link":"https:\/\/actbr.com.br\/es\/producto\/bobina-solenoide-padrao-atos-sp-cou-220dc-atos\/","title":{"rendered":"Bobina Solenoide Padr\u00e3o ATOS SP-COU-220DC ATOS"},"content":{"rendered":"<p>A SP-COU-220DC ATOS (SPCOU220DC) \u00e9 uma bobina solenoide para as v\u00e1lvulas ATOS, nas vers\u00f5es DHI e DHU.<\/p>\n<p><strong>Informa\u00e7\u00f5es t\u00e9cnicas:<\/strong><br \/>\nTipo de tens\u00e3o: Corrente cont\u00ednua (220 DC);<br \/>\nPeso: 171 gramas;<br \/>\nComprimento: 39mm;<br \/>\nDi\u00e2metro interno: 18mm;<br \/>\nCor: Preto e rosa (etiqueta frontal);<br \/>\nToler\u00e2ncia de tens\u00e3o (tens\u00e3o nominal): + ou \u2013 10%;<br \/>\nPot\u00eancia absorvida: 33W;<br \/>\nTempo de acionamento: Uso cont\u00ednuo;<br \/>\nTempo de comuta\u00e7\u00e3o: Liga 20 a 48 ms \/ desliga 8 a 4 ms;<br \/>\nFrequ\u00eancia de liga\u00e7\u00f5es: at\u00e9 15.000 lig\/h;<br \/>\nTipo de prote\u00e7\u00e3o: IP 65;<br \/>\nTemperatura de opera\u00e7\u00e3o: -20\u00baC a + 50\u00baC;<br \/>\nTipo de conector: DIN 43650 ISO4400 \u2013 Formato \u00abA\u00bb;<br \/>\nClasse de isola\u00e7\u00e3o: \u00abB\u00bb e \u00abH\u00bb.<\/p>\n","protected":false},"excerpt":{"rendered":"<p>A SP-COU-220DC ATOS (SPCOU220DC) \u00e9 uma bobina solenoide para as v\u00e1lvulas ATOS, nas vers\u00f5es DHI e DHU.<\/p>\n","protected":false},"featured_media":7329,"template":"","meta":[],"product_brand":[],"product_cat":[37,96],"product_tag":[],"class_list":{"0":"post-5503","1":"product","2":"type-product","3":"status-publish","4":"has-post-thumbnail","6":"product_cat-avulsos","7":"product_cat-bobina-padrao-atos","9":"first","10":"instock","11":"virtual","12":"product-type-simple"},"yoast_head":"<!-- This site is optimized with the Yoast SEO plugin v27.2 - https:\/\/yoast.com\/product\/yoast-seo-wordpress\/ -->\n<title>Bobina Solenoide Padr\u00e3o ATOS SP-COU-220DC ATOS - ACT Sistemas Hidr\u00e1ulicos<\/title>\n<meta name=\"description\" content=\"A SP-COU-220DC ATOS (SPCOU220DC) \u00e9 uma bobina solenoide para as v\u00e1lvulas ATOS, nas vers\u00f5es DHI e DHU.\" \/>\n<meta name=\"robots\" content=\"index, follow, max-snippet:-1, max-image-preview:large, max-video-preview:-1\" \/>\n<link rel=\"canonical\" href=\"https:\/\/actbr.com.br\/es\/producto\/bobina-solenoide-padrao-atos-sp-cou-220dc-atos\/\" \/>\n<meta property=\"og:locale\" content=\"es_ES\" \/>\n<meta property=\"og:type\" content=\"article\" \/>\n<meta property=\"og:title\" content=\"Bobina Solenoide Padr\u00e3o ATOS SP-COU-220DC ATOS - ACT Sistemas Hidr\u00e1ulicos\" \/>\n<meta property=\"og:description\" content=\"A SP-COU-220DC ATOS (SPCOU220DC) \u00e9 uma bobina solenoide para as v\u00e1lvulas ATOS, nas vers\u00f5es DHI e DHU.\" \/>\n<meta property=\"og:url\" content=\"https:\/\/actbr.com.br\/es\/producto\/bobina-solenoide-padrao-atos-sp-cou-220dc-atos\/\" \/>\n<meta property=\"og:site_name\" content=\"ACT Sistemas Hidr\u00e1ulicos\" \/>\n<meta property=\"article:modified_time\" content=\"2023-10-16T16:23:33+00:00\" \/>\n<meta property=\"og:image\" content=\"https:\/\/actbr.com.br\/wp-content\/uploads\/2023\/06\/SP-COI.jpg\" \/>\n\t<meta property=\"og:image:width\" content=\"400\" \/>\n\t<meta property=\"og:image:height\" content=\"295\" \/>\n\t<meta property=\"og:image:type\" content=\"image\/jpeg\" \/>\n<meta name=\"twitter:card\" content=\"summary_large_image\" \/>\n<meta name=\"twitter:label1\" content=\"Tiempo de lectura\" \/>\n\t<meta name=\"twitter:data1\" content=\"1 minuto\" \/>\n<script type=\"application\/ld+json\" class=\"yoast-schema-graph\">{\"@context\":\"https:\/\/schema.org\",\"@graph\":[{\"@type\":\"WebPage\",\"@id\":\"https:\/\/actbr.com.br\/es\/producto\/bobina-solenoide-padrao-atos-sp-cou-220dc-atos\/\",\"url\":\"https:\/\/actbr.com.br\/es\/producto\/bobina-solenoide-padrao-atos-sp-cou-220dc-atos\/\",\"name\":\"Bobina Solenoide Padr\u00e3o ATOS SP-COU-220DC ATOS - ACT Sistemas Hidr\u00e1ulicos\",\"isPartOf\":{\"@id\":\"https:\/\/actbr.com.br\/es\/#website\"},\"primaryImageOfPage\":{\"@id\":\"https:\/\/actbr.com.br\/es\/producto\/bobina-solenoide-padrao-atos-sp-cou-220dc-atos\/#primaryimage\"},\"image\":{\"@id\":\"https:\/\/actbr.com.br\/es\/producto\/bobina-solenoide-padrao-atos-sp-cou-220dc-atos\/#primaryimage\"},\"thumbnailUrl\":\"https:\/\/actbr.com.br\/wp-content\/uploads\/2023\/06\/SP-COI.jpg\",\"datePublished\":\"2020-09-29T16:15:44+00:00\",\"dateModified\":\"2023-10-16T16:23:33+00:00\",\"description\":\"A SP-COU-220DC ATOS (SPCOU220DC) \u00e9 uma bobina solenoide para as v\u00e1lvulas ATOS, nas vers\u00f5es DHI e DHU.\",\"breadcrumb\":{\"@id\":\"https:\/\/actbr.com.br\/es\/producto\/bobina-solenoide-padrao-atos-sp-cou-220dc-atos\/#breadcrumb\"},\"inLanguage\":\"es\",\"potentialAction\":[{\"@type\":\"ReadAction\",\"target\":[\"https:\/\/actbr.com.br\/es\/producto\/bobina-solenoide-padrao-atos-sp-cou-220dc-atos\/\"]}]},{\"@type\":\"ImageObject\",\"inLanguage\":\"es\",\"@id\":\"https:\/\/actbr.com.br\/es\/producto\/bobina-solenoide-padrao-atos-sp-cou-220dc-atos\/#primaryimage\",\"url\":\"https:\/\/actbr.com.br\/wp-content\/uploads\/2023\/06\/SP-COI.jpg\",\"contentUrl\":\"https:\/\/actbr.com.br\/wp-content\/uploads\/2023\/06\/SP-COI.jpg\",\"width\":400,\"height\":295,\"caption\":\"SP-COI\"},{\"@type\":\"BreadcrumbList\",\"@id\":\"https:\/\/actbr.com.br\/es\/producto\/bobina-solenoide-padrao-atos-sp-cou-220dc-atos\/#breadcrumb\",\"itemListElement\":[{\"@type\":\"ListItem\",\"position\":1,\"name\":\"Comenzar\",\"item\":\"https:\/\/actbr.com.br\/es\/\"},{\"@type\":\"ListItem\",\"position\":2,\"name\":\"Produtos\",\"item\":\"https:\/\/actbr.com.br\/produtos-act\/\"},{\"@type\":\"ListItem\",\"position\":3,\"name\":\"Avulsos\",\"item\":\"https:\/\/actbr.com.br\/es\/categoria-produto\/avulsos\/\"},{\"@type\":\"ListItem\",\"position\":4,\"name\":\"Bobina - Padr\u00e3o Atos\",\"item\":\"https:\/\/actbr.com.br\/es\/categoria-produto\/avulsos\/bobina-padrao-atos\/\"},{\"@type\":\"ListItem\",\"position\":5,\"name\":\"Bobina Solenoide Padr\u00e3o ATOS SP-COU-220DC ATOS\"}]},{\"@type\":\"WebSite\",\"@id\":\"https:\/\/actbr.com.br\/es\/#website\",\"url\":\"https:\/\/actbr.com.br\/es\/\",\"name\":\"ACT Sistemas Hidr\u00e1ulicos\",\"description\":\"Fabricaci\u00f3n y mantenimiento de componentes de aceite hidr\u00e1ulico\",\"publisher\":{\"@id\":\"https:\/\/actbr.com.br\/es\/#organization\"},\"potentialAction\":[{\"@type\":\"SearchAction\",\"target\":{\"@type\":\"EntryPoint\",\"urlTemplate\":\"https:\/\/actbr.com.br\/es\/?s={search_term_string}\"},\"query-input\":{\"@type\":\"PropertyValueSpecification\",\"valueRequired\":true,\"valueName\":\"search_term_string\"}}],\"inLanguage\":\"es\"},{\"@type\":\"Organization\",\"@id\":\"https:\/\/actbr.com.br\/es\/#organization\",\"name\":\"ACT Sistemas Hidr\u00e1ulicos\",\"url\":\"https:\/\/actbr.com.br\/es\/\",\"logo\":{\"@type\":\"ImageObject\",\"inLanguage\":\"es\",\"@id\":\"https:\/\/actbr.com.br\/es\/#\/schema\/logo\/image\/\",\"url\":\"https:\/\/actbr.com.br\/wp-content\/uploads\/2025\/02\/cropped-ACT_NEGATIVO-marca-dagua.png\",\"contentUrl\":\"https:\/\/actbr.com.br\/wp-content\/uploads\/2025\/02\/cropped-ACT_NEGATIVO-marca-dagua.png\",\"width\":240,\"height\":146,\"caption\":\"ACT Sistemas Hidr\u00e1ulicos\"},\"image\":{\"@id\":\"https:\/\/actbr.com.br\/es\/#\/schema\/logo\/image\/\"}}]}<\/script>\n<!-- \/ Yoast SEO plugin. -->","yoast_head_json":{"title":"Bobina Solenoide Padr\u00e3o ATOS SP-COU-220DC ATOS - ACT Sistemas Hidr\u00e1ulicos","description":"A SP-COU-220DC ATOS (SPCOU220DC) \u00e9 uma bobina solenoide para as v\u00e1lvulas ATOS, nas vers\u00f5es DHI e DHU.","robots":{"index":"index","follow":"follow","max-snippet":"max-snippet:-1","max-image-preview":"max-image-preview:large","max-video-preview":"max-video-preview:-1"},"canonical":"https:\/\/actbr.com.br\/es\/producto\/bobina-solenoide-padrao-atos-sp-cou-220dc-atos\/","og_locale":"es_ES","og_type":"article","og_title":"Bobina Solenoide Padr\u00e3o ATOS SP-COU-220DC ATOS - ACT Sistemas Hidr\u00e1ulicos","og_description":"A SP-COU-220DC ATOS (SPCOU220DC) \u00e9 uma bobina solenoide para as v\u00e1lvulas ATOS, nas vers\u00f5es DHI e DHU.","og_url":"https:\/\/actbr.com.br\/es\/producto\/bobina-solenoide-padrao-atos-sp-cou-220dc-atos\/","og_site_name":"ACT Sistemas Hidr\u00e1ulicos","article_modified_time":"2023-10-16T16:23:33+00:00","og_image":[{"width":400,"height":295,"url":"https:\/\/actbr.com.br\/wp-content\/uploads\/2023\/06\/SP-COI.jpg","type":"image\/jpeg"}],"twitter_card":"summary_large_image","twitter_misc":{"Tiempo de lectura":"1 minuto"},"schema":{"@context":"https:\/\/schema.org","@graph":[{"@type":"WebPage","@id":"https:\/\/actbr.com.br\/es\/producto\/bobina-solenoide-padrao-atos-sp-cou-220dc-atos\/","url":"https:\/\/actbr.com.br\/es\/producto\/bobina-solenoide-padrao-atos-sp-cou-220dc-atos\/","name":"Bobina Solenoide Padr\u00e3o ATOS SP-COU-220DC ATOS - ACT Sistemas Hidr\u00e1ulicos","isPartOf":{"@id":"https:\/\/actbr.com.br\/es\/#website"},"primaryImageOfPage":{"@id":"https:\/\/actbr.com.br\/es\/producto\/bobina-solenoide-padrao-atos-sp-cou-220dc-atos\/#primaryimage"},"image":{"@id":"https:\/\/actbr.com.br\/es\/producto\/bobina-solenoide-padrao-atos-sp-cou-220dc-atos\/#primaryimage"},"thumbnailUrl":"https:\/\/actbr.com.br\/wp-content\/uploads\/2023\/06\/SP-COI.jpg","datePublished":"2020-09-29T16:15:44+00:00","dateModified":"2023-10-16T16:23:33+00:00","description":"A SP-COU-220DC ATOS (SPCOU220DC) \u00e9 uma bobina solenoide para as v\u00e1lvulas ATOS, nas vers\u00f5es DHI e DHU.","breadcrumb":{"@id":"https:\/\/actbr.com.br\/es\/producto\/bobina-solenoide-padrao-atos-sp-cou-220dc-atos\/#breadcrumb"},"inLanguage":"es","potentialAction":[{"@type":"ReadAction","target":["https:\/\/actbr.com.br\/es\/producto\/bobina-solenoide-padrao-atos-sp-cou-220dc-atos\/"]}]},{"@type":"ImageObject","inLanguage":"es","@id":"https:\/\/actbr.com.br\/es\/producto\/bobina-solenoide-padrao-atos-sp-cou-220dc-atos\/#primaryimage","url":"https:\/\/actbr.com.br\/wp-content\/uploads\/2023\/06\/SP-COI.jpg","contentUrl":"https:\/\/actbr.com.br\/wp-content\/uploads\/2023\/06\/SP-COI.jpg","width":400,"height":295,"caption":"SP-COI"},{"@type":"BreadcrumbList","@id":"https:\/\/actbr.com.br\/es\/producto\/bobina-solenoide-padrao-atos-sp-cou-220dc-atos\/#breadcrumb","itemListElement":[{"@type":"ListItem","position":1,"name":"Comenzar","item":"https:\/\/actbr.com.br\/es\/"},{"@type":"ListItem","position":2,"name":"Produtos","item":"https:\/\/actbr.com.br\/produtos-act\/"},{"@type":"ListItem","position":3,"name":"Avulsos","item":"https:\/\/actbr.com.br\/es\/categoria-produto\/avulsos\/"},{"@type":"ListItem","position":4,"name":"Bobina - Padr\u00e3o Atos","item":"https:\/\/actbr.com.br\/es\/categoria-produto\/avulsos\/bobina-padrao-atos\/"},{"@type":"ListItem","position":5,"name":"Bobina Solenoide Padr\u00e3o ATOS SP-COU-220DC ATOS"}]},{"@type":"WebSite","@id":"https:\/\/actbr.com.br\/es\/#website","url":"https:\/\/actbr.com.br\/es\/","name":"ACT Sistemas Hidr\u00e1ulicos","description":"Fabricaci\u00f3n y mantenimiento de componentes de aceite hidr\u00e1ulico","publisher":{"@id":"https:\/\/actbr.com.br\/es\/#organization"},"potentialAction":[{"@type":"SearchAction","target":{"@type":"EntryPoint","urlTemplate":"https:\/\/actbr.com.br\/es\/?s={search_term_string}"},"query-input":{"@type":"PropertyValueSpecification","valueRequired":true,"valueName":"search_term_string"}}],"inLanguage":"es"},{"@type":"Organization","@id":"https:\/\/actbr.com.br\/es\/#organization","name":"ACT Sistemas Hidr\u00e1ulicos","url":"https:\/\/actbr.com.br\/es\/","logo":{"@type":"ImageObject","inLanguage":"es","@id":"https:\/\/actbr.com.br\/es\/#\/schema\/logo\/image\/","url":"https:\/\/actbr.com.br\/wp-content\/uploads\/2025\/02\/cropped-ACT_NEGATIVO-marca-dagua.png","contentUrl":"https:\/\/actbr.com.br\/wp-content\/uploads\/2025\/02\/cropped-ACT_NEGATIVO-marca-dagua.png","width":240,"height":146,"caption":"ACT Sistemas Hidr\u00e1ulicos"},"image":{"@id":"https:\/\/actbr.com.br\/es\/#\/schema\/logo\/image\/"}}]}},"_links":{"self":[{"href":"https:\/\/actbr.com.br\/es\/wp-json\/wp\/v2\/product\/5503","targetHints":{"allow":["GET"]}}],"collection":[{"href":"https:\/\/actbr.com.br\/es\/wp-json\/wp\/v2\/product"}],"about":[{"href":"https:\/\/actbr.com.br\/es\/wp-json\/wp\/v2\/types\/product"}],"wp:featuredmedia":[{"embeddable":true,"href":"https:\/\/actbr.com.br\/es\/wp-json\/wp\/v2\/media\/7329"}],"wp:attachment":[{"href":"https:\/\/actbr.com.br\/es\/wp-json\/wp\/v2\/media?parent=5503"}],"wp:term":[{"taxonomy":"product_brand","embeddable":true,"href":"https:\/\/actbr.com.br\/es\/wp-json\/wp\/v2\/product_brand?post=5503"},{"taxonomy":"product_cat","embeddable":true,"href":"https:\/\/actbr.com.br\/es\/wp-json\/wp\/v2\/product_cat?post=5503"},{"taxonomy":"product_tag","embeddable":true,"href":"https:\/\/actbr.com.br\/es\/wp-json\/wp\/v2\/product_tag?post=5503"}],"curies":[{"name":"wp","href":"https:\/\/api.w.org\/{rel}","templated":true}]}}