{"id":5641,"date":"2020-09-29T13:17:57","date_gmt":"2020-09-29T16:17:57","guid":{"rendered":"https:\/\/actbr.com.br\/produto\/hs-cooler-ks12-acn-421-l400\/"},"modified":"2023-07-13T15:45:09","modified_gmt":"2023-07-13T18:45:09","slug":"ks12-acn-421-l400","status":"publish","type":"product","link":"https:\/\/actbr.com.br\/es\/producto\/ks12-acn-421-l400\/","title":{"rendered":"KS12-ACN-421-L400"},"content":{"rendered":"<p><strong>HS COOLER KS12-ACN-421-L400<\/strong><\/p>\n<p>O Trocador de Calor HS COOLER KS12-ACN-421-L400 mant\u00e9m as temperaturas em equil\u00edbrio dentro de um sistema, transferindo calor entre os fluidos.<\/p>\n<p>A S\u00e9rie KS \u00e9 uma s\u00e9rie padronizada de trocadores de calor para refrigera\u00e7\u00e3o a \u00f3leo, ar, g\u00e1s e refrigerante.<\/p>\n<p>As combina\u00e7\u00f5es de materiais e componentes permitem a adapta\u00e7\u00e3o dos trocadores de calor HS COOLER (s\u00e9rie KS) a uma variedade de condi\u00e7\u00f5es operacionais.<\/p>\n<p>Al\u00e9m disso, o formato compacto facilita a integra\u00e7\u00e3o ideal dos trocadores de calor no projeto de uma instala\u00e7\u00e3o.<\/p>\n<p>Layout estrutural montado individualmente para cada aplica\u00e7\u00e3o, de acordo com os par\u00e2metros t\u00e9cnicos fornecidos pelo cliente.<\/p>\n<p>Para aplica\u00e7\u00f5es com qualidade de \u00e1gua problem\u00e1tica (alta contamina\u00e7\u00e3o), os trocadores de calor podem ser equipados (do lado \u00ab\u00e1gua\u00bb) com um revestimento de queima incorporando prote\u00e7\u00e3o aprimorada contra corros\u00e3o e incrusta\u00e7\u00e3o ou com feixes de tubos de tit\u00e2nio.<\/p>\n<h5><strong>Informa\u00e7\u00f5es t\u00e9cnicas:<\/strong><\/h5>\n<p>Di\u00e2metro do tubo da carca\u00e7a: DN100, DN125, DN200 e DN250;<br \/>\nMaterial do tubo: CuNi10Fe1Mn, 1.4404, tit\u00e2nio;<br \/>\nComprimento do trocador: at\u00e9 3600 mm;<br \/>\nCapacidade de aquecimento: 1 kW at\u00e9 1500 kW.<\/p>\n<p>Princ\u00edpio b\u00e1sico dos trocadores de calor da s\u00e9rie KS: definido pelas superf\u00edcies denominadas \u00abtubo aletado\u00bb, consistem em feixes de tubos com tubos retos, equipados do lado de fora com l\u00e2minas (aletas) de alum\u00ednio ou cobre.<\/p>\n<p>As altas taxas de superf\u00edcie de troca permitem que meios com caracter\u00edsticas de troca de calor muito diferentes sejam incorporados em um trocador de calor de maneira extremamente eficiente e compacta.<\/p>\n<p>O alto n\u00edvel de padroniza\u00e7\u00e3o e o formato compacto proporcionam um produto comercialmente e tecnicamente muito atraente. O design e a produ\u00e7\u00e3o est\u00e3o em conformidade com as especifica\u00e7\u00f5es PED 2014\/68 \/ EU, portanto, aprovado por todas as organiza\u00e7\u00f5es de certifica\u00e7\u00e3o respeitadas.<\/p>\n<p><strong>Vantagens da s\u00e9rie KS:<\/strong><br \/>\nConstru\u00e7\u00e3o compacta;<br \/>\nTrocadores leves;<br \/>\nBaixa perda de press\u00e3o;<br \/>\nSensibilidade muito baixa \u00e0 vibra\u00e7\u00e3o;<br \/>\nVeda\u00e7\u00f5es em O-ring duplo;<br \/>\nFeixes de tubos remov\u00edveis em ambos os lados;<br \/>\nBaixos requisitos de servi\u00e7o e manuten\u00e7\u00e3o;<br \/>\n\u00d3tima rela\u00e7\u00e3o custo benef\u00edcio.<\/p>\n<p>&nbsp;<\/p>\n","protected":false},"excerpt":{"rendered":"<p>O Trocador de Calor HS COOLER KS12-ACN-421-L400 mant\u00e9m as temperaturas em equil\u00edbrio dentro de um sistema, transferindo calor entre os fluidos.<\/p>\n","protected":false},"featured_media":7317,"template":"","meta":[],"product_brand":[],"product_cat":[169,77],"product_tag":[],"class_list":{"0":"post-5641","1":"product","2":"type-product","3":"status-publish","4":"has-post-thumbnail","6":"product_cat-casco-e-tubo","7":"product_cat-trocadores-de-calor","9":"first","10":"instock","11":"virtual","12":"product-type-simple"},"yoast_head":"<!-- This site is optimized with the Yoast SEO plugin v27.2 - https:\/\/yoast.com\/product\/yoast-seo-wordpress\/ -->\n<title>KS12-ACN-421-L400 - ACT Sistemas Hidr\u00e1ulicos<\/title>\n<meta name=\"description\" content=\"O Trocador de Calor HS COOLER KS12-ACN-421-L400 mant\u00e9m as temperaturas em equil\u00edbrio dentro de um sistema, transferindo calor entre os fluidos.\" \/>\n<meta name=\"robots\" content=\"index, follow, max-snippet:-1, max-image-preview:large, max-video-preview:-1\" \/>\n<link rel=\"canonical\" href=\"https:\/\/actbr.com.br\/es\/producto\/ks12-acn-421-l400\/\" \/>\n<meta property=\"og:locale\" content=\"es_ES\" \/>\n<meta property=\"og:type\" content=\"article\" \/>\n<meta property=\"og:title\" content=\"KS12-ACN-421-L400 - ACT Sistemas Hidr\u00e1ulicos\" \/>\n<meta property=\"og:description\" content=\"O Trocador de Calor HS COOLER KS12-ACN-421-L400 mant\u00e9m as temperaturas em equil\u00edbrio dentro de um sistema, transferindo calor entre os fluidos.\" \/>\n<meta property=\"og:url\" content=\"https:\/\/actbr.com.br\/es\/producto\/ks12-acn-421-l400\/\" \/>\n<meta property=\"og:site_name\" content=\"ACT Sistemas Hidr\u00e1ulicos\" \/>\n<meta property=\"article:modified_time\" content=\"2023-07-13T18:45:09+00:00\" \/>\n<meta property=\"og:image\" content=\"https:\/\/actbr.com.br\/wp-content\/uploads\/2020\/09\/HS-COOLER-KS12-ACN-421-L400.jpg\" \/>\n\t<meta property=\"og:image:width\" content=\"520\" \/>\n\t<meta property=\"og:image:height\" content=\"330\" \/>\n\t<meta property=\"og:image:type\" content=\"image\/jpeg\" \/>\n<meta name=\"twitter:card\" content=\"summary_large_image\" \/>\n<meta name=\"twitter:label1\" content=\"Tiempo de lectura\" \/>\n\t<meta name=\"twitter:data1\" content=\"2 minutos\" \/>\n<script type=\"application\/ld+json\" class=\"yoast-schema-graph\">{\"@context\":\"https:\/\/schema.org\",\"@graph\":[{\"@type\":\"WebPage\",\"@id\":\"https:\/\/actbr.com.br\/es\/producto\/ks12-acn-421-l400\/\",\"url\":\"https:\/\/actbr.com.br\/es\/producto\/ks12-acn-421-l400\/\",\"name\":\"KS12-ACN-421-L400 - ACT Sistemas Hidr\u00e1ulicos\",\"isPartOf\":{\"@id\":\"https:\/\/actbr.com.br\/es\/#website\"},\"primaryImageOfPage\":{\"@id\":\"https:\/\/actbr.com.br\/es\/producto\/ks12-acn-421-l400\/#primaryimage\"},\"image\":{\"@id\":\"https:\/\/actbr.com.br\/es\/producto\/ks12-acn-421-l400\/#primaryimage\"},\"thumbnailUrl\":\"https:\/\/actbr.com.br\/wp-content\/uploads\/2020\/09\/HS-COOLER-KS12-ACN-421-L400.jpg\",\"datePublished\":\"2020-09-29T16:17:57+00:00\",\"dateModified\":\"2023-07-13T18:45:09+00:00\",\"description\":\"O Trocador de Calor HS COOLER KS12-ACN-421-L400 mant\u00e9m as temperaturas em equil\u00edbrio dentro de um sistema, transferindo calor entre os fluidos.\",\"breadcrumb\":{\"@id\":\"https:\/\/actbr.com.br\/es\/producto\/ks12-acn-421-l400\/#breadcrumb\"},\"inLanguage\":\"es\",\"potentialAction\":[{\"@type\":\"ReadAction\",\"target\":[\"https:\/\/actbr.com.br\/es\/producto\/ks12-acn-421-l400\/\"]}]},{\"@type\":\"ImageObject\",\"inLanguage\":\"es\",\"@id\":\"https:\/\/actbr.com.br\/es\/producto\/ks12-acn-421-l400\/#primaryimage\",\"url\":\"https:\/\/actbr.com.br\/wp-content\/uploads\/2020\/09\/HS-COOLER-KS12-ACN-421-L400.jpg\",\"contentUrl\":\"https:\/\/actbr.com.br\/wp-content\/uploads\/2020\/09\/HS-COOLER-KS12-ACN-421-L400.jpg\",\"width\":520,\"height\":330,\"caption\":\"HS COOLER KS12-ACN-421-L400\"},{\"@type\":\"BreadcrumbList\",\"@id\":\"https:\/\/actbr.com.br\/es\/producto\/ks12-acn-421-l400\/#breadcrumb\",\"itemListElement\":[{\"@type\":\"ListItem\",\"position\":1,\"name\":\"Comenzar\",\"item\":\"https:\/\/actbr.com.br\/es\/\"},{\"@type\":\"ListItem\",\"position\":2,\"name\":\"Produtos\",\"item\":\"https:\/\/actbr.com.br\/produtos-act\/\"},{\"@type\":\"ListItem\",\"position\":3,\"name\":\"Trocadores de Calor\",\"item\":\"https:\/\/actbr.com.br\/es\/categoria-produto\/trocadores-de-calor\/\"},{\"@type\":\"ListItem\",\"position\":4,\"name\":\"Trocador de Calor Casco e Tubo\",\"item\":\"https:\/\/actbr.com.br\/es\/categoria-produto\/trocadores-de-calor\/casco-e-tubo\/\"},{\"@type\":\"ListItem\",\"position\":5,\"name\":\"KS12-ACN-421-L400\"}]},{\"@type\":\"WebSite\",\"@id\":\"https:\/\/actbr.com.br\/es\/#website\",\"url\":\"https:\/\/actbr.com.br\/es\/\",\"name\":\"ACT Sistemas Hidr\u00e1ulicos\",\"description\":\"Fabricaci\u00f3n y mantenimiento de componentes de aceite hidr\u00e1ulico\",\"publisher\":{\"@id\":\"https:\/\/actbr.com.br\/es\/#organization\"},\"potentialAction\":[{\"@type\":\"SearchAction\",\"target\":{\"@type\":\"EntryPoint\",\"urlTemplate\":\"https:\/\/actbr.com.br\/es\/?s={search_term_string}\"},\"query-input\":{\"@type\":\"PropertyValueSpecification\",\"valueRequired\":true,\"valueName\":\"search_term_string\"}}],\"inLanguage\":\"es\"},{\"@type\":\"Organization\",\"@id\":\"https:\/\/actbr.com.br\/es\/#organization\",\"name\":\"ACT Sistemas Hidr\u00e1ulicos\",\"url\":\"https:\/\/actbr.com.br\/es\/\",\"logo\":{\"@type\":\"ImageObject\",\"inLanguage\":\"es\",\"@id\":\"https:\/\/actbr.com.br\/es\/#\/schema\/logo\/image\/\",\"url\":\"https:\/\/actbr.com.br\/wp-content\/uploads\/2025\/02\/cropped-ACT_NEGATIVO-marca-dagua.png\",\"contentUrl\":\"https:\/\/actbr.com.br\/wp-content\/uploads\/2025\/02\/cropped-ACT_NEGATIVO-marca-dagua.png\",\"width\":240,\"height\":146,\"caption\":\"ACT Sistemas Hidr\u00e1ulicos\"},\"image\":{\"@id\":\"https:\/\/actbr.com.br\/es\/#\/schema\/logo\/image\/\"}}]}<\/script>\n<!-- \/ Yoast SEO plugin. -->","yoast_head_json":{"title":"KS12-ACN-421-L400 - ACT Sistemas Hidr\u00e1ulicos","description":"O Trocador de Calor HS COOLER KS12-ACN-421-L400 mant\u00e9m as temperaturas em equil\u00edbrio dentro de um sistema, transferindo calor entre os fluidos.","robots":{"index":"index","follow":"follow","max-snippet":"max-snippet:-1","max-image-preview":"max-image-preview:large","max-video-preview":"max-video-preview:-1"},"canonical":"https:\/\/actbr.com.br\/es\/producto\/ks12-acn-421-l400\/","og_locale":"es_ES","og_type":"article","og_title":"KS12-ACN-421-L400 - ACT Sistemas Hidr\u00e1ulicos","og_description":"O Trocador de Calor HS COOLER KS12-ACN-421-L400 mant\u00e9m as temperaturas em equil\u00edbrio dentro de um sistema, transferindo calor entre os fluidos.","og_url":"https:\/\/actbr.com.br\/es\/producto\/ks12-acn-421-l400\/","og_site_name":"ACT Sistemas Hidr\u00e1ulicos","article_modified_time":"2023-07-13T18:45:09+00:00","og_image":[{"width":520,"height":330,"url":"https:\/\/actbr.com.br\/wp-content\/uploads\/2020\/09\/HS-COOLER-KS12-ACN-421-L400.jpg","type":"image\/jpeg"}],"twitter_card":"summary_large_image","twitter_misc":{"Tiempo de lectura":"2 minutos"},"schema":{"@context":"https:\/\/schema.org","@graph":[{"@type":"WebPage","@id":"https:\/\/actbr.com.br\/es\/producto\/ks12-acn-421-l400\/","url":"https:\/\/actbr.com.br\/es\/producto\/ks12-acn-421-l400\/","name":"KS12-ACN-421-L400 - ACT Sistemas Hidr\u00e1ulicos","isPartOf":{"@id":"https:\/\/actbr.com.br\/es\/#website"},"primaryImageOfPage":{"@id":"https:\/\/actbr.com.br\/es\/producto\/ks12-acn-421-l400\/#primaryimage"},"image":{"@id":"https:\/\/actbr.com.br\/es\/producto\/ks12-acn-421-l400\/#primaryimage"},"thumbnailUrl":"https:\/\/actbr.com.br\/wp-content\/uploads\/2020\/09\/HS-COOLER-KS12-ACN-421-L400.jpg","datePublished":"2020-09-29T16:17:57+00:00","dateModified":"2023-07-13T18:45:09+00:00","description":"O Trocador de Calor HS COOLER KS12-ACN-421-L400 mant\u00e9m as temperaturas em equil\u00edbrio dentro de um sistema, transferindo calor entre os fluidos.","breadcrumb":{"@id":"https:\/\/actbr.com.br\/es\/producto\/ks12-acn-421-l400\/#breadcrumb"},"inLanguage":"es","potentialAction":[{"@type":"ReadAction","target":["https:\/\/actbr.com.br\/es\/producto\/ks12-acn-421-l400\/"]}]},{"@type":"ImageObject","inLanguage":"es","@id":"https:\/\/actbr.com.br\/es\/producto\/ks12-acn-421-l400\/#primaryimage","url":"https:\/\/actbr.com.br\/wp-content\/uploads\/2020\/09\/HS-COOLER-KS12-ACN-421-L400.jpg","contentUrl":"https:\/\/actbr.com.br\/wp-content\/uploads\/2020\/09\/HS-COOLER-KS12-ACN-421-L400.jpg","width":520,"height":330,"caption":"HS COOLER KS12-ACN-421-L400"},{"@type":"BreadcrumbList","@id":"https:\/\/actbr.com.br\/es\/producto\/ks12-acn-421-l400\/#breadcrumb","itemListElement":[{"@type":"ListItem","position":1,"name":"Comenzar","item":"https:\/\/actbr.com.br\/es\/"},{"@type":"ListItem","position":2,"name":"Produtos","item":"https:\/\/actbr.com.br\/produtos-act\/"},{"@type":"ListItem","position":3,"name":"Trocadores de Calor","item":"https:\/\/actbr.com.br\/es\/categoria-produto\/trocadores-de-calor\/"},{"@type":"ListItem","position":4,"name":"Trocador de Calor Casco e Tubo","item":"https:\/\/actbr.com.br\/es\/categoria-produto\/trocadores-de-calor\/casco-e-tubo\/"},{"@type":"ListItem","position":5,"name":"KS12-ACN-421-L400"}]},{"@type":"WebSite","@id":"https:\/\/actbr.com.br\/es\/#website","url":"https:\/\/actbr.com.br\/es\/","name":"ACT Sistemas Hidr\u00e1ulicos","description":"Fabricaci\u00f3n y mantenimiento de componentes de aceite hidr\u00e1ulico","publisher":{"@id":"https:\/\/actbr.com.br\/es\/#organization"},"potentialAction":[{"@type":"SearchAction","target":{"@type":"EntryPoint","urlTemplate":"https:\/\/actbr.com.br\/es\/?s={search_term_string}"},"query-input":{"@type":"PropertyValueSpecification","valueRequired":true,"valueName":"search_term_string"}}],"inLanguage":"es"},{"@type":"Organization","@id":"https:\/\/actbr.com.br\/es\/#organization","name":"ACT Sistemas Hidr\u00e1ulicos","url":"https:\/\/actbr.com.br\/es\/","logo":{"@type":"ImageObject","inLanguage":"es","@id":"https:\/\/actbr.com.br\/es\/#\/schema\/logo\/image\/","url":"https:\/\/actbr.com.br\/wp-content\/uploads\/2025\/02\/cropped-ACT_NEGATIVO-marca-dagua.png","contentUrl":"https:\/\/actbr.com.br\/wp-content\/uploads\/2025\/02\/cropped-ACT_NEGATIVO-marca-dagua.png","width":240,"height":146,"caption":"ACT Sistemas Hidr\u00e1ulicos"},"image":{"@id":"https:\/\/actbr.com.br\/es\/#\/schema\/logo\/image\/"}}]}},"_links":{"self":[{"href":"https:\/\/actbr.com.br\/es\/wp-json\/wp\/v2\/product\/5641","targetHints":{"allow":["GET"]}}],"collection":[{"href":"https:\/\/actbr.com.br\/es\/wp-json\/wp\/v2\/product"}],"about":[{"href":"https:\/\/actbr.com.br\/es\/wp-json\/wp\/v2\/types\/product"}],"wp:featuredmedia":[{"embeddable":true,"href":"https:\/\/actbr.com.br\/es\/wp-json\/wp\/v2\/media\/7317"}],"wp:attachment":[{"href":"https:\/\/actbr.com.br\/es\/wp-json\/wp\/v2\/media?parent=5641"}],"wp:term":[{"taxonomy":"product_brand","embeddable":true,"href":"https:\/\/actbr.com.br\/es\/wp-json\/wp\/v2\/product_brand?post=5641"},{"taxonomy":"product_cat","embeddable":true,"href":"https:\/\/actbr.com.br\/es\/wp-json\/wp\/v2\/product_cat?post=5641"},{"taxonomy":"product_tag","embeddable":true,"href":"https:\/\/actbr.com.br\/es\/wp-json\/wp\/v2\/product_tag?post=5641"}],"curies":[{"name":"wp","href":"https:\/\/api.w.org\/{rel}","templated":true}]}}