{"id":5724,"date":"2020-09-29T13:19:14","date_gmt":"2020-09-29T16:19:14","guid":{"rendered":"https:\/\/actbr.com.br\/produto\/medidor-de-vazao-de-engrenagem-vc-02-e1-ps-kracht\/"},"modified":"2023-10-31T16:19:36","modified_gmt":"2023-10-31T19:19:36","slug":"medidor-de-vazao-de-engrenagem-vc-02-e1-ps","status":"publish","type":"product","link":"https:\/\/actbr.com.br\/es\/producto\/medidor-de-vazao-de-engrenagem-vc-02-e1-ps\/","title":{"rendered":"Medidor de Vaz\u00e3o de Engrenagem VC 0,2 E1 PS"},"content":{"rendered":"<p><strong>Medidor de Vaz\u00e3o de Engrenagem VC 0,2 E1 PS \u2013 KRACHT<\/strong><\/p>\n<p>O Medidor de Vaz\u00e3o de Engrenagem modelo VC 0,2 E1 PS \u00e9 fabricado pela KRACHT.<\/p>\n<p><strong>Materiais:<\/strong><br \/>\nCorpo do medidor:\u00a0Ferro fundido esferoidal EN-GJS 400;<br \/>\nUnidade de medi\u00e7\u00e3o: A\u00e7o 1.7139;<br \/>\nO-rings: EPDM;<br \/>\nRolamentos de esferas.<\/p>\n<p><strong>Informa\u00e7\u00f5es do produto:<\/strong><br \/>\nVolume (Deslocamento): 0,245 cm\u00b3\/pulso;<br \/>\nTipo de fixa\u00e7\u00e3o: Montagem em placa;<br \/>\nSa\u00edda eletr\u00f4nica:\u00a02 sinais de onda quadrada, deslocamento de 90\u00b0C;<br \/>\nConex\u00e3o el\u00e9trica: Conector retangular;<br \/>\nTens\u00e3o de alimenta\u00e7\u00e3o: 24 V DC (12 &#8230; 30 V DC).<\/p>\n<p><strong>Dados espec\u00edficos:<\/strong><br \/>\nAlcance de medi\u00e7\u00e3o (range): 0,16&#8230;16 l\/min;<br \/>\nPonto de partida: 0,01 l\/min;<br \/>\nPrecis\u00e3o de medi\u00e7\u00e3o: +\/- 0,3% da leitura (na viscosidade: min. 20 mm\u00b2\/s);<br \/>\nLinearidade: +\/- 0,1%;<br \/>\nResolu\u00e7\u00e3o: 4081,63 pulsos \/ l;<br \/>\nM\u00e1x. press\u00e3o de opera\u00e7\u00e3o: 400 bar;<br \/>\nM\u00e1x. press\u00e3o de pico: 480 bar;<br \/>\nTemperatura do fluido: -30 \u00b0 C &#8230; + 120\u00b0C;<br \/>\nTemperatura ambiente: -30 \u00b0 C &#8230; + 80\u00b0C;<br \/>\nM\u00e1x. perm. part\u00edcula estranha: 20 \u03bcm.<\/p>\n<h6 style=\"color: #212529; font-family: -apple-system, BlinkMacSystemFont, 'Segoe UI', Roboto, 'Helvetica Neue', Arial, 'Noto Sans', sans-serif, 'Apple Color Emoji', 'Segoe UI Emoji', 'Segoe UI Symbol', 'Noto Color Emoji';\"><\/h6>\n","protected":false},"excerpt":{"rendered":"<p>O Medidor de Vaz\u00e3o de Engrenagem modelo VC 0,2 E1 PS \u00e9 fabricado pela KRACHT.<\/p>\n","protected":false},"featured_media":7596,"template":"","meta":[],"product_brand":[],"product_cat":[63,118],"product_tag":[],"class_list":{"0":"post-5724","1":"product","2":"type-product","3":"status-publish","4":"has-post-thumbnail","6":"product_cat-instrumentacao","7":"product_cat-medidor-de-vazao","9":"first","10":"instock","11":"virtual","12":"product-type-simple"},"yoast_head":"<!-- This site is optimized with the Yoast SEO plugin v27.2 - https:\/\/yoast.com\/product\/yoast-seo-wordpress\/ -->\n<title>Medidor de Vaz\u00e3o de Engrenagem VC 0,2 E1 PS - ACT Sistemas Hidr\u00e1ulicos<\/title>\n<meta name=\"description\" content=\"O Medidor de Vaz\u00e3o de Engrenagem modelo VC 0,2 E1 PS \u00e9 fabricado pela KRACHT.\" \/>\n<meta name=\"robots\" content=\"index, follow, max-snippet:-1, max-image-preview:large, max-video-preview:-1\" \/>\n<link rel=\"canonical\" href=\"https:\/\/actbr.com.br\/es\/producto\/medidor-de-vazao-de-engrenagem-vc-02-e1-ps\/\" \/>\n<meta property=\"og:locale\" content=\"es_ES\" \/>\n<meta property=\"og:type\" content=\"article\" \/>\n<meta property=\"og:title\" content=\"Medidor de Vaz\u00e3o de Engrenagem VC 0,2 E1 PS - ACT Sistemas Hidr\u00e1ulicos\" \/>\n<meta property=\"og:description\" content=\"O Medidor de Vaz\u00e3o de Engrenagem modelo VC 0,2 E1 PS \u00e9 fabricado pela KRACHT.\" \/>\n<meta property=\"og:url\" content=\"https:\/\/actbr.com.br\/es\/producto\/medidor-de-vazao-de-engrenagem-vc-02-e1-ps\/\" \/>\n<meta property=\"og:site_name\" content=\"ACT Sistemas Hidr\u00e1ulicos\" \/>\n<meta property=\"article:modified_time\" content=\"2023-10-31T19:19:36+00:00\" \/>\n<meta property=\"og:image\" content=\"https:\/\/actbr.com.br\/wp-content\/uploads\/2020\/09\/Flow-Meter-Medidores-de-fluxo-KRACHT-\u2013-Serie-VC.jpg\" \/>\n\t<meta property=\"og:image:width\" content=\"400\" \/>\n\t<meta property=\"og:image:height\" content=\"400\" \/>\n\t<meta property=\"og:image:type\" content=\"image\/jpeg\" \/>\n<meta name=\"twitter:card\" content=\"summary_large_image\" \/>\n<meta name=\"twitter:label1\" content=\"Tiempo de lectura\" \/>\n\t<meta name=\"twitter:data1\" content=\"1 minuto\" \/>\n<script type=\"application\/ld+json\" class=\"yoast-schema-graph\">{\"@context\":\"https:\/\/schema.org\",\"@graph\":[{\"@type\":\"WebPage\",\"@id\":\"https:\/\/actbr.com.br\/es\/producto\/medidor-de-vazao-de-engrenagem-vc-02-e1-ps\/\",\"url\":\"https:\/\/actbr.com.br\/es\/producto\/medidor-de-vazao-de-engrenagem-vc-02-e1-ps\/\",\"name\":\"Medidor de Vaz\u00e3o de Engrenagem VC 0,2 E1 PS - ACT Sistemas Hidr\u00e1ulicos\",\"isPartOf\":{\"@id\":\"https:\/\/actbr.com.br\/es\/#website\"},\"primaryImageOfPage\":{\"@id\":\"https:\/\/actbr.com.br\/es\/producto\/medidor-de-vazao-de-engrenagem-vc-02-e1-ps\/#primaryimage\"},\"image\":{\"@id\":\"https:\/\/actbr.com.br\/es\/producto\/medidor-de-vazao-de-engrenagem-vc-02-e1-ps\/#primaryimage\"},\"thumbnailUrl\":\"https:\/\/actbr.com.br\/wp-content\/uploads\/2020\/09\/Flow-Meter-Medidores-de-fluxo-KRACHT-\u2013-Serie-VC.jpg\",\"datePublished\":\"2020-09-29T16:19:14+00:00\",\"dateModified\":\"2023-10-31T19:19:36+00:00\",\"description\":\"O Medidor de Vaz\u00e3o de Engrenagem modelo VC 0,2 E1 PS \u00e9 fabricado pela KRACHT.\",\"breadcrumb\":{\"@id\":\"https:\/\/actbr.com.br\/es\/producto\/medidor-de-vazao-de-engrenagem-vc-02-e1-ps\/#breadcrumb\"},\"inLanguage\":\"es\",\"potentialAction\":[{\"@type\":\"ReadAction\",\"target\":[\"https:\/\/actbr.com.br\/es\/producto\/medidor-de-vazao-de-engrenagem-vc-02-e1-ps\/\"]}]},{\"@type\":\"ImageObject\",\"inLanguage\":\"es\",\"@id\":\"https:\/\/actbr.com.br\/es\/producto\/medidor-de-vazao-de-engrenagem-vc-02-e1-ps\/#primaryimage\",\"url\":\"https:\/\/actbr.com.br\/wp-content\/uploads\/2020\/09\/Flow-Meter-Medidores-de-fluxo-KRACHT-\u2013-Serie-VC.jpg\",\"contentUrl\":\"https:\/\/actbr.com.br\/wp-content\/uploads\/2020\/09\/Flow-Meter-Medidores-de-fluxo-KRACHT-\u2013-Serie-VC.jpg\",\"width\":400,\"height\":400,\"caption\":\"Flow Meter (Medidores de fluxo) KRACHT \u2013 S\u00e9rie VC\"},{\"@type\":\"BreadcrumbList\",\"@id\":\"https:\/\/actbr.com.br\/es\/producto\/medidor-de-vazao-de-engrenagem-vc-02-e1-ps\/#breadcrumb\",\"itemListElement\":[{\"@type\":\"ListItem\",\"position\":1,\"name\":\"Comenzar\",\"item\":\"https:\/\/actbr.com.br\/es\/\"},{\"@type\":\"ListItem\",\"position\":2,\"name\":\"Produtos\",\"item\":\"https:\/\/actbr.com.br\/produtos-act\/\"},{\"@type\":\"ListItem\",\"position\":3,\"name\":\"Instrumenta\u00e7\u00e3o\",\"item\":\"https:\/\/actbr.com.br\/es\/categoria-produto\/instrumentacao\/\"},{\"@type\":\"ListItem\",\"position\":4,\"name\":\"Medidor de vaz\u00e3o\",\"item\":\"https:\/\/actbr.com.br\/es\/categoria-produto\/instrumentacao\/medidor-de-vazao\/\"},{\"@type\":\"ListItem\",\"position\":5,\"name\":\"Medidor de Vaz\u00e3o de Engrenagem VC 0,2 E1 PS\"}]},{\"@type\":\"WebSite\",\"@id\":\"https:\/\/actbr.com.br\/es\/#website\",\"url\":\"https:\/\/actbr.com.br\/es\/\",\"name\":\"ACT Sistemas Hidr\u00e1ulicos\",\"description\":\"Fabricaci\u00f3n y mantenimiento de componentes de aceite hidr\u00e1ulico\",\"publisher\":{\"@id\":\"https:\/\/actbr.com.br\/es\/#organization\"},\"potentialAction\":[{\"@type\":\"SearchAction\",\"target\":{\"@type\":\"EntryPoint\",\"urlTemplate\":\"https:\/\/actbr.com.br\/es\/?s={search_term_string}\"},\"query-input\":{\"@type\":\"PropertyValueSpecification\",\"valueRequired\":true,\"valueName\":\"search_term_string\"}}],\"inLanguage\":\"es\"},{\"@type\":\"Organization\",\"@id\":\"https:\/\/actbr.com.br\/es\/#organization\",\"name\":\"ACT Sistemas Hidr\u00e1ulicos\",\"url\":\"https:\/\/actbr.com.br\/es\/\",\"logo\":{\"@type\":\"ImageObject\",\"inLanguage\":\"es\",\"@id\":\"https:\/\/actbr.com.br\/es\/#\/schema\/logo\/image\/\",\"url\":\"https:\/\/actbr.com.br\/wp-content\/uploads\/2025\/02\/cropped-ACT_NEGATIVO-marca-dagua.png\",\"contentUrl\":\"https:\/\/actbr.com.br\/wp-content\/uploads\/2025\/02\/cropped-ACT_NEGATIVO-marca-dagua.png\",\"width\":240,\"height\":146,\"caption\":\"ACT Sistemas Hidr\u00e1ulicos\"},\"image\":{\"@id\":\"https:\/\/actbr.com.br\/es\/#\/schema\/logo\/image\/\"}}]}<\/script>\n<!-- \/ Yoast SEO plugin. -->","yoast_head_json":{"title":"Medidor de Vaz\u00e3o de Engrenagem VC 0,2 E1 PS - ACT Sistemas Hidr\u00e1ulicos","description":"O Medidor de Vaz\u00e3o de Engrenagem modelo VC 0,2 E1 PS \u00e9 fabricado pela KRACHT.","robots":{"index":"index","follow":"follow","max-snippet":"max-snippet:-1","max-image-preview":"max-image-preview:large","max-video-preview":"max-video-preview:-1"},"canonical":"https:\/\/actbr.com.br\/es\/producto\/medidor-de-vazao-de-engrenagem-vc-02-e1-ps\/","og_locale":"es_ES","og_type":"article","og_title":"Medidor de Vaz\u00e3o de Engrenagem VC 0,2 E1 PS - ACT Sistemas Hidr\u00e1ulicos","og_description":"O Medidor de Vaz\u00e3o de Engrenagem modelo VC 0,2 E1 PS \u00e9 fabricado pela KRACHT.","og_url":"https:\/\/actbr.com.br\/es\/producto\/medidor-de-vazao-de-engrenagem-vc-02-e1-ps\/","og_site_name":"ACT Sistemas Hidr\u00e1ulicos","article_modified_time":"2023-10-31T19:19:36+00:00","og_image":[{"width":400,"height":400,"url":"https:\/\/actbr.com.br\/wp-content\/uploads\/2020\/09\/Flow-Meter-Medidores-de-fluxo-KRACHT-\u2013-Serie-VC.jpg","type":"image\/jpeg"}],"twitter_card":"summary_large_image","twitter_misc":{"Tiempo de lectura":"1 minuto"},"schema":{"@context":"https:\/\/schema.org","@graph":[{"@type":"WebPage","@id":"https:\/\/actbr.com.br\/es\/producto\/medidor-de-vazao-de-engrenagem-vc-02-e1-ps\/","url":"https:\/\/actbr.com.br\/es\/producto\/medidor-de-vazao-de-engrenagem-vc-02-e1-ps\/","name":"Medidor de Vaz\u00e3o de Engrenagem VC 0,2 E1 PS - ACT Sistemas Hidr\u00e1ulicos","isPartOf":{"@id":"https:\/\/actbr.com.br\/es\/#website"},"primaryImageOfPage":{"@id":"https:\/\/actbr.com.br\/es\/producto\/medidor-de-vazao-de-engrenagem-vc-02-e1-ps\/#primaryimage"},"image":{"@id":"https:\/\/actbr.com.br\/es\/producto\/medidor-de-vazao-de-engrenagem-vc-02-e1-ps\/#primaryimage"},"thumbnailUrl":"https:\/\/actbr.com.br\/wp-content\/uploads\/2020\/09\/Flow-Meter-Medidores-de-fluxo-KRACHT-\u2013-Serie-VC.jpg","datePublished":"2020-09-29T16:19:14+00:00","dateModified":"2023-10-31T19:19:36+00:00","description":"O Medidor de Vaz\u00e3o de Engrenagem modelo VC 0,2 E1 PS \u00e9 fabricado pela KRACHT.","breadcrumb":{"@id":"https:\/\/actbr.com.br\/es\/producto\/medidor-de-vazao-de-engrenagem-vc-02-e1-ps\/#breadcrumb"},"inLanguage":"es","potentialAction":[{"@type":"ReadAction","target":["https:\/\/actbr.com.br\/es\/producto\/medidor-de-vazao-de-engrenagem-vc-02-e1-ps\/"]}]},{"@type":"ImageObject","inLanguage":"es","@id":"https:\/\/actbr.com.br\/es\/producto\/medidor-de-vazao-de-engrenagem-vc-02-e1-ps\/#primaryimage","url":"https:\/\/actbr.com.br\/wp-content\/uploads\/2020\/09\/Flow-Meter-Medidores-de-fluxo-KRACHT-\u2013-Serie-VC.jpg","contentUrl":"https:\/\/actbr.com.br\/wp-content\/uploads\/2020\/09\/Flow-Meter-Medidores-de-fluxo-KRACHT-\u2013-Serie-VC.jpg","width":400,"height":400,"caption":"Flow Meter (Medidores de fluxo) KRACHT \u2013 S\u00e9rie VC"},{"@type":"BreadcrumbList","@id":"https:\/\/actbr.com.br\/es\/producto\/medidor-de-vazao-de-engrenagem-vc-02-e1-ps\/#breadcrumb","itemListElement":[{"@type":"ListItem","position":1,"name":"Comenzar","item":"https:\/\/actbr.com.br\/es\/"},{"@type":"ListItem","position":2,"name":"Produtos","item":"https:\/\/actbr.com.br\/produtos-act\/"},{"@type":"ListItem","position":3,"name":"Instrumenta\u00e7\u00e3o","item":"https:\/\/actbr.com.br\/es\/categoria-produto\/instrumentacao\/"},{"@type":"ListItem","position":4,"name":"Medidor de vaz\u00e3o","item":"https:\/\/actbr.com.br\/es\/categoria-produto\/instrumentacao\/medidor-de-vazao\/"},{"@type":"ListItem","position":5,"name":"Medidor de Vaz\u00e3o de Engrenagem VC 0,2 E1 PS"}]},{"@type":"WebSite","@id":"https:\/\/actbr.com.br\/es\/#website","url":"https:\/\/actbr.com.br\/es\/","name":"ACT Sistemas Hidr\u00e1ulicos","description":"Fabricaci\u00f3n y mantenimiento de componentes de aceite hidr\u00e1ulico","publisher":{"@id":"https:\/\/actbr.com.br\/es\/#organization"},"potentialAction":[{"@type":"SearchAction","target":{"@type":"EntryPoint","urlTemplate":"https:\/\/actbr.com.br\/es\/?s={search_term_string}"},"query-input":{"@type":"PropertyValueSpecification","valueRequired":true,"valueName":"search_term_string"}}],"inLanguage":"es"},{"@type":"Organization","@id":"https:\/\/actbr.com.br\/es\/#organization","name":"ACT Sistemas Hidr\u00e1ulicos","url":"https:\/\/actbr.com.br\/es\/","logo":{"@type":"ImageObject","inLanguage":"es","@id":"https:\/\/actbr.com.br\/es\/#\/schema\/logo\/image\/","url":"https:\/\/actbr.com.br\/wp-content\/uploads\/2025\/02\/cropped-ACT_NEGATIVO-marca-dagua.png","contentUrl":"https:\/\/actbr.com.br\/wp-content\/uploads\/2025\/02\/cropped-ACT_NEGATIVO-marca-dagua.png","width":240,"height":146,"caption":"ACT Sistemas Hidr\u00e1ulicos"},"image":{"@id":"https:\/\/actbr.com.br\/es\/#\/schema\/logo\/image\/"}}]}},"_links":{"self":[{"href":"https:\/\/actbr.com.br\/es\/wp-json\/wp\/v2\/product\/5724","targetHints":{"allow":["GET"]}}],"collection":[{"href":"https:\/\/actbr.com.br\/es\/wp-json\/wp\/v2\/product"}],"about":[{"href":"https:\/\/actbr.com.br\/es\/wp-json\/wp\/v2\/types\/product"}],"wp:featuredmedia":[{"embeddable":true,"href":"https:\/\/actbr.com.br\/es\/wp-json\/wp\/v2\/media\/7596"}],"wp:attachment":[{"href":"https:\/\/actbr.com.br\/es\/wp-json\/wp\/v2\/media?parent=5724"}],"wp:term":[{"taxonomy":"product_brand","embeddable":true,"href":"https:\/\/actbr.com.br\/es\/wp-json\/wp\/v2\/product_brand?post=5724"},{"taxonomy":"product_cat","embeddable":true,"href":"https:\/\/actbr.com.br\/es\/wp-json\/wp\/v2\/product_cat?post=5724"},{"taxonomy":"product_tag","embeddable":true,"href":"https:\/\/actbr.com.br\/es\/wp-json\/wp\/v2\/product_tag?post=5724"}],"curies":[{"name":"wp","href":"https:\/\/api.w.org\/{rel}","templated":true}]}}