{"id":5760,"date":"2020-09-29T13:20:01","date_gmt":"2020-09-29T16:20:01","guid":{"rendered":"https:\/\/actbr.com.br\/produto\/spvf-40-a2f-1-a-12-kracht\/"},"modified":"2023-10-11T15:24:51","modified_gmt":"2023-10-11T18:24:51","slug":"valvula-reguladora-de-pressao-tipo-alivio-em-linha-spvf-40-a2f-1-a-12-kracht","status":"publish","type":"product","link":"https:\/\/actbr.com.br\/es\/producto\/valvula-reguladora-de-pressao-tipo-alivio-em-linha-spvf-40-a2f-1-a-12-kracht\/","title":{"rendered":"V\u00e1lvula Reguladora de Press\u00e3o tipo Al\u00edvio em Linha SPVF 40 A2F 1 A 12 KRACHT"},"content":{"rendered":"<p><strong>SPVF 40 A2F 1 A 12 KRACHT<\/strong><\/p>\n<p>A\u00a0SPVF 40 A2F 1 A 12 KRACHT \u00e9 uma v\u00e1lvula reguladora de press\u00e3o com al\u00edvio. A ACT \u00e9 distribuidora exclusiva da Kracht no Brasil.<\/p>\n<p>A v\u00e1lvula de reguladora de press\u00e3o limita a press\u00e3o de opera\u00e7\u00e3o em um sistema hidr\u00e1ulico, a um valor de comando definido mecanicamente e protege contra sobrepress\u00e3o (Fun\u00e7\u00e3o al\u00edvio).<\/p>\n<p><strong>Materiais:<\/strong><br \/>\nCaixa de material Ferro fundido cinza EN-GJL 300;<br \/>\nO-ring de veda\u00e7\u00e3o de material NBR;<\/p>\n<p><strong>Informa\u00e7\u00f5es do produto:<\/strong><br \/>\nTamanho nominal 40;<br \/>\nTipo de projeto: Pist\u00e3o deslizante \u2013 operado diretamente;<br \/>\nTipo de montagem: Roscado;<br \/>\nMontagem: Conex\u00e3o SAE 1 1\/2\u2033;<br \/>\nTipo de atua\u00e7\u00e3o: Parafuso de fixa\u00e7\u00e3o;<\/p>\n<p><strong>Dados espec\u00edficos:<\/strong><br \/>\nVaz\u00e3o m\u00e1xima 450 l \/ min;<br \/>\nm\u00e1x. press\u00e3o de opera\u00e7\u00e3o 120 bar;<br \/>\nFaixa de ajuste de press\u00e3o 4 bar &#8230; 20 bar;<br \/>\nTemperatura do fluido -20 \u00b0 C &#8230; + 80 \u00b0 C;<br \/>\nTemperatura ambiente -20 \u00b0 C &#8230; + 60 \u00b0 C.<\/p>\n","protected":false},"excerpt":{"rendered":"<p>A\u00a0SPVF 40 A2F 1 A 12 KRACHT \u00e9 uma v\u00e1lvula reguladora de press\u00e3o com al\u00edvio. A ACT \u00e9 distribuidora exclusiva da Kracht no Brasil.<\/p>\n","protected":false},"featured_media":8213,"template":"","meta":[],"product_brand":[],"product_cat":[155,50],"product_tag":[],"class_list":{"0":"post-5760","1":"product","2":"type-product","3":"status-publish","4":"has-post-thumbnail","6":"product_cat-reguladora-de-pressao-alivio-spvf","7":"product_cat-valvulas-em-linha","9":"first","10":"instock","11":"virtual","12":"product-type-simple"},"yoast_head":"<!-- This site is optimized with the Yoast SEO plugin v27.5 - https:\/\/yoast.com\/product\/yoast-seo-wordpress\/ -->\n<title>V\u00e1lvula Reguladora de Press\u00e3o tipo Al\u00edvio em Linha SPVF 40 A2F 1 A 12 KRACHT - ACT Sistemas Hidr\u00e1ulicos<\/title>\n<meta name=\"description\" content=\"A\u00a0SPVF 40 A2F 1 A 12 KRACHT \u00e9 uma v\u00e1lvula reguladora de press\u00e3o com al\u00edvio. A ACT \u00e9 distribuidora exclusiva da Kracht no Brasil.\" \/>\n<meta name=\"robots\" content=\"index, follow, max-snippet:-1, max-image-preview:large, max-video-preview:-1\" \/>\n<link rel=\"canonical\" href=\"https:\/\/actbr.com.br\/es\/producto\/valvula-reguladora-de-pressao-tipo-alivio-em-linha-spvf-40-a2f-1-a-12-kracht\/\" \/>\n<meta property=\"og:locale\" content=\"es_ES\" \/>\n<meta property=\"og:type\" content=\"article\" \/>\n<meta property=\"og:title\" content=\"V\u00e1lvula Reguladora de Press\u00e3o tipo Al\u00edvio em Linha SPVF 40 A2F 1 A 12 KRACHT - ACT Sistemas Hidr\u00e1ulicos\" \/>\n<meta property=\"og:description\" content=\"A\u00a0SPVF 40 A2F 1 A 12 KRACHT \u00e9 uma v\u00e1lvula reguladora de press\u00e3o com al\u00edvio. A ACT \u00e9 distribuidora exclusiva da Kracht no Brasil.\" \/>\n<meta property=\"og:url\" content=\"https:\/\/actbr.com.br\/es\/producto\/valvula-reguladora-de-pressao-tipo-alivio-em-linha-spvf-40-a2f-1-a-12-kracht\/\" \/>\n<meta property=\"og:site_name\" content=\"ACT Sistemas Hidr\u00e1ulicos\" \/>\n<meta property=\"article:modified_time\" content=\"2023-10-11T18:24:51+00:00\" \/>\n<meta property=\"og:image\" content=\"https:\/\/actbr.com.br\/wp-content\/uploads\/2020\/09\/SPVF-KRACHT-VALVE.jpg\" \/>\n\t<meta property=\"og:image:width\" content=\"600\" \/>\n\t<meta property=\"og:image:height\" content=\"462\" \/>\n\t<meta property=\"og:image:type\" content=\"image\/jpeg\" \/>\n<meta name=\"twitter:card\" content=\"summary_large_image\" \/>\n<meta name=\"twitter:label1\" content=\"Tiempo de lectura\" \/>\n\t<meta name=\"twitter:data1\" content=\"1 minuto\" \/>\n<script type=\"application\/ld+json\" class=\"yoast-schema-graph\">{\"@context\":\"https:\\\/\\\/schema.org\",\"@graph\":[{\"@type\":\"WebPage\",\"@id\":\"https:\\\/\\\/actbr.com.br\\\/es\\\/producto\\\/valvula-reguladora-de-pressao-tipo-alivio-em-linha-spvf-40-a2f-1-a-12-kracht\\\/\",\"url\":\"https:\\\/\\\/actbr.com.br\\\/es\\\/producto\\\/valvula-reguladora-de-pressao-tipo-alivio-em-linha-spvf-40-a2f-1-a-12-kracht\\\/\",\"name\":\"V\u00e1lvula Reguladora de Press\u00e3o tipo Al\u00edvio em Linha SPVF 40 A2F 1 A 12 KRACHT - ACT Sistemas Hidr\u00e1ulicos\",\"isPartOf\":{\"@id\":\"https:\\\/\\\/actbr.com.br\\\/es\\\/#website\"},\"primaryImageOfPage\":{\"@id\":\"https:\\\/\\\/actbr.com.br\\\/es\\\/producto\\\/valvula-reguladora-de-pressao-tipo-alivio-em-linha-spvf-40-a2f-1-a-12-kracht\\\/#primaryimage\"},\"image\":{\"@id\":\"https:\\\/\\\/actbr.com.br\\\/es\\\/producto\\\/valvula-reguladora-de-pressao-tipo-alivio-em-linha-spvf-40-a2f-1-a-12-kracht\\\/#primaryimage\"},\"thumbnailUrl\":\"https:\\\/\\\/actbr.com.br\\\/wp-content\\\/uploads\\\/2020\\\/09\\\/SPVF-KRACHT-VALVE.jpg\",\"datePublished\":\"2020-09-29T16:20:01+00:00\",\"dateModified\":\"2023-10-11T18:24:51+00:00\",\"description\":\"A\u00a0SPVF 40 A2F 1 A 12 KRACHT \u00e9 uma v\u00e1lvula reguladora de press\u00e3o com al\u00edvio. A ACT \u00e9 distribuidora exclusiva da Kracht no Brasil.\",\"breadcrumb\":{\"@id\":\"https:\\\/\\\/actbr.com.br\\\/es\\\/producto\\\/valvula-reguladora-de-pressao-tipo-alivio-em-linha-spvf-40-a2f-1-a-12-kracht\\\/#breadcrumb\"},\"inLanguage\":\"es\",\"potentialAction\":[{\"@type\":\"ReadAction\",\"target\":[\"https:\\\/\\\/actbr.com.br\\\/es\\\/producto\\\/valvula-reguladora-de-pressao-tipo-alivio-em-linha-spvf-40-a2f-1-a-12-kracht\\\/\"]}]},{\"@type\":\"ImageObject\",\"inLanguage\":\"es\",\"@id\":\"https:\\\/\\\/actbr.com.br\\\/es\\\/producto\\\/valvula-reguladora-de-pressao-tipo-alivio-em-linha-spvf-40-a2f-1-a-12-kracht\\\/#primaryimage\",\"url\":\"https:\\\/\\\/actbr.com.br\\\/wp-content\\\/uploads\\\/2020\\\/09\\\/SPVF-KRACHT-VALVE.jpg\",\"contentUrl\":\"https:\\\/\\\/actbr.com.br\\\/wp-content\\\/uploads\\\/2020\\\/09\\\/SPVF-KRACHT-VALVE.jpg\",\"width\":600,\"height\":462,\"caption\":\"SPVF KRACHT\"},{\"@type\":\"BreadcrumbList\",\"@id\":\"https:\\\/\\\/actbr.com.br\\\/es\\\/producto\\\/valvula-reguladora-de-pressao-tipo-alivio-em-linha-spvf-40-a2f-1-a-12-kracht\\\/#breadcrumb\",\"itemListElement\":[{\"@type\":\"ListItem\",\"position\":1,\"name\":\"Comenzar\",\"item\":\"https:\\\/\\\/actbr.com.br\\\/es\\\/\"},{\"@type\":\"ListItem\",\"position\":2,\"name\":\"Produtos\",\"item\":\"https:\\\/\\\/actbr.com.br\\\/produtos-act\\\/\"},{\"@type\":\"ListItem\",\"position\":3,\"name\":\"V\u00e1lvulas em Linha\",\"item\":\"https:\\\/\\\/actbr.com.br\\\/es\\\/categoria-produto\\\/valvulas-em-linha\\\/\"},{\"@type\":\"ListItem\",\"position\":4,\"name\":\"Reguladora de press\u00e3o al\u00edvio - SPVF\",\"item\":\"https:\\\/\\\/actbr.com.br\\\/es\\\/categoria-produto\\\/valvulas-em-linha\\\/reguladora-de-pressao-alivio-spvf\\\/\"},{\"@type\":\"ListItem\",\"position\":5,\"name\":\"V\u00e1lvula Reguladora de Press\u00e3o tipo Al\u00edvio em Linha SPVF 40 A2F 1 A 12 KRACHT\"}]},{\"@type\":\"WebSite\",\"@id\":\"https:\\\/\\\/actbr.com.br\\\/es\\\/#website\",\"url\":\"https:\\\/\\\/actbr.com.br\\\/es\\\/\",\"name\":\"ACT Sistemas Hidr\u00e1ulicos\",\"description\":\"Fabricaci\u00f3n y mantenimiento de componentes de aceite hidr\u00e1ulico\",\"publisher\":{\"@id\":\"https:\\\/\\\/actbr.com.br\\\/es\\\/#organization\"},\"potentialAction\":[{\"@type\":\"SearchAction\",\"target\":{\"@type\":\"EntryPoint\",\"urlTemplate\":\"https:\\\/\\\/actbr.com.br\\\/es\\\/?s={search_term_string}\"},\"query-input\":{\"@type\":\"PropertyValueSpecification\",\"valueRequired\":true,\"valueName\":\"search_term_string\"}}],\"inLanguage\":\"es\"},{\"@type\":\"Organization\",\"@id\":\"https:\\\/\\\/actbr.com.br\\\/es\\\/#organization\",\"name\":\"ACT Sistemas Hidr\u00e1ulicos\",\"url\":\"https:\\\/\\\/actbr.com.br\\\/es\\\/\",\"logo\":{\"@type\":\"ImageObject\",\"inLanguage\":\"es\",\"@id\":\"https:\\\/\\\/actbr.com.br\\\/es\\\/#\\\/schema\\\/logo\\\/image\\\/\",\"url\":\"https:\\\/\\\/actbr.com.br\\\/wp-content\\\/uploads\\\/2025\\\/02\\\/cropped-ACT_NEGATIVO-marca-dagua.png\",\"contentUrl\":\"https:\\\/\\\/actbr.com.br\\\/wp-content\\\/uploads\\\/2025\\\/02\\\/cropped-ACT_NEGATIVO-marca-dagua.png\",\"width\":240,\"height\":146,\"caption\":\"ACT Sistemas Hidr\u00e1ulicos\"},\"image\":{\"@id\":\"https:\\\/\\\/actbr.com.br\\\/es\\\/#\\\/schema\\\/logo\\\/image\\\/\"}}]}<\/script>\n<!-- \/ Yoast SEO plugin. -->","yoast_head_json":{"title":"V\u00e1lvula Reguladora de Press\u00e3o tipo Al\u00edvio em Linha SPVF 40 A2F 1 A 12 KRACHT - ACT Sistemas Hidr\u00e1ulicos","description":"A\u00a0SPVF 40 A2F 1 A 12 KRACHT \u00e9 uma v\u00e1lvula reguladora de press\u00e3o com al\u00edvio. A ACT \u00e9 distribuidora exclusiva da Kracht no Brasil.","robots":{"index":"index","follow":"follow","max-snippet":"max-snippet:-1","max-image-preview":"max-image-preview:large","max-video-preview":"max-video-preview:-1"},"canonical":"https:\/\/actbr.com.br\/es\/producto\/valvula-reguladora-de-pressao-tipo-alivio-em-linha-spvf-40-a2f-1-a-12-kracht\/","og_locale":"es_ES","og_type":"article","og_title":"V\u00e1lvula Reguladora de Press\u00e3o tipo Al\u00edvio em Linha SPVF 40 A2F 1 A 12 KRACHT - ACT Sistemas Hidr\u00e1ulicos","og_description":"A\u00a0SPVF 40 A2F 1 A 12 KRACHT \u00e9 uma v\u00e1lvula reguladora de press\u00e3o com al\u00edvio. A ACT \u00e9 distribuidora exclusiva da Kracht no Brasil.","og_url":"https:\/\/actbr.com.br\/es\/producto\/valvula-reguladora-de-pressao-tipo-alivio-em-linha-spvf-40-a2f-1-a-12-kracht\/","og_site_name":"ACT Sistemas Hidr\u00e1ulicos","article_modified_time":"2023-10-11T18:24:51+00:00","og_image":[{"width":600,"height":462,"url":"https:\/\/actbr.com.br\/wp-content\/uploads\/2020\/09\/SPVF-KRACHT-VALVE.jpg","type":"image\/jpeg"}],"twitter_card":"summary_large_image","twitter_misc":{"Tiempo de lectura":"1 minuto"},"schema":{"@context":"https:\/\/schema.org","@graph":[{"@type":"WebPage","@id":"https:\/\/actbr.com.br\/es\/producto\/valvula-reguladora-de-pressao-tipo-alivio-em-linha-spvf-40-a2f-1-a-12-kracht\/","url":"https:\/\/actbr.com.br\/es\/producto\/valvula-reguladora-de-pressao-tipo-alivio-em-linha-spvf-40-a2f-1-a-12-kracht\/","name":"V\u00e1lvula Reguladora de Press\u00e3o tipo Al\u00edvio em Linha SPVF 40 A2F 1 A 12 KRACHT - ACT Sistemas Hidr\u00e1ulicos","isPartOf":{"@id":"https:\/\/actbr.com.br\/es\/#website"},"primaryImageOfPage":{"@id":"https:\/\/actbr.com.br\/es\/producto\/valvula-reguladora-de-pressao-tipo-alivio-em-linha-spvf-40-a2f-1-a-12-kracht\/#primaryimage"},"image":{"@id":"https:\/\/actbr.com.br\/es\/producto\/valvula-reguladora-de-pressao-tipo-alivio-em-linha-spvf-40-a2f-1-a-12-kracht\/#primaryimage"},"thumbnailUrl":"https:\/\/actbr.com.br\/wp-content\/uploads\/2020\/09\/SPVF-KRACHT-VALVE.jpg","datePublished":"2020-09-29T16:20:01+00:00","dateModified":"2023-10-11T18:24:51+00:00","description":"A\u00a0SPVF 40 A2F 1 A 12 KRACHT \u00e9 uma v\u00e1lvula reguladora de press\u00e3o com al\u00edvio. A ACT \u00e9 distribuidora exclusiva da Kracht no Brasil.","breadcrumb":{"@id":"https:\/\/actbr.com.br\/es\/producto\/valvula-reguladora-de-pressao-tipo-alivio-em-linha-spvf-40-a2f-1-a-12-kracht\/#breadcrumb"},"inLanguage":"es","potentialAction":[{"@type":"ReadAction","target":["https:\/\/actbr.com.br\/es\/producto\/valvula-reguladora-de-pressao-tipo-alivio-em-linha-spvf-40-a2f-1-a-12-kracht\/"]}]},{"@type":"ImageObject","inLanguage":"es","@id":"https:\/\/actbr.com.br\/es\/producto\/valvula-reguladora-de-pressao-tipo-alivio-em-linha-spvf-40-a2f-1-a-12-kracht\/#primaryimage","url":"https:\/\/actbr.com.br\/wp-content\/uploads\/2020\/09\/SPVF-KRACHT-VALVE.jpg","contentUrl":"https:\/\/actbr.com.br\/wp-content\/uploads\/2020\/09\/SPVF-KRACHT-VALVE.jpg","width":600,"height":462,"caption":"SPVF KRACHT"},{"@type":"BreadcrumbList","@id":"https:\/\/actbr.com.br\/es\/producto\/valvula-reguladora-de-pressao-tipo-alivio-em-linha-spvf-40-a2f-1-a-12-kracht\/#breadcrumb","itemListElement":[{"@type":"ListItem","position":1,"name":"Comenzar","item":"https:\/\/actbr.com.br\/es\/"},{"@type":"ListItem","position":2,"name":"Produtos","item":"https:\/\/actbr.com.br\/produtos-act\/"},{"@type":"ListItem","position":3,"name":"V\u00e1lvulas em Linha","item":"https:\/\/actbr.com.br\/es\/categoria-produto\/valvulas-em-linha\/"},{"@type":"ListItem","position":4,"name":"Reguladora de press\u00e3o al\u00edvio - SPVF","item":"https:\/\/actbr.com.br\/es\/categoria-produto\/valvulas-em-linha\/reguladora-de-pressao-alivio-spvf\/"},{"@type":"ListItem","position":5,"name":"V\u00e1lvula Reguladora de Press\u00e3o tipo Al\u00edvio em Linha SPVF 40 A2F 1 A 12 KRACHT"}]},{"@type":"WebSite","@id":"https:\/\/actbr.com.br\/es\/#website","url":"https:\/\/actbr.com.br\/es\/","name":"ACT Sistemas Hidr\u00e1ulicos","description":"Fabricaci\u00f3n y mantenimiento de componentes de aceite hidr\u00e1ulico","publisher":{"@id":"https:\/\/actbr.com.br\/es\/#organization"},"potentialAction":[{"@type":"SearchAction","target":{"@type":"EntryPoint","urlTemplate":"https:\/\/actbr.com.br\/es\/?s={search_term_string}"},"query-input":{"@type":"PropertyValueSpecification","valueRequired":true,"valueName":"search_term_string"}}],"inLanguage":"es"},{"@type":"Organization","@id":"https:\/\/actbr.com.br\/es\/#organization","name":"ACT Sistemas Hidr\u00e1ulicos","url":"https:\/\/actbr.com.br\/es\/","logo":{"@type":"ImageObject","inLanguage":"es","@id":"https:\/\/actbr.com.br\/es\/#\/schema\/logo\/image\/","url":"https:\/\/actbr.com.br\/wp-content\/uploads\/2025\/02\/cropped-ACT_NEGATIVO-marca-dagua.png","contentUrl":"https:\/\/actbr.com.br\/wp-content\/uploads\/2025\/02\/cropped-ACT_NEGATIVO-marca-dagua.png","width":240,"height":146,"caption":"ACT Sistemas Hidr\u00e1ulicos"},"image":{"@id":"https:\/\/actbr.com.br\/es\/#\/schema\/logo\/image\/"}}]}},"_links":{"self":[{"href":"https:\/\/actbr.com.br\/es\/wp-json\/wp\/v2\/product\/5760","targetHints":{"allow":["GET"]}}],"collection":[{"href":"https:\/\/actbr.com.br\/es\/wp-json\/wp\/v2\/product"}],"about":[{"href":"https:\/\/actbr.com.br\/es\/wp-json\/wp\/v2\/types\/product"}],"wp:featuredmedia":[{"embeddable":true,"href":"https:\/\/actbr.com.br\/es\/wp-json\/wp\/v2\/media\/8213"}],"wp:attachment":[{"href":"https:\/\/actbr.com.br\/es\/wp-json\/wp\/v2\/media?parent=5760"}],"wp:term":[{"taxonomy":"product_brand","embeddable":true,"href":"https:\/\/actbr.com.br\/es\/wp-json\/wp\/v2\/product_brand?post=5760"},{"taxonomy":"product_cat","embeddable":true,"href":"https:\/\/actbr.com.br\/es\/wp-json\/wp\/v2\/product_cat?post=5760"},{"taxonomy":"product_tag","embeddable":true,"href":"https:\/\/actbr.com.br\/es\/wp-json\/wp\/v2\/product_tag?post=5760"}],"curies":[{"name":"wp","href":"https:\/\/api.w.org\/{rel}","templated":true}]}}