{"id":5786,"date":"2020-09-29T13:20:18","date_gmt":"2020-09-29T16:20:18","guid":{"rendered":"https:\/\/actbr.com.br\/produto\/acumuladores-de-bexiga-hg\/"},"modified":"2023-07-19T14:08:54","modified_gmt":"2023-07-19T17:08:54","slug":"acumulador-de-bexiga-hg","status":"publish","type":"product","link":"https:\/\/actbr.com.br\/es\/producto\/acumulador-de-bexiga-hg\/","title":{"rendered":"Acumulador de Bexiga HG"},"content":{"rendered":"<p><strong>Acumulador de Bexiga HG<\/strong><\/p>\n<p>O Acumulador de Bexiga HG guarda energia potencial, para poder restitu\u00ed-la ao circuito hidr\u00e1ulico sempre que necess\u00e1rio, evitando interrup\u00e7\u00f5es.<\/p>\n<p><strong>Caracter\u00edsticas t\u00e9cnicas:<\/strong><br \/>\nPress\u00e3o m\u00e1xima de trabalho (PS): at\u00e9 50 bar;<br \/>\nPress\u00e3o de teste (PT): PS x 1,43 \/ 1,3 \/ 1,5;<br \/>\nMaterial: a\u00e7o carbono;<br \/>\nTemperatura de opera\u00e7\u00e3o (TS): -20\u00b0C \/ + 80\u00b0C;<br \/>\nBolsa padr\u00e3o: poliuretano; adequado para \u00f3leos minerais, combust\u00edveis e fluidos n\u00e3o agressivos;<br \/>\nV\u00e1lvula padr\u00e3o de nitrog\u00eanio: UNF ou M28x1.5;<br \/>\nInstala\u00e7\u00e3o: vertical (v\u00e1lvula de nitrog\u00eanio para cima).<\/p>\n<p><strong>Taxa de compress\u00e3o:<\/strong><br \/>\nRecomendada: P2 \/ P0 = 2,5;<br \/>\nM\u00e1xima: P2 \/ P0 = 4.<\/p>\n<p><strong>Vida mec\u00e2nica: <\/strong><br \/>\nO n\u00famero de ciclos \u00e9 inversamente proporcional ao aumento da taxa de compress\u00e3o. Para uso como amortecedor, a press\u00e3o de pr\u00e9-carga deve estar entre 60% e 80% da press\u00e3o de trabalho, considerando o tipo de bomba e o valor da temperatura.<\/p>\n<p><strong>Pe\u00e7as de reposi\u00e7\u00e3o: <\/strong><br \/>\nConsulte a p\u00e1gina dedicada.<\/p>\n<p><strong>Dispon\u00edvel:<\/strong><br \/>\nCorpo pintado externamente de acordo com o procedimento FOX padr\u00e3o ou de acordo com a especifica\u00e7\u00e3o do projeto;<br \/>\nBolsas em IIR, NBR, FPM, ECO;<br \/>\nConex\u00e3o com SAE 3000 \u2013 SAE 6000 \u2013 SAE 6000, ANSI B16.5 ou flange UNI \/ DIN;<br \/>\nConex\u00e3o especial a pedido;<br \/>\nS\u00e9rie HGX em AISI 304L \/ 316L;<br \/>\nVers\u00e3o de alta press\u00e3o at\u00e9 50 barg;<br \/>\nVolumes at\u00e9 5000 litros.<\/p>\n<p>&nbsp;<\/p>\n","protected":false},"excerpt":{"rendered":"<p>O Acumulador de Bexiga HG guarda energia potencial, para poder restitu\u00ed-la ao circuito hidr\u00e1ulico sempre que necess\u00e1rio, sob a forma potencial ou cin\u00e9tica, evitando interrup\u00e7\u00f5es na opera\u00e7\u00e3o.<\/p>\n","protected":false},"featured_media":7253,"template":"","meta":[],"product_brand":[],"product_cat":[76,140],"product_tag":[200,201],"class_list":{"0":"post-5786","1":"product","2":"type-product","3":"status-publish","4":"has-post-thumbnail","6":"product_cat-acessorios","7":"product_cat-acumulador-de-pressao","8":"product_tag-acumulador-de-bexiga","9":"product_tag-acumulador-de-pressao","11":"first","12":"instock","13":"virtual","14":"product-type-simple"},"yoast_head":"<!-- This site is optimized with the Yoast SEO plugin v27.2 - https:\/\/yoast.com\/product\/yoast-seo-wordpress\/ -->\n<title>Acumulador de Bexiga HG - ACT Sistemas Hidr\u00e1ulicos<\/title>\n<meta name=\"description\" content=\"O Acumulador de Bexiga HG guarda energia potencial, para poder restitu\u00ed-la ao circuito hidr\u00e1ulico sempre que necess\u00e1rio, evitando interrup\u00e7\u00f5es.\" \/>\n<meta name=\"robots\" content=\"index, follow, max-snippet:-1, max-image-preview:large, max-video-preview:-1\" \/>\n<link rel=\"canonical\" href=\"https:\/\/actbr.com.br\/es\/producto\/acumulador-de-bexiga-hg\/\" \/>\n<meta property=\"og:locale\" content=\"es_ES\" \/>\n<meta property=\"og:type\" content=\"article\" \/>\n<meta property=\"og:title\" content=\"Acumulador de Bexiga HG - ACT Sistemas Hidr\u00e1ulicos\" \/>\n<meta property=\"og:description\" content=\"O Acumulador de Bexiga HG guarda energia potencial, para poder restitu\u00ed-la ao circuito hidr\u00e1ulico sempre que necess\u00e1rio, evitando interrup\u00e7\u00f5es.\" \/>\n<meta property=\"og:url\" content=\"https:\/\/actbr.com.br\/es\/producto\/acumulador-de-bexiga-hg\/\" \/>\n<meta property=\"og:site_name\" content=\"ACT Sistemas Hidr\u00e1ulicos\" \/>\n<meta property=\"article:modified_time\" content=\"2023-07-19T17:08:54+00:00\" \/>\n<meta property=\"og:image\" content=\"https:\/\/actbr.com.br\/wp-content\/uploads\/2020\/09\/Acumulador-de-Bexiga-HG.jpg\" \/>\n\t<meta property=\"og:image:width\" content=\"600\" \/>\n\t<meta property=\"og:image:height\" content=\"400\" \/>\n\t<meta property=\"og:image:type\" content=\"image\/jpeg\" \/>\n<meta name=\"twitter:card\" content=\"summary_large_image\" \/>\n<meta name=\"twitter:label1\" content=\"Tiempo de lectura\" \/>\n\t<meta name=\"twitter:data1\" content=\"2 minutos\" \/>\n<script type=\"application\/ld+json\" class=\"yoast-schema-graph\">{\"@context\":\"https:\/\/schema.org\",\"@graph\":[{\"@type\":\"WebPage\",\"@id\":\"https:\/\/actbr.com.br\/es\/producto\/acumulador-de-bexiga-hg\/\",\"url\":\"https:\/\/actbr.com.br\/es\/producto\/acumulador-de-bexiga-hg\/\",\"name\":\"Acumulador de Bexiga HG - ACT Sistemas Hidr\u00e1ulicos\",\"isPartOf\":{\"@id\":\"https:\/\/actbr.com.br\/es\/#website\"},\"primaryImageOfPage\":{\"@id\":\"https:\/\/actbr.com.br\/es\/producto\/acumulador-de-bexiga-hg\/#primaryimage\"},\"image\":{\"@id\":\"https:\/\/actbr.com.br\/es\/producto\/acumulador-de-bexiga-hg\/#primaryimage\"},\"thumbnailUrl\":\"https:\/\/actbr.com.br\/wp-content\/uploads\/2020\/09\/Acumulador-de-Bexiga-HG.jpg\",\"datePublished\":\"2020-09-29T16:20:18+00:00\",\"dateModified\":\"2023-07-19T17:08:54+00:00\",\"description\":\"O Acumulador de Bexiga HG guarda energia potencial, para poder restitu\u00ed-la ao circuito hidr\u00e1ulico sempre que necess\u00e1rio, evitando interrup\u00e7\u00f5es.\",\"breadcrumb\":{\"@id\":\"https:\/\/actbr.com.br\/es\/producto\/acumulador-de-bexiga-hg\/#breadcrumb\"},\"inLanguage\":\"es\",\"potentialAction\":[{\"@type\":\"ReadAction\",\"target\":[\"https:\/\/actbr.com.br\/es\/producto\/acumulador-de-bexiga-hg\/\"]}]},{\"@type\":\"ImageObject\",\"inLanguage\":\"es\",\"@id\":\"https:\/\/actbr.com.br\/es\/producto\/acumulador-de-bexiga-hg\/#primaryimage\",\"url\":\"https:\/\/actbr.com.br\/wp-content\/uploads\/2020\/09\/Acumulador-de-Bexiga-HG.jpg\",\"contentUrl\":\"https:\/\/actbr.com.br\/wp-content\/uploads\/2020\/09\/Acumulador-de-Bexiga-HG.jpg\",\"width\":600,\"height\":400,\"caption\":\"Acumulador de Bexiga HG\"},{\"@type\":\"BreadcrumbList\",\"@id\":\"https:\/\/actbr.com.br\/es\/producto\/acumulador-de-bexiga-hg\/#breadcrumb\",\"itemListElement\":[{\"@type\":\"ListItem\",\"position\":1,\"name\":\"Comenzar\",\"item\":\"https:\/\/actbr.com.br\/es\/\"},{\"@type\":\"ListItem\",\"position\":2,\"name\":\"Produtos\",\"item\":\"https:\/\/actbr.com.br\/produtos-act\/\"},{\"@type\":\"ListItem\",\"position\":3,\"name\":\"Acess\u00f3rios\",\"item\":\"https:\/\/actbr.com.br\/es\/categoria-produto\/acessorios\/\"},{\"@type\":\"ListItem\",\"position\":4,\"name\":\"Acumulador de Press\u00e3o\",\"item\":\"https:\/\/actbr.com.br\/es\/categoria-produto\/acessorios\/acumulador-de-pressao\/\"},{\"@type\":\"ListItem\",\"position\":5,\"name\":\"Acumulador de Bexiga HG\"}]},{\"@type\":\"WebSite\",\"@id\":\"https:\/\/actbr.com.br\/es\/#website\",\"url\":\"https:\/\/actbr.com.br\/es\/\",\"name\":\"ACT Sistemas Hidr\u00e1ulicos\",\"description\":\"Fabricaci\u00f3n y mantenimiento de componentes de aceite hidr\u00e1ulico\",\"publisher\":{\"@id\":\"https:\/\/actbr.com.br\/es\/#organization\"},\"potentialAction\":[{\"@type\":\"SearchAction\",\"target\":{\"@type\":\"EntryPoint\",\"urlTemplate\":\"https:\/\/actbr.com.br\/es\/?s={search_term_string}\"},\"query-input\":{\"@type\":\"PropertyValueSpecification\",\"valueRequired\":true,\"valueName\":\"search_term_string\"}}],\"inLanguage\":\"es\"},{\"@type\":\"Organization\",\"@id\":\"https:\/\/actbr.com.br\/es\/#organization\",\"name\":\"ACT Sistemas Hidr\u00e1ulicos\",\"url\":\"https:\/\/actbr.com.br\/es\/\",\"logo\":{\"@type\":\"ImageObject\",\"inLanguage\":\"es\",\"@id\":\"https:\/\/actbr.com.br\/es\/#\/schema\/logo\/image\/\",\"url\":\"https:\/\/actbr.com.br\/wp-content\/uploads\/2025\/02\/cropped-ACT_NEGATIVO-marca-dagua.png\",\"contentUrl\":\"https:\/\/actbr.com.br\/wp-content\/uploads\/2025\/02\/cropped-ACT_NEGATIVO-marca-dagua.png\",\"width\":240,\"height\":146,\"caption\":\"ACT Sistemas Hidr\u00e1ulicos\"},\"image\":{\"@id\":\"https:\/\/actbr.com.br\/es\/#\/schema\/logo\/image\/\"}}]}<\/script>\n<!-- \/ Yoast SEO plugin. -->","yoast_head_json":{"title":"Acumulador de Bexiga HG - ACT Sistemas Hidr\u00e1ulicos","description":"O Acumulador de Bexiga HG guarda energia potencial, para poder restitu\u00ed-la ao circuito hidr\u00e1ulico sempre que necess\u00e1rio, evitando interrup\u00e7\u00f5es.","robots":{"index":"index","follow":"follow","max-snippet":"max-snippet:-1","max-image-preview":"max-image-preview:large","max-video-preview":"max-video-preview:-1"},"canonical":"https:\/\/actbr.com.br\/es\/producto\/acumulador-de-bexiga-hg\/","og_locale":"es_ES","og_type":"article","og_title":"Acumulador de Bexiga HG - ACT Sistemas Hidr\u00e1ulicos","og_description":"O Acumulador de Bexiga HG guarda energia potencial, para poder restitu\u00ed-la ao circuito hidr\u00e1ulico sempre que necess\u00e1rio, evitando interrup\u00e7\u00f5es.","og_url":"https:\/\/actbr.com.br\/es\/producto\/acumulador-de-bexiga-hg\/","og_site_name":"ACT Sistemas Hidr\u00e1ulicos","article_modified_time":"2023-07-19T17:08:54+00:00","og_image":[{"width":600,"height":400,"url":"https:\/\/actbr.com.br\/wp-content\/uploads\/2020\/09\/Acumulador-de-Bexiga-HG.jpg","type":"image\/jpeg"}],"twitter_card":"summary_large_image","twitter_misc":{"Tiempo de lectura":"2 minutos"},"schema":{"@context":"https:\/\/schema.org","@graph":[{"@type":"WebPage","@id":"https:\/\/actbr.com.br\/es\/producto\/acumulador-de-bexiga-hg\/","url":"https:\/\/actbr.com.br\/es\/producto\/acumulador-de-bexiga-hg\/","name":"Acumulador de Bexiga HG - ACT Sistemas Hidr\u00e1ulicos","isPartOf":{"@id":"https:\/\/actbr.com.br\/es\/#website"},"primaryImageOfPage":{"@id":"https:\/\/actbr.com.br\/es\/producto\/acumulador-de-bexiga-hg\/#primaryimage"},"image":{"@id":"https:\/\/actbr.com.br\/es\/producto\/acumulador-de-bexiga-hg\/#primaryimage"},"thumbnailUrl":"https:\/\/actbr.com.br\/wp-content\/uploads\/2020\/09\/Acumulador-de-Bexiga-HG.jpg","datePublished":"2020-09-29T16:20:18+00:00","dateModified":"2023-07-19T17:08:54+00:00","description":"O Acumulador de Bexiga HG guarda energia potencial, para poder restitu\u00ed-la ao circuito hidr\u00e1ulico sempre que necess\u00e1rio, evitando interrup\u00e7\u00f5es.","breadcrumb":{"@id":"https:\/\/actbr.com.br\/es\/producto\/acumulador-de-bexiga-hg\/#breadcrumb"},"inLanguage":"es","potentialAction":[{"@type":"ReadAction","target":["https:\/\/actbr.com.br\/es\/producto\/acumulador-de-bexiga-hg\/"]}]},{"@type":"ImageObject","inLanguage":"es","@id":"https:\/\/actbr.com.br\/es\/producto\/acumulador-de-bexiga-hg\/#primaryimage","url":"https:\/\/actbr.com.br\/wp-content\/uploads\/2020\/09\/Acumulador-de-Bexiga-HG.jpg","contentUrl":"https:\/\/actbr.com.br\/wp-content\/uploads\/2020\/09\/Acumulador-de-Bexiga-HG.jpg","width":600,"height":400,"caption":"Acumulador de Bexiga HG"},{"@type":"BreadcrumbList","@id":"https:\/\/actbr.com.br\/es\/producto\/acumulador-de-bexiga-hg\/#breadcrumb","itemListElement":[{"@type":"ListItem","position":1,"name":"Comenzar","item":"https:\/\/actbr.com.br\/es\/"},{"@type":"ListItem","position":2,"name":"Produtos","item":"https:\/\/actbr.com.br\/produtos-act\/"},{"@type":"ListItem","position":3,"name":"Acess\u00f3rios","item":"https:\/\/actbr.com.br\/es\/categoria-produto\/acessorios\/"},{"@type":"ListItem","position":4,"name":"Acumulador de Press\u00e3o","item":"https:\/\/actbr.com.br\/es\/categoria-produto\/acessorios\/acumulador-de-pressao\/"},{"@type":"ListItem","position":5,"name":"Acumulador de Bexiga HG"}]},{"@type":"WebSite","@id":"https:\/\/actbr.com.br\/es\/#website","url":"https:\/\/actbr.com.br\/es\/","name":"ACT Sistemas Hidr\u00e1ulicos","description":"Fabricaci\u00f3n y mantenimiento de componentes de aceite hidr\u00e1ulico","publisher":{"@id":"https:\/\/actbr.com.br\/es\/#organization"},"potentialAction":[{"@type":"SearchAction","target":{"@type":"EntryPoint","urlTemplate":"https:\/\/actbr.com.br\/es\/?s={search_term_string}"},"query-input":{"@type":"PropertyValueSpecification","valueRequired":true,"valueName":"search_term_string"}}],"inLanguage":"es"},{"@type":"Organization","@id":"https:\/\/actbr.com.br\/es\/#organization","name":"ACT Sistemas Hidr\u00e1ulicos","url":"https:\/\/actbr.com.br\/es\/","logo":{"@type":"ImageObject","inLanguage":"es","@id":"https:\/\/actbr.com.br\/es\/#\/schema\/logo\/image\/","url":"https:\/\/actbr.com.br\/wp-content\/uploads\/2025\/02\/cropped-ACT_NEGATIVO-marca-dagua.png","contentUrl":"https:\/\/actbr.com.br\/wp-content\/uploads\/2025\/02\/cropped-ACT_NEGATIVO-marca-dagua.png","width":240,"height":146,"caption":"ACT Sistemas Hidr\u00e1ulicos"},"image":{"@id":"https:\/\/actbr.com.br\/es\/#\/schema\/logo\/image\/"}}]}},"_links":{"self":[{"href":"https:\/\/actbr.com.br\/es\/wp-json\/wp\/v2\/product\/5786","targetHints":{"allow":["GET"]}}],"collection":[{"href":"https:\/\/actbr.com.br\/es\/wp-json\/wp\/v2\/product"}],"about":[{"href":"https:\/\/actbr.com.br\/es\/wp-json\/wp\/v2\/types\/product"}],"wp:featuredmedia":[{"embeddable":true,"href":"https:\/\/actbr.com.br\/es\/wp-json\/wp\/v2\/media\/7253"}],"wp:attachment":[{"href":"https:\/\/actbr.com.br\/es\/wp-json\/wp\/v2\/media?parent=5786"}],"wp:term":[{"taxonomy":"product_brand","embeddable":true,"href":"https:\/\/actbr.com.br\/es\/wp-json\/wp\/v2\/product_brand?post=5786"},{"taxonomy":"product_cat","embeddable":true,"href":"https:\/\/actbr.com.br\/es\/wp-json\/wp\/v2\/product_cat?post=5786"},{"taxonomy":"product_tag","embeddable":true,"href":"https:\/\/actbr.com.br\/es\/wp-json\/wp\/v2\/product_tag?post=5786"}],"curies":[{"name":"wp","href":"https:\/\/api.w.org\/{rel}","templated":true}]}}