{"id":5790,"date":"2020-09-29T13:20:18","date_gmt":"2020-09-29T16:20:18","guid":{"rendered":"https:\/\/actbr.com.br\/produto\/acumuladores-de-pistao-hp-versao-nao-reparavel-removivel\/"},"modified":"2023-07-19T14:09:11","modified_gmt":"2023-07-19T17:09:11","slug":"acumulador-de-pistao-nao-reparavel","status":"publish","type":"product","link":"https:\/\/actbr.com.br\/es\/producto\/acumulador-de-pistao-nao-reparavel\/","title":{"rendered":"Acumulador de Pist\u00e3o N\u00e3o Repar\u00e1vel"},"content":{"rendered":"<p><strong>Acumulador de Pist\u00e3o N\u00e3o Repar\u00e1vel<\/strong><\/p>\n<p>O Acumulador de Pist\u00e3o N\u00e3o Repar\u00e1vel HP guarda energia potencial, para poder restitu\u00ed-la ao circuito hidr\u00e1ulico quando necess\u00e1rio, evitando interrup\u00e7\u00f5es.<\/p>\n<p><strong>A vers\u00e3o n\u00e3o remov\u00edvel apresenta as seguintes caracter\u00edsticas t\u00e9cnicas:<\/strong><br \/>\nPress\u00e3o m\u00e1xima de trabalho (PS): 250 bar;<br \/>\nPress\u00e3o de teste (PT): PS x 1,43 \/ 1,3 \/ 1,5;<br \/>\nM\u00e9todo de constru\u00e7\u00e3o:\u00a0 corpo em a\u00e7o carbono chanfrado, sem costura, n\u00e3o repar\u00e1vel \/ n\u00e3o remov\u00edvel, pist\u00e3o em alum\u00ednio;<br \/>\nV\u00e1lvula de nitrog\u00eanio padr\u00e3o: UNF;<br \/>\nTemperatura de opera\u00e7\u00e3o (TS): -20\u00b0C a + 80\u00b0C;<br \/>\nVeda\u00e7\u00f5es: seguem a execu\u00e7\u00e3o conforme padr\u00e3o na NBR;<br \/>\nInstala\u00e7\u00e3o: pode operar em qualquer posi\u00e7\u00e3o, de acordo com o projeto.<br \/>\nTaxa de compress\u00e3o: n\u00e3o \u00e9 necess\u00e1rio operar de acordo com os par\u00e2metros definidos.<\/p>\n<p><strong>Dispon\u00edvel:<\/strong><br \/>\nO corpo \u00e9 pintado externamente de acordo com o procedimento FOX padr\u00e3o. Tamb\u00e9m pode ser pintado de acordo com as especifica\u00e7\u00f5es do projeto;<br \/>\nAs gaxetas s\u00e3o em poliuretano, FPM, PTFE;<br \/>\nDisp\u00f5e de conex\u00e3o com flange SAE 3000 \u2013 SAE 6000, ANSI B16.5 ou UNI \/ DIN;<br \/>\nCaso necess\u00e1rio operar com outra conex\u00e3o, solicitar configura\u00e7\u00e3o para nossa equipe t\u00e9cnica;<br \/>\nVers\u00e3o padr\u00e3o de alta press\u00e3o;<br \/>\nEm caso de outros volumes, necess\u00e1rio fazer pedido para a equipe t\u00e9cnica;<br \/>\nS\u00e9rie X em SS316L ou materiais diferentes;<br \/>\nTamb\u00e9m dispon\u00edvel em vers\u00e3o com indicador de n\u00edvel externo para monitoramento da posi\u00e7\u00e3o do pist\u00e3o.<\/p>\n","protected":false},"excerpt":{"rendered":"<p>O Acumulador de Pist\u00e3o N\u00e3o Repar\u00e1vel HP guarda energia potencial, para poder restitu\u00ed-la ao circuito hidr\u00e1ulico quando necess\u00e1rio, evitando interrup\u00e7\u00f5es.<\/p>\n<div class=\"product_meta\"><\/div>\n","protected":false},"featured_media":7257,"template":"","meta":[],"product_brand":[],"product_cat":[76,140],"product_tag":[200,201],"class_list":{"0":"post-5790","1":"product","2":"type-product","3":"status-publish","4":"has-post-thumbnail","6":"product_cat-acessorios","7":"product_cat-acumulador-de-pressao","8":"product_tag-acumulador-de-bexiga","9":"product_tag-acumulador-de-pressao","11":"first","12":"instock","13":"virtual","14":"product-type-simple"},"yoast_head":"<!-- This site is optimized with the Yoast SEO plugin v27.2 - https:\/\/yoast.com\/product\/yoast-seo-wordpress\/ -->\n<title>Acumulador de Pist\u00e3o N\u00e3o Repar\u00e1vel - ACT Sistemas Hidr\u00e1ulicos<\/title>\n<meta name=\"description\" content=\"O Acumulador de Pist\u00e3o N\u00e3o Repar\u00e1vel HP guarda energia potencial, para poder restitu\u00ed-la ao circuito hidr\u00e1ulico quando necess\u00e1rio, evitando interrup\u00e7\u00f5es.\" \/>\n<meta name=\"robots\" content=\"index, follow, max-snippet:-1, max-image-preview:large, max-video-preview:-1\" \/>\n<link rel=\"canonical\" href=\"https:\/\/actbr.com.br\/es\/producto\/acumulador-de-pistao-nao-reparavel\/\" \/>\n<meta property=\"og:locale\" content=\"es_ES\" \/>\n<meta property=\"og:type\" content=\"article\" \/>\n<meta property=\"og:title\" content=\"Acumulador de Pist\u00e3o N\u00e3o Repar\u00e1vel - ACT Sistemas Hidr\u00e1ulicos\" \/>\n<meta property=\"og:description\" content=\"O Acumulador de Pist\u00e3o N\u00e3o Repar\u00e1vel HP guarda energia potencial, para poder restitu\u00ed-la ao circuito hidr\u00e1ulico quando necess\u00e1rio, evitando interrup\u00e7\u00f5es.\" \/>\n<meta property=\"og:url\" content=\"https:\/\/actbr.com.br\/es\/producto\/acumulador-de-pistao-nao-reparavel\/\" \/>\n<meta property=\"og:site_name\" content=\"ACT Sistemas Hidr\u00e1ulicos\" \/>\n<meta property=\"article:modified_time\" content=\"2023-07-19T17:09:11+00:00\" \/>\n<meta property=\"og:image\" content=\"https:\/\/actbr.com.br\/wp-content\/uploads\/2020\/09\/Acumulador-de-Pistao-HP-\u2013-nao-reparavel.jpg\" \/>\n\t<meta property=\"og:image:width\" content=\"600\" \/>\n\t<meta property=\"og:image:height\" content=\"400\" \/>\n\t<meta property=\"og:image:type\" content=\"image\/jpeg\" \/>\n<meta name=\"twitter:card\" content=\"summary_large_image\" \/>\n<meta name=\"twitter:label1\" content=\"Tiempo de lectura\" \/>\n\t<meta name=\"twitter:data1\" content=\"2 minutos\" \/>\n<script type=\"application\/ld+json\" class=\"yoast-schema-graph\">{\"@context\":\"https:\/\/schema.org\",\"@graph\":[{\"@type\":\"WebPage\",\"@id\":\"https:\/\/actbr.com.br\/es\/producto\/acumulador-de-pistao-nao-reparavel\/\",\"url\":\"https:\/\/actbr.com.br\/es\/producto\/acumulador-de-pistao-nao-reparavel\/\",\"name\":\"Acumulador de Pist\u00e3o N\u00e3o Repar\u00e1vel - ACT Sistemas Hidr\u00e1ulicos\",\"isPartOf\":{\"@id\":\"https:\/\/actbr.com.br\/es\/#website\"},\"primaryImageOfPage\":{\"@id\":\"https:\/\/actbr.com.br\/es\/producto\/acumulador-de-pistao-nao-reparavel\/#primaryimage\"},\"image\":{\"@id\":\"https:\/\/actbr.com.br\/es\/producto\/acumulador-de-pistao-nao-reparavel\/#primaryimage\"},\"thumbnailUrl\":\"https:\/\/actbr.com.br\/wp-content\/uploads\/2020\/09\/Acumulador-de-Pistao-HP-\u2013-nao-reparavel.jpg\",\"datePublished\":\"2020-09-29T16:20:18+00:00\",\"dateModified\":\"2023-07-19T17:09:11+00:00\",\"description\":\"O Acumulador de Pist\u00e3o N\u00e3o Repar\u00e1vel HP guarda energia potencial, para poder restitu\u00ed-la ao circuito hidr\u00e1ulico quando necess\u00e1rio, evitando interrup\u00e7\u00f5es.\",\"breadcrumb\":{\"@id\":\"https:\/\/actbr.com.br\/es\/producto\/acumulador-de-pistao-nao-reparavel\/#breadcrumb\"},\"inLanguage\":\"es\",\"potentialAction\":[{\"@type\":\"ReadAction\",\"target\":[\"https:\/\/actbr.com.br\/es\/producto\/acumulador-de-pistao-nao-reparavel\/\"]}]},{\"@type\":\"ImageObject\",\"inLanguage\":\"es\",\"@id\":\"https:\/\/actbr.com.br\/es\/producto\/acumulador-de-pistao-nao-reparavel\/#primaryimage\",\"url\":\"https:\/\/actbr.com.br\/wp-content\/uploads\/2020\/09\/Acumulador-de-Pistao-HP-\u2013-nao-reparavel.jpg\",\"contentUrl\":\"https:\/\/actbr.com.br\/wp-content\/uploads\/2020\/09\/Acumulador-de-Pistao-HP-\u2013-nao-reparavel.jpg\",\"width\":600,\"height\":400,\"caption\":\"Acumulador de Pist\u00e3o HP \u2013 n\u00e3o repar\u00e1vel\"},{\"@type\":\"BreadcrumbList\",\"@id\":\"https:\/\/actbr.com.br\/es\/producto\/acumulador-de-pistao-nao-reparavel\/#breadcrumb\",\"itemListElement\":[{\"@type\":\"ListItem\",\"position\":1,\"name\":\"Comenzar\",\"item\":\"https:\/\/actbr.com.br\/es\/\"},{\"@type\":\"ListItem\",\"position\":2,\"name\":\"Produtos\",\"item\":\"https:\/\/actbr.com.br\/produtos-act\/\"},{\"@type\":\"ListItem\",\"position\":3,\"name\":\"Acess\u00f3rios\",\"item\":\"https:\/\/actbr.com.br\/es\/categoria-produto\/acessorios\/\"},{\"@type\":\"ListItem\",\"position\":4,\"name\":\"Acumulador de Press\u00e3o\",\"item\":\"https:\/\/actbr.com.br\/es\/categoria-produto\/acessorios\/acumulador-de-pressao\/\"},{\"@type\":\"ListItem\",\"position\":5,\"name\":\"Acumulador de Pist\u00e3o N\u00e3o Repar\u00e1vel\"}]},{\"@type\":\"WebSite\",\"@id\":\"https:\/\/actbr.com.br\/es\/#website\",\"url\":\"https:\/\/actbr.com.br\/es\/\",\"name\":\"ACT Sistemas Hidr\u00e1ulicos\",\"description\":\"Fabricaci\u00f3n y mantenimiento de componentes de aceite hidr\u00e1ulico\",\"publisher\":{\"@id\":\"https:\/\/actbr.com.br\/es\/#organization\"},\"potentialAction\":[{\"@type\":\"SearchAction\",\"target\":{\"@type\":\"EntryPoint\",\"urlTemplate\":\"https:\/\/actbr.com.br\/es\/?s={search_term_string}\"},\"query-input\":{\"@type\":\"PropertyValueSpecification\",\"valueRequired\":true,\"valueName\":\"search_term_string\"}}],\"inLanguage\":\"es\"},{\"@type\":\"Organization\",\"@id\":\"https:\/\/actbr.com.br\/es\/#organization\",\"name\":\"ACT Sistemas Hidr\u00e1ulicos\",\"url\":\"https:\/\/actbr.com.br\/es\/\",\"logo\":{\"@type\":\"ImageObject\",\"inLanguage\":\"es\",\"@id\":\"https:\/\/actbr.com.br\/es\/#\/schema\/logo\/image\/\",\"url\":\"https:\/\/actbr.com.br\/wp-content\/uploads\/2025\/02\/cropped-ACT_NEGATIVO-marca-dagua.png\",\"contentUrl\":\"https:\/\/actbr.com.br\/wp-content\/uploads\/2025\/02\/cropped-ACT_NEGATIVO-marca-dagua.png\",\"width\":240,\"height\":146,\"caption\":\"ACT Sistemas Hidr\u00e1ulicos\"},\"image\":{\"@id\":\"https:\/\/actbr.com.br\/es\/#\/schema\/logo\/image\/\"}}]}<\/script>\n<!-- \/ Yoast SEO plugin. -->","yoast_head_json":{"title":"Acumulador de Pist\u00e3o N\u00e3o Repar\u00e1vel - ACT Sistemas Hidr\u00e1ulicos","description":"O Acumulador de Pist\u00e3o N\u00e3o Repar\u00e1vel HP guarda energia potencial, para poder restitu\u00ed-la ao circuito hidr\u00e1ulico quando necess\u00e1rio, evitando interrup\u00e7\u00f5es.","robots":{"index":"index","follow":"follow","max-snippet":"max-snippet:-1","max-image-preview":"max-image-preview:large","max-video-preview":"max-video-preview:-1"},"canonical":"https:\/\/actbr.com.br\/es\/producto\/acumulador-de-pistao-nao-reparavel\/","og_locale":"es_ES","og_type":"article","og_title":"Acumulador de Pist\u00e3o N\u00e3o Repar\u00e1vel - ACT Sistemas Hidr\u00e1ulicos","og_description":"O Acumulador de Pist\u00e3o N\u00e3o Repar\u00e1vel HP guarda energia potencial, para poder restitu\u00ed-la ao circuito hidr\u00e1ulico quando necess\u00e1rio, evitando interrup\u00e7\u00f5es.","og_url":"https:\/\/actbr.com.br\/es\/producto\/acumulador-de-pistao-nao-reparavel\/","og_site_name":"ACT Sistemas Hidr\u00e1ulicos","article_modified_time":"2023-07-19T17:09:11+00:00","og_image":[{"width":600,"height":400,"url":"https:\/\/actbr.com.br\/wp-content\/uploads\/2020\/09\/Acumulador-de-Pistao-HP-\u2013-nao-reparavel.jpg","type":"image\/jpeg"}],"twitter_card":"summary_large_image","twitter_misc":{"Tiempo de lectura":"2 minutos"},"schema":{"@context":"https:\/\/schema.org","@graph":[{"@type":"WebPage","@id":"https:\/\/actbr.com.br\/es\/producto\/acumulador-de-pistao-nao-reparavel\/","url":"https:\/\/actbr.com.br\/es\/producto\/acumulador-de-pistao-nao-reparavel\/","name":"Acumulador de Pist\u00e3o N\u00e3o Repar\u00e1vel - ACT Sistemas Hidr\u00e1ulicos","isPartOf":{"@id":"https:\/\/actbr.com.br\/es\/#website"},"primaryImageOfPage":{"@id":"https:\/\/actbr.com.br\/es\/producto\/acumulador-de-pistao-nao-reparavel\/#primaryimage"},"image":{"@id":"https:\/\/actbr.com.br\/es\/producto\/acumulador-de-pistao-nao-reparavel\/#primaryimage"},"thumbnailUrl":"https:\/\/actbr.com.br\/wp-content\/uploads\/2020\/09\/Acumulador-de-Pistao-HP-\u2013-nao-reparavel.jpg","datePublished":"2020-09-29T16:20:18+00:00","dateModified":"2023-07-19T17:09:11+00:00","description":"O Acumulador de Pist\u00e3o N\u00e3o Repar\u00e1vel HP guarda energia potencial, para poder restitu\u00ed-la ao circuito hidr\u00e1ulico quando necess\u00e1rio, evitando interrup\u00e7\u00f5es.","breadcrumb":{"@id":"https:\/\/actbr.com.br\/es\/producto\/acumulador-de-pistao-nao-reparavel\/#breadcrumb"},"inLanguage":"es","potentialAction":[{"@type":"ReadAction","target":["https:\/\/actbr.com.br\/es\/producto\/acumulador-de-pistao-nao-reparavel\/"]}]},{"@type":"ImageObject","inLanguage":"es","@id":"https:\/\/actbr.com.br\/es\/producto\/acumulador-de-pistao-nao-reparavel\/#primaryimage","url":"https:\/\/actbr.com.br\/wp-content\/uploads\/2020\/09\/Acumulador-de-Pistao-HP-\u2013-nao-reparavel.jpg","contentUrl":"https:\/\/actbr.com.br\/wp-content\/uploads\/2020\/09\/Acumulador-de-Pistao-HP-\u2013-nao-reparavel.jpg","width":600,"height":400,"caption":"Acumulador de Pist\u00e3o HP \u2013 n\u00e3o repar\u00e1vel"},{"@type":"BreadcrumbList","@id":"https:\/\/actbr.com.br\/es\/producto\/acumulador-de-pistao-nao-reparavel\/#breadcrumb","itemListElement":[{"@type":"ListItem","position":1,"name":"Comenzar","item":"https:\/\/actbr.com.br\/es\/"},{"@type":"ListItem","position":2,"name":"Produtos","item":"https:\/\/actbr.com.br\/produtos-act\/"},{"@type":"ListItem","position":3,"name":"Acess\u00f3rios","item":"https:\/\/actbr.com.br\/es\/categoria-produto\/acessorios\/"},{"@type":"ListItem","position":4,"name":"Acumulador de Press\u00e3o","item":"https:\/\/actbr.com.br\/es\/categoria-produto\/acessorios\/acumulador-de-pressao\/"},{"@type":"ListItem","position":5,"name":"Acumulador de Pist\u00e3o N\u00e3o Repar\u00e1vel"}]},{"@type":"WebSite","@id":"https:\/\/actbr.com.br\/es\/#website","url":"https:\/\/actbr.com.br\/es\/","name":"ACT Sistemas Hidr\u00e1ulicos","description":"Fabricaci\u00f3n y mantenimiento de componentes de aceite hidr\u00e1ulico","publisher":{"@id":"https:\/\/actbr.com.br\/es\/#organization"},"potentialAction":[{"@type":"SearchAction","target":{"@type":"EntryPoint","urlTemplate":"https:\/\/actbr.com.br\/es\/?s={search_term_string}"},"query-input":{"@type":"PropertyValueSpecification","valueRequired":true,"valueName":"search_term_string"}}],"inLanguage":"es"},{"@type":"Organization","@id":"https:\/\/actbr.com.br\/es\/#organization","name":"ACT Sistemas Hidr\u00e1ulicos","url":"https:\/\/actbr.com.br\/es\/","logo":{"@type":"ImageObject","inLanguage":"es","@id":"https:\/\/actbr.com.br\/es\/#\/schema\/logo\/image\/","url":"https:\/\/actbr.com.br\/wp-content\/uploads\/2025\/02\/cropped-ACT_NEGATIVO-marca-dagua.png","contentUrl":"https:\/\/actbr.com.br\/wp-content\/uploads\/2025\/02\/cropped-ACT_NEGATIVO-marca-dagua.png","width":240,"height":146,"caption":"ACT Sistemas Hidr\u00e1ulicos"},"image":{"@id":"https:\/\/actbr.com.br\/es\/#\/schema\/logo\/image\/"}}]}},"_links":{"self":[{"href":"https:\/\/actbr.com.br\/es\/wp-json\/wp\/v2\/product\/5790","targetHints":{"allow":["GET"]}}],"collection":[{"href":"https:\/\/actbr.com.br\/es\/wp-json\/wp\/v2\/product"}],"about":[{"href":"https:\/\/actbr.com.br\/es\/wp-json\/wp\/v2\/types\/product"}],"wp:featuredmedia":[{"embeddable":true,"href":"https:\/\/actbr.com.br\/es\/wp-json\/wp\/v2\/media\/7257"}],"wp:attachment":[{"href":"https:\/\/actbr.com.br\/es\/wp-json\/wp\/v2\/media?parent=5790"}],"wp:term":[{"taxonomy":"product_brand","embeddable":true,"href":"https:\/\/actbr.com.br\/es\/wp-json\/wp\/v2\/product_brand?post=5790"},{"taxonomy":"product_cat","embeddable":true,"href":"https:\/\/actbr.com.br\/es\/wp-json\/wp\/v2\/product_cat?post=5790"},{"taxonomy":"product_tag","embeddable":true,"href":"https:\/\/actbr.com.br\/es\/wp-json\/wp\/v2\/product_tag?post=5790"}],"curies":[{"name":"wp","href":"https:\/\/api.w.org\/{rel}","templated":true}]}}