{"id":5869,"date":"2020-09-29T13:21:30","date_gmt":"2020-09-29T16:21:30","guid":{"rendered":"https:\/\/actbr.com.br\/produto\/reservatorio-de-plastico-act-asp\/"},"modified":"2023-06-29T13:54:01","modified_gmt":"2023-06-29T16:54:01","slug":"reservatorio-de-plastico-act-asp","status":"publish","type":"product","link":"https:\/\/actbr.com.br\/es\/producto\/reservatorio-de-plastico-act-asp\/","title":{"rendered":"Reservat\u00f3rio de Pl\u00e1stico ACT \u2013 ASP"},"content":{"rendered":"<p><strong>Reservat\u00f3rio de Pl\u00e1stico ACT \u2013 ASP<\/strong><\/p>\n<p>O Reservat\u00f3rio de Pl\u00e1stico ACT \u2013 ASP \u00e9 constru\u00eddo em poliuretano, proporcionando leveza, alta resist\u00eancia, facilidade de manuten\u00e7\u00e3o.<\/p>\n<p><strong>Caracter\u00edsticas:<\/strong><br \/>\nAlternativa flex\u00edvel (Leveza);<br \/>\nVolume \u00fatil de 4, 8 e 12 litros;<br \/>\nGeralmente utilizado em minicentrais;<br \/>\nAlta qualidade de constru\u00e7\u00e3o;<br \/>\nReservat\u00f3rio 100% estanque;<br \/>\nFabricado por Roto Moldagem;<br \/>\nTemperatura m\u00e1xima de trabalho recomendada: 50\u00baC.<\/p>\n<p><strong>Modelos dispon\u00edveis:<\/strong><br \/>\nASP-4;<br \/>\nASP-8;<br \/>\nASP-12.<\/p>\n<p style=\"color: #212529; font-family: -apple-system, BlinkMacSystemFont,;\">\n","protected":false},"excerpt":{"rendered":"<p>O Reservat\u00f3rio de Pl\u00e1stico ACT \u2013 ASP \u00e9 constru\u00eddo em poliuretano, proporcionando leveza, alta resist\u00eancia, facilidade de manuten\u00e7\u00e3o.<\/p>\n","protected":false},"featured_media":7292,"template":"","meta":[],"product_brand":[],"product_cat":[76,157],"product_tag":[],"class_list":{"0":"post-5869","1":"product","2":"type-product","3":"status-publish","4":"has-post-thumbnail","6":"product_cat-acessorios","7":"product_cat-reservatorio-plastico","9":"first","10":"instock","11":"virtual","12":"product-type-simple"},"yoast_head":"<!-- This site is optimized with the Yoast SEO plugin v27.2 - https:\/\/yoast.com\/product\/yoast-seo-wordpress\/ -->\n<title>Reservat\u00f3rio de Pl\u00e1stico ACT - ASP - ACT Sistemas Hidr\u00e1ulicos<\/title>\n<meta name=\"description\" content=\"O Reservat\u00f3rio de Pl\u00e1stico ACT - ASP \u00e9 constru\u00eddo em poliuretano, proporcionando leveza, alta resist\u00eancia, facilidade de manuten\u00e7\u00e3o.\" \/>\n<meta name=\"robots\" content=\"index, follow, max-snippet:-1, max-image-preview:large, max-video-preview:-1\" \/>\n<link rel=\"canonical\" href=\"https:\/\/actbr.com.br\/es\/producto\/reservatorio-de-plastico-act-asp\/\" \/>\n<meta property=\"og:locale\" content=\"es_ES\" \/>\n<meta property=\"og:type\" content=\"article\" \/>\n<meta property=\"og:title\" content=\"Reservat\u00f3rio de Pl\u00e1stico ACT - ASP - ACT Sistemas Hidr\u00e1ulicos\" \/>\n<meta property=\"og:description\" content=\"O Reservat\u00f3rio de Pl\u00e1stico ACT - ASP \u00e9 constru\u00eddo em poliuretano, proporcionando leveza, alta resist\u00eancia, facilidade de manuten\u00e7\u00e3o.\" \/>\n<meta property=\"og:url\" content=\"https:\/\/actbr.com.br\/es\/producto\/reservatorio-de-plastico-act-asp\/\" \/>\n<meta property=\"og:site_name\" content=\"ACT Sistemas Hidr\u00e1ulicos\" \/>\n<meta property=\"article:modified_time\" content=\"2023-06-29T16:54:01+00:00\" \/>\n<meta property=\"og:image\" content=\"https:\/\/actbr.com.br\/wp-content\/uploads\/2020\/09\/Reservatorio-de-Plastico-ACT-\u2013-ASP.jpg\" \/>\n\t<meta property=\"og:image:width\" content=\"999\" \/>\n\t<meta property=\"og:image:height\" content=\"500\" \/>\n\t<meta property=\"og:image:type\" content=\"image\/jpeg\" \/>\n<meta name=\"twitter:card\" content=\"summary_large_image\" \/>\n<meta name=\"twitter:label1\" content=\"Tiempo de lectura\" \/>\n\t<meta name=\"twitter:data1\" content=\"1 minuto\" \/>\n<script type=\"application\/ld+json\" class=\"yoast-schema-graph\">{\"@context\":\"https:\/\/schema.org\",\"@graph\":[{\"@type\":\"WebPage\",\"@id\":\"https:\/\/actbr.com.br\/es\/producto\/reservatorio-de-plastico-act-asp\/\",\"url\":\"https:\/\/actbr.com.br\/es\/producto\/reservatorio-de-plastico-act-asp\/\",\"name\":\"Reservat\u00f3rio de Pl\u00e1stico ACT - ASP - ACT Sistemas Hidr\u00e1ulicos\",\"isPartOf\":{\"@id\":\"https:\/\/actbr.com.br\/es\/#website\"},\"primaryImageOfPage\":{\"@id\":\"https:\/\/actbr.com.br\/es\/producto\/reservatorio-de-plastico-act-asp\/#primaryimage\"},\"image\":{\"@id\":\"https:\/\/actbr.com.br\/es\/producto\/reservatorio-de-plastico-act-asp\/#primaryimage\"},\"thumbnailUrl\":\"https:\/\/actbr.com.br\/wp-content\/uploads\/2020\/09\/Reservatorio-de-Plastico-ACT-\u2013-ASP.jpg\",\"datePublished\":\"2020-09-29T16:21:30+00:00\",\"dateModified\":\"2023-06-29T16:54:01+00:00\",\"description\":\"O Reservat\u00f3rio de Pl\u00e1stico ACT - ASP \u00e9 constru\u00eddo em poliuretano, proporcionando leveza, alta resist\u00eancia, facilidade de manuten\u00e7\u00e3o.\",\"breadcrumb\":{\"@id\":\"https:\/\/actbr.com.br\/es\/producto\/reservatorio-de-plastico-act-asp\/#breadcrumb\"},\"inLanguage\":\"es\",\"potentialAction\":[{\"@type\":\"ReadAction\",\"target\":[\"https:\/\/actbr.com.br\/es\/producto\/reservatorio-de-plastico-act-asp\/\"]}]},{\"@type\":\"ImageObject\",\"inLanguage\":\"es\",\"@id\":\"https:\/\/actbr.com.br\/es\/producto\/reservatorio-de-plastico-act-asp\/#primaryimage\",\"url\":\"https:\/\/actbr.com.br\/wp-content\/uploads\/2020\/09\/Reservatorio-de-Plastico-ACT-\u2013-ASP.jpg\",\"contentUrl\":\"https:\/\/actbr.com.br\/wp-content\/uploads\/2020\/09\/Reservatorio-de-Plastico-ACT-\u2013-ASP.jpg\",\"width\":999,\"height\":500,\"caption\":\"Reservat\u00f3rio de Pl\u00e1stico ACT - ASP\"},{\"@type\":\"BreadcrumbList\",\"@id\":\"https:\/\/actbr.com.br\/es\/producto\/reservatorio-de-plastico-act-asp\/#breadcrumb\",\"itemListElement\":[{\"@type\":\"ListItem\",\"position\":1,\"name\":\"Comenzar\",\"item\":\"https:\/\/actbr.com.br\/es\/\"},{\"@type\":\"ListItem\",\"position\":2,\"name\":\"Produtos\",\"item\":\"https:\/\/actbr.com.br\/produtos-act\/\"},{\"@type\":\"ListItem\",\"position\":3,\"name\":\"Acess\u00f3rios\",\"item\":\"https:\/\/actbr.com.br\/es\/categoria-produto\/acessorios\/\"},{\"@type\":\"ListItem\",\"position\":4,\"name\":\"Reservat\u00f3rio - Pl\u00e1stico\",\"item\":\"https:\/\/actbr.com.br\/es\/categoria-produto\/acessorios\/reservatorio-plastico\/\"},{\"@type\":\"ListItem\",\"position\":5,\"name\":\"Reservat\u00f3rio de Pl\u00e1stico ACT &#8211; ASP\"}]},{\"@type\":\"WebSite\",\"@id\":\"https:\/\/actbr.com.br\/es\/#website\",\"url\":\"https:\/\/actbr.com.br\/es\/\",\"name\":\"ACT Sistemas Hidr\u00e1ulicos\",\"description\":\"Fabricaci\u00f3n y mantenimiento de componentes de aceite hidr\u00e1ulico\",\"publisher\":{\"@id\":\"https:\/\/actbr.com.br\/es\/#organization\"},\"potentialAction\":[{\"@type\":\"SearchAction\",\"target\":{\"@type\":\"EntryPoint\",\"urlTemplate\":\"https:\/\/actbr.com.br\/es\/?s={search_term_string}\"},\"query-input\":{\"@type\":\"PropertyValueSpecification\",\"valueRequired\":true,\"valueName\":\"search_term_string\"}}],\"inLanguage\":\"es\"},{\"@type\":\"Organization\",\"@id\":\"https:\/\/actbr.com.br\/es\/#organization\",\"name\":\"ACT Sistemas Hidr\u00e1ulicos\",\"url\":\"https:\/\/actbr.com.br\/es\/\",\"logo\":{\"@type\":\"ImageObject\",\"inLanguage\":\"es\",\"@id\":\"https:\/\/actbr.com.br\/es\/#\/schema\/logo\/image\/\",\"url\":\"https:\/\/actbr.com.br\/wp-content\/uploads\/2025\/02\/cropped-ACT_NEGATIVO-marca-dagua.png\",\"contentUrl\":\"https:\/\/actbr.com.br\/wp-content\/uploads\/2025\/02\/cropped-ACT_NEGATIVO-marca-dagua.png\",\"width\":240,\"height\":146,\"caption\":\"ACT Sistemas Hidr\u00e1ulicos\"},\"image\":{\"@id\":\"https:\/\/actbr.com.br\/es\/#\/schema\/logo\/image\/\"}}]}<\/script>\n<!-- \/ Yoast SEO plugin. -->","yoast_head_json":{"title":"Reservat\u00f3rio de Pl\u00e1stico ACT - ASP - ACT Sistemas Hidr\u00e1ulicos","description":"O Reservat\u00f3rio de Pl\u00e1stico ACT - ASP \u00e9 constru\u00eddo em poliuretano, proporcionando leveza, alta resist\u00eancia, facilidade de manuten\u00e7\u00e3o.","robots":{"index":"index","follow":"follow","max-snippet":"max-snippet:-1","max-image-preview":"max-image-preview:large","max-video-preview":"max-video-preview:-1"},"canonical":"https:\/\/actbr.com.br\/es\/producto\/reservatorio-de-plastico-act-asp\/","og_locale":"es_ES","og_type":"article","og_title":"Reservat\u00f3rio de Pl\u00e1stico ACT - ASP - ACT Sistemas Hidr\u00e1ulicos","og_description":"O Reservat\u00f3rio de Pl\u00e1stico ACT - ASP \u00e9 constru\u00eddo em poliuretano, proporcionando leveza, alta resist\u00eancia, facilidade de manuten\u00e7\u00e3o.","og_url":"https:\/\/actbr.com.br\/es\/producto\/reservatorio-de-plastico-act-asp\/","og_site_name":"ACT Sistemas Hidr\u00e1ulicos","article_modified_time":"2023-06-29T16:54:01+00:00","og_image":[{"width":999,"height":500,"url":"https:\/\/actbr.com.br\/wp-content\/uploads\/2020\/09\/Reservatorio-de-Plastico-ACT-\u2013-ASP.jpg","type":"image\/jpeg"}],"twitter_card":"summary_large_image","twitter_misc":{"Tiempo de lectura":"1 minuto"},"schema":{"@context":"https:\/\/schema.org","@graph":[{"@type":"WebPage","@id":"https:\/\/actbr.com.br\/es\/producto\/reservatorio-de-plastico-act-asp\/","url":"https:\/\/actbr.com.br\/es\/producto\/reservatorio-de-plastico-act-asp\/","name":"Reservat\u00f3rio de Pl\u00e1stico ACT - ASP - ACT Sistemas Hidr\u00e1ulicos","isPartOf":{"@id":"https:\/\/actbr.com.br\/es\/#website"},"primaryImageOfPage":{"@id":"https:\/\/actbr.com.br\/es\/producto\/reservatorio-de-plastico-act-asp\/#primaryimage"},"image":{"@id":"https:\/\/actbr.com.br\/es\/producto\/reservatorio-de-plastico-act-asp\/#primaryimage"},"thumbnailUrl":"https:\/\/actbr.com.br\/wp-content\/uploads\/2020\/09\/Reservatorio-de-Plastico-ACT-\u2013-ASP.jpg","datePublished":"2020-09-29T16:21:30+00:00","dateModified":"2023-06-29T16:54:01+00:00","description":"O Reservat\u00f3rio de Pl\u00e1stico ACT - ASP \u00e9 constru\u00eddo em poliuretano, proporcionando leveza, alta resist\u00eancia, facilidade de manuten\u00e7\u00e3o.","breadcrumb":{"@id":"https:\/\/actbr.com.br\/es\/producto\/reservatorio-de-plastico-act-asp\/#breadcrumb"},"inLanguage":"es","potentialAction":[{"@type":"ReadAction","target":["https:\/\/actbr.com.br\/es\/producto\/reservatorio-de-plastico-act-asp\/"]}]},{"@type":"ImageObject","inLanguage":"es","@id":"https:\/\/actbr.com.br\/es\/producto\/reservatorio-de-plastico-act-asp\/#primaryimage","url":"https:\/\/actbr.com.br\/wp-content\/uploads\/2020\/09\/Reservatorio-de-Plastico-ACT-\u2013-ASP.jpg","contentUrl":"https:\/\/actbr.com.br\/wp-content\/uploads\/2020\/09\/Reservatorio-de-Plastico-ACT-\u2013-ASP.jpg","width":999,"height":500,"caption":"Reservat\u00f3rio de Pl\u00e1stico ACT - ASP"},{"@type":"BreadcrumbList","@id":"https:\/\/actbr.com.br\/es\/producto\/reservatorio-de-plastico-act-asp\/#breadcrumb","itemListElement":[{"@type":"ListItem","position":1,"name":"Comenzar","item":"https:\/\/actbr.com.br\/es\/"},{"@type":"ListItem","position":2,"name":"Produtos","item":"https:\/\/actbr.com.br\/produtos-act\/"},{"@type":"ListItem","position":3,"name":"Acess\u00f3rios","item":"https:\/\/actbr.com.br\/es\/categoria-produto\/acessorios\/"},{"@type":"ListItem","position":4,"name":"Reservat\u00f3rio - Pl\u00e1stico","item":"https:\/\/actbr.com.br\/es\/categoria-produto\/acessorios\/reservatorio-plastico\/"},{"@type":"ListItem","position":5,"name":"Reservat\u00f3rio de Pl\u00e1stico ACT &#8211; ASP"}]},{"@type":"WebSite","@id":"https:\/\/actbr.com.br\/es\/#website","url":"https:\/\/actbr.com.br\/es\/","name":"ACT Sistemas Hidr\u00e1ulicos","description":"Fabricaci\u00f3n y mantenimiento de componentes de aceite hidr\u00e1ulico","publisher":{"@id":"https:\/\/actbr.com.br\/es\/#organization"},"potentialAction":[{"@type":"SearchAction","target":{"@type":"EntryPoint","urlTemplate":"https:\/\/actbr.com.br\/es\/?s={search_term_string}"},"query-input":{"@type":"PropertyValueSpecification","valueRequired":true,"valueName":"search_term_string"}}],"inLanguage":"es"},{"@type":"Organization","@id":"https:\/\/actbr.com.br\/es\/#organization","name":"ACT Sistemas Hidr\u00e1ulicos","url":"https:\/\/actbr.com.br\/es\/","logo":{"@type":"ImageObject","inLanguage":"es","@id":"https:\/\/actbr.com.br\/es\/#\/schema\/logo\/image\/","url":"https:\/\/actbr.com.br\/wp-content\/uploads\/2025\/02\/cropped-ACT_NEGATIVO-marca-dagua.png","contentUrl":"https:\/\/actbr.com.br\/wp-content\/uploads\/2025\/02\/cropped-ACT_NEGATIVO-marca-dagua.png","width":240,"height":146,"caption":"ACT Sistemas Hidr\u00e1ulicos"},"image":{"@id":"https:\/\/actbr.com.br\/es\/#\/schema\/logo\/image\/"}}]}},"_links":{"self":[{"href":"https:\/\/actbr.com.br\/es\/wp-json\/wp\/v2\/product\/5869","targetHints":{"allow":["GET"]}}],"collection":[{"href":"https:\/\/actbr.com.br\/es\/wp-json\/wp\/v2\/product"}],"about":[{"href":"https:\/\/actbr.com.br\/es\/wp-json\/wp\/v2\/types\/product"}],"wp:featuredmedia":[{"embeddable":true,"href":"https:\/\/actbr.com.br\/es\/wp-json\/wp\/v2\/media\/7292"}],"wp:attachment":[{"href":"https:\/\/actbr.com.br\/es\/wp-json\/wp\/v2\/media?parent=5869"}],"wp:term":[{"taxonomy":"product_brand","embeddable":true,"href":"https:\/\/actbr.com.br\/es\/wp-json\/wp\/v2\/product_brand?post=5869"},{"taxonomy":"product_cat","embeddable":true,"href":"https:\/\/actbr.com.br\/es\/wp-json\/wp\/v2\/product_cat?post=5869"},{"taxonomy":"product_tag","embeddable":true,"href":"https:\/\/actbr.com.br\/es\/wp-json\/wp\/v2\/product_tag?post=5869"}],"curies":[{"name":"wp","href":"https:\/\/api.w.org\/{rel}","templated":true}]}}