{"id":8594,"date":"2023-07-13T15:21:29","date_gmt":"2023-07-13T18:21:29","guid":{"rendered":"https:\/\/actbr.com.br\/?post_type=product&#038;p=8594"},"modified":"2023-09-27T16:26:10","modified_gmt":"2023-09-27T19:26:10","slug":"trocador-de-calor-de-placas-brasadas-kaori-k070","status":"publish","type":"product","link":"https:\/\/actbr.com.br\/es\/producto\/trocador-de-calor-de-placas-brasadas-kaori-k070\/","title":{"rendered":"Trocador de Calor de Placas Brasadas \u2013 K-070 (K070)"},"content":{"rendered":"<p><strong>Trocador de Calor de Placas Brasadas \u2013 K-070 (K070)<\/strong><\/p>\n<p>O Trocador de Calor de Placas Brasadas, modelo K-070 \u00e9 fabricado com uma s\u00e9rie de placas corrugadas de a\u00e7o inox 316, brasadas com cobre. O material de brasagem \u00e9 fundido em um forno a v\u00e1cuo para que se forme uma veda\u00e7\u00e3o entre cada uma das placas. Este processo torna as placas extremamente duradouras e permite que os trocadores de calor trabalhem em condi\u00e7\u00f5es de altas temperatura.<\/p>\n<p>Os espa\u00e7os entre as placas se transformam em canais; um fluido corre nos canais pares e outro corre nos canais \u00edmpares.<br \/>\nA troca de calor ocorre atrav\u00e9s da passagem dos flu\u00eddos pela grande superf\u00edcie de placas desenvolvidas especificamente para isso, o que torna os trocadores muito eficientes.<br \/>\nQuase todo o material \u00e9 utilizado no processo de troca de calor e, por isso, o produto \u00e9 compacto e extremamente eficiente.<\/p>\n<p><strong>Caracter\u00edsticas t\u00e9cnicas:<\/strong><\/p>\n<p>Carga t\u00e9rmica (at\u00e9) kW: 17,58<\/p>\n<p>Material da placa: SUS316<\/p>\n<p>Material de brasagem: Cobre<\/p>\n<p>N\u00famero m\u00e1ximo de placas (N): 120<\/p>\n<p>Press\u00e3o no trabalho: 30 bar<\/p>\n<p>Press\u00e3o m\u00ednima de teste (bar): 43 bar<\/p>\n<p>Temperatura m\u00e1xima de trabalho: 200\u00baC<\/p>\n<p>Taxa de fluxo m\u00e1xima: 240 Litros por minuto<\/p>\n<p>Espessura (mm): 10,0+2,38*N<\/p>\n<p>Peso (kg): 1,38+0,134*N<\/p>\n<p><strong>Conex\u00f5es:<\/strong><\/p>\n<p>Rosca macho de conex\u00e3o (at\u00e9): 1 1\/2\u2033<\/p>\n<p>Rosca f\u00eamea de conex\u00e3o (at\u00e9): 1 1\/4\u2033<\/p>\n<p>Solda de conex\u00e3o (at\u00e9): 1 3\/8\u2033<\/p>\n<p><strong>Dimens\u00f5es:<\/strong><\/p>\n<p>L1(mm): 304<\/p>\n<p>L2(mm): 250<\/p>\n<p>W1 (mm): 124<\/p>\n<p>W2 (mm): 70<\/p>\n<p>&nbsp;<\/p>\n","protected":false},"excerpt":{"rendered":"<p><strong>Trocador de Calor de Placas Brasadas \u2013 K-070 (K070)<\/strong><\/p>\n<p>O Trocador de Calor de Placas Brasadas, modelo K-070 \u00e9 fabricado com uma s\u00e9rie de placas corrugadas de a\u00e7o inox 316, brasadas com cobre. O material de brasagem \u00e9 fundido em um forno a v\u00e1cuo para que se forme uma veda\u00e7\u00e3o entre cada uma das placas. Este processo torna as placas extremamente duradouras e permite que os trocadores de calor trabalhem em condi\u00e7\u00f5es de altas temperatura.<\/p>\n<p>Os espa\u00e7os entre as placas se transformam em canais; um fluido corre nos canais pares e outro corre nos canais \u00edmpares.<br \/>\nA troca de calor ocorre atrav\u00e9s da passagem dos flu\u00eddos pela grande superf\u00edcie de placas desenvolvidas especificamente para isso, o que torna os trocadores muito eficientes.<br \/>\nQuase todo o material \u00e9 utilizado no processo de troca de calor e, por isso, o produto \u00e9 compacto e extremamente eficiente.<\/p>\n<p style=\"text-align: center;\"><a class=\"fasc-button fasc-size-medium fasc-type-flat fasc-rounded-medium\" style=\"background-color: #003668; color: #ffffff;\" target=\"_blank\" rel=\"noopener\" href=\"https:\/\/actbr.com.br\/wp-content\/uploads\/2023\/07\/Catalogue_EN.pdf\">Cat\u00e1logo<\/a>&nbsp; &nbsp; &nbsp; &nbsp; &nbsp; &nbsp; <a class=\"fasc-button fasc-size-medium fasc-type-flat fasc-rounded-medium\" style=\"background-color: #003668; color: #ffffff;\" target=\"_blank\" rel=\"noopener\" href=\"https:\/\/actbr.com.br\/contato\/\">Solicitar Cota\u00e7\u00e3o<\/a>&nbsp; &nbsp; &nbsp; &nbsp; &nbsp; &nbsp;<a class=\"fasc-button fasc-size-medium fasc-type-flat fasc-rounded-medium\" style=\"background-color: #003668; color: #ffffff;\" target=\"_blank\" rel=\"noopener\" href=\"https:\/\/actbr.com.br\/wp-content\/uploads\/2023\/07\/TROCADOR-K070.pdf\">Desenho 2D<\/a>&nbsp; &nbsp; &nbsp; &nbsp; &nbsp; &nbsp; &nbsp;&nbsp;<\/p>\n<p>&nbsp;<\/p>\n<p><span style=\"text-align: center;\">&nbsp; &nbsp; &nbsp; &nbsp;&nbsp;<\/span><\/p>\n<p>&nbsp;<\/p>\n","protected":false},"featured_media":9359,"template":"","meta":[],"product_brand":[],"product_cat":[185,77],"product_tag":[192,186,193,211,189],"class_list":{"0":"post-8594","1":"product","2":"type-product","3":"status-publish","4":"has-post-thumbnail","6":"product_cat-trocador-de-calor-de-placas-brasadas","7":"product_cat-trocadores-de-calor","8":"product_tag-k070","9":"product_tag-kaori","10":"product_tag-kaori-k070","11":"product_tag-placas-brasadas","12":"product_tag-trocadores-de-calor","14":"first","15":"instock","16":"shipping-taxable","17":"product-type-simple"},"yoast_head":"<!-- This site is optimized with the Yoast SEO plugin v27.2 - https:\/\/yoast.com\/product\/yoast-seo-wordpress\/ -->\n<title>Trocador de Calor de Placas Brasadas \u2013 K-070 (K070) - ACT Sistemas Hidr\u00e1ulicos<\/title>\n<meta name=\"description\" content=\"O Trocador de Calor de Placas Brasadas Kaori K070 tem tamanho compacto e alta efici\u00eancia na troca t\u00e9rmica, com muitos benef\u00edcios ambientais.\" \/>\n<meta name=\"robots\" content=\"index, follow, max-snippet:-1, max-image-preview:large, max-video-preview:-1\" \/>\n<link rel=\"canonical\" href=\"https:\/\/actbr.com.br\/es\/producto\/trocador-de-calor-de-placas-brasadas-kaori-k070\/\" \/>\n<meta property=\"og:locale\" content=\"es_ES\" \/>\n<meta property=\"og:type\" content=\"article\" \/>\n<meta property=\"og:title\" content=\"Trocador de Calor de Placas Brasadas \u2013 K-070 (K070) - ACT Sistemas Hidr\u00e1ulicos\" \/>\n<meta property=\"og:description\" content=\"O Trocador de Calor de Placas Brasadas Kaori K070 tem tamanho compacto e alta efici\u00eancia na troca t\u00e9rmica, com muitos benef\u00edcios ambientais.\" \/>\n<meta property=\"og:url\" content=\"https:\/\/actbr.com.br\/es\/producto\/trocador-de-calor-de-placas-brasadas-kaori-k070\/\" \/>\n<meta property=\"og:site_name\" content=\"ACT Sistemas Hidr\u00e1ulicos\" \/>\n<meta property=\"article:modified_time\" content=\"2023-09-27T19:26:10+00:00\" \/>\n<meta property=\"og:image\" content=\"https:\/\/actbr.com.br\/wp-content\/uploads\/2023\/07\/kaori-placas-brasadas-k0.jpg\" \/>\n\t<meta property=\"og:image:width\" content=\"800\" \/>\n\t<meta property=\"og:image:height\" content=\"800\" \/>\n\t<meta property=\"og:image:type\" content=\"image\/jpeg\" \/>\n<meta name=\"twitter:card\" content=\"summary_large_image\" \/>\n<meta name=\"twitter:label1\" content=\"Tiempo de lectura\" \/>\n\t<meta name=\"twitter:data1\" content=\"2 minutos\" \/>\n<script type=\"application\/ld+json\" class=\"yoast-schema-graph\">{\"@context\":\"https:\/\/schema.org\",\"@graph\":[{\"@type\":\"WebPage\",\"@id\":\"https:\/\/actbr.com.br\/es\/producto\/trocador-de-calor-de-placas-brasadas-kaori-k070\/\",\"url\":\"https:\/\/actbr.com.br\/es\/producto\/trocador-de-calor-de-placas-brasadas-kaori-k070\/\",\"name\":\"Trocador de Calor de Placas Brasadas \u2013 K-070 (K070) - ACT Sistemas Hidr\u00e1ulicos\",\"isPartOf\":{\"@id\":\"https:\/\/actbr.com.br\/es\/#website\"},\"primaryImageOfPage\":{\"@id\":\"https:\/\/actbr.com.br\/es\/producto\/trocador-de-calor-de-placas-brasadas-kaori-k070\/#primaryimage\"},\"image\":{\"@id\":\"https:\/\/actbr.com.br\/es\/producto\/trocador-de-calor-de-placas-brasadas-kaori-k070\/#primaryimage\"},\"thumbnailUrl\":\"https:\/\/actbr.com.br\/wp-content\/uploads\/2023\/07\/kaori-placas-brasadas-k0.jpg\",\"datePublished\":\"2023-07-13T18:21:29+00:00\",\"dateModified\":\"2023-09-27T19:26:10+00:00\",\"description\":\"O Trocador de Calor de Placas Brasadas Kaori K070 tem tamanho compacto e alta efici\u00eancia na troca t\u00e9rmica, com muitos benef\u00edcios ambientais.\",\"breadcrumb\":{\"@id\":\"https:\/\/actbr.com.br\/es\/producto\/trocador-de-calor-de-placas-brasadas-kaori-k070\/#breadcrumb\"},\"inLanguage\":\"es\",\"potentialAction\":[{\"@type\":\"ReadAction\",\"target\":[\"https:\/\/actbr.com.br\/es\/producto\/trocador-de-calor-de-placas-brasadas-kaori-k070\/\"]}]},{\"@type\":\"ImageObject\",\"inLanguage\":\"es\",\"@id\":\"https:\/\/actbr.com.br\/es\/producto\/trocador-de-calor-de-placas-brasadas-kaori-k070\/#primaryimage\",\"url\":\"https:\/\/actbr.com.br\/wp-content\/uploads\/2023\/07\/kaori-placas-brasadas-k0.jpg\",\"contentUrl\":\"https:\/\/actbr.com.br\/wp-content\/uploads\/2023\/07\/kaori-placas-brasadas-k0.jpg\",\"width\":800,\"height\":800},{\"@type\":\"BreadcrumbList\",\"@id\":\"https:\/\/actbr.com.br\/es\/producto\/trocador-de-calor-de-placas-brasadas-kaori-k070\/#breadcrumb\",\"itemListElement\":[{\"@type\":\"ListItem\",\"position\":1,\"name\":\"Comenzar\",\"item\":\"https:\/\/actbr.com.br\/es\/\"},{\"@type\":\"ListItem\",\"position\":2,\"name\":\"Produtos\",\"item\":\"https:\/\/actbr.com.br\/produtos-act\/\"},{\"@type\":\"ListItem\",\"position\":3,\"name\":\"Trocadores de Calor\",\"item\":\"https:\/\/actbr.com.br\/es\/categoria-produto\/trocadores-de-calor\/\"},{\"@type\":\"ListItem\",\"position\":4,\"name\":\"Trocador de Calor Placas Brasadas\",\"item\":\"https:\/\/actbr.com.br\/es\/categoria-produto\/trocadores-de-calor\/trocador-de-calor-de-placas-brasadas\/\"},{\"@type\":\"ListItem\",\"position\":5,\"name\":\"Trocador de Calor de Placas Brasadas \u2013 K-070 (K070)\"}]},{\"@type\":\"WebSite\",\"@id\":\"https:\/\/actbr.com.br\/es\/#website\",\"url\":\"https:\/\/actbr.com.br\/es\/\",\"name\":\"ACT Sistemas Hidr\u00e1ulicos\",\"description\":\"Fabricaci\u00f3n y mantenimiento de componentes de aceite hidr\u00e1ulico\",\"publisher\":{\"@id\":\"https:\/\/actbr.com.br\/es\/#organization\"},\"potentialAction\":[{\"@type\":\"SearchAction\",\"target\":{\"@type\":\"EntryPoint\",\"urlTemplate\":\"https:\/\/actbr.com.br\/es\/?s={search_term_string}\"},\"query-input\":{\"@type\":\"PropertyValueSpecification\",\"valueRequired\":true,\"valueName\":\"search_term_string\"}}],\"inLanguage\":\"es\"},{\"@type\":\"Organization\",\"@id\":\"https:\/\/actbr.com.br\/es\/#organization\",\"name\":\"ACT Sistemas Hidr\u00e1ulicos\",\"url\":\"https:\/\/actbr.com.br\/es\/\",\"logo\":{\"@type\":\"ImageObject\",\"inLanguage\":\"es\",\"@id\":\"https:\/\/actbr.com.br\/es\/#\/schema\/logo\/image\/\",\"url\":\"https:\/\/actbr.com.br\/wp-content\/uploads\/2025\/02\/cropped-ACT_NEGATIVO-marca-dagua.png\",\"contentUrl\":\"https:\/\/actbr.com.br\/wp-content\/uploads\/2025\/02\/cropped-ACT_NEGATIVO-marca-dagua.png\",\"width\":240,\"height\":146,\"caption\":\"ACT Sistemas Hidr\u00e1ulicos\"},\"image\":{\"@id\":\"https:\/\/actbr.com.br\/es\/#\/schema\/logo\/image\/\"}}]}<\/script>\n<!-- \/ Yoast SEO plugin. -->","yoast_head_json":{"title":"Trocador de Calor de Placas Brasadas \u2013 K-070 (K070) - ACT Sistemas Hidr\u00e1ulicos","description":"O Trocador de Calor de Placas Brasadas Kaori K070 tem tamanho compacto e alta efici\u00eancia na troca t\u00e9rmica, com muitos benef\u00edcios ambientais.","robots":{"index":"index","follow":"follow","max-snippet":"max-snippet:-1","max-image-preview":"max-image-preview:large","max-video-preview":"max-video-preview:-1"},"canonical":"https:\/\/actbr.com.br\/es\/producto\/trocador-de-calor-de-placas-brasadas-kaori-k070\/","og_locale":"es_ES","og_type":"article","og_title":"Trocador de Calor de Placas Brasadas \u2013 K-070 (K070) - ACT Sistemas Hidr\u00e1ulicos","og_description":"O Trocador de Calor de Placas Brasadas Kaori K070 tem tamanho compacto e alta efici\u00eancia na troca t\u00e9rmica, com muitos benef\u00edcios ambientais.","og_url":"https:\/\/actbr.com.br\/es\/producto\/trocador-de-calor-de-placas-brasadas-kaori-k070\/","og_site_name":"ACT Sistemas Hidr\u00e1ulicos","article_modified_time":"2023-09-27T19:26:10+00:00","og_image":[{"width":800,"height":800,"url":"https:\/\/actbr.com.br\/wp-content\/uploads\/2023\/07\/kaori-placas-brasadas-k0.jpg","type":"image\/jpeg"}],"twitter_card":"summary_large_image","twitter_misc":{"Tiempo de lectura":"2 minutos"},"schema":{"@context":"https:\/\/schema.org","@graph":[{"@type":"WebPage","@id":"https:\/\/actbr.com.br\/es\/producto\/trocador-de-calor-de-placas-brasadas-kaori-k070\/","url":"https:\/\/actbr.com.br\/es\/producto\/trocador-de-calor-de-placas-brasadas-kaori-k070\/","name":"Trocador de Calor de Placas Brasadas \u2013 K-070 (K070) - ACT Sistemas Hidr\u00e1ulicos","isPartOf":{"@id":"https:\/\/actbr.com.br\/es\/#website"},"primaryImageOfPage":{"@id":"https:\/\/actbr.com.br\/es\/producto\/trocador-de-calor-de-placas-brasadas-kaori-k070\/#primaryimage"},"image":{"@id":"https:\/\/actbr.com.br\/es\/producto\/trocador-de-calor-de-placas-brasadas-kaori-k070\/#primaryimage"},"thumbnailUrl":"https:\/\/actbr.com.br\/wp-content\/uploads\/2023\/07\/kaori-placas-brasadas-k0.jpg","datePublished":"2023-07-13T18:21:29+00:00","dateModified":"2023-09-27T19:26:10+00:00","description":"O Trocador de Calor de Placas Brasadas Kaori K070 tem tamanho compacto e alta efici\u00eancia na troca t\u00e9rmica, com muitos benef\u00edcios ambientais.","breadcrumb":{"@id":"https:\/\/actbr.com.br\/es\/producto\/trocador-de-calor-de-placas-brasadas-kaori-k070\/#breadcrumb"},"inLanguage":"es","potentialAction":[{"@type":"ReadAction","target":["https:\/\/actbr.com.br\/es\/producto\/trocador-de-calor-de-placas-brasadas-kaori-k070\/"]}]},{"@type":"ImageObject","inLanguage":"es","@id":"https:\/\/actbr.com.br\/es\/producto\/trocador-de-calor-de-placas-brasadas-kaori-k070\/#primaryimage","url":"https:\/\/actbr.com.br\/wp-content\/uploads\/2023\/07\/kaori-placas-brasadas-k0.jpg","contentUrl":"https:\/\/actbr.com.br\/wp-content\/uploads\/2023\/07\/kaori-placas-brasadas-k0.jpg","width":800,"height":800},{"@type":"BreadcrumbList","@id":"https:\/\/actbr.com.br\/es\/producto\/trocador-de-calor-de-placas-brasadas-kaori-k070\/#breadcrumb","itemListElement":[{"@type":"ListItem","position":1,"name":"Comenzar","item":"https:\/\/actbr.com.br\/es\/"},{"@type":"ListItem","position":2,"name":"Produtos","item":"https:\/\/actbr.com.br\/produtos-act\/"},{"@type":"ListItem","position":3,"name":"Trocadores de Calor","item":"https:\/\/actbr.com.br\/es\/categoria-produto\/trocadores-de-calor\/"},{"@type":"ListItem","position":4,"name":"Trocador de Calor Placas Brasadas","item":"https:\/\/actbr.com.br\/es\/categoria-produto\/trocadores-de-calor\/trocador-de-calor-de-placas-brasadas\/"},{"@type":"ListItem","position":5,"name":"Trocador de Calor de Placas Brasadas \u2013 K-070 (K070)"}]},{"@type":"WebSite","@id":"https:\/\/actbr.com.br\/es\/#website","url":"https:\/\/actbr.com.br\/es\/","name":"ACT Sistemas Hidr\u00e1ulicos","description":"Fabricaci\u00f3n y mantenimiento de componentes de aceite hidr\u00e1ulico","publisher":{"@id":"https:\/\/actbr.com.br\/es\/#organization"},"potentialAction":[{"@type":"SearchAction","target":{"@type":"EntryPoint","urlTemplate":"https:\/\/actbr.com.br\/es\/?s={search_term_string}"},"query-input":{"@type":"PropertyValueSpecification","valueRequired":true,"valueName":"search_term_string"}}],"inLanguage":"es"},{"@type":"Organization","@id":"https:\/\/actbr.com.br\/es\/#organization","name":"ACT Sistemas Hidr\u00e1ulicos","url":"https:\/\/actbr.com.br\/es\/","logo":{"@type":"ImageObject","inLanguage":"es","@id":"https:\/\/actbr.com.br\/es\/#\/schema\/logo\/image\/","url":"https:\/\/actbr.com.br\/wp-content\/uploads\/2025\/02\/cropped-ACT_NEGATIVO-marca-dagua.png","contentUrl":"https:\/\/actbr.com.br\/wp-content\/uploads\/2025\/02\/cropped-ACT_NEGATIVO-marca-dagua.png","width":240,"height":146,"caption":"ACT Sistemas Hidr\u00e1ulicos"},"image":{"@id":"https:\/\/actbr.com.br\/es\/#\/schema\/logo\/image\/"}}]}},"_links":{"self":[{"href":"https:\/\/actbr.com.br\/es\/wp-json\/wp\/v2\/product\/8594","targetHints":{"allow":["GET"]}}],"collection":[{"href":"https:\/\/actbr.com.br\/es\/wp-json\/wp\/v2\/product"}],"about":[{"href":"https:\/\/actbr.com.br\/es\/wp-json\/wp\/v2\/types\/product"}],"wp:featuredmedia":[{"embeddable":true,"href":"https:\/\/actbr.com.br\/es\/wp-json\/wp\/v2\/media\/9359"}],"wp:attachment":[{"href":"https:\/\/actbr.com.br\/es\/wp-json\/wp\/v2\/media?parent=8594"}],"wp:term":[{"taxonomy":"product_brand","embeddable":true,"href":"https:\/\/actbr.com.br\/es\/wp-json\/wp\/v2\/product_brand?post=8594"},{"taxonomy":"product_cat","embeddable":true,"href":"https:\/\/actbr.com.br\/es\/wp-json\/wp\/v2\/product_cat?post=8594"},{"taxonomy":"product_tag","embeddable":true,"href":"https:\/\/actbr.com.br\/es\/wp-json\/wp\/v2\/product_tag?post=8594"}],"curies":[{"name":"wp","href":"https:\/\/api.w.org\/{rel}","templated":true}]}}