{"id":8644,"date":"2023-07-18T11:24:40","date_gmt":"2023-07-18T14:24:40","guid":{"rendered":"https:\/\/actbr.com.br\/?post_type=product&#038;p=8644"},"modified":"2023-07-25T10:37:56","modified_gmt":"2023-07-25T13:37:56","slug":"mini-central-niveladora-de-doca-com-pestana","status":"publish","type":"product","link":"https:\/\/actbr.com.br\/es\/producto\/mini-central-niveladora-de-doca-com-pestana\/","title":{"rendered":"Mini Central Niveladora de Doca com Pestana"},"content":{"rendered":"<p><strong>Mini Central Niveladora de Doca com Pestana<\/strong><\/p>\n<p>A Mini Central Niveladora de Doca com Pestana \u00e9 uma central hidr\u00e1ulica compacta, desenvolvida pela ACT para avan\u00e7o uniforme da carga. Ap\u00f3s abertura total do nivelador de doca, o equipamento atinge a press\u00e3o necess\u00e1ria para abrir a pestana, atrav\u00e9s da v\u00e1lvula de sequ\u00eancia (com regulagem realizada de acordo com a necessidade), e o retorno se d\u00e1 por gravidade.<\/p>\n<p>Sua fun\u00e7\u00e3o \u00e9 automatizar a niveladora para gerar um grande impacto na velocidade da opera\u00e7\u00e3o e consequentemente na produtividade do processo. A V\u00e1lvula Reguladora de Vaz\u00e3o Compensada ACT garante a velocidade de descida fixa (constante), independentemente da mudan\u00e7a de carga e de temperatura do \u00f3leo.<\/p>\n<p>O projeto \u00e9 ideal para aplica\u00e7\u00f5es intermitentes e que possuem como caracter\u00edstica primordial a precis\u00e3o e durabilidade. Nossa equipe t\u00e9cnica faz a avalia\u00e7\u00e3o espec\u00edfica de cada opera\u00e7\u00e3o, para desenvolver um projeto que se adequa a todas as necessidades do cliente.<\/p>\n<p><strong>Dados t\u00e9cnicos:<\/strong><br \/>\nVolume do reservat\u00f3rio: 4, 8, 12, 20 e 40 L \u2013 op\u00e7\u00e3o de Reservat\u00f3rio Met\u00e1lico ou Pl\u00e1stico;<br \/>\nFluido: \u00f3leo mineral conforme norma DIN51524 (2\u00aa Parte);<br \/>\nFaixa de viscosidade: 10 at\u00e9 300 mm2\/s;<br \/>\nFiltro de ar e preenchimento: 40 micra (vaz\u00e3o de at\u00e9 14 L por min);<br \/>\nFiltro de suc\u00e7\u00e3o: 150 micra;<br \/>\nMotor el\u00e9trico FC\/DIN: corrente alternada \u2013 Trif\u00e1sico 220\/380V \u2013 50\/60Hz (Motores de 1 a 5 CV);<br \/>\nPot\u00eancia (CV): De 1 a 5 CV;<br \/>\nGrau de prote\u00e7\u00e3o: IP55 (padr\u00e3o \u2013 consultar Engenharia para requisitos superiores);<br \/>\nPress\u00e3o m\u00e1xima (bar): At\u00e9 250 bar;<br \/>\nFaixa de temperatura (\u00b0C): de -15 at\u00e9 80\u00baC (para temperaturas superiores, consultar Engenharia);<br \/>\nPeso aproximado: de 10 a 55kg (sem fluido no reservat\u00f3rio).<\/p>\n","protected":false},"excerpt":{"rendered":"<div>A <strong>Mini Central Niveladora de Doca com Pestana<\/strong> \u00e9 uma central hidr\u00e1ulica compacta, desenvolvida pela ACT para avan\u00e7o uniforme da carga.<\/div>\n<div>&nbsp;<\/div>\n<div style=\"text-align: center;\"><a class=\"fasc-button fasc-size-medium fasc-type-flat fasc-rounded-medium\" style=\"background-color: #003668; color: #ffffff;\" target=\"_blank\" href=\"https:\/\/actbr.com.br\/wp-content\/uploads\/2023\/07\/Folheto-Mini-Central-Niveladora-de-Doca.jpg\" rel=\"noopener\">Download Ficha T\u00e9cnica<\/a>&nbsp; &nbsp; &nbsp; &nbsp; &nbsp; &nbsp; &nbsp; &nbsp; &nbsp; &nbsp; &nbsp; &nbsp; &nbsp; &nbsp; &nbsp;<a class=\"fasc-button fasc-size-medium fasc-type-flat fasc-rounded-medium\" style=\"background-color: #003668; color: #ffffff;\" target=\"_blank\" rel=\"noopener\" href=\"https:\/\/actbr.com.br\/contato\/\">Solicitar Cota\u00e7\u00e3o<\/a><\/div>\n<div>&nbsp;<\/div>\n<div class=\"product_meta\">&nbsp;<\/div>\n","protected":false},"featured_media":7661,"template":"","meta":[],"product_brand":[],"product_cat":[104,44],"product_tag":[196,197,198,199],"class_list":{"0":"post-8644","1":"product","2":"type-product","3":"status-publish","4":"has-post-thumbnail","6":"product_cat-mini-central","7":"product_cat-unidades-hidraulica","8":"product_tag-mini-central","9":"product_tag-mini-central-hidraulica","10":"product_tag-niveladora-de-doca","11":"product_tag-pestana","13":"first","14":"instock","15":"featured","16":"virtual","17":"product-type-simple"},"yoast_head":"<!-- This site is optimized with the Yoast SEO plugin v27.5 - https:\/\/yoast.com\/product\/yoast-seo-wordpress\/ -->\n<title>Mini Central Niveladora de Doca com Pestana - ACT Sistemas Hidr\u00e1ulicos<\/title>\n<meta name=\"description\" content=\"A Mini Central Niveladora de Doca com Pestana \u00e9 uma central hidr\u00e1ulica compacta, desenvolvida pela ACT para avan\u00e7o uniforme da carga.\" \/>\n<meta name=\"robots\" content=\"index, follow, max-snippet:-1, max-image-preview:large, max-video-preview:-1\" \/>\n<link rel=\"canonical\" href=\"https:\/\/actbr.com.br\/es\/producto\/mini-central-niveladora-de-doca-com-pestana\/\" \/>\n<meta property=\"og:locale\" content=\"es_ES\" \/>\n<meta property=\"og:type\" content=\"article\" \/>\n<meta property=\"og:title\" content=\"Mini Central Niveladora de Doca com Pestana - ACT Sistemas Hidr\u00e1ulicos\" \/>\n<meta property=\"og:description\" content=\"A Mini Central Niveladora de Doca com Pestana \u00e9 uma central hidr\u00e1ulica compacta, desenvolvida pela ACT para avan\u00e7o uniforme da carga.\" \/>\n<meta property=\"og:url\" content=\"https:\/\/actbr.com.br\/es\/producto\/mini-central-niveladora-de-doca-com-pestana\/\" \/>\n<meta property=\"og:site_name\" content=\"ACT Sistemas Hidr\u00e1ulicos\" \/>\n<meta property=\"article:modified_time\" content=\"2023-07-25T13:37:56+00:00\" \/>\n<meta property=\"og:image\" content=\"https:\/\/actbr.com.br\/wp-content\/uploads\/2020\/09\/Mini-central-Hidraulica-Funcao-Nivelador-de-doca-com-pestana.png\" \/>\n\t<meta property=\"og:image:width\" content=\"593\" \/>\n\t<meta property=\"og:image:height\" content=\"414\" \/>\n\t<meta property=\"og:image:type\" content=\"image\/png\" \/>\n<meta name=\"twitter:card\" content=\"summary_large_image\" \/>\n<meta name=\"twitter:label1\" content=\"Tiempo de lectura\" \/>\n\t<meta name=\"twitter:data1\" content=\"2 minutos\" \/>\n<script type=\"application\/ld+json\" class=\"yoast-schema-graph\">{\"@context\":\"https:\\\/\\\/schema.org\",\"@graph\":[{\"@type\":\"WebPage\",\"@id\":\"https:\\\/\\\/actbr.com.br\\\/es\\\/producto\\\/mini-central-niveladora-de-doca-com-pestana\\\/\",\"url\":\"https:\\\/\\\/actbr.com.br\\\/es\\\/producto\\\/mini-central-niveladora-de-doca-com-pestana\\\/\",\"name\":\"Mini Central Niveladora de Doca com Pestana - ACT Sistemas Hidr\u00e1ulicos\",\"isPartOf\":{\"@id\":\"https:\\\/\\\/actbr.com.br\\\/es\\\/#website\"},\"primaryImageOfPage\":{\"@id\":\"https:\\\/\\\/actbr.com.br\\\/es\\\/producto\\\/mini-central-niveladora-de-doca-com-pestana\\\/#primaryimage\"},\"image\":{\"@id\":\"https:\\\/\\\/actbr.com.br\\\/es\\\/producto\\\/mini-central-niveladora-de-doca-com-pestana\\\/#primaryimage\"},\"thumbnailUrl\":\"https:\\\/\\\/actbr.com.br\\\/wp-content\\\/uploads\\\/2020\\\/09\\\/Mini-central-Hidraulica-Funcao-Nivelador-de-doca-com-pestana.png\",\"datePublished\":\"2023-07-18T14:24:40+00:00\",\"dateModified\":\"2023-07-25T13:37:56+00:00\",\"description\":\"A Mini Central Niveladora de Doca com Pestana \u00e9 uma central hidr\u00e1ulica compacta, desenvolvida pela ACT para avan\u00e7o uniforme da carga.\",\"breadcrumb\":{\"@id\":\"https:\\\/\\\/actbr.com.br\\\/es\\\/producto\\\/mini-central-niveladora-de-doca-com-pestana\\\/#breadcrumb\"},\"inLanguage\":\"es\",\"potentialAction\":[{\"@type\":\"ReadAction\",\"target\":[\"https:\\\/\\\/actbr.com.br\\\/es\\\/producto\\\/mini-central-niveladora-de-doca-com-pestana\\\/\"]}]},{\"@type\":\"ImageObject\",\"inLanguage\":\"es\",\"@id\":\"https:\\\/\\\/actbr.com.br\\\/es\\\/producto\\\/mini-central-niveladora-de-doca-com-pestana\\\/#primaryimage\",\"url\":\"https:\\\/\\\/actbr.com.br\\\/wp-content\\\/uploads\\\/2020\\\/09\\\/Mini-central-Hidraulica-Funcao-Nivelador-de-doca-com-pestana.png\",\"contentUrl\":\"https:\\\/\\\/actbr.com.br\\\/wp-content\\\/uploads\\\/2020\\\/09\\\/Mini-central-Hidraulica-Funcao-Nivelador-de-doca-com-pestana.png\",\"width\":593,\"height\":414,\"caption\":\"Mini Central Niveladora de Doca\"},{\"@type\":\"BreadcrumbList\",\"@id\":\"https:\\\/\\\/actbr.com.br\\\/es\\\/producto\\\/mini-central-niveladora-de-doca-com-pestana\\\/#breadcrumb\",\"itemListElement\":[{\"@type\":\"ListItem\",\"position\":1,\"name\":\"Comenzar\",\"item\":\"https:\\\/\\\/actbr.com.br\\\/es\\\/\"},{\"@type\":\"ListItem\",\"position\":2,\"name\":\"Produtos\",\"item\":\"https:\\\/\\\/actbr.com.br\\\/produtos-act\\\/\"},{\"@type\":\"ListItem\",\"position\":3,\"name\":\"Unidades hidr\u00e1ulica\",\"item\":\"https:\\\/\\\/actbr.com.br\\\/es\\\/categoria-produto\\\/unidades-hidraulica\\\/\"},{\"@type\":\"ListItem\",\"position\":4,\"name\":\"Mini Central\",\"item\":\"https:\\\/\\\/actbr.com.br\\\/es\\\/categoria-produto\\\/unidades-hidraulica\\\/mini-central\\\/\"},{\"@type\":\"ListItem\",\"position\":5,\"name\":\"Mini Central Niveladora de Doca com Pestana\"}]},{\"@type\":\"WebSite\",\"@id\":\"https:\\\/\\\/actbr.com.br\\\/es\\\/#website\",\"url\":\"https:\\\/\\\/actbr.com.br\\\/es\\\/\",\"name\":\"ACT Sistemas Hidr\u00e1ulicos\",\"description\":\"Fabricaci\u00f3n y mantenimiento de componentes de aceite hidr\u00e1ulico\",\"publisher\":{\"@id\":\"https:\\\/\\\/actbr.com.br\\\/es\\\/#organization\"},\"potentialAction\":[{\"@type\":\"SearchAction\",\"target\":{\"@type\":\"EntryPoint\",\"urlTemplate\":\"https:\\\/\\\/actbr.com.br\\\/es\\\/?s={search_term_string}\"},\"query-input\":{\"@type\":\"PropertyValueSpecification\",\"valueRequired\":true,\"valueName\":\"search_term_string\"}}],\"inLanguage\":\"es\"},{\"@type\":\"Organization\",\"@id\":\"https:\\\/\\\/actbr.com.br\\\/es\\\/#organization\",\"name\":\"ACT Sistemas Hidr\u00e1ulicos\",\"url\":\"https:\\\/\\\/actbr.com.br\\\/es\\\/\",\"logo\":{\"@type\":\"ImageObject\",\"inLanguage\":\"es\",\"@id\":\"https:\\\/\\\/actbr.com.br\\\/es\\\/#\\\/schema\\\/logo\\\/image\\\/\",\"url\":\"https:\\\/\\\/actbr.com.br\\\/wp-content\\\/uploads\\\/2025\\\/02\\\/cropped-ACT_NEGATIVO-marca-dagua.png\",\"contentUrl\":\"https:\\\/\\\/actbr.com.br\\\/wp-content\\\/uploads\\\/2025\\\/02\\\/cropped-ACT_NEGATIVO-marca-dagua.png\",\"width\":240,\"height\":146,\"caption\":\"ACT Sistemas Hidr\u00e1ulicos\"},\"image\":{\"@id\":\"https:\\\/\\\/actbr.com.br\\\/es\\\/#\\\/schema\\\/logo\\\/image\\\/\"}}]}<\/script>\n<!-- \/ Yoast SEO plugin. -->","yoast_head_json":{"title":"Mini Central Niveladora de Doca com Pestana - ACT Sistemas Hidr\u00e1ulicos","description":"A Mini Central Niveladora de Doca com Pestana \u00e9 uma central hidr\u00e1ulica compacta, desenvolvida pela ACT para avan\u00e7o uniforme da carga.","robots":{"index":"index","follow":"follow","max-snippet":"max-snippet:-1","max-image-preview":"max-image-preview:large","max-video-preview":"max-video-preview:-1"},"canonical":"https:\/\/actbr.com.br\/es\/producto\/mini-central-niveladora-de-doca-com-pestana\/","og_locale":"es_ES","og_type":"article","og_title":"Mini Central Niveladora de Doca com Pestana - ACT Sistemas Hidr\u00e1ulicos","og_description":"A Mini Central Niveladora de Doca com Pestana \u00e9 uma central hidr\u00e1ulica compacta, desenvolvida pela ACT para avan\u00e7o uniforme da carga.","og_url":"https:\/\/actbr.com.br\/es\/producto\/mini-central-niveladora-de-doca-com-pestana\/","og_site_name":"ACT Sistemas Hidr\u00e1ulicos","article_modified_time":"2023-07-25T13:37:56+00:00","og_image":[{"width":593,"height":414,"url":"https:\/\/actbr.com.br\/wp-content\/uploads\/2020\/09\/Mini-central-Hidraulica-Funcao-Nivelador-de-doca-com-pestana.png","type":"image\/png"}],"twitter_card":"summary_large_image","twitter_misc":{"Tiempo de lectura":"2 minutos"},"schema":{"@context":"https:\/\/schema.org","@graph":[{"@type":"WebPage","@id":"https:\/\/actbr.com.br\/es\/producto\/mini-central-niveladora-de-doca-com-pestana\/","url":"https:\/\/actbr.com.br\/es\/producto\/mini-central-niveladora-de-doca-com-pestana\/","name":"Mini Central Niveladora de Doca com Pestana - ACT Sistemas Hidr\u00e1ulicos","isPartOf":{"@id":"https:\/\/actbr.com.br\/es\/#website"},"primaryImageOfPage":{"@id":"https:\/\/actbr.com.br\/es\/producto\/mini-central-niveladora-de-doca-com-pestana\/#primaryimage"},"image":{"@id":"https:\/\/actbr.com.br\/es\/producto\/mini-central-niveladora-de-doca-com-pestana\/#primaryimage"},"thumbnailUrl":"https:\/\/actbr.com.br\/wp-content\/uploads\/2020\/09\/Mini-central-Hidraulica-Funcao-Nivelador-de-doca-com-pestana.png","datePublished":"2023-07-18T14:24:40+00:00","dateModified":"2023-07-25T13:37:56+00:00","description":"A Mini Central Niveladora de Doca com Pestana \u00e9 uma central hidr\u00e1ulica compacta, desenvolvida pela ACT para avan\u00e7o uniforme da carga.","breadcrumb":{"@id":"https:\/\/actbr.com.br\/es\/producto\/mini-central-niveladora-de-doca-com-pestana\/#breadcrumb"},"inLanguage":"es","potentialAction":[{"@type":"ReadAction","target":["https:\/\/actbr.com.br\/es\/producto\/mini-central-niveladora-de-doca-com-pestana\/"]}]},{"@type":"ImageObject","inLanguage":"es","@id":"https:\/\/actbr.com.br\/es\/producto\/mini-central-niveladora-de-doca-com-pestana\/#primaryimage","url":"https:\/\/actbr.com.br\/wp-content\/uploads\/2020\/09\/Mini-central-Hidraulica-Funcao-Nivelador-de-doca-com-pestana.png","contentUrl":"https:\/\/actbr.com.br\/wp-content\/uploads\/2020\/09\/Mini-central-Hidraulica-Funcao-Nivelador-de-doca-com-pestana.png","width":593,"height":414,"caption":"Mini Central Niveladora de Doca"},{"@type":"BreadcrumbList","@id":"https:\/\/actbr.com.br\/es\/producto\/mini-central-niveladora-de-doca-com-pestana\/#breadcrumb","itemListElement":[{"@type":"ListItem","position":1,"name":"Comenzar","item":"https:\/\/actbr.com.br\/es\/"},{"@type":"ListItem","position":2,"name":"Produtos","item":"https:\/\/actbr.com.br\/produtos-act\/"},{"@type":"ListItem","position":3,"name":"Unidades hidr\u00e1ulica","item":"https:\/\/actbr.com.br\/es\/categoria-produto\/unidades-hidraulica\/"},{"@type":"ListItem","position":4,"name":"Mini Central","item":"https:\/\/actbr.com.br\/es\/categoria-produto\/unidades-hidraulica\/mini-central\/"},{"@type":"ListItem","position":5,"name":"Mini Central Niveladora de Doca com Pestana"}]},{"@type":"WebSite","@id":"https:\/\/actbr.com.br\/es\/#website","url":"https:\/\/actbr.com.br\/es\/","name":"ACT Sistemas Hidr\u00e1ulicos","description":"Fabricaci\u00f3n y mantenimiento de componentes de aceite hidr\u00e1ulico","publisher":{"@id":"https:\/\/actbr.com.br\/es\/#organization"},"potentialAction":[{"@type":"SearchAction","target":{"@type":"EntryPoint","urlTemplate":"https:\/\/actbr.com.br\/es\/?s={search_term_string}"},"query-input":{"@type":"PropertyValueSpecification","valueRequired":true,"valueName":"search_term_string"}}],"inLanguage":"es"},{"@type":"Organization","@id":"https:\/\/actbr.com.br\/es\/#organization","name":"ACT Sistemas Hidr\u00e1ulicos","url":"https:\/\/actbr.com.br\/es\/","logo":{"@type":"ImageObject","inLanguage":"es","@id":"https:\/\/actbr.com.br\/es\/#\/schema\/logo\/image\/","url":"https:\/\/actbr.com.br\/wp-content\/uploads\/2025\/02\/cropped-ACT_NEGATIVO-marca-dagua.png","contentUrl":"https:\/\/actbr.com.br\/wp-content\/uploads\/2025\/02\/cropped-ACT_NEGATIVO-marca-dagua.png","width":240,"height":146,"caption":"ACT Sistemas Hidr\u00e1ulicos"},"image":{"@id":"https:\/\/actbr.com.br\/es\/#\/schema\/logo\/image\/"}}]}},"_links":{"self":[{"href":"https:\/\/actbr.com.br\/es\/wp-json\/wp\/v2\/product\/8644","targetHints":{"allow":["GET"]}}],"collection":[{"href":"https:\/\/actbr.com.br\/es\/wp-json\/wp\/v2\/product"}],"about":[{"href":"https:\/\/actbr.com.br\/es\/wp-json\/wp\/v2\/types\/product"}],"wp:featuredmedia":[{"embeddable":true,"href":"https:\/\/actbr.com.br\/es\/wp-json\/wp\/v2\/media\/7661"}],"wp:attachment":[{"href":"https:\/\/actbr.com.br\/es\/wp-json\/wp\/v2\/media?parent=8644"}],"wp:term":[{"taxonomy":"product_brand","embeddable":true,"href":"https:\/\/actbr.com.br\/es\/wp-json\/wp\/v2\/product_brand?post=8644"},{"taxonomy":"product_cat","embeddable":true,"href":"https:\/\/actbr.com.br\/es\/wp-json\/wp\/v2\/product_cat?post=8644"},{"taxonomy":"product_tag","embeddable":true,"href":"https:\/\/actbr.com.br\/es\/wp-json\/wp\/v2\/product_tag?post=8644"}],"curies":[{"name":"wp","href":"https:\/\/api.w.org\/{rel}","templated":true}]}}