{"id":8942,"date":"2023-08-02T09:57:48","date_gmt":"2023-08-02T12:57:48","guid":{"rendered":"https:\/\/actbr.com.br\/?post_type=product&#038;p=8942"},"modified":"2023-12-11T09:20:51","modified_gmt":"2023-12-11T12:20:51","slug":"bomba-de-palhetas-de-deslocamento-fixo-25vq-21a-1c22r","status":"publish","type":"product","link":"https:\/\/actbr.com.br\/es\/producto\/bomba-de-palhetas-de-deslocamento-fixo-25vq-21a-1c22r\/","title":{"rendered":"Bomba de Palhetas de Deslocamento Fixo 25VQ-21A-1C22R"},"content":{"rendered":"<p><strong>Bomba de Palhetas ACT 25VQ-21A-1C22R\u00a0\u00a0\u00a0\u00a0\u00a0\u00a0\u00a0\u00a0\u00a0\u00a0\u00a0\u00a0\u00a0\u00a0\u00a0\u00a0\u00a0\u00a0\u00a0\u00a0\u00a0\u00a0\u00a0\u00a0\u00a0\u00a0\u00a0\u00a0\u00a0\u00a0\u00a0\u00a0\u00a0\u00a0\u00a0\u00a0\u00a0\u00a0\u00a0\u00a0\u00a0\u00a0\u00a0\u00a0\u00a0\u00a0 <\/strong><\/p>\n<p>A Bomba de Palhetas de Deslocamento Fixo ACT 25VQ-21A-1C22R (padr\u00e3o VQ) combina pot\u00eancia, alta efici\u00eancia e facilidade de manuten\u00e7\u00e3o.<\/p>\n<p>As bombas de palhetas hidr\u00e1ulicas s\u00e3o amplamente utilizadas em equipamentos pesados, m\u00e1quinas de minera\u00e7\u00e3o, m\u00e1quinas de borracha e pl\u00e1stico, m\u00e1quinas de sapatos, m\u00e1quinas metal\u00fargicas, m\u00e1quinas de corte de metal e outros tipos de sistemas hidr\u00e1ulicos.<\/p>\n<p>Nosso projeto conta com mecanismo de auto compensa\u00e7\u00e3o de desgastes e folgas das palhetas, proporcionando ao sistema \u00f3tima efici\u00eancia volum\u00e9trica durante a vida \u00fatil (estabilidade volum\u00e9trica).<\/p>\n<p>&nbsp;<\/p>\n<p><strong>Caracter\u00edsticas:<\/strong><\/p>\n<p>Bomba da s\u00e9rie: 25VQ;<br \/>\nVaz\u00e3o em gal\u00f5es por minuto a 1200 rpm e 100 psi: 21 gal\u00f5es por minuto;<br \/>\nDeslocamento volum\u00e9trico: 67,5 cc\/revolu\u00e7\u00e3o;<br \/>\nRota\u00e7\u00e3o M\u00e1xima: 2.500 rpm;<br \/>\nPress\u00e3o M\u00e1xima: 207 bar \u2013 3.000 psi;<br \/>\nPeso: 14,5 kg;<br \/>\nFlange: SAE B;<br \/>\nEixo: 22mm;<br \/>\nSuc\u00e7\u00e3o: 1 1\/2\u2033;<br \/>\nPress\u00e3o: 1\u2033;<br \/>\nAlta efici\u00eancia volum\u00e9trica;<br \/>\nAltas velocidades de opera\u00e7\u00e3o;<br \/>\nPlacas flex\u00edveis de lat\u00e3o com press\u00e3o balanceada;<br \/>\nVers\u00e1til e Compacto;<br \/>\nTolerante a contaminantes.<\/p>\n<p>&nbsp;<\/p>\n","protected":false},"excerpt":{"rendered":"<p>A <strong>Bomba de Palhetas de Deslocamento Fixo ACT 25VQ-21A-1C22R (padr\u00e3o VQ)<\/strong> combina pot\u00eancia, alta efici\u00eancia e facilidade de manuten\u00e7\u00e3o.<\/p>\n<p style=\"text-align: center;\"><a class=\"fasc-button fasc-size-medium fasc-type-flat fasc-rounded-medium\" style=\"background-color: #003668; color: #ffffff;\" target=\"_blank\" rel=\"noopener\" href=\"https:\/\/actbr.com.br\/wp-content\/uploads\/2023\/08\/25VQ-21A-1C22R.jpg\">Cat\u00e1logo<\/a>&nbsp; &nbsp; &nbsp; &nbsp; &nbsp; &nbsp; &nbsp; &nbsp; <a class=\"fasc-button fasc-size-medium fasc-type-flat fasc-rounded-medium\" style=\"background-color: #003668; color: #ffffff;\" target=\"_blank\" rel=\"noopener\" href=\"https:\/\/actbr.com.br\/contato\/\">Solicitar Cota\u00e7\u00e3o<\/a>&nbsp; &nbsp; &nbsp; &nbsp; &nbsp; &nbsp; &nbsp; &nbsp; &nbsp; &nbsp;<\/p>\n","protected":false},"featured_media":10658,"template":"","meta":[],"product_brand":[],"product_cat":[119,28],"product_tag":[217,216],"class_list":{"0":"post-8942","1":"product","2":"type-product","3":"status-publish","4":"has-post-thumbnail","6":"product_cat-bombas-de-palhetas","7":"product_cat-bombas-hidraulicas","8":"product_tag-bomba-de-palhetas","9":"product_tag-vickers","11":"first","12":"instock","13":"virtual","14":"product-type-simple"},"yoast_head":"<!-- This site is optimized with the Yoast SEO plugin v27.2 - https:\/\/yoast.com\/product\/yoast-seo-wordpress\/ -->\n<title>Bomba de Palhetas de Deslocamento Fixo 25VQ-21A-1C22R - ACT Sistemas Hidr\u00e1ulicos<\/title>\n<meta name=\"description\" content=\"A Bomba de Palhetas de Deslocamento Fixo ACT 25VQ-21A-1C22R (padr\u00e3o VQ) combina pot\u00eancia, alta efici\u00eancia e facilidade de manuten\u00e7\u00e3o.\" \/>\n<meta name=\"robots\" content=\"index, follow, max-snippet:-1, max-image-preview:large, max-video-preview:-1\" \/>\n<link rel=\"canonical\" href=\"https:\/\/actbr.com.br\/es\/producto\/bomba-de-palhetas-de-deslocamento-fixo-25vq-21a-1c22r\/\" \/>\n<meta property=\"og:locale\" content=\"es_ES\" \/>\n<meta property=\"og:type\" content=\"article\" \/>\n<meta property=\"og:title\" content=\"Bomba de Palhetas de Deslocamento Fixo 25VQ-21A-1C22R - ACT Sistemas Hidr\u00e1ulicos\" \/>\n<meta property=\"og:description\" content=\"A Bomba de Palhetas de Deslocamento Fixo ACT 25VQ-21A-1C22R (padr\u00e3o VQ) combina pot\u00eancia, alta efici\u00eancia e facilidade de manuten\u00e7\u00e3o.\" \/>\n<meta property=\"og:url\" content=\"https:\/\/actbr.com.br\/es\/producto\/bomba-de-palhetas-de-deslocamento-fixo-25vq-21a-1c22r\/\" \/>\n<meta property=\"og:site_name\" content=\"ACT Sistemas Hidr\u00e1ulicos\" \/>\n<meta property=\"article:modified_time\" content=\"2023-12-11T12:20:51+00:00\" \/>\n<meta property=\"og:image\" content=\"https:\/\/actbr.com.br\/wp-content\/uploads\/2023\/08\/bomba-de-palhetas-25vq.jpg\" \/>\n\t<meta property=\"og:image:width\" content=\"910\" \/>\n\t<meta property=\"og:image:height\" content=\"822\" \/>\n\t<meta property=\"og:image:type\" content=\"image\/jpeg\" \/>\n<meta name=\"twitter:card\" content=\"summary_large_image\" \/>\n<meta name=\"twitter:label1\" content=\"Tiempo de lectura\" \/>\n\t<meta name=\"twitter:data1\" content=\"1 minuto\" \/>\n<script type=\"application\/ld+json\" class=\"yoast-schema-graph\">{\"@context\":\"https:\/\/schema.org\",\"@graph\":[{\"@type\":\"WebPage\",\"@id\":\"https:\/\/actbr.com.br\/es\/producto\/bomba-de-palhetas-de-deslocamento-fixo-25vq-21a-1c22r\/\",\"url\":\"https:\/\/actbr.com.br\/es\/producto\/bomba-de-palhetas-de-deslocamento-fixo-25vq-21a-1c22r\/\",\"name\":\"Bomba de Palhetas de Deslocamento Fixo 25VQ-21A-1C22R - ACT Sistemas Hidr\u00e1ulicos\",\"isPartOf\":{\"@id\":\"https:\/\/actbr.com.br\/es\/#website\"},\"primaryImageOfPage\":{\"@id\":\"https:\/\/actbr.com.br\/es\/producto\/bomba-de-palhetas-de-deslocamento-fixo-25vq-21a-1c22r\/#primaryimage\"},\"image\":{\"@id\":\"https:\/\/actbr.com.br\/es\/producto\/bomba-de-palhetas-de-deslocamento-fixo-25vq-21a-1c22r\/#primaryimage\"},\"thumbnailUrl\":\"https:\/\/actbr.com.br\/wp-content\/uploads\/2023\/08\/bomba-de-palhetas-25vq.jpg\",\"datePublished\":\"2023-08-02T12:57:48+00:00\",\"dateModified\":\"2023-12-11T12:20:51+00:00\",\"description\":\"A Bomba de Palhetas de Deslocamento Fixo ACT 25VQ-21A-1C22R (padr\u00e3o VQ) combina pot\u00eancia, alta efici\u00eancia e facilidade de manuten\u00e7\u00e3o.\",\"breadcrumb\":{\"@id\":\"https:\/\/actbr.com.br\/es\/producto\/bomba-de-palhetas-de-deslocamento-fixo-25vq-21a-1c22r\/#breadcrumb\"},\"inLanguage\":\"es\",\"potentialAction\":[{\"@type\":\"ReadAction\",\"target\":[\"https:\/\/actbr.com.br\/es\/producto\/bomba-de-palhetas-de-deslocamento-fixo-25vq-21a-1c22r\/\"]}]},{\"@type\":\"ImageObject\",\"inLanguage\":\"es\",\"@id\":\"https:\/\/actbr.com.br\/es\/producto\/bomba-de-palhetas-de-deslocamento-fixo-25vq-21a-1c22r\/#primaryimage\",\"url\":\"https:\/\/actbr.com.br\/wp-content\/uploads\/2023\/08\/bomba-de-palhetas-25vq.jpg\",\"contentUrl\":\"https:\/\/actbr.com.br\/wp-content\/uploads\/2023\/08\/bomba-de-palhetas-25vq.jpg\",\"width\":910,\"height\":822},{\"@type\":\"BreadcrumbList\",\"@id\":\"https:\/\/actbr.com.br\/es\/producto\/bomba-de-palhetas-de-deslocamento-fixo-25vq-21a-1c22r\/#breadcrumb\",\"itemListElement\":[{\"@type\":\"ListItem\",\"position\":1,\"name\":\"Comenzar\",\"item\":\"https:\/\/actbr.com.br\/es\/\"},{\"@type\":\"ListItem\",\"position\":2,\"name\":\"Produtos\",\"item\":\"https:\/\/actbr.com.br\/produtos-act\/\"},{\"@type\":\"ListItem\",\"position\":3,\"name\":\"Bombas Hidr\u00e1ulicas\",\"item\":\"https:\/\/actbr.com.br\/es\/categoria-produto\/bombas-hidraulicas\/\"},{\"@type\":\"ListItem\",\"position\":4,\"name\":\"Bomba de Palhetas de Deslocamento Fixo 25VQ-21A-1C22R\"}]},{\"@type\":\"WebSite\",\"@id\":\"https:\/\/actbr.com.br\/es\/#website\",\"url\":\"https:\/\/actbr.com.br\/es\/\",\"name\":\"ACT Sistemas Hidr\u00e1ulicos\",\"description\":\"Fabricaci\u00f3n y mantenimiento de componentes de aceite hidr\u00e1ulico\",\"publisher\":{\"@id\":\"https:\/\/actbr.com.br\/es\/#organization\"},\"potentialAction\":[{\"@type\":\"SearchAction\",\"target\":{\"@type\":\"EntryPoint\",\"urlTemplate\":\"https:\/\/actbr.com.br\/es\/?s={search_term_string}\"},\"query-input\":{\"@type\":\"PropertyValueSpecification\",\"valueRequired\":true,\"valueName\":\"search_term_string\"}}],\"inLanguage\":\"es\"},{\"@type\":\"Organization\",\"@id\":\"https:\/\/actbr.com.br\/es\/#organization\",\"name\":\"ACT Sistemas Hidr\u00e1ulicos\",\"url\":\"https:\/\/actbr.com.br\/es\/\",\"logo\":{\"@type\":\"ImageObject\",\"inLanguage\":\"es\",\"@id\":\"https:\/\/actbr.com.br\/es\/#\/schema\/logo\/image\/\",\"url\":\"https:\/\/actbr.com.br\/wp-content\/uploads\/2025\/02\/cropped-ACT_NEGATIVO-marca-dagua.png\",\"contentUrl\":\"https:\/\/actbr.com.br\/wp-content\/uploads\/2025\/02\/cropped-ACT_NEGATIVO-marca-dagua.png\",\"width\":240,\"height\":146,\"caption\":\"ACT Sistemas Hidr\u00e1ulicos\"},\"image\":{\"@id\":\"https:\/\/actbr.com.br\/es\/#\/schema\/logo\/image\/\"}}]}<\/script>\n<!-- \/ Yoast SEO plugin. -->","yoast_head_json":{"title":"Bomba de Palhetas de Deslocamento Fixo 25VQ-21A-1C22R - ACT Sistemas Hidr\u00e1ulicos","description":"A Bomba de Palhetas de Deslocamento Fixo ACT 25VQ-21A-1C22R (padr\u00e3o VQ) combina pot\u00eancia, alta efici\u00eancia e facilidade de manuten\u00e7\u00e3o.","robots":{"index":"index","follow":"follow","max-snippet":"max-snippet:-1","max-image-preview":"max-image-preview:large","max-video-preview":"max-video-preview:-1"},"canonical":"https:\/\/actbr.com.br\/es\/producto\/bomba-de-palhetas-de-deslocamento-fixo-25vq-21a-1c22r\/","og_locale":"es_ES","og_type":"article","og_title":"Bomba de Palhetas de Deslocamento Fixo 25VQ-21A-1C22R - ACT Sistemas Hidr\u00e1ulicos","og_description":"A Bomba de Palhetas de Deslocamento Fixo ACT 25VQ-21A-1C22R (padr\u00e3o VQ) combina pot\u00eancia, alta efici\u00eancia e facilidade de manuten\u00e7\u00e3o.","og_url":"https:\/\/actbr.com.br\/es\/producto\/bomba-de-palhetas-de-deslocamento-fixo-25vq-21a-1c22r\/","og_site_name":"ACT Sistemas Hidr\u00e1ulicos","article_modified_time":"2023-12-11T12:20:51+00:00","og_image":[{"width":910,"height":822,"url":"https:\/\/actbr.com.br\/wp-content\/uploads\/2023\/08\/bomba-de-palhetas-25vq.jpg","type":"image\/jpeg"}],"twitter_card":"summary_large_image","twitter_misc":{"Tiempo de lectura":"1 minuto"},"schema":{"@context":"https:\/\/schema.org","@graph":[{"@type":"WebPage","@id":"https:\/\/actbr.com.br\/es\/producto\/bomba-de-palhetas-de-deslocamento-fixo-25vq-21a-1c22r\/","url":"https:\/\/actbr.com.br\/es\/producto\/bomba-de-palhetas-de-deslocamento-fixo-25vq-21a-1c22r\/","name":"Bomba de Palhetas de Deslocamento Fixo 25VQ-21A-1C22R - ACT Sistemas Hidr\u00e1ulicos","isPartOf":{"@id":"https:\/\/actbr.com.br\/es\/#website"},"primaryImageOfPage":{"@id":"https:\/\/actbr.com.br\/es\/producto\/bomba-de-palhetas-de-deslocamento-fixo-25vq-21a-1c22r\/#primaryimage"},"image":{"@id":"https:\/\/actbr.com.br\/es\/producto\/bomba-de-palhetas-de-deslocamento-fixo-25vq-21a-1c22r\/#primaryimage"},"thumbnailUrl":"https:\/\/actbr.com.br\/wp-content\/uploads\/2023\/08\/bomba-de-palhetas-25vq.jpg","datePublished":"2023-08-02T12:57:48+00:00","dateModified":"2023-12-11T12:20:51+00:00","description":"A Bomba de Palhetas de Deslocamento Fixo ACT 25VQ-21A-1C22R (padr\u00e3o VQ) combina pot\u00eancia, alta efici\u00eancia e facilidade de manuten\u00e7\u00e3o.","breadcrumb":{"@id":"https:\/\/actbr.com.br\/es\/producto\/bomba-de-palhetas-de-deslocamento-fixo-25vq-21a-1c22r\/#breadcrumb"},"inLanguage":"es","potentialAction":[{"@type":"ReadAction","target":["https:\/\/actbr.com.br\/es\/producto\/bomba-de-palhetas-de-deslocamento-fixo-25vq-21a-1c22r\/"]}]},{"@type":"ImageObject","inLanguage":"es","@id":"https:\/\/actbr.com.br\/es\/producto\/bomba-de-palhetas-de-deslocamento-fixo-25vq-21a-1c22r\/#primaryimage","url":"https:\/\/actbr.com.br\/wp-content\/uploads\/2023\/08\/bomba-de-palhetas-25vq.jpg","contentUrl":"https:\/\/actbr.com.br\/wp-content\/uploads\/2023\/08\/bomba-de-palhetas-25vq.jpg","width":910,"height":822},{"@type":"BreadcrumbList","@id":"https:\/\/actbr.com.br\/es\/producto\/bomba-de-palhetas-de-deslocamento-fixo-25vq-21a-1c22r\/#breadcrumb","itemListElement":[{"@type":"ListItem","position":1,"name":"Comenzar","item":"https:\/\/actbr.com.br\/es\/"},{"@type":"ListItem","position":2,"name":"Produtos","item":"https:\/\/actbr.com.br\/produtos-act\/"},{"@type":"ListItem","position":3,"name":"Bombas Hidr\u00e1ulicas","item":"https:\/\/actbr.com.br\/es\/categoria-produto\/bombas-hidraulicas\/"},{"@type":"ListItem","position":4,"name":"Bomba de Palhetas de Deslocamento Fixo 25VQ-21A-1C22R"}]},{"@type":"WebSite","@id":"https:\/\/actbr.com.br\/es\/#website","url":"https:\/\/actbr.com.br\/es\/","name":"ACT Sistemas Hidr\u00e1ulicos","description":"Fabricaci\u00f3n y mantenimiento de componentes de aceite hidr\u00e1ulico","publisher":{"@id":"https:\/\/actbr.com.br\/es\/#organization"},"potentialAction":[{"@type":"SearchAction","target":{"@type":"EntryPoint","urlTemplate":"https:\/\/actbr.com.br\/es\/?s={search_term_string}"},"query-input":{"@type":"PropertyValueSpecification","valueRequired":true,"valueName":"search_term_string"}}],"inLanguage":"es"},{"@type":"Organization","@id":"https:\/\/actbr.com.br\/es\/#organization","name":"ACT Sistemas Hidr\u00e1ulicos","url":"https:\/\/actbr.com.br\/es\/","logo":{"@type":"ImageObject","inLanguage":"es","@id":"https:\/\/actbr.com.br\/es\/#\/schema\/logo\/image\/","url":"https:\/\/actbr.com.br\/wp-content\/uploads\/2025\/02\/cropped-ACT_NEGATIVO-marca-dagua.png","contentUrl":"https:\/\/actbr.com.br\/wp-content\/uploads\/2025\/02\/cropped-ACT_NEGATIVO-marca-dagua.png","width":240,"height":146,"caption":"ACT Sistemas Hidr\u00e1ulicos"},"image":{"@id":"https:\/\/actbr.com.br\/es\/#\/schema\/logo\/image\/"}}]}},"_links":{"self":[{"href":"https:\/\/actbr.com.br\/es\/wp-json\/wp\/v2\/product\/8942","targetHints":{"allow":["GET"]}}],"collection":[{"href":"https:\/\/actbr.com.br\/es\/wp-json\/wp\/v2\/product"}],"about":[{"href":"https:\/\/actbr.com.br\/es\/wp-json\/wp\/v2\/types\/product"}],"wp:featuredmedia":[{"embeddable":true,"href":"https:\/\/actbr.com.br\/es\/wp-json\/wp\/v2\/media\/10658"}],"wp:attachment":[{"href":"https:\/\/actbr.com.br\/es\/wp-json\/wp\/v2\/media?parent=8942"}],"wp:term":[{"taxonomy":"product_brand","embeddable":true,"href":"https:\/\/actbr.com.br\/es\/wp-json\/wp\/v2\/product_brand?post=8942"},{"taxonomy":"product_cat","embeddable":true,"href":"https:\/\/actbr.com.br\/es\/wp-json\/wp\/v2\/product_cat?post=8942"},{"taxonomy":"product_tag","embeddable":true,"href":"https:\/\/actbr.com.br\/es\/wp-json\/wp\/v2\/product_tag?post=8942"}],"curies":[{"name":"wp","href":"https:\/\/api.w.org\/{rel}","templated":true}]}}