{"id":9629,"date":"2023-10-06T14:16:10","date_gmt":"2023-10-06T17:16:10","guid":{"rendered":"https:\/\/actbr.com.br\/?post_type=product&#038;p=9629"},"modified":"2023-10-06T14:17:11","modified_gmt":"2023-10-06T17:17:11","slug":"pressostato-eletro-hidraulico-ajustavel-f4t1-m3-5-50-bar","status":"publish","type":"product","link":"https:\/\/actbr.com.br\/es\/producto\/pressostato-eletro-hidraulico-ajustavel-f4t1-m3-5-50-bar\/","title":{"rendered":"Pressostato Eletro hidr\u00e1ulico Ajust\u00e1vel F4T1\/M3 (5-50 BAR)"},"content":{"rendered":"<p><strong>Pressostato Eletro hidr\u00e1ulico Ajust\u00e1vel F4T1\/M3 (5-50 BAR)<\/strong><\/p>\n<p>O Pressostato Ajust\u00e1vel FOX F4 permite comuta\u00e7\u00e3o de um micro interruptor para determinado valor de press\u00e3o, pr\u00e9-configur\u00e1vel pelo usu\u00e1rio, por interm\u00e9dio do parafuso central (protegido pela tampa de prote\u00e7\u00e3o).<br \/>\nA regulagem em \u201cP3\u201d ocorre atrav\u00e9s de uma chave sextavada de 2mm, girando no sentido hor\u00e1rio, o ponto de press\u00e3o de interven\u00e7\u00e3o aumenta (Ser\u00e1 necess\u00e1rio uma maior press\u00e3o para realizar a comuta\u00e7\u00e3o do pressostato), girando no sentido anti-hor\u00e1rio, o ponto de interven\u00e7\u00e3o diminui (Ser\u00e1 necess\u00e1rio uma menor press\u00e3o para realizar a comuta\u00e7\u00e3o do pressostato).<\/p>\n<p><strong>Caracter\u00edsticas t\u00e9cnicas:<\/strong><\/p>\n<p>Corpo: 24 mm hexagonal em a\u00e7o galvanizado trivalente;<br \/>\nMontagem: em todas as posi\u00e7\u00f5es;<br \/>\nTemperatura de funcionamento: de \u2013 25\u00b0C a + 85\u00b0C;<br \/>\nFrequ\u00eancia de comuta\u00e7\u00e3o: 90 ciclos \/ min;<br \/>\nPonto de opera\u00e7\u00e3o: ajust\u00e1vel com parafuso interno;<br \/>\nPrecis\u00e3o de interven\u00e7\u00e3o: \u00b1 4% do F.S. a 20\u00b0C;<br \/>\nValor de histerese fixa: execu\u00e7\u00f5es de membrana ~ 10% do F.S.; execu\u00e7\u00f5es de pist\u00e3o ~ 15% do F.S.; execu\u00e7\u00f5es de pist\u00e3o Y ~ 25% de F.S.;<br \/>\nPeso: 0,05 kg;<br \/>\nVida Mec\u00e2nica: 106 ciclos a 70 bar (1000 psi) a 20 \u00b0 C.<\/p>\n<p><strong>Recursos el\u00e9tricos:<\/strong><br \/>\nCarga m\u00e1xima: 0,5 Amp a 250 Volts AC;<br \/>\nInterc\u00e2mbio de contatos: (Comum, NA e NC);<br \/>\nConex\u00e3o el\u00e9trica: de acordo com as normas DIN 43650 para M2 e M3;<br \/>\nProte\u00e7\u00e3o el\u00e9trica de acordo: com DIN40050:<br \/>\nIP65 para execu\u00e7\u00e3o M2 \/ M3;<br \/>\nIP54 para execu\u00e7\u00e3o P3 \/ P1.<\/p>\n<p><strong>Dispon\u00edvel:<\/strong><\/p>\n<p>F4_X com pe\u00e7as em A\u00e7o Inoxid\u00e1vel;<br \/>\nF4_L corpo em lat\u00e3o;<br \/>\nWF4: interruptor de v\u00e1cuo com faixa de regulagem de -0,15 a -0,8 bar;<br \/>\nNota: Certifica\u00e7\u00e3o ATEX apenas para execu\u00e7\u00f5es M2 d M3.<\/p>\n","protected":false},"excerpt":{"rendered":"<p>O Pressostato Ajust\u00e1vel FOX F4 permite comuta\u00e7\u00e3o de um micro interruptor para determinado valor de press\u00e3o, pr\u00e9-configur\u00e1vel pelo usu\u00e1rio, por interm\u00e9dio do parafuso central (protegido pela tampa de prote\u00e7\u00e3o).<br \/>\nA regulagem em \u201cP3\u201d ocorre atrav\u00e9s de uma chave sextavada de 2mm, girando no sentido hor\u00e1rio, o ponto de press\u00e3o de interven\u00e7\u00e3o aumenta (Ser\u00e1 necess\u00e1rio uma maior press\u00e3o para realizar a comuta\u00e7\u00e3o do pressostato), girando no sentido anti-hor\u00e1rio, o ponto de interven\u00e7\u00e3o diminui (Ser\u00e1 necess\u00e1rio uma menor press\u00e3o para realizar a comuta\u00e7\u00e3o do pressostato).<\/p>\n<p style=\"text-align: center;\"><a class=\"fasc-button fasc-size-medium fasc-type-flat fasc-rounded-medium\" style=\"background-color: #003668; color: #ffffff;\" target=\"_blank\" rel=\"noopener\" href=\"https:\/\/actbr.com.br\/wp-content\/uploads\/2023\/10\/F4-standard-catalogue-pressostato-fox.pdf\">Cat\u00e1logo<\/a>&nbsp; &nbsp; &nbsp;<a class=\"fasc-button fasc-size-medium fasc-type-flat fasc-rounded-medium\" style=\"background-color: #003668; color: #ffffff;\" target=\"_blank\" rel=\"noopener\" href=\"https:\/\/actbr.com.br\/contato\/\">Solicitar Cota\u00e7\u00e3o<\/a> &nbsp;&nbsp;<a class=\"fasc-button fasc-size-medium fasc-type-flat fasc-rounded-medium\" style=\"background-color: #003668; color: #ffffff;\" target=\"_blank\" rel=\"noopener\" href=\"https:\/\/www.youtube.com\/watch?v=NvtjJxrGbh4\">Como ajustar o pressostato<\/a> &nbsp; <a class=\"fasc-button fasc-size-medium fasc-type-flat fasc-rounded-medium\" style=\"background-color: #003668; color: #ffffff;\" target=\"_blank\" rel=\"noopener\" href=\"https:\/\/actbr.com.br\/wp-content\/uploads\/2023\/10\/06-F4-informacoes-adicionais.pdf\">Informa\u00e7\u00f5es adicionais <\/a>&nbsp; &nbsp;<\/p>\n","protected":false},"featured_media":9624,"template":"","meta":[],"product_brand":[],"product_cat":[63,64],"product_tag":[],"class_list":{"0":"post-9629","1":"product","2":"type-product","3":"status-publish","4":"has-post-thumbnail","6":"product_cat-instrumentacao","7":"product_cat-pressao","9":"first","10":"instock","11":"shipping-taxable","12":"product-type-simple"},"yoast_head":"<!-- This site is optimized with the Yoast SEO plugin v27.2 - https:\/\/yoast.com\/product\/yoast-seo-wordpress\/ -->\n<title>Pressostato Eletro hidr\u00e1ulico Ajust\u00e1vel F4T1\/M3 (5-50 BAR) - ACT Sistemas Hidr\u00e1ulicos<\/title>\n<meta name=\"robots\" content=\"index, follow, max-snippet:-1, max-image-preview:large, max-video-preview:-1\" \/>\n<link rel=\"canonical\" href=\"https:\/\/actbr.com.br\/es\/producto\/pressostato-eletro-hidraulico-ajustavel-f4t1-m3-5-50-bar\/\" \/>\n<meta property=\"og:locale\" content=\"es_ES\" \/>\n<meta property=\"og:type\" content=\"article\" \/>\n<meta property=\"og:title\" content=\"Pressostato Eletro hidr\u00e1ulico Ajust\u00e1vel F4T1\/M3 (5-50 BAR) - ACT Sistemas Hidr\u00e1ulicos\" \/>\n<meta property=\"og:description\" content=\"O Pressostato Ajust\u00e1vel FOX F4 permite comuta\u00e7\u00e3o de um micro interruptor para determinado valor de press\u00e3o, pr\u00e9-configur\u00e1vel pelo usu\u00e1rio, por interm\u00e9dio do parafuso central (protegido pela tampa de prote\u00e7\u00e3o). A regulagem em \u201cP3\u201d ocorre atrav\u00e9s de uma chave sextavada de 2mm, girando no sentido hor\u00e1rio, o ponto de press\u00e3o de interven\u00e7\u00e3o aumenta (Ser\u00e1 necess\u00e1rio uma maior press\u00e3o para realizar a comuta\u00e7\u00e3o do pressostato), girando no sentido anti-hor\u00e1rio, o ponto de interven\u00e7\u00e3o diminui (Ser\u00e1 necess\u00e1rio uma menor press\u00e3o para realizar a comuta\u00e7\u00e3o do pressostato). Cat\u00e1logo&nbsp; &nbsp; &nbsp;Solicitar Cota\u00e7\u00e3o &nbsp;&nbsp;Como ajustar o pressostato &nbsp; Informa\u00e7\u00f5es adicionais &nbsp; &nbsp;\" \/>\n<meta property=\"og:url\" content=\"https:\/\/actbr.com.br\/es\/producto\/pressostato-eletro-hidraulico-ajustavel-f4t1-m3-5-50-bar\/\" \/>\n<meta property=\"og:site_name\" content=\"ACT Sistemas Hidr\u00e1ulicos\" \/>\n<meta property=\"article:modified_time\" content=\"2023-10-06T17:17:11+00:00\" \/>\n<meta property=\"og:image\" content=\"https:\/\/actbr.com.br\/wp-content\/uploads\/2023\/10\/pressostato-fox-cebolinha-f4fox-ajustavel-eletrohidraulico2.jpg\" \/>\n\t<meta property=\"og:image:width\" content=\"1920\" \/>\n\t<meta property=\"og:image:height\" content=\"1920\" \/>\n\t<meta property=\"og:image:type\" content=\"image\/jpeg\" \/>\n<meta name=\"twitter:card\" content=\"summary_large_image\" \/>\n<meta name=\"twitter:label1\" content=\"Tiempo de lectura\" \/>\n\t<meta name=\"twitter:data1\" content=\"2 minutos\" \/>\n<script type=\"application\/ld+json\" class=\"yoast-schema-graph\">{\"@context\":\"https:\/\/schema.org\",\"@graph\":[{\"@type\":\"WebPage\",\"@id\":\"https:\/\/actbr.com.br\/es\/producto\/pressostato-eletro-hidraulico-ajustavel-f4t1-m3-5-50-bar\/\",\"url\":\"https:\/\/actbr.com.br\/es\/producto\/pressostato-eletro-hidraulico-ajustavel-f4t1-m3-5-50-bar\/\",\"name\":\"Pressostato Eletro hidr\u00e1ulico Ajust\u00e1vel F4T1\/M3 (5-50 BAR) - ACT Sistemas Hidr\u00e1ulicos\",\"isPartOf\":{\"@id\":\"https:\/\/actbr.com.br\/es\/#website\"},\"primaryImageOfPage\":{\"@id\":\"https:\/\/actbr.com.br\/es\/producto\/pressostato-eletro-hidraulico-ajustavel-f4t1-m3-5-50-bar\/#primaryimage\"},\"image\":{\"@id\":\"https:\/\/actbr.com.br\/es\/producto\/pressostato-eletro-hidraulico-ajustavel-f4t1-m3-5-50-bar\/#primaryimage\"},\"thumbnailUrl\":\"https:\/\/actbr.com.br\/wp-content\/uploads\/2023\/10\/pressostato-fox-cebolinha-f4fox-ajustavel-eletrohidraulico2.jpg\",\"datePublished\":\"2023-10-06T17:16:10+00:00\",\"dateModified\":\"2023-10-06T17:17:11+00:00\",\"breadcrumb\":{\"@id\":\"https:\/\/actbr.com.br\/es\/producto\/pressostato-eletro-hidraulico-ajustavel-f4t1-m3-5-50-bar\/#breadcrumb\"},\"inLanguage\":\"es\",\"potentialAction\":[{\"@type\":\"ReadAction\",\"target\":[\"https:\/\/actbr.com.br\/es\/producto\/pressostato-eletro-hidraulico-ajustavel-f4t1-m3-5-50-bar\/\"]}]},{\"@type\":\"ImageObject\",\"inLanguage\":\"es\",\"@id\":\"https:\/\/actbr.com.br\/es\/producto\/pressostato-eletro-hidraulico-ajustavel-f4t1-m3-5-50-bar\/#primaryimage\",\"url\":\"https:\/\/actbr.com.br\/wp-content\/uploads\/2023\/10\/pressostato-fox-cebolinha-f4fox-ajustavel-eletrohidraulico2.jpg\",\"contentUrl\":\"https:\/\/actbr.com.br\/wp-content\/uploads\/2023\/10\/pressostato-fox-cebolinha-f4fox-ajustavel-eletrohidraulico2.jpg\",\"width\":1920,\"height\":1920},{\"@type\":\"BreadcrumbList\",\"@id\":\"https:\/\/actbr.com.br\/es\/producto\/pressostato-eletro-hidraulico-ajustavel-f4t1-m3-5-50-bar\/#breadcrumb\",\"itemListElement\":[{\"@type\":\"ListItem\",\"position\":1,\"name\":\"Comenzar\",\"item\":\"https:\/\/actbr.com.br\/es\/\"},{\"@type\":\"ListItem\",\"position\":2,\"name\":\"Produtos\",\"item\":\"https:\/\/actbr.com.br\/produtos-act\/\"},{\"@type\":\"ListItem\",\"position\":3,\"name\":\"Instrumenta\u00e7\u00e3o\",\"item\":\"https:\/\/actbr.com.br\/es\/categoria-produto\/instrumentacao\/\"},{\"@type\":\"ListItem\",\"position\":4,\"name\":\"Pressostato Eletro hidr\u00e1ulico Ajust\u00e1vel F4T1\/M3 (5-50 BAR)\"}]},{\"@type\":\"WebSite\",\"@id\":\"https:\/\/actbr.com.br\/es\/#website\",\"url\":\"https:\/\/actbr.com.br\/es\/\",\"name\":\"ACT Sistemas Hidr\u00e1ulicos\",\"description\":\"Fabricaci\u00f3n y mantenimiento de componentes de aceite hidr\u00e1ulico\",\"publisher\":{\"@id\":\"https:\/\/actbr.com.br\/es\/#organization\"},\"potentialAction\":[{\"@type\":\"SearchAction\",\"target\":{\"@type\":\"EntryPoint\",\"urlTemplate\":\"https:\/\/actbr.com.br\/es\/?s={search_term_string}\"},\"query-input\":{\"@type\":\"PropertyValueSpecification\",\"valueRequired\":true,\"valueName\":\"search_term_string\"}}],\"inLanguage\":\"es\"},{\"@type\":\"Organization\",\"@id\":\"https:\/\/actbr.com.br\/es\/#organization\",\"name\":\"ACT Sistemas Hidr\u00e1ulicos\",\"url\":\"https:\/\/actbr.com.br\/es\/\",\"logo\":{\"@type\":\"ImageObject\",\"inLanguage\":\"es\",\"@id\":\"https:\/\/actbr.com.br\/es\/#\/schema\/logo\/image\/\",\"url\":\"https:\/\/actbr.com.br\/wp-content\/uploads\/2025\/02\/cropped-ACT_NEGATIVO-marca-dagua.png\",\"contentUrl\":\"https:\/\/actbr.com.br\/wp-content\/uploads\/2025\/02\/cropped-ACT_NEGATIVO-marca-dagua.png\",\"width\":240,\"height\":146,\"caption\":\"ACT Sistemas Hidr\u00e1ulicos\"},\"image\":{\"@id\":\"https:\/\/actbr.com.br\/es\/#\/schema\/logo\/image\/\"}}]}<\/script>\n<!-- \/ Yoast SEO plugin. -->","yoast_head_json":{"title":"Pressostato Eletro hidr\u00e1ulico Ajust\u00e1vel F4T1\/M3 (5-50 BAR) - ACT Sistemas Hidr\u00e1ulicos","robots":{"index":"index","follow":"follow","max-snippet":"max-snippet:-1","max-image-preview":"max-image-preview:large","max-video-preview":"max-video-preview:-1"},"canonical":"https:\/\/actbr.com.br\/es\/producto\/pressostato-eletro-hidraulico-ajustavel-f4t1-m3-5-50-bar\/","og_locale":"es_ES","og_type":"article","og_title":"Pressostato Eletro hidr\u00e1ulico Ajust\u00e1vel F4T1\/M3 (5-50 BAR) - ACT Sistemas Hidr\u00e1ulicos","og_description":"O Pressostato Ajust\u00e1vel FOX F4 permite comuta\u00e7\u00e3o de um micro interruptor para determinado valor de press\u00e3o, pr\u00e9-configur\u00e1vel pelo usu\u00e1rio, por interm\u00e9dio do parafuso central (protegido pela tampa de prote\u00e7\u00e3o). A regulagem em \u201cP3\u201d ocorre atrav\u00e9s de uma chave sextavada de 2mm, girando no sentido hor\u00e1rio, o ponto de press\u00e3o de interven\u00e7\u00e3o aumenta (Ser\u00e1 necess\u00e1rio uma maior press\u00e3o para realizar a comuta\u00e7\u00e3o do pressostato), girando no sentido anti-hor\u00e1rio, o ponto de interven\u00e7\u00e3o diminui (Ser\u00e1 necess\u00e1rio uma menor press\u00e3o para realizar a comuta\u00e7\u00e3o do pressostato). Cat\u00e1logo&nbsp; &nbsp; &nbsp;Solicitar Cota\u00e7\u00e3o &nbsp;&nbsp;Como ajustar o pressostato &nbsp; Informa\u00e7\u00f5es adicionais &nbsp; &nbsp;","og_url":"https:\/\/actbr.com.br\/es\/producto\/pressostato-eletro-hidraulico-ajustavel-f4t1-m3-5-50-bar\/","og_site_name":"ACT Sistemas Hidr\u00e1ulicos","article_modified_time":"2023-10-06T17:17:11+00:00","og_image":[{"width":1920,"height":1920,"url":"https:\/\/actbr.com.br\/wp-content\/uploads\/2023\/10\/pressostato-fox-cebolinha-f4fox-ajustavel-eletrohidraulico2.jpg","type":"image\/jpeg"}],"twitter_card":"summary_large_image","twitter_misc":{"Tiempo de lectura":"2 minutos"},"schema":{"@context":"https:\/\/schema.org","@graph":[{"@type":"WebPage","@id":"https:\/\/actbr.com.br\/es\/producto\/pressostato-eletro-hidraulico-ajustavel-f4t1-m3-5-50-bar\/","url":"https:\/\/actbr.com.br\/es\/producto\/pressostato-eletro-hidraulico-ajustavel-f4t1-m3-5-50-bar\/","name":"Pressostato Eletro hidr\u00e1ulico Ajust\u00e1vel F4T1\/M3 (5-50 BAR) - ACT Sistemas Hidr\u00e1ulicos","isPartOf":{"@id":"https:\/\/actbr.com.br\/es\/#website"},"primaryImageOfPage":{"@id":"https:\/\/actbr.com.br\/es\/producto\/pressostato-eletro-hidraulico-ajustavel-f4t1-m3-5-50-bar\/#primaryimage"},"image":{"@id":"https:\/\/actbr.com.br\/es\/producto\/pressostato-eletro-hidraulico-ajustavel-f4t1-m3-5-50-bar\/#primaryimage"},"thumbnailUrl":"https:\/\/actbr.com.br\/wp-content\/uploads\/2023\/10\/pressostato-fox-cebolinha-f4fox-ajustavel-eletrohidraulico2.jpg","datePublished":"2023-10-06T17:16:10+00:00","dateModified":"2023-10-06T17:17:11+00:00","breadcrumb":{"@id":"https:\/\/actbr.com.br\/es\/producto\/pressostato-eletro-hidraulico-ajustavel-f4t1-m3-5-50-bar\/#breadcrumb"},"inLanguage":"es","potentialAction":[{"@type":"ReadAction","target":["https:\/\/actbr.com.br\/es\/producto\/pressostato-eletro-hidraulico-ajustavel-f4t1-m3-5-50-bar\/"]}]},{"@type":"ImageObject","inLanguage":"es","@id":"https:\/\/actbr.com.br\/es\/producto\/pressostato-eletro-hidraulico-ajustavel-f4t1-m3-5-50-bar\/#primaryimage","url":"https:\/\/actbr.com.br\/wp-content\/uploads\/2023\/10\/pressostato-fox-cebolinha-f4fox-ajustavel-eletrohidraulico2.jpg","contentUrl":"https:\/\/actbr.com.br\/wp-content\/uploads\/2023\/10\/pressostato-fox-cebolinha-f4fox-ajustavel-eletrohidraulico2.jpg","width":1920,"height":1920},{"@type":"BreadcrumbList","@id":"https:\/\/actbr.com.br\/es\/producto\/pressostato-eletro-hidraulico-ajustavel-f4t1-m3-5-50-bar\/#breadcrumb","itemListElement":[{"@type":"ListItem","position":1,"name":"Comenzar","item":"https:\/\/actbr.com.br\/es\/"},{"@type":"ListItem","position":2,"name":"Produtos","item":"https:\/\/actbr.com.br\/produtos-act\/"},{"@type":"ListItem","position":3,"name":"Instrumenta\u00e7\u00e3o","item":"https:\/\/actbr.com.br\/es\/categoria-produto\/instrumentacao\/"},{"@type":"ListItem","position":4,"name":"Pressostato Eletro hidr\u00e1ulico Ajust\u00e1vel F4T1\/M3 (5-50 BAR)"}]},{"@type":"WebSite","@id":"https:\/\/actbr.com.br\/es\/#website","url":"https:\/\/actbr.com.br\/es\/","name":"ACT Sistemas Hidr\u00e1ulicos","description":"Fabricaci\u00f3n y mantenimiento de componentes de aceite hidr\u00e1ulico","publisher":{"@id":"https:\/\/actbr.com.br\/es\/#organization"},"potentialAction":[{"@type":"SearchAction","target":{"@type":"EntryPoint","urlTemplate":"https:\/\/actbr.com.br\/es\/?s={search_term_string}"},"query-input":{"@type":"PropertyValueSpecification","valueRequired":true,"valueName":"search_term_string"}}],"inLanguage":"es"},{"@type":"Organization","@id":"https:\/\/actbr.com.br\/es\/#organization","name":"ACT Sistemas Hidr\u00e1ulicos","url":"https:\/\/actbr.com.br\/es\/","logo":{"@type":"ImageObject","inLanguage":"es","@id":"https:\/\/actbr.com.br\/es\/#\/schema\/logo\/image\/","url":"https:\/\/actbr.com.br\/wp-content\/uploads\/2025\/02\/cropped-ACT_NEGATIVO-marca-dagua.png","contentUrl":"https:\/\/actbr.com.br\/wp-content\/uploads\/2025\/02\/cropped-ACT_NEGATIVO-marca-dagua.png","width":240,"height":146,"caption":"ACT Sistemas Hidr\u00e1ulicos"},"image":{"@id":"https:\/\/actbr.com.br\/es\/#\/schema\/logo\/image\/"}}]}},"_links":{"self":[{"href":"https:\/\/actbr.com.br\/es\/wp-json\/wp\/v2\/product\/9629","targetHints":{"allow":["GET"]}}],"collection":[{"href":"https:\/\/actbr.com.br\/es\/wp-json\/wp\/v2\/product"}],"about":[{"href":"https:\/\/actbr.com.br\/es\/wp-json\/wp\/v2\/types\/product"}],"wp:featuredmedia":[{"embeddable":true,"href":"https:\/\/actbr.com.br\/es\/wp-json\/wp\/v2\/media\/9624"}],"wp:attachment":[{"href":"https:\/\/actbr.com.br\/es\/wp-json\/wp\/v2\/media?parent=9629"}],"wp:term":[{"taxonomy":"product_brand","embeddable":true,"href":"https:\/\/actbr.com.br\/es\/wp-json\/wp\/v2\/product_brand?post=9629"},{"taxonomy":"product_cat","embeddable":true,"href":"https:\/\/actbr.com.br\/es\/wp-json\/wp\/v2\/product_cat?post=9629"},{"taxonomy":"product_tag","embeddable":true,"href":"https:\/\/actbr.com.br\/es\/wp-json\/wp\/v2\/product_tag?post=9629"}],"curies":[{"name":"wp","href":"https:\/\/api.w.org\/{rel}","templated":true}]}}